{"id":2032332,"date":"2023-03-27T08:05:10","date_gmt":"2023-03-27T08:05:10","guid":{"rendered":"https:\/\/magazin.romfilatelia.ro\/en\/?post_type=product&#038;p=2032332"},"modified":"2024-11-04T15:05:20","modified_gmt":"2024-11-04T15:05:20","slug":"centenarul-constitutiei-romaniei-intregite","status":"publish","type":"product","link":"https:\/\/magazin.romfilatelia.ro\/en\/product\/centenarul-constitutiei-romaniei-intregite\/","title":{"rendered":"Emisiune comun\u0103  ROM\u00c2NIA \u2013 ARMENIA  ANA ASLAN \u0218I \u201eELIXIRUL TINERE\u021aII\u201d"},"content":{"rendered":"<p><a href=\"https:\/\/www.romfilatelia.ro\/wp-content\/uploads\/2023\/03\/SITE_mc_Centenarul-Constitutiei-Romaniei-Intregite-jpg.webp\"><img fetchpriority=\"high\" decoding=\"async\" class=\"alignleft wp-image-2040930\" src=\"https:\/\/www.romfilatelia.ro\/wp-content\/uploads\/2023\/03\/SITE_mc_Centenarul-Constitutiei-Romaniei-Intregite-jpg.webp\" alt=\"\" width=\"400\" height=\"227\" \/><\/a>La 28 martie 2023 se \u00eemplinesc 100 de ani de la adoptarea primei Constitu\u021bii a Rom\u00e2niei Mari, ca lege fundamental\u0103 unic\u0103 pentru toate provinciile istorice unite cu \u021bara mam\u0103 Rom\u00e2nia, la 1 decembrie 1918.<\/p>\n<p>Pentru a marca acest eveniment istoric, <strong>Romfilatelia<\/strong> va introduce \u00een circula\u021bie <em>luni, 27 martie<\/em> emisiunea de m\u0103rci po\u0219tale intitulat\u0103 <strong><em>Centenarul Constitu\u021biei Rom\u00e2niei \u00centregite<\/em><\/strong><em>, <\/em>alc\u0103tuit\u0103 din 3 timbre \u0219i o coli\u021b\u0103 dantelat\u0103, precum \u0219i un plic <em>prima zi<\/em>.<\/p>\n<p>Dup\u0103 Marea Unire de la 1 decembrie 1918 \u0219i recunoa\u0219terea ei interna\u021bional\u0103, principala misiune a autorit\u0103\u021bilor de la Bucure\u0219ti a fost integrarea provinciilor istorice \u00een cadrul statului na\u021bional unitar. Procesul de integrare a urm\u0103rit \u00een componentele sale principale: adoptarea unei noi Constitu\u021bii a Rom\u00e2niei \u00centregite \u0219i unificarea legislativ\u0103, administrativ\u0103 \u0219i monetar\u0103.<\/p>\n<p>La 19 ianuarie 1922, Ion I. C. Br\u0103tianu, \u201epatriarhul Rom\u00e2niei Mari\u201d, revine \u00eempreun\u0103 cu Partidul Na\u021bional \u2013 Liberal la guvernare, fiind desemnat prim-ministru de Regele Ferdinand I, care m\u0103rturisea: <em>\u201eVrajba \u00eenveninat\u0103 dintre partide, ca \u0219i to\u021bi de aici, m\u0103 silesc s\u0103 nu m\u0103 bizui dec\u00e2t pe un singur om: Ion Br\u0103tianu\u201d<\/em>.<\/p>\n<p>La propunerea prim-ministrului Ion I.C. Br\u0103tianu, Regele dizolv\u0103 Corpurile legiuitoare, iar \u00een luna martie 1922 se organizeaz\u0103 alegeri pentru Adun\u0103rile Na\u021bionale Constituante care urmau s\u0103 dea Rom\u00e2niei o nou\u0103 <em>Constitu\u021biune. <\/em><\/p>\n<p>La 28 noiembrie 1922, Regele Ferdinand I deschide noua sesiune a Adun\u0103rilor Constituante \u0219i convoac\u0103 Comisiunea Constitu\u021bional\u0103 pentru 12 decembrie 1922.<\/p>\n<p>Dup\u0103 dezbateri, a urmat votarea pe articole, astfel c\u0103 Legea Fundamental\u0103 a fost promulgat\u0103 prin Decretul regal nr. 934 din 28 martie 1923 de aprobare \u0219i sanc\u021bionare de c\u0103tre Regele Ferdinand I a Constitu\u021biunii, publicat \u00eempreun\u0103 cu raportul Consiliului de Mini\u0219tri \u00een <em>Monitorul Oficial<\/em> nr. 282 din 29 martie 1923.<\/p>\n<p>\u00cen articolul I se preciza: <em>\u201eRegatul Rom\u00e2niei este un Stat na\u021bional, unitar \u0219i indivizibil\u201d,<\/em> iar teritoriul Rom\u00e2niei este inalienabil. De asemenea, \u00een noua Constitu\u021bie se stabilea, pentru prima dat\u0103, c\u0103 limba oficial\u0103 a statului este <em>limba rom\u00e2neasc\u0103<\/em>, \u00een timp ce culorile Drapelului Rom\u00e2niei sunt: Albastru, Galben \u0219i Ro\u0219u, a\u0219ezate vertical; erau garantate drepturile \u0219i libert\u0103\u021bile cet\u0103\u021bene\u0219ti inclusiv pentru minorit\u0103\u021bile na\u021bionale prin introducerea sintagmei <em>\u201ef\u0103r\u0103 deosebire de origine etnic\u0103, de limb\u0103 sau de religie\u201d<\/em>, dar \u0219i votul universal. Proprietatea devine sacr\u0103 \u0219i inviolabil\u0103, libertatea presei, a \u00eentrunirilor, dreptul de asociere, secretul coresponden\u021bei \u0219i al convorbirilor telefonice sunt garantate.<\/p>\n<p>Pe cele trei m\u0103rci po\u0219tale ale emisiunii sunt ilustrate imaginile F\u0103uritorilor Constitu\u021biei Rom\u00e2niei \u00centregite de la 1923, astfel:<\/p>\n<p>Pe timbrul cu valoarea nominal\u0103 de <strong>2,90 lei,<\/strong> imaginea Regelui Ferdinand I, supranumit <em>\u00centregitorul<\/em> este asociat\u0103 cu cea a coroanei de o\u021bel cu care a fost \u00eencoronat la Alba Iulia.<\/p>\n<p>Timbrul cu valoarea nominal\u0103 de <strong>4,30 lei<\/strong> red\u0103 imaginea artizanului Legii Fundamentale \u0219i a altor momente importante ale istoriei Rom\u00e2niei, prim-ministrul Ion I. C. Br\u0103tianu, al\u0103turi de cea a stemei Regatului Rom\u00e2niei.<\/p>\n<p>Pe timbrul cu valoarea nominal\u0103 de <strong>11 lei<\/strong> sunt reproduse imaginea juristului liberal \u0219i senator Constantin G. Dissescu, raportorul Legii Fundamentale din 1923 \u0219i \u201ecreatorul ramurei dreptului constitu\u021bional \u0219i administrativ rom\u00e2n\u201d, asociat\u0103 cu imaginea stemei Senatului Rom\u00e2niei.<\/p>\n<p>Timbrul coli\u021bei emisiunii cu valoarea nominal\u0103 de <strong>34 lei, <\/strong>prezint\u0103 \u00een fascimil coperta volumului cu textul \u201eNoii Constitu\u021biuni\u201d, \u00eencadrat de dou\u0103 file ale actului de promulgare semnat de Regele Ferdinand I.<\/p>\n<p>Prin principiile sale, Constitu\u021bia \u00een 1923 a fost una din cele mai avansate \u0219i democratice din Europa acelor vremuri.<\/p>\n<p><em>Romfilatelia mul\u021bume\u0219te reprezentan\u021bilor Cur\u021bii Constitu\u021bionale a Rom\u00e2niei pentru sprijinul documentar \u0219i fotografic acordat la realizarea acestei emisiuni de m\u0103rci po\u0219tale.<\/em><\/p>\n<p><code id=\"envira_shortcode_id_2040918\">[envira-gallery id=\"2040918\"]<\/code><\/p>\n","protected":false},"excerpt":{"rendered":"<p>La 28 martie 2023 se \u00eemplinesc 100 de ani de la adoptarea primei Constitu\u021bii a Rom\u00e2niei Mari, ca lege fundamental\u0103 [&hellip;]<\/p>\n","protected":false},"featured_media":2058114,"template":"","meta":{"site-sidebar-layout":"default","site-content-layout":"","ast-site-content-layout":"","site-content-style":"default","site-sidebar-style":"default","ast-global-header-display":"","ast-banner-title-visibility":"","ast-main-header-display":"","ast-hfb-above-header-display":"","ast-hfb-below-header-display":"","ast-hfb-mobile-header-display":"","site-post-title":"","ast-breadcrumbs-content":"","ast-featured-img":"","footer-sml-layout":"","theme-transparent-header-meta":"","adv-header-id-meta":"","stick-header-meta":"","header-above-stick-meta":"","header-main-stick-meta":"","header-below-stick-meta":"","astra-migrate-meta-layouts":"default","ast-page-background-enabled":"default","ast-page-background-meta":{"desktop":{"background-color":"var(--ast-global-color-4)","background-image":"","background-repeat":"repeat","background-position":"center center","background-size":"auto","background-attachment":"scroll","background-type":"","background-media":"","overlay-type":"","overlay-color":"","overlay-opacity":"","overlay-gradient":""},"tablet":{"background-color":"","background-image":"","background-repeat":"repeat","background-position":"center center","background-size":"auto","background-attachment":"scroll","background-type":"","background-media":"","overlay-type":"","overlay-color":"","overlay-opacity":"","overlay-gradient":""},"mobile":{"background-color":"","background-image":"","background-repeat":"repeat","background-position":"center center","background-size":"auto","background-attachment":"scroll","background-type":"","background-media":"","overlay-type":"","overlay-color":"","overlay-opacity":"","overlay-gradient":""}},"ast-content-background-meta":{"desktop":{"background-color":"var(--ast-global-color-5)","background-image":"","background-repeat":"repeat","background-position":"center center","background-size":"auto","background-attachment":"scroll","background-type":"","background-media":"","overlay-type":"","overlay-color":"","overlay-opacity":"","overlay-gradient":""},"tablet":{"background-color":"var(--ast-global-color-5)","background-image":"","background-repeat":"repeat","background-position":"center center","background-size":"auto","background-attachment":"scroll","background-type":"","background-media":"","overlay-type":"","overlay-color":"","overlay-opacity":"","overlay-gradient":""},"mobile":{"background-color":"var(--ast-global-color-5)","background-image":"","background-repeat":"repeat","background-position":"center center","background-size":"auto","background-attachment":"scroll","background-type":"","background-media":"","overlay-type":"","overlay-color":"","overlay-opacity":"","overlay-gradient":""}}},"product_cat":[2666,2665],"product_tag":[],"class_list":{"0":"post-2032332","1":"product","2":"type-product","3":"status-publish","4":"has-post-thumbnail","6":"product_cat-2023-colectii-anuale","7":"product_cat-colectii-anuale","8":"desktop-align-left","9":"tablet-align-left","10":"mobile-align-left","12":"first","13":"instock","14":"shipping-taxable","15":"product-type-grouped"},"_links":{"self":[{"href":"https:\/\/magazin.romfilatelia.ro\/en\/wp-json\/wp\/v2\/product\/2032332"}],"collection":[{"href":"https:\/\/magazin.romfilatelia.ro\/en\/wp-json\/wp\/v2\/product"}],"about":[{"href":"https:\/\/magazin.romfilatelia.ro\/en\/wp-json\/wp\/v2\/types\/product"}],"wp:featuredmedia":[{"embeddable":true,"href":"https:\/\/magazin.romfilatelia.ro\/en\/wp-json\/wp\/v2\/media\/2058114"}],"wp:attachment":[{"href":"https:\/\/magazin.romfilatelia.ro\/en\/wp-json\/wp\/v2\/media?parent=2032332"}],"wp:term":[{"taxonomy":"product_cat","embeddable":true,"href":"https:\/\/magazin.romfilatelia.ro\/en\/wp-json\/wp\/v2\/product_cat?post=2032332"},{"taxonomy":"product_tag","embeddable":true,"href":"https:\/\/magazin.romfilatelia.ro\/en\/wp-json\/wp\/v2\/product_tag?post=2032332"}],"curies":[{"name":"wp","href":"https:\/\/api.w.org\/{rel}","templated":true}]}}