{"id":2043275,"date":"2019-05-17T15:39:06","date_gmt":"2019-05-17T15:39:06","guid":{"rendered":"http:\/\/romfilatelia.ro\/romagazin\/en\/product\/emissione-congiunta-romania-vaticano-2019-visita-apostolica-del-santo-padre-francesco-in-romania\/"},"modified":"2021-02-22T10:24:17","modified_gmt":"2021-02-22T10:24:17","slug":"emissione-congiunta-romania-vaticano-2019-visita-apostolica-del-santo-padre-francesco-in-romania","status":"publish","type":"product","link":"https:\/\/magazin.romfilatelia.ro\/en\/product\/emissione-congiunta-romania-vaticano-2019-visita-apostolica-del-santo-padre-francesco-in-romania\/","title":{"rendered":"Emissione congiunta Romania \u2013 Vaticano 2019 VISITA APOSTOLICA DEL SANTO PADRE FRANCESCO IN ROMANIA"},"content":{"rendered":"<p><a href=\"http:\/\/romfilatelia.ro\/magazin\/wp-content\/uploads\/2019\/05\/Em-com-RO-Vatican_colita.jpg\"><img fetchpriority=\"high\" decoding=\"async\" class=\"wp-image-2022795 size-medium alignleft\" src=\"http:\/\/romfilatelia.ro\/magazin\/wp-content\/uploads\/2019\/05\/Em-com-RO-Vatican_colita-300x290.jpg\" alt=\"\" width=\"300\" height=\"290\" \/><\/a><\/p>\n<p>La <strong>Romfilatelia<\/strong>, in collaborazione con le Poste dello Stato della Citt\u00e0 del Vaticano, metter\u00e0 in circolazione venerd\u00ec, 31 maggio 2019, l\u2019emissione congiunta di francobolli <strong><em>Romania-Vaticano 2019. Il Viaggio Apostolico del Santo Padre Francesco in Romania<\/em><\/strong>.<\/p>\n<p>L\u2019emissione \u00e8 composta da un foglietto dentellato il cui valore nominale \u00e8 di <strong>RON 11,50.<\/strong><\/p>\n<p>Due decenni dopo l\u2019ultima visita di un Sommo Pontefice in Romania, un nuovo Papa visiter\u00e0 il nostro Paese nel periodo 31 maggio \u2013 2 giugno.<\/p>\n<p>Il Papa Francesco sar\u00e0 per la prima volta nel \u201eGiardino della Madre di Dio\u201d, come fu chiamata la Romania dal San Giovanni Paolo II durante la Sua Visita Apostolica nel mese di maggio dell\u2019anno 1999. A quel tempo, la Romania non era membro dell\u2019Unione Europea, ma la Visita del Papa avvenne sotto il segno dell\u2019unit\u00e0, ponendo la Romania all\u2019attenzione dei media internazionali.<\/p>\n<p>Di fronte alla Cattedrale Patriarcale, il Patriarca Teoctist ha detto al Sommo Pontefice di riceverLo \u201ein questo focolare di luce del nostro popolo, avendo come testimoni accanto a noi, i \u00abGerarchi\u00bb, il clero ed il popolo presente. Nella persona della Santit\u00e0 Vostra riceviamo ed onoriamo la Chiesa di Cristo\u201d.<\/p>\n<p>La Visita si \u00e8 conclusa in comunione, vera fraternit\u00e0, e con un riavvicinamento unico nella storia delle Chiese Ortodossa e Cattolica, fattosi visibile nell\u2019area del Parco Izvor della Capitale, dove migliaia di Ortodossi e Cattolici hanno scandito con una vibrante emozione: \u201eUnit\u00e0, unit\u00e0!\u201d. Facendo riferimento a questo momento, l\u2019Arcivescovo Metropolita Ioan Robu ricorda: \u201e L\u2019eco dell\u2019appello all\u2019\u00abunit\u00e0\u00bb permane. Anche se in superficie non si vede molto, tuttavia rimane nei cuori e nelle menti degli uomini questa chiamata all\u2019unit\u00e0, espressa in un modo o nell\u2019altro. Ma c\u2019\u00e8 una realt\u00e0: noi vogliamo questa cosa.\u201d<\/p>\n<p>Sulla Visita del Santo Padre Francesco si pu\u00f2 dire con certezza che non \u00e8 una ripetizione di ci\u00f2 che abbiamo vissuto due decenni fa. \u00c8 un nuovo Papa e parteciperemo a un evento speciale con un forte eco nel Paese e all\u2019estero.<\/p>\n<p>Il nome del Sommo Pontefice \u00e8 inspirato a San Francesco d\u2019Assisi. Come lo stesso Papa ha spiegato, ha scelto questo nome per tre motivi: perch\u00e9 San Francesco apprezzava molto i poveri, era un uomo di pace e nutriva profondo rispetto per l\u2019intera creazione. E, in effetti, i poveri, la pace e la cura per la creazione sono una priorit\u00e0 di Papa Francesco.<\/p>\n<p>Le chiese riportate nel Programma della Visita del Santo Padre sono le Cattedrali di San Giuseppe di Bucarest, quelle di Ia\u0219i e di Blaj, e il Santuario mariano di \u0218umuleu-Ciuc. Nello spazio santificato della Cattedrale Nazionale verr\u00e0 recitata la preghiera \u201ePadre Nostro\u201d.<\/p>\n<p>Il Motto di questa Visita \u201eCamminiamo insieme!\u201d \u2013 \u201eS\u0103 mergem \u00eempreun\u0103!\u201d \u00e8 un invito alla comunione e alla cooperazione di tutti, indipendentemente dall\u2019appartenenza religiosa o etnica, per il perseguimento del bene comune, della pace e della buona volont\u00e0.<\/p>\n<p>Il 2 giugno 2019, nel Campo della Libert\u00e0 a Blaj, il Sommo Pontefice celebrer\u00e0 la Beatificazione di sette Vescovi Martiri Greco-Cattolici: Vasile Aftenie, Valeriu Traian Fren\u021biu, Ioan Suciu, Tit Liviu Chinezu, Ioan B\u0103lan, Alexandru Rusu e Iuliu Hossu. \u201e\u00c8 una grande gioia non solo per la Chiesa Greco-Cattolica\u201d in Romania \u2013 confess\u00f2 PS Mihai Fr\u0103\u021bil\u0103, Vescovo greco-cattolico di Bucarest, ma anche tutti gli uomini di buona volont\u00e0 che capiscono che loro sacrificio \u00e8 stato il sacrificio di una Romania dignitosa che deve sempre essere riconosciuto\u201d.<\/p>\n<p><em>La Romfilatelia ringrazia la Nunziatura Apostolica in Romania, l\u2019Arcivescovato Romano-Cattolico di Bucarest e Alba Iulia, l\u2019Archidiocesi di Ia\u0219i, l\u2019Arcivescovato Maggiore di Alba Iulia e F\u0103g\u0103ra\u0219, l\u2019Ambasciata della Romania presso la Santa Sede, le Poste dello Stato della Citt\u00e0 del Vaticano, per il supporto documentario e fotografico dato alla realizzazione dell\u2019emissione congiunta di francobolli.<\/em><\/p>\n<p><img decoding=\"async\" class=\"aligncenter wp-image-2022796 size-full\" src=\"http:\/\/romfilatelia.ro\/magazin\/wp-content\/uploads\/2019\/05\/pliant_RO-VATICAN.jpg\" alt=\"\" width=\"1102\" height=\"562\" \/><\/p>\n<p><strong><em>\u00a0<\/em><\/strong><\/p>\n<p><strong><em>\u00a0<\/em><\/strong><\/p>\n<p>&nbsp;<\/p>\n","protected":false},"excerpt":{"rendered":"<p>La Romfilatelia, in collaborazione con le Poste dello Stato della Citt\u00e0 del Vaticano, metter\u00e0 in circolazione venerd\u00ec, 31 maggio 2019, [&hellip;]<\/p>\n","protected":false},"featured_media":2043276,"template":"","meta":{"site-sidebar-layout":"default","site-content-layout":"","ast-site-content-layout":"","site-content-style":"default","site-sidebar-style":"default","ast-global-header-display":"","ast-banner-title-visibility":"","ast-main-header-display":"","ast-hfb-above-header-display":"","ast-hfb-below-header-display":"","ast-hfb-mobile-header-display":"","site-post-title":"","ast-breadcrumbs-content":"","ast-featured-img":"","footer-sml-layout":"","theme-transparent-header-meta":"","adv-header-id-meta":"","stick-header-meta":"","header-above-stick-meta":"","header-main-stick-meta":"","header-below-stick-meta":"","astra-migrate-meta-layouts":"default","ast-page-background-enabled":"default","ast-page-background-meta":{"desktop":{"background-color":"var(--ast-global-color-4)","background-image":"","background-repeat":"repeat","background-position":"center center","background-size":"auto","background-attachment":"scroll","background-type":"","background-media":"","overlay-type":"","overlay-color":"","overlay-opacity":"","overlay-gradient":""},"tablet":{"background-color":"","background-image":"","background-repeat":"repeat","background-position":"center center","background-size":"auto","background-attachment":"scroll","background-type":"","background-media":"","overlay-type":"","overlay-color":"","overlay-opacity":"","overlay-gradient":""},"mobile":{"background-color":"","background-image":"","background-repeat":"repeat","background-position":"center center","background-size":"auto","background-attachment":"scroll","background-type":"","background-media":"","overlay-type":"","overlay-color":"","overlay-opacity":"","overlay-gradient":""}},"ast-content-background-meta":{"desktop":{"background-color":"var(--ast-global-color-5)","background-image":"","background-repeat":"repeat","background-position":"center center","background-size":"auto","background-attachment":"scroll","background-type":"","background-media":"","overlay-type":"","overlay-color":"","overlay-opacity":"","overlay-gradient":""},"tablet":{"background-color":"var(--ast-global-color-5)","background-image":"","background-repeat":"repeat","background-position":"center center","background-size":"auto","background-attachment":"scroll","background-type":"","background-media":"","overlay-type":"","overlay-color":"","overlay-opacity":"","overlay-gradient":""},"mobile":{"background-color":"var(--ast-global-color-5)","background-image":"","background-repeat":"repeat","background-position":"center center","background-size":"auto","background-attachment":"scroll","background-type":"","background-media":"","overlay-type":"","overlay-color":"","overlay-opacity":"","overlay-gradient":""}}},"product_cat":[2476,2475],"product_tag":[],"class_list":{"0":"post-2043275","1":"product","2":"type-product","3":"status-publish","4":"has-post-thumbnail","6":"product_cat-2019-annual-collections","7":"product_cat-annual-collections","8":"desktop-align-left","9":"tablet-align-left","10":"mobile-align-left","12":"first","13":"instock","14":"shipping-taxable","15":"product-type-grouped"},"_links":{"self":[{"href":"https:\/\/magazin.romfilatelia.ro\/en\/wp-json\/wp\/v2\/product\/2043275"}],"collection":[{"href":"https:\/\/magazin.romfilatelia.ro\/en\/wp-json\/wp\/v2\/product"}],"about":[{"href":"https:\/\/magazin.romfilatelia.ro\/en\/wp-json\/wp\/v2\/types\/product"}],"wp:featuredmedia":[{"embeddable":true,"href":"https:\/\/magazin.romfilatelia.ro\/en\/wp-json\/wp\/v2\/media\/2043276"}],"wp:attachment":[{"href":"https:\/\/magazin.romfilatelia.ro\/en\/wp-json\/wp\/v2\/media?parent=2043275"}],"wp:term":[{"taxonomy":"product_cat","embeddable":true,"href":"https:\/\/magazin.romfilatelia.ro\/en\/wp-json\/wp\/v2\/product_cat?post=2043275"},{"taxonomy":"product_tag","embeddable":true,"href":"https:\/\/magazin.romfilatelia.ro\/en\/wp-json\/wp\/v2\/product_tag?post=2043275"}],"curies":[{"name":"wp","href":"https:\/\/api.w.org\/{rel}","templated":true}]}}