{"id":2043457,"date":"2017-11-01T06:54:09","date_gmt":"2017-11-01T06:54:09","guid":{"rendered":"http:\/\/romfilatelia.ro\/romagazin\/en\/product\/conference-des-femmes-de-la-francophonie-bucarest-1er-et-2-novembre-2017\/"},"modified":"2021-03-05T13:46:55","modified_gmt":"2021-03-05T13:46:55","slug":"conference-des-femmes-de-la-francophonie-bucarest-1er-et-2-novembre-2017","status":"publish","type":"product","link":"https:\/\/magazin.romfilatelia.ro\/en\/product\/conference-des-femmes-de-la-francophonie-bucarest-1er-et-2-novembre-2017\/","title":{"rendered":"CONFERENCE DES FEMMES DE LA FRANCOPHONIE Bucarest, 1er et 2 novembre 2017"},"content":{"rendered":"<p><a href=\"https:\/\/www.romfilatelia.ro\/wp-content\/uploads\/2017\/11\/Conf_Femei_FRANCOF_emis.jpg\"><img fetchpriority=\"high\" decoding=\"async\" class=\"alignleft wp-image-2016208 size-medium\" src=\"https:\/\/www.romfilatelia.ro\/wp-content\/uploads\/2017\/11\/Conf_Femei_FRANCOF_emis-300x238.jpg\" alt=\"\" width=\"300\" height=\"238\" \/><\/a>Le 1<sup>er<\/sup> et 2 novembre 2017 se tiendra, \u00e0 Bucarest, la <em>Conf\u00e9rence des femmes de la Francophonie<\/em>, organis\u00e9e par la Roumanie et l\u2019Organisation Internationale de la Francophonie (OIF), sous le haut patronage du Pr\u00e9sident de la Roumanie, Monsieur Klaus Iohannis.<\/p>\n<p>Pour marquer cet \u00e9v\u00e9nement, Romfilatelia, soci\u00e9t\u00e9 \u00e9mettrice des timbres et des effets postaux roumains, introduit le 1<sup>er<\/sup> novembre 2017, l\u2019\u00e9mission <strong><em>Conf\u00e9rence des femmes de la Francophonie<\/em><\/strong>.<\/p>\n<p>La Conf\u00e9rence poursuivra le but de mettre en exergue les contributions importantes des femmes au d\u00e9veloppement et \u00e0 la croissance \u00e9conomique, tout en promouvant le renforcement de l\u2019autonomisation des femmes, ainsi que l\u2019\u00e9panouissement de l\u2019entreprenariat f\u00e9minin. A cette fin un R\u00e9seau francophone des femmes entrepreneurs sera lanc\u00e9 lors de la r\u00e9union, pour faciliter davantage leur coop\u00e9ration, en tant qu\u2019acteurs majeurs de la croissance \u00e9conomique.<\/p>\n<p>L\u2019organisation de cet \u00e9v\u00e9nement \u00e0 Bucarest t\u00e9moigne une fois de plus la profonde conviction de la Roumanie que l\u2019\u00e9galit\u00e9 de chances pour les femmes et les hommes de l\u2019espace francophone et du monde entier est indispensable pour paver les routes de la d\u00e9mocratie, de la paix et du respect des droits humains. Il est aussi \u00e0 mentionner le soutien significatif accord\u00e9 par le Pr\u00e9sident de la Roumanie \u00e0 la cause de l\u2019\u00e9galit\u00e9 de genre \u00e0 travers le monde, en tant qu\u2019un des <em>dix Champions d\u2019Impact du projet HeForShe des Nations Unies<\/em>.<\/p>\n<p>Par son th\u00e8me g\u00e9n\u00e9ral &#8211; \u00ab<em>Cr\u00e9ation, innovation, entrepreneuriat, croissance et d\u00e9veloppement: les femmes s\u2019imposent<\/em>\u00bb &#8211; la Conf\u00e9rence repr\u00e9sente aussi une contribution significative au d\u00e9veloppement de la dimension \u00e9conomique de la Francophonie.<\/p>\n<p>La Francophonie est l\u2019ensemble politico-culturel des peuples qui utilisent d\u2019habitude la langue fran\u00e7aise. Le terme de \u00ab francophonie \u00bb est apparu en 1880, quand le g\u00e9ographe On\u00e9sime Reclus l\u2019a utilis\u00e9 afin de d\u00e9finir les groupes de personnes et de pays qui utilisaient le fran\u00e7ais en diverses circonstances.<\/p>\n<p>Les initiateurs de la formation de la communaut\u00e9 francophone sont: L\u00e9opold S\u00e9dar Senghor (S\u00e9n\u00e9gal), Habib Bourghiba (Tunisie), Hamani Diori (Niger) et Norodom Sihanouk (Cambodge).<\/p>\n<p>Le programme actuel de coop\u00e9ration entre les \u00c9tats appartenant \u00e0 cette communaut\u00e9 a directions prioritaires suivantes:<\/p>\n<p>Langue fran\u00e7aise, diversit\u00e9 culturelle et linguistique;<\/p>\n<p>Paix, d\u00e9mocratie et droits de l\u2019homme;<\/p>\n<p>Education, formation et enseignement sup\u00e9rieur;<\/p>\n<p>D\u00e9veloppement durable, \u00e9conomie et solidarit\u00e9;<\/p>\n<p>A ces directions s\u2019ajoutent les programmes transversaux axes sur\u00a0: la soci\u00e9t\u00e9 civile, l\u2019\u00e9galit\u00e9 femme-homme et la soci\u00e9t\u00e9 informationnelle.<\/p>\n<p>A pr\u00e9sent, l\u2019Organisation Internationale de la Francophonie mobilise l\u2019action de 84 Etats et gouvernements francophones de cinq continents, en faveur de ses principes directeurs visant la paix, la d\u00e9mocratie et le d\u00e9veloppement durable. L\u2019\u00e9galit\u00e9 femme-homme, les droits et l\u2019autonomisation des femmes constituent un axe transversal majeur de l\u2019agenda francophone, promu en particulier depuis la premi\u00e8re Conf\u00e9rence des femmes de la Francophonie (Luxembourg, 2000).<\/p>\n<p>D\u00e8s son adh\u00e9sion \u00e0 la Francophonie, en 1993, comme membre \u00e0 part enti\u00e8re, la Roumanie s\u2019est engag\u00e9e fermement dans le rayonnement de ses valeurs, devenant le leader r\u00e9gional de l\u2019Organisation. En 2006, elle a \u00e9t\u00e9 le pays h\u00f4te\u00a0 du XIe Sommet de la Francophonie, accueilli pour la premi\u00e8re fois dans l\u2019Europe Centrale et Orientale.<\/p>\n<p>La prestation de la Roumanie au sein de la Francophonie est bien ancr\u00e9e dans son riche h\u00e9ritage francophone et francophile. Son appartenance \u00e0 la grande famille francophone contribue au renforcement de son identit\u00e9 de pays \u00e0 destin\u00e9e europ\u00e9enne et \u00e0 vocation francophone.<\/p>\n<p>Le logo de la Conf\u00e9rence des femmes francophone est repr\u00e9sent\u00e9 graphique dans le timbre-poste et l\u2019enveloppe <em>premier jour<\/em> reproduit l&#8217;image du buste de L\u00e9opold S\u00e9dar Senghor affich\u00e9 sur la Place de la Francophonie \u00e0 Bucarest.<\/p>\n<p>La valeur nominale du timbre-poste de l\u2019\u00e9mission est <strong>8 Lei<\/strong>.<\/p>\n<p><strong><em>Romfilatelia remercie le Minist\u00e8re des Affaires \u00c9trang\u00e8res pour le soutien documentaire accord\u00e9 \u00e0 cette \u00e9mission de timbres-poste et au photographe Lucian Tudose. <\/em><\/strong><\/p>\n<p><em>\u00a0<\/em><\/p>\n<p><a href=\"https:\/\/www.romfilatelia.ro\/wp-content\/uploads\/2017\/11\/Conf_Femei_FRANCOF_caract.jpg\"><img decoding=\"async\" class=\"aligncenter size-full wp-image-2016217\" src=\"https:\/\/www.romfilatelia.ro\/wp-content\/uploads\/2017\/11\/Conf_Femei_FRANCOF_caract.jpg\" alt=\"\" width=\"900\" height=\"639\" \/><\/a><\/p>\n","protected":false},"excerpt":{"rendered":"<p>Le 1er et 2 novembre 2017 se tiendra, \u00e0 Bucarest, la Conf\u00e9rence des femmes de la Francophonie, organis\u00e9e par la [&hellip;]<\/p>\n","protected":false},"featured_media":2043458,"template":"","meta":{"site-sidebar-layout":"default","site-content-layout":"","ast-site-content-layout":"","site-content-style":"default","site-sidebar-style":"default","ast-global-header-display":"","ast-banner-title-visibility":"","ast-main-header-display":"","ast-hfb-above-header-display":"","ast-hfb-below-header-display":"","ast-hfb-mobile-header-display":"","site-post-title":"","ast-breadcrumbs-content":"","ast-featured-img":"","footer-sml-layout":"","theme-transparent-header-meta":"","adv-header-id-meta":"","stick-header-meta":"","header-above-stick-meta":"","header-main-stick-meta":"","header-below-stick-meta":"","astra-migrate-meta-layouts":"default","ast-page-background-enabled":"default","ast-page-background-meta":{"desktop":{"background-color":"var(--ast-global-color-4)","background-image":"","background-repeat":"repeat","background-position":"center center","background-size":"auto","background-attachment":"scroll","background-type":"","background-media":"","overlay-type":"","overlay-color":"","overlay-opacity":"","overlay-gradient":""},"tablet":{"background-color":"","background-image":"","background-repeat":"repeat","background-position":"center center","background-size":"auto","background-attachment":"scroll","background-type":"","background-media":"","overlay-type":"","overlay-color":"","overlay-opacity":"","overlay-gradient":""},"mobile":{"background-color":"","background-image":"","background-repeat":"repeat","background-position":"center center","background-size":"auto","background-attachment":"scroll","background-type":"","background-media":"","overlay-type":"","overlay-color":"","overlay-opacity":"","overlay-gradient":""}},"ast-content-background-meta":{"desktop":{"background-color":"var(--ast-global-color-5)","background-image":"","background-repeat":"repeat","background-position":"center center","background-size":"auto","background-attachment":"scroll","background-type":"","background-media":"","overlay-type":"","overlay-color":"","overlay-opacity":"","overlay-gradient":""},"tablet":{"background-color":"var(--ast-global-color-5)","background-image":"","background-repeat":"repeat","background-position":"center center","background-size":"auto","background-attachment":"scroll","background-type":"","background-media":"","overlay-type":"","overlay-color":"","overlay-opacity":"","overlay-gradient":""},"mobile":{"background-color":"var(--ast-global-color-5)","background-image":"","background-repeat":"repeat","background-position":"center center","background-size":"auto","background-attachment":"scroll","background-type":"","background-media":"","overlay-type":"","overlay-color":"","overlay-opacity":"","overlay-gradient":""}}},"product_cat":[2535,2475],"product_tag":[],"class_list":{"0":"post-2043457","1":"product","2":"type-product","3":"status-publish","4":"has-post-thumbnail","6":"product_cat-2017-annual-collections","7":"product_cat-annual-collections","8":"desktop-align-left","9":"tablet-align-left","10":"mobile-align-left","12":"first","13":"instock","14":"shipping-taxable","15":"product-type-grouped"},"_links":{"self":[{"href":"https:\/\/magazin.romfilatelia.ro\/en\/wp-json\/wp\/v2\/product\/2043457"}],"collection":[{"href":"https:\/\/magazin.romfilatelia.ro\/en\/wp-json\/wp\/v2\/product"}],"about":[{"href":"https:\/\/magazin.romfilatelia.ro\/en\/wp-json\/wp\/v2\/types\/product"}],"wp:featuredmedia":[{"embeddable":true,"href":"https:\/\/magazin.romfilatelia.ro\/en\/wp-json\/wp\/v2\/media\/2043458"}],"wp:attachment":[{"href":"https:\/\/magazin.romfilatelia.ro\/en\/wp-json\/wp\/v2\/media?parent=2043457"}],"wp:term":[{"taxonomy":"product_cat","embeddable":true,"href":"https:\/\/magazin.romfilatelia.ro\/en\/wp-json\/wp\/v2\/product_cat?post=2043457"},{"taxonomy":"product_tag","embeddable":true,"href":"https:\/\/magazin.romfilatelia.ro\/en\/wp-json\/wp\/v2\/product_tag?post=2043457"}],"curies":[{"name":"wp","href":"https:\/\/api.w.org\/{rel}","templated":true}]}}