{"id":2043475,"date":"2018-12-05T22:46:22","date_gmt":"2018-12-05T22:46:22","guid":{"rendered":"http:\/\/romfilatelia.ro\/romagazin\/en\/product\/winter-customs\/"},"modified":"2021-02-22T11:18:25","modified_gmt":"2021-02-22T11:18:25","slug":"winter-customs","status":"publish","type":"product","link":"https:\/\/magazin.romfilatelia.ro\/en\/product\/winter-customs\/","title":{"rendered":"WINTER CUSTOMS"},"content":{"rendered":"<p><a href=\"https:\/\/www.romfilatelia.ro\/wp-content\/uploads\/2018\/12\/Obiceiuri-de-iarna_mc.jpg\"><img fetchpriority=\"high\" decoding=\"async\" class=\"alignleft wp-image-2019623 size-medium\" src=\"https:\/\/www.romfilatelia.ro\/wp-content\/uploads\/2018\/12\/Obiceiuri-de-iarna_mc-300x255.jpg\" alt=\"\" width=\"300\" height=\"255\" \/><\/a>On the Year-End Feasts, <strong>Romfilatelia<\/strong> introduces into circulation the postage stamp issue <strong><em>Winter Customs<\/em><\/strong>.<\/p>\n<p>Winter is the season of holidays, carols, gifts, and the smell of fir, which abounds in religious events of great significance for Christians, traditions and customs that have been preserved since ancient times, taken as such or adapted to the modern times we are living.<\/p>\n<p>In terms of calendar year, the holidays take place between December 24<sup>th<\/sup> and January 7<sup>th<\/sup>, starting with the Nativity of Jesus Christ and ending on Saint John\u2019s day.<\/p>\n<p>However, the little ones start, long before, to be concerned about the gifts who Santa Claus will bring them. That\u2019s why they write to Santa long letters, in which they to put down in black and white their desires, asking him to bring toys, sweets and, more recently, due to the fact that generations are evolving, gadgets. At the same time, the grown-ups, the adults, write letters to their dear ones, because Christmas is a time of great joy, being traditionally a holiday dedicated to family, goodness, forgiveness and reconciliation.<\/p>\n<p>The birth of Jesus Christ is ushered as early as Eve, when a bunch of carol stingers go to the homes of people singing <em>Good Morning on Christmas Eve<\/em> (<em>Bun\u0103 diminea\u021ba la Mo\u0219 Ajun<\/em>). They receive gifts from the carolled hosts, such as nuts, pretzels, colaci (braided bread) and apples. Another familiar custom, which evokes the birth of Jesus, is going carolling with the <em>Star<\/em> (<em>Steaua<\/em>), which guided the Magi. The most popular star carols are <em>The Star Is Rising Up<\/em> (<em>Steaua sus r\u0103sare<\/em>), <em>Three Shepherds Met<\/em> (<em>Trei p\u0103stori se \u00eent\u00e2lnir\u0103<\/em>), <em>Oh, What A Wonderful News!<\/em> (<em>O, ce veste minunat\u0103<\/em>!).<\/p>\n<p>Also, on Christmas Eve, the children\u2019s homes are visited, according to tradition, by Santa Claus, who leaves them gifts below the beautifully adorned Christmas tree, this being the most expected moment of the holiday season.<\/p>\n<p>The New Year\u2019s night has its customs and traditions as well. Thus, <em>Sorcova<\/em> (<em>The Wishing Carol<\/em>), one of the Romanian customs that is practiced right after the passage between the years, is very loved by the children. Bevelled several times in the direction of a certain person, <em>Sorcova<\/em> plays somewhat the role of a magic wand that conveys to the one being carolled miraculous powers through its song.<\/p>\n<p>The <em>Winter Customs<\/em> postage stamp issue is made up of 4 stamps, which illustrate in a suggestive manner the customs specific to the season, as follows:<\/p>\n<p>The stamp with the face value of <strong>Lei 2<\/strong> presents, in a stylized manner, the time of sending letters to Santa Claus.<\/p>\n<p>On the stamp with the face value of <strong>Lei 3<\/strong> a scene in which people give gifts is illustrated.<\/p>\n<p>The stamp with the face value of <strong>Lei 11.50<\/strong> presents a group of carol-singers, and the stamp with the face value of <strong>Lei 12<\/strong> suggests the custom of the New Year\u2019s night, <em>Sorcova<\/em>.<\/p>\n<p>On the <em>First Day Cover<\/em> of the issue is illustrated Santa Claus, along with a little boy who handed him a letter.<\/p>\n<p>On the <em>Winter Holidays<\/em>, Romfilatelia team carols with all their heart all stamp friends and wishes them <em>Merry Holidays beside the loved ones<\/em>. <strong>Happy New Year!<\/strong><\/p>\n<p><strong><em>\u00a0<\/em><\/strong><\/p>\n<p><a href=\"https:\/\/www.romfilatelia.ro\/wp-content\/uploads\/2018\/12\/Caracteristici-Obiceiuri-de-Iarna.jpg\"><img decoding=\"async\" class=\"size-full wp-image-2019625 aligncenter\" src=\"https:\/\/www.romfilatelia.ro\/wp-content\/uploads\/2018\/12\/Caracteristici-Obiceiuri-de-Iarna.jpg\" alt=\"\" width=\"1529\" height=\"912\" \/><\/a><\/p>\n","protected":false},"excerpt":{"rendered":"<p>On the Year-End Feasts, Romfilatelia introduces into circulation the postage stamp issue Winter Customs. Winter is the season of holidays, [&hellip;]<\/p>\n","protected":false},"featured_media":2043476,"template":"","meta":{"site-sidebar-layout":"default","site-content-layout":"","ast-site-content-layout":"","site-content-style":"default","site-sidebar-style":"default","ast-global-header-display":"","ast-banner-title-visibility":"","ast-main-header-display":"","ast-hfb-above-header-display":"","ast-hfb-below-header-display":"","ast-hfb-mobile-header-display":"","site-post-title":"","ast-breadcrumbs-content":"","ast-featured-img":"","footer-sml-layout":"","theme-transparent-header-meta":"","adv-header-id-meta":"","stick-header-meta":"","header-above-stick-meta":"","header-main-stick-meta":"","header-below-stick-meta":"","astra-migrate-meta-layouts":"default","ast-page-background-enabled":"default","ast-page-background-meta":{"desktop":{"background-color":"var(--ast-global-color-4)","background-image":"","background-repeat":"repeat","background-position":"center center","background-size":"auto","background-attachment":"scroll","background-type":"","background-media":"","overlay-type":"","overlay-color":"","overlay-opacity":"","overlay-gradient":""},"tablet":{"background-color":"","background-image":"","background-repeat":"repeat","background-position":"center center","background-size":"auto","background-attachment":"scroll","background-type":"","background-media":"","overlay-type":"","overlay-color":"","overlay-opacity":"","overlay-gradient":""},"mobile":{"background-color":"","background-image":"","background-repeat":"repeat","background-position":"center center","background-size":"auto","background-attachment":"scroll","background-type":"","background-media":"","overlay-type":"","overlay-color":"","overlay-opacity":"","overlay-gradient":""}},"ast-content-background-meta":{"desktop":{"background-color":"var(--ast-global-color-5)","background-image":"","background-repeat":"repeat","background-position":"center center","background-size":"auto","background-attachment":"scroll","background-type":"","background-media":"","overlay-type":"","overlay-color":"","overlay-opacity":"","overlay-gradient":""},"tablet":{"background-color":"var(--ast-global-color-5)","background-image":"","background-repeat":"repeat","background-position":"center center","background-size":"auto","background-attachment":"scroll","background-type":"","background-media":"","overlay-type":"","overlay-color":"","overlay-opacity":"","overlay-gradient":""},"mobile":{"background-color":"var(--ast-global-color-5)","background-image":"","background-repeat":"repeat","background-position":"center center","background-size":"auto","background-attachment":"scroll","background-type":"","background-media":"","overlay-type":"","overlay-color":"","overlay-opacity":"","overlay-gradient":""}}},"product_cat":[2532],"product_tag":[],"class_list":{"0":"post-2043475","1":"product","2":"type-product","3":"status-publish","4":"has-post-thumbnail","6":"product_cat-2018-annual-collections","7":"desktop-align-left","8":"tablet-align-left","9":"mobile-align-left","11":"first","12":"instock","13":"shipping-taxable","14":"product-type-grouped"},"_links":{"self":[{"href":"https:\/\/magazin.romfilatelia.ro\/en\/wp-json\/wp\/v2\/product\/2043475"}],"collection":[{"href":"https:\/\/magazin.romfilatelia.ro\/en\/wp-json\/wp\/v2\/product"}],"about":[{"href":"https:\/\/magazin.romfilatelia.ro\/en\/wp-json\/wp\/v2\/types\/product"}],"wp:featuredmedia":[{"embeddable":true,"href":"https:\/\/magazin.romfilatelia.ro\/en\/wp-json\/wp\/v2\/media\/2043476"}],"wp:attachment":[{"href":"https:\/\/magazin.romfilatelia.ro\/en\/wp-json\/wp\/v2\/media?parent=2043475"}],"wp:term":[{"taxonomy":"product_cat","embeddable":true,"href":"https:\/\/magazin.romfilatelia.ro\/en\/wp-json\/wp\/v2\/product_cat?post=2043475"},{"taxonomy":"product_tag","embeddable":true,"href":"https:\/\/magazin.romfilatelia.ro\/en\/wp-json\/wp\/v2\/product_tag?post=2043475"}],"curies":[{"name":"wp","href":"https:\/\/api.w.org\/{rel}","templated":true}]}}