{"id":2043696,"date":"2013-04-26T09:10:50","date_gmt":"2013-04-26T09:10:50","guid":{"rendered":"http:\/\/romfilatelia.ro\/romagazin\/en\/product\/world-intellectual-property-day-women-and-inventics\/"},"modified":"2021-03-12T07:26:24","modified_gmt":"2021-03-12T07:26:24","slug":"world-intellectual-property-day-women-and-inventics","status":"publish","type":"product","link":"https:\/\/magazin.romfilatelia.ro\/en\/product\/world-intellectual-property-day-women-and-inventics\/","title":{"rendered":"World Intellectual Property Day &#8211; WOMEN AND INVENTICS"},"content":{"rendered":"<p><a href=\"http:\/\/romfilatelia.ro\/wp-content\/uploads\/2013\/04\/Femei_Inventica_M.jpg\"><img fetchpriority=\"high\" decoding=\"async\" class=\"alignleft wp-image-2002930 size-medium\" src=\"http:\/\/romfilatelia.ro\/wp-content\/uploads\/2013\/04\/Femei_Inventica_M-300x261.jpg\" alt=\"Femei_Inventica_M\" width=\"300\" height=\"261\" \/><\/a>On the occasion of celebrating the <em>World Intellectual Property Day<\/em> on the 26th of April, <strong>Romfilatelia<\/strong> introduces into circulation a postage stamps issue dedicated to this event.<\/p>\n<p>In 1883 was concluded the Paris Convention for the Protection of Industrial Property and, in 1886, the Berne Convention for the Protection of Literary and Artistic Works was signed &#8211; these being the international framework regulations governing the industrial property law and copyrights.<\/p>\n<p>These conventions, considering the entire family of intellectual property rights, include invention patents, registered trademarks, drawings and models, geographical indications, the copyrights and related rights. The trademark protects how a producer is identified, and the copyright protects the original works, such as literary, artistic or scientific ones.<\/p>\n<p>Established in 1967, the World Intellectual Property Organisation (WIPO), one of the 15 specialised agencies of the United Nations (UN), has as main responsibilities to develop a world wide intellectual property system able to reward creativity, to boost innovation and to contribute to the economic development.<\/p>\n<p>Based inGeneva, the organization has 185 members and manages 25 international treaties.<\/p>\n<p>This year, the motto of the World Intellectual Property Day is <em>Creativity &#8211; The Next Generation<\/em>.<\/p>\n<p>Conveying a special approach to this theme, <strong>Romfilatelia<\/strong> illustrates three female personalities and their inventions on the postage stamps, under the name <strong><em>Women and Inventics<\/em><\/strong>.<\/p>\n<p><strong>Stefania Maracineanu (1882-1944)<\/strong>, famous in the scientific world as the physicist who discover artificial radioactivity in 1924 is illustrated on the postage stamp with the face value of <strong>Lei 1.00<\/strong>.<\/p>\n<p>This discovery was unjustly attributed to Ir\u00e8ne and Fr\u00e9d\u00e9ric Joliot-Curie, who received a Nobel Prize for it.<\/p>\n<p>Marie Curie\u2019s daughter provided in 1934 the moral compensation in an article published in <em>News Wiener Journal<\/em>, strongly asserting that: <em>\u201cMiss M\u0103r\u0103cineanu announced the discovery of artificial radioactivity in 1924\u201d<\/em>.<\/p>\n<p>As a result of the close cooperation between Professors Bungetianu and Vasile Karpen, Stefania Maracineanu caused<strong><em> in 1931 the first artificial rain in the world<\/em><\/strong> on Baragan Plains. The radioactive salts were spread in the clouds by aviator Bazu Cantacuzino.<\/p>\n<p><strong>Josephine Cochrane (1839-1913)<\/strong>, born in the USA &#8211; State of Illinois, and illustrated on the postage stamp with the face value of <strong>Lei 3.30<\/strong>, was the inventor of the dishwasher.<\/p>\n<p>Concerned with solving a daily problem, namely, dish washing, she made multiple attempts to find a solution in order to mechanise this chore. She obtained the first patent for her invention in 1886 and, in 1893, she won a prize for design and durability at the Chicago World\u2019s Fair.<\/p>\n<p>The company named after her became known on the dishwasher machine market, especially for hotels and restaurants, and also on the household electrical appliance market. The company changed its name into <em>Kitchen Aid<\/em>, subsequently becoming a part of the <em>Whirlpool Corporation<\/em>.<\/p>\n<p>The postage stamp with the face value of <strong>Lei 9.10<\/strong> illustrates <strong>Grace Murray Hopper (1906-1992)<\/strong>, pioneer in the field of informatics, who developed the first compiler for a computer programming language and created one of the first modern computer programming languages &#8211; COBOL &#8211; which were developed independently from equipments.<\/p>\n<p>She was an U.S. Navy Rear Admiral. A destroyer &#8211; <em>USS Hopper<\/em> and a supercomputer &#8211; <em>Cray XE6 Hopper<\/em> were named after her.<\/p>\n<p>On the postal stationery is reproduced an inventics\u2019 allegory using an engraving and decorative elements from the first page of the Royal Certificate that assigns the invention of a means for inducing rain to Stefania Maracineanu.<\/p>\n<p><strong><em>We would like to thank the State Office for Inventions and Trademarks (OSIM) and the Romanian Copyright Office (ORDA) for the support granted in the accomplishment of this postage stamps issue.<\/em><\/strong><\/p>\n<p>Issue date: 2013-04-26<\/p>\n<p><a href=\"http:\/\/romfilatelia.ro\/wp-content\/uploads\/2013\/04\/Femei_Inventica_box.jpg\"><img decoding=\"async\" class=\"wp-image-2002931 size-full aligncenter\" src=\"http:\/\/romfilatelia.ro\/wp-content\/uploads\/2013\/04\/Femei_Inventica_box.jpg\" alt=\"Femei_Inventica_box\" width=\"750\" height=\"442\" \/><\/a><\/p>\n","protected":false},"excerpt":{"rendered":"<p>On the occasion of celebrating the World Intellectual Property Day on the 26th of April, Romfilatelia introduces into circulation a [&hellip;]<\/p>\n","protected":false},"featured_media":2043697,"template":"","meta":{"site-sidebar-layout":"default","site-content-layout":"","ast-site-content-layout":"","site-content-style":"default","site-sidebar-style":"default","ast-global-header-display":"","ast-banner-title-visibility":"","ast-main-header-display":"","ast-hfb-above-header-display":"","ast-hfb-below-header-display":"","ast-hfb-mobile-header-display":"","site-post-title":"","ast-breadcrumbs-content":"","ast-featured-img":"","footer-sml-layout":"","theme-transparent-header-meta":"","adv-header-id-meta":"","stick-header-meta":"","header-above-stick-meta":"","header-main-stick-meta":"","header-below-stick-meta":"","astra-migrate-meta-layouts":"default","ast-page-background-enabled":"default","ast-page-background-meta":{"desktop":{"background-color":"var(--ast-global-color-4)","background-image":"","background-repeat":"repeat","background-position":"center center","background-size":"auto","background-attachment":"scroll","background-type":"","background-media":"","overlay-type":"","overlay-color":"","overlay-opacity":"","overlay-gradient":""},"tablet":{"background-color":"","background-image":"","background-repeat":"repeat","background-position":"center center","background-size":"auto","background-attachment":"scroll","background-type":"","background-media":"","overlay-type":"","overlay-color":"","overlay-opacity":"","overlay-gradient":""},"mobile":{"background-color":"","background-image":"","background-repeat":"repeat","background-position":"center center","background-size":"auto","background-attachment":"scroll","background-type":"","background-media":"","overlay-type":"","overlay-color":"","overlay-opacity":"","overlay-gradient":""}},"ast-content-background-meta":{"desktop":{"background-color":"var(--ast-global-color-5)","background-image":"","background-repeat":"repeat","background-position":"center center","background-size":"auto","background-attachment":"scroll","background-type":"","background-media":"","overlay-type":"","overlay-color":"","overlay-opacity":"","overlay-gradient":""},"tablet":{"background-color":"var(--ast-global-color-5)","background-image":"","background-repeat":"repeat","background-position":"center center","background-size":"auto","background-attachment":"scroll","background-type":"","background-media":"","overlay-type":"","overlay-color":"","overlay-opacity":"","overlay-gradient":""},"mobile":{"background-color":"var(--ast-global-color-5)","background-image":"","background-repeat":"repeat","background-position":"center center","background-size":"auto","background-attachment":"scroll","background-type":"","background-media":"","overlay-type":"","overlay-color":"","overlay-opacity":"","overlay-gradient":""}}},"product_cat":[2582],"product_tag":[],"class_list":{"0":"post-2043696","1":"product","2":"type-product","3":"status-publish","4":"has-post-thumbnail","6":"product_cat-2013-annual-collections","7":"desktop-align-left","8":"tablet-align-left","9":"mobile-align-left","11":"first","12":"instock","13":"shipping-taxable","14":"product-type-grouped"},"_links":{"self":[{"href":"https:\/\/magazin.romfilatelia.ro\/en\/wp-json\/wp\/v2\/product\/2043696"}],"collection":[{"href":"https:\/\/magazin.romfilatelia.ro\/en\/wp-json\/wp\/v2\/product"}],"about":[{"href":"https:\/\/magazin.romfilatelia.ro\/en\/wp-json\/wp\/v2\/types\/product"}],"wp:featuredmedia":[{"embeddable":true,"href":"https:\/\/magazin.romfilatelia.ro\/en\/wp-json\/wp\/v2\/media\/2043697"}],"wp:attachment":[{"href":"https:\/\/magazin.romfilatelia.ro\/en\/wp-json\/wp\/v2\/media?parent=2043696"}],"wp:term":[{"taxonomy":"product_cat","embeddable":true,"href":"https:\/\/magazin.romfilatelia.ro\/en\/wp-json\/wp\/v2\/product_cat?post=2043696"},{"taxonomy":"product_tag","embeddable":true,"href":"https:\/\/magazin.romfilatelia.ro\/en\/wp-json\/wp\/v2\/product_tag?post=2043696"}],"curies":[{"name":"wp","href":"https:\/\/api.w.org\/{rel}","templated":true}]}}