{"id":2043728,"date":"2013-11-22T09:34:10","date_gmt":"2013-11-22T09:34:10","guid":{"rendered":"http:\/\/romfilatelia.ro\/romagazin\/en\/product\/christmas-2013\/"},"modified":"2021-03-09T13:09:57","modified_gmt":"2021-03-09T13:09:57","slug":"christmas-2013","status":"publish","type":"product","link":"https:\/\/magazin.romfilatelia.ro\/en\/product\/christmas-2013\/","title":{"rendered":"CHRISTMAS 2013"},"content":{"rendered":"<p><a href=\"http:\/\/romfilatelia.ro\/wp-content\/uploads\/2013\/11\/Craciun_2013_M.jpg\"><img fetchpriority=\"high\" decoding=\"async\" class=\"alignleft wp-image-2002718 size-medium\" src=\"http:\/\/romfilatelia.ro\/wp-content\/uploads\/2013\/11\/Craciun_2013_M-300x245.jpg\" alt=\"Craciun_2013_M\" width=\"300\" height=\"245\" \/><\/a><\/p>\n<p>In the Orient, until the second half of the 4th century, the HolyChurchused to celebrate the <em>Birth of Our Lord<\/em> on the same day with the <em>Baptism of Our Lord<\/em>, namely on January 6th, this double celebration being generally called the <em>Epiphany<\/em>. The <em>Birth of Our Lord<\/em> holiday was celebrated separately as of 379 when Saint Gregory of Nazianz delivered a festive preach in Constantinople, which was a source of inspiration for the making of the <em>Birth of Our Lord<\/em> Canon by iconographer Cosmas of Maiuma. A couple of years later, on December 25th, 386, Saint John Chrysostom brought convincing arguments, during an exhortation delivered inAntioch, sustaining the importance of this holiday in the Christian cult.<\/p>\n<p>For all Christians, the <em>Birth of Our Lord<\/em> is God\u2019s gracious and reverent love mistery for people. The incarnation of God\u2019s Son, Who became a Human Being out of an endless love for the people, is the foundation and core of the Christian religion.<\/p>\n<p>After meticulous researches of the historical documents and the events reported by these, Saint Dionysius Exiguus (the Small) established the year 755 since the foundation of Romeas the year of Our Lord Jesus Christ birth. This year is called nowadays the <em>New Year<\/em> of the Christian epoch, and the holiday of December 25th has become the <em>\u201cHoliday of Holidays\u201d<\/em>, as John Chrysostom called it.<\/p>\n<p>As for the word <em>Cr\u0103ciun (Christmas)<\/em>, it is the result of many transformations originating in the Latin word <em>creatione<\/em> (pronounced creacione), then followed by the linguistic modifications <em>creacion<\/em>, <em>creaciun<\/em> and finally <em>cr\u0103ciun<\/em> (<em>krakun<\/em> in Bulgarian).<\/p>\n<p>For <strong><em>Christmas 2013<\/em><\/strong> postage stamps issue, introduced into circulation by <strong>Romfilatelia<\/strong>, were used images and icons belonging to <em>Brancoveanu Settlements Patriarchal Chapel Domni\u0163a B\u0103la\u015fa Church <\/em>fromBucharest. The first foundation of Domni\u0163a B\u0103la\u015fa, the daughter of the martyr ruler Constantin Brancoveanu, together with her husband, the great ban Manolache Lambrino, was built between 1743 and 1744.<\/p>\n<p>On September 29th, 1885, when the church, which was the 4th place of worship erected on the same place, got the aspect it has today, Constantin Bacalbasa described the moment in the journals of that time as follows:<\/p>\n<p><em>\u201cThe church was rebuilt in 1831 by the ban Grigore Basarab Brancoveanu, rebuilt again in 1838 by the ban\u2019s wife Safta Grigore Basarab Brancoveanu. In June 1881, they were rebuilding Domni\u0163a B\u0103la\u015fa Church for the fourth time. After the mass had been said by the metropolitan bishop, they signed the commemorative document of the building. This document was sealed into a glass tube, where they also put a new piece of all Romanian metal coins of that time, from one ban (approx. farthing) coins up to golden coins of 20 lei. The tube was then wrapped in paper sheets belonging to all newspapers that came out in Bucharest and then placed into another metal tube. The king, the queen, the metropolitan bishop and the court ladies received a white satin apron with golden tassels. Then, by using the silver tools he had been given, the king laid the first brick on the foundation stone under which the tube was sealed, the second brick was laid by the queen, the third brick was laid by the metropolitan bishop and so on. The architect of the church was Alexandru Orascu\u2026\u201d<\/em>.<\/p>\n<p>During the same ceremony they also uncovered the statue of Domni\u0163a B\u0103la\u015fa (1693 \u20131752), which was the work of Karl Storck, a sculptor who in 1869 had made the statue of Spatharus Mihail Cantacuzino. The white marble statue of Domni\u0163a B\u0103la\u015fa was placed in the southern part of the church, in the square formed by Domni\u0163a B\u0103la\u015fa Settlements, to which they added in 1838 one of the most famous edifices of Bucharest, Brancoveanu Hospital, which was a foundation of Safta Grigore Basarab Brancoveanu.<\/p>\n<p>The destructions caused by the bulldozers of the totalitarian regime resulted in the demolition of the hospital and the settlements, and the statue of Domni\u0163a B\u0103la\u015fa, taken out from its old location, was placed in the church courtyard after 1989.<\/p>\n<p>The image reproduced on the stamp with the face value of <strong>leu 1<\/strong> belongs to an icon from the heritage of <em>Brancoveanu Settlements Patriarchal Chapel Domni\u0163a B\u0103la\u015fa Church<\/em>, which also houses the worship place\u2019s first founder tomb.<\/p>\n<p><strong><em>We hope the Winter Holidays surround all of you with their magic spirit\u2026 <\/em><\/strong><\/p>\n<p><strong><em>Happy Holidays! <\/em><\/strong><\/p>\n<p><strong><em>Romfilatelia Team <\/em><\/strong><\/p>\n<p><strong><em>We thank Brancoveanu Settlements Patriarchal Chapel Domni\u0163a B\u0103la\u015fa Church for the images provided to the accomplishment of this postage stamps issue.\u00a0<\/em><\/strong><\/p>\n<p>Issue date: 2013-11-22<\/p>\n<p><a href=\"http:\/\/romfilatelia.ro\/wp-content\/uploads\/2013\/11\/Craciun_2013_box.jpg\"><img decoding=\"async\" class=\"wp-image-2002720 size-full aligncenter\" src=\"http:\/\/romfilatelia.ro\/wp-content\/uploads\/2013\/11\/Craciun_2013_box.jpg\" alt=\"Craciun_2013_box\" width=\"750\" height=\"640\" \/><\/a><\/p>\n","protected":false},"excerpt":{"rendered":"<p>In the Orient, until the second half of the 4th century, the HolyChurchused to celebrate the Birth of Our Lord [&hellip;]<\/p>\n","protected":false},"featured_media":2043729,"template":"","meta":{"site-sidebar-layout":"default","site-content-layout":"","ast-site-content-layout":"","site-content-style":"default","site-sidebar-style":"default","ast-global-header-display":"","ast-banner-title-visibility":"","ast-main-header-display":"","ast-hfb-above-header-display":"","ast-hfb-below-header-display":"","ast-hfb-mobile-header-display":"","site-post-title":"","ast-breadcrumbs-content":"","ast-featured-img":"","footer-sml-layout":"","theme-transparent-header-meta":"","adv-header-id-meta":"","stick-header-meta":"","header-above-stick-meta":"","header-main-stick-meta":"","header-below-stick-meta":"","astra-migrate-meta-layouts":"default","ast-page-background-enabled":"default","ast-page-background-meta":{"desktop":{"background-color":"var(--ast-global-color-4)","background-image":"","background-repeat":"repeat","background-position":"center center","background-size":"auto","background-attachment":"scroll","background-type":"","background-media":"","overlay-type":"","overlay-color":"","overlay-opacity":"","overlay-gradient":""},"tablet":{"background-color":"","background-image":"","background-repeat":"repeat","background-position":"center center","background-size":"auto","background-attachment":"scroll","background-type":"","background-media":"","overlay-type":"","overlay-color":"","overlay-opacity":"","overlay-gradient":""},"mobile":{"background-color":"","background-image":"","background-repeat":"repeat","background-position":"center center","background-size":"auto","background-attachment":"scroll","background-type":"","background-media":"","overlay-type":"","overlay-color":"","overlay-opacity":"","overlay-gradient":""}},"ast-content-background-meta":{"desktop":{"background-color":"var(--ast-global-color-5)","background-image":"","background-repeat":"repeat","background-position":"center center","background-size":"auto","background-attachment":"scroll","background-type":"","background-media":"","overlay-type":"","overlay-color":"","overlay-opacity":"","overlay-gradient":""},"tablet":{"background-color":"var(--ast-global-color-5)","background-image":"","background-repeat":"repeat","background-position":"center center","background-size":"auto","background-attachment":"scroll","background-type":"","background-media":"","overlay-type":"","overlay-color":"","overlay-opacity":"","overlay-gradient":""},"mobile":{"background-color":"var(--ast-global-color-5)","background-image":"","background-repeat":"repeat","background-position":"center center","background-size":"auto","background-attachment":"scroll","background-type":"","background-media":"","overlay-type":"","overlay-color":"","overlay-opacity":"","overlay-gradient":""}}},"product_cat":[2582],"product_tag":[],"class_list":{"0":"post-2043728","1":"product","2":"type-product","3":"status-publish","4":"has-post-thumbnail","6":"product_cat-2013-annual-collections","7":"desktop-align-left","8":"tablet-align-left","9":"mobile-align-left","11":"first","12":"instock","13":"shipping-taxable","14":"product-type-grouped"},"_links":{"self":[{"href":"https:\/\/magazin.romfilatelia.ro\/en\/wp-json\/wp\/v2\/product\/2043728"}],"collection":[{"href":"https:\/\/magazin.romfilatelia.ro\/en\/wp-json\/wp\/v2\/product"}],"about":[{"href":"https:\/\/magazin.romfilatelia.ro\/en\/wp-json\/wp\/v2\/types\/product"}],"wp:featuredmedia":[{"embeddable":true,"href":"https:\/\/magazin.romfilatelia.ro\/en\/wp-json\/wp\/v2\/media\/2043729"}],"wp:attachment":[{"href":"https:\/\/magazin.romfilatelia.ro\/en\/wp-json\/wp\/v2\/media?parent=2043728"}],"wp:term":[{"taxonomy":"product_cat","embeddable":true,"href":"https:\/\/magazin.romfilatelia.ro\/en\/wp-json\/wp\/v2\/product_cat?post=2043728"},{"taxonomy":"product_tag","embeddable":true,"href":"https:\/\/magazin.romfilatelia.ro\/en\/wp-json\/wp\/v2\/product_tag?post=2043728"}],"curies":[{"name":"wp","href":"https:\/\/api.w.org\/{rel}","templated":true}]}}