{"id":2043834,"date":"2011-08-26T07:50:37","date_gmt":"2011-08-26T07:50:37","guid":{"rendered":"http:\/\/romfilatelia.ro\/romagazin\/en\/product\/locomotives\/"},"modified":"2021-03-12T09:58:01","modified_gmt":"2021-03-12T09:58:01","slug":"locomotives","status":"publish","type":"product","link":"https:\/\/magazin.romfilatelia.ro\/en\/product\/locomotives\/","title":{"rendered":"LOCOMOTIVES"},"content":{"rendered":"<p><a href=\"http:\/\/romfilatelia.ro\/wp-content\/uploads\/2011\/08\/locomot_M.jpg\"><img decoding=\"async\" class=\"alignleft wp-image-2003230 size-thumbnail\" src=\"http:\/\/romfilatelia.ro\/wp-content\/uploads\/2011\/08\/locomot_M-150x150.jpg\" alt=\"image description\" width=\"150\" height=\"150\" \/><\/a>Answering the philatelists\u2019 passion for history of technics themes, Romfilatelia introduces into circulation the postage stamps issue entitled \u201cLocomotives\u201d.Answering the philatelists\u2019 passion for history of technics themes, Romfilatelia introduces into circulation the postage stamps issue entitled \u201cLocomotives\u201d.<\/p>\n<p>The railway technical adventure that will radically change the life of the inhabitants of this planet started in 1803 when Richard Trevithick (1771-1833), the Welsh engineer, built the first industrial steam engine in the world (\u201cTram-Engine\u201d) in Coalbrookdale blacksmith\u2019s shop. Within a short period of time, the one who registered his immortal name in the history of the steam engine (\u201cFather of the Locomotive Engine\u201d) and the railways in the world was the Englishman George Stephenson (1781-1848), who for more than 10 years, between 1814-1825, was the main locomotive manufacturer by substantially contribution to their development.<\/p>\n<p>In 1823, at Newcastle upon Tyne, George Stephenson, his son Robert, Edward Pease and Michael Longridge set up \u201cRobert Stephenson &amp; Company\u201d, the first locomotive factory in the world. The first orders received in 1824 came from Hetton mines and Stockton &amp; Darlington Railway company (\u201cLocomotion No.1\u201d, \u201cHope\u201d, \u201cDiligence\u201d and \u201cBlack Diamond\u201d).<\/p>\n<p>The stamp with the face value of 2.00 lei illustrates CFR 103 \u201cRomania\u201d locomotive B1-n2 Egst.-1869 type, making part of a representative series of 55 units, CFR 51-105, delivered in1869 by the German locomotive factory \u201cDr. Strousberg, vormals Georg Egestorff, Linden vor Hannover\u201d for the lines of CFR Shareholders\u2019 Society. It was a locomotive for mixed trains and it had the diameter of the driving and coupling wheels of 1,425 mm and a maximum running speed of 70 km\/h.<\/p>\n<p>The stamp with the face value of 3.00 lei illustrates CFR 28 \u201cCodaesti\u201d locomotive 2B-n2 Hart.-1887 type, making part of the series CFR 28-33 (6 units), delivered in 1887 by the German locomotive factory \u201cMaschinenfabrik Richard Hartmann, Chemnitz\u201d. It was a locomotive for express trains, used in the period 1887-1905 to tow the \u201cOrient Express\u201d trains on the route Varciorova &#8211; Turnu Severin &#8211; Balota &#8211; Pitesti &#8211; Bucuresti Nord (382 km). It had the diameter of the driving and coupling wheels of 1,906 mm and a maximum running speed of 115 km\/h being the first type of locomotives from CFR fleet equipped with aleading bogie. Until the placing in the circuit in 1913 of the first PACIFIC locomotives (series CFR 2201-2240, type 2C1-h4), they were the fastest locomotives within the CFR network.<\/p>\n<p>The stamp with the face value of 3.30 lei illustrates CFR 185 \u201cDomnita Maria\u201d locomotive, C-n2 StEG. Wien -1875 type, making part of a representative series of 35 units, CFR 151-185 (subsequently renumbered CFR 544-578), delivered in the period 1873-1875 by the Austrian locomotive factory \u201cStEG, Wien\u201cfor the lines of CFR Shareholders\u2019 Society. It was a locomotive for goods trains and it had the diameter of the driving and coupling wheels of 1,290 mm and a maximum running speed of 54 km\/h. CFR 185 \/ CFR 578 &#8211; \u201cDomnita Maria\u201d locomotive (manufacture number 1408\/1875) was the last locomotive of the series CFR 151-185 and it was named after Princess Marie (the only child of King Carol I who died at an early age).<\/p>\n<p>The stamp with the face value of 9.10 lei illustrates CFR 001 \u201cLespezi\u201d tender-locomotive, C-n2t Hainaut, Couillet -1884 type, making part of the series of tender-locomotives for narrow rails (ec.1,000 mm) CFR 001-006, delivered in 1884 and 1887 by the Belgian locomotive factory \u201cSoci\u00e9t\u00e9 Anonyme des Usines M\u00e9tallurgiques du Hainaut, Couillet\u201d. It had the diameter of the driving and coupling wheels of 900 mm and a maximum running speed of 47 km\/h.<\/p>\n<p>On the postage stamp of the souvenir sheet of the issue, with the face value of 8.10 lei are illustrated the compound-locomotives CFR 8008 and CFR 8003, 2C-n4v Bre.-1901 type, making part of the series CFR 8.001-8.010, delivered in 10 units in the period 1901-1902 by the Italian locomotive factory \u201cIng. Ernesto Breda &amp; Co.-Stabilimento Meccanico, Milano\u201d. Together withthe tender of 3 axles, they weighed 100 tf. (ton-force) and, in order to run, there were checked, reinforced and tested all the railway bridges on the main routes. The image on the souvenir sheet illustrates even the testing of a bridge, after it had been rebuilt, with two locomotives that had together 200 tf. They were compound-locomotives with four cylinders for express trains and they had the diameter of the driving and coupling wheels of 1,665 mm and a maximum running speed of 113 km\/h being distributed to the depots of Bucharest, Iasi and Ploiesti.<\/p>\n<p>The photographic and documentary assistance for the accomplishment of this postage stamps issue was provided by the engineer Ilie Popescu from S.N.T.F.C.-\u201cCFR CALATORI\u201d S.A. (Ministry of Transports).<\/p>\n<p>Issue date: 2011-08-26<\/p>\n<p><a href=\"http:\/\/romfilatelia.ro\/wp-content\/uploads\/2011\/08\/locomot_box.jpg\"><img fetchpriority=\"high\" decoding=\"async\" class=\"wp-image-2003231 size-full aligncenter\" src=\"http:\/\/romfilatelia.ro\/wp-content\/uploads\/2011\/08\/locomot_box.jpg\" alt=\"locomot_box\" width=\"750\" height=\"589\" \/><\/a><\/p>\n","protected":false},"excerpt":{"rendered":"<p>Answering the philatelists\u2019 passion for history of technics themes, Romfilatelia introduces into circulation the postage stamps issue entitled \u201cLocomotives\u201d.Answering the [&hellip;]<\/p>\n","protected":false},"featured_media":2043835,"template":"","meta":{"site-sidebar-layout":"default","site-content-layout":"","ast-site-content-layout":"","site-content-style":"default","site-sidebar-style":"default","ast-global-header-display":"","ast-banner-title-visibility":"","ast-main-header-display":"","ast-hfb-above-header-display":"","ast-hfb-below-header-display":"","ast-hfb-mobile-header-display":"","site-post-title":"","ast-breadcrumbs-content":"","ast-featured-img":"","footer-sml-layout":"","theme-transparent-header-meta":"","adv-header-id-meta":"","stick-header-meta":"","header-above-stick-meta":"","header-main-stick-meta":"","header-below-stick-meta":"","astra-migrate-meta-layouts":"default","ast-page-background-enabled":"default","ast-page-background-meta":{"desktop":{"background-color":"var(--ast-global-color-4)","background-image":"","background-repeat":"repeat","background-position":"center center","background-size":"auto","background-attachment":"scroll","background-type":"","background-media":"","overlay-type":"","overlay-color":"","overlay-opacity":"","overlay-gradient":""},"tablet":{"background-color":"","background-image":"","background-repeat":"repeat","background-position":"center center","background-size":"auto","background-attachment":"scroll","background-type":"","background-media":"","overlay-type":"","overlay-color":"","overlay-opacity":"","overlay-gradient":""},"mobile":{"background-color":"","background-image":"","background-repeat":"repeat","background-position":"center center","background-size":"auto","background-attachment":"scroll","background-type":"","background-media":"","overlay-type":"","overlay-color":"","overlay-opacity":"","overlay-gradient":""}},"ast-content-background-meta":{"desktop":{"background-color":"var(--ast-global-color-5)","background-image":"","background-repeat":"repeat","background-position":"center center","background-size":"auto","background-attachment":"scroll","background-type":"","background-media":"","overlay-type":"","overlay-color":"","overlay-opacity":"","overlay-gradient":""},"tablet":{"background-color":"var(--ast-global-color-5)","background-image":"","background-repeat":"repeat","background-position":"center center","background-size":"auto","background-attachment":"scroll","background-type":"","background-media":"","overlay-type":"","overlay-color":"","overlay-opacity":"","overlay-gradient":""},"mobile":{"background-color":"var(--ast-global-color-5)","background-image":"","background-repeat":"repeat","background-position":"center center","background-size":"auto","background-attachment":"scroll","background-type":"","background-media":"","overlay-type":"","overlay-color":"","overlay-opacity":"","overlay-gradient":""}}},"product_cat":[2596],"product_tag":[],"class_list":{"0":"post-2043834","1":"product","2":"type-product","3":"status-publish","4":"has-post-thumbnail","6":"product_cat-2011-annual-collections","7":"desktop-align-left","8":"tablet-align-left","9":"mobile-align-left","11":"first","12":"instock","13":"shipping-taxable","14":"product-type-grouped"},"_links":{"self":[{"href":"https:\/\/magazin.romfilatelia.ro\/en\/wp-json\/wp\/v2\/product\/2043834"}],"collection":[{"href":"https:\/\/magazin.romfilatelia.ro\/en\/wp-json\/wp\/v2\/product"}],"about":[{"href":"https:\/\/magazin.romfilatelia.ro\/en\/wp-json\/wp\/v2\/types\/product"}],"wp:featuredmedia":[{"embeddable":true,"href":"https:\/\/magazin.romfilatelia.ro\/en\/wp-json\/wp\/v2\/media\/2043835"}],"wp:attachment":[{"href":"https:\/\/magazin.romfilatelia.ro\/en\/wp-json\/wp\/v2\/media?parent=2043834"}],"wp:term":[{"taxonomy":"product_cat","embeddable":true,"href":"https:\/\/magazin.romfilatelia.ro\/en\/wp-json\/wp\/v2\/product_cat?post=2043834"},{"taxonomy":"product_tag","embeddable":true,"href":"https:\/\/magazin.romfilatelia.ro\/en\/wp-json\/wp\/v2\/product_tag?post=2043834"}],"curies":[{"name":"wp","href":"https:\/\/api.w.org\/{rel}","templated":true}]}}