{"id":2043850,"date":"2011-11-18T08:05:27","date_gmt":"2011-11-18T08:05:27","guid":{"rendered":"http:\/\/romfilatelia.ro\/romagazin\/en\/product\/christmas-2011\/"},"modified":"2021-03-12T09:28:58","modified_gmt":"2021-03-12T09:28:58","slug":"christmas-2011","status":"publish","type":"product","link":"https:\/\/magazin.romfilatelia.ro\/en\/product\/christmas-2011\/","title":{"rendered":"CHRISTMAS 2011"},"content":{"rendered":"<p><a href=\"http:\/\/romfilatelia.ro\/wp-content\/uploads\/2011\/11\/craciun_M.jpg\"><img decoding=\"async\" class=\"alignleft wp-image-2003167 size-thumbnail\" src=\"http:\/\/romfilatelia.ro\/wp-content\/uploads\/2011\/11\/craciun_M-150x150.jpg\" alt=\"craciun_M\" width=\"150\" height=\"150\" \/><\/a>Christmas is the Holidaythat brings bless, light and warmth for each family. Gathered around the fir tree, we offer kindness, humility and joy.<\/p>\n<p><em>\u201cFear not: for, behold, I bring you good tidings of great joy, which shall be to all people. For unto you is born this day in the city of David a Savior, which is Christ the Lord.\u201d (Luke 2:10,11)<\/em><\/p>\n<p>And we wait for the carols&#8230; and the star, a symbol reminding us of the Magi who travelled with gifts to the place where child Jesus and His Mother were, and also of the star present in the Icon of Our Lord\u2019s Birth.<\/p>\n<p>&nbsp;<\/p>\n<p>&nbsp;<\/p>\n<p>&nbsp;<\/p>\n<p>\u201cThe star is shining in the East,<\/p>\n<p>Emperor\u2019s star is appearing.<\/p>\n<p>The star is shining brightly,<\/p>\n<p>Announcing the Holy Birth.<\/p>\n<p>\u2026\u2026\u2026\u2026\u2026\u2026\u2026\u2026\u2026\u2026<\/p>\n<p>When the Magi saw the star,<\/p>\n<p>All three started walking towards it.<\/p>\n<p>As the star taught them<\/p>\n<p>They all worshiped Christ.\u201c<\/p>\n<p><em>(carol &#8211; The star is shining in the East)<\/em><\/p>\n<p>As every year, around the Christmas date, <strong>Romfilatelia<\/strong> introduces into circulation a postage stamps issue dedicated to this Celebration of Our Lord\u2019s Birth.<\/p>\n<p>The postage stamp of <strong><em>Christmas 2011<\/em><\/strong> issue illustrates the image of the icon of <em>\u201cNa\u015fterea Domnului Iisus Hristos\u201c (\u201cOur Lord\u2019s Jesus Christ\u2019s Birth\u201d)<\/em> from the patrimony of the Archdiocese of Tomis (\u201c\u00cen\u0103l\u0163area Domnului\u201d \/ \u201cOur Lord\u2019s<\/p>\n<p>Ascension\u201d) wooden church from Satu Nou, Oltina -ConstantaCounty), an icon painted in tempera and gold leaf dating back to late 19th century.<\/p>\n<p>The wooden church from Satu Nou was built in 1863 and since 2004 it has been introduced on the list of historical monuments inRomaniafor its historical and architectural value.<\/p>\n<p>Romfilatelia team is caroling you from the heart, the friends of stamps, and wishes you <strong><em>Happy holidays!<\/em><\/strong><\/p>\n<p>&nbsp;<\/p>\n<p><strong><em>We kindly thank to the Archdioceses of Tomis, and Arges and Muscel one, for the images put at our disposal in the accomplishment of this postage stamps issue.<\/em><\/strong><\/p>\n<p>Issue date: 2011-11-18<\/p>\n<p><a href=\"http:\/\/romfilatelia.ro\/wp-content\/uploads\/2011\/11\/craciun_box.jpg\"><img fetchpriority=\"high\" decoding=\"async\" class=\"wp-image-2003166 size-full aligncenter\" src=\"http:\/\/romfilatelia.ro\/wp-content\/uploads\/2011\/11\/craciun_box.jpg\" alt=\"craciun_box\" width=\"688\" height=\"750\" \/><\/a><\/p>\n","protected":false},"excerpt":{"rendered":"<p>Christmas is the Holidaythat brings bless, light and warmth for each family. Gathered around the fir tree, we offer kindness, [&hellip;]<\/p>\n","protected":false},"featured_media":2043851,"template":"","meta":{"site-sidebar-layout":"default","site-content-layout":"","ast-site-content-layout":"","site-content-style":"default","site-sidebar-style":"default","ast-global-header-display":"","ast-banner-title-visibility":"","ast-main-header-display":"","ast-hfb-above-header-display":"","ast-hfb-below-header-display":"","ast-hfb-mobile-header-display":"","site-post-title":"","ast-breadcrumbs-content":"","ast-featured-img":"","footer-sml-layout":"","theme-transparent-header-meta":"","adv-header-id-meta":"","stick-header-meta":"","header-above-stick-meta":"","header-main-stick-meta":"","header-below-stick-meta":"","astra-migrate-meta-layouts":"default","ast-page-background-enabled":"default","ast-page-background-meta":{"desktop":{"background-color":"var(--ast-global-color-4)","background-image":"","background-repeat":"repeat","background-position":"center center","background-size":"auto","background-attachment":"scroll","background-type":"","background-media":"","overlay-type":"","overlay-color":"","overlay-opacity":"","overlay-gradient":""},"tablet":{"background-color":"","background-image":"","background-repeat":"repeat","background-position":"center center","background-size":"auto","background-attachment":"scroll","background-type":"","background-media":"","overlay-type":"","overlay-color":"","overlay-opacity":"","overlay-gradient":""},"mobile":{"background-color":"","background-image":"","background-repeat":"repeat","background-position":"center center","background-size":"auto","background-attachment":"scroll","background-type":"","background-media":"","overlay-type":"","overlay-color":"","overlay-opacity":"","overlay-gradient":""}},"ast-content-background-meta":{"desktop":{"background-color":"var(--ast-global-color-5)","background-image":"","background-repeat":"repeat","background-position":"center center","background-size":"auto","background-attachment":"scroll","background-type":"","background-media":"","overlay-type":"","overlay-color":"","overlay-opacity":"","overlay-gradient":""},"tablet":{"background-color":"var(--ast-global-color-5)","background-image":"","background-repeat":"repeat","background-position":"center center","background-size":"auto","background-attachment":"scroll","background-type":"","background-media":"","overlay-type":"","overlay-color":"","overlay-opacity":"","overlay-gradient":""},"mobile":{"background-color":"var(--ast-global-color-5)","background-image":"","background-repeat":"repeat","background-position":"center center","background-size":"auto","background-attachment":"scroll","background-type":"","background-media":"","overlay-type":"","overlay-color":"","overlay-opacity":"","overlay-gradient":""}}},"product_cat":[2596],"product_tag":[],"class_list":{"0":"post-2043850","1":"product","2":"type-product","3":"status-publish","4":"has-post-thumbnail","6":"product_cat-2011-annual-collections","7":"desktop-align-left","8":"tablet-align-left","9":"mobile-align-left","11":"first","12":"instock","13":"shipping-taxable","14":"product-type-grouped"},"_links":{"self":[{"href":"https:\/\/magazin.romfilatelia.ro\/en\/wp-json\/wp\/v2\/product\/2043850"}],"collection":[{"href":"https:\/\/magazin.romfilatelia.ro\/en\/wp-json\/wp\/v2\/product"}],"about":[{"href":"https:\/\/magazin.romfilatelia.ro\/en\/wp-json\/wp\/v2\/types\/product"}],"wp:featuredmedia":[{"embeddable":true,"href":"https:\/\/magazin.romfilatelia.ro\/en\/wp-json\/wp\/v2\/media\/2043851"}],"wp:attachment":[{"href":"https:\/\/magazin.romfilatelia.ro\/en\/wp-json\/wp\/v2\/media?parent=2043850"}],"wp:term":[{"taxonomy":"product_cat","embeddable":true,"href":"https:\/\/magazin.romfilatelia.ro\/en\/wp-json\/wp\/v2\/product_cat?post=2043850"},{"taxonomy":"product_tag","embeddable":true,"href":"https:\/\/magazin.romfilatelia.ro\/en\/wp-json\/wp\/v2\/product_tag?post=2043850"}],"curies":[{"name":"wp","href":"https:\/\/api.w.org\/{rel}","templated":true}]}}