{"id":2043854,"date":"2011-12-21T08:11:19","date_gmt":"2011-12-21T08:11:19","guid":{"rendered":"http:\/\/romfilatelia.ro\/romagazin\/en\/product\/cotroceni-palace-history-and-heraldry\/"},"modified":"2021-03-12T09:22:28","modified_gmt":"2021-03-12T09:22:28","slug":"cotroceni-palace-history-and-heraldry","status":"publish","type":"product","link":"https:\/\/magazin.romfilatelia.ro\/en\/product\/cotroceni-palace-history-and-heraldry\/","title":{"rendered":"COTROCENI PALACE, History and Heraldry"},"content":{"rendered":"<p><em><a href=\"http:\/\/romfilatelia.ro\/wp-content\/uploads\/2011\/12\/cotroceni_M.jpg\"><img fetchpriority=\"high\" decoding=\"async\" class=\"alignleft wp-image-2003143 size-medium\" src=\"http:\/\/romfilatelia.ro\/wp-content\/uploads\/2011\/12\/cotroceni_M-300x300.jpg\" alt=\"cotroceni_M\" width=\"300\" height=\"300\" \/><\/a><\/em><span id=\"result_box\" class=\"\" lang=\"en\"><span title=\"\u201eDac\u00e3 o fi vreodat\u00e3 s\u00e3 m\u00e3 goneasc\u00e3 din aceast\u00e3 \u0163ar\u00e3 care \u00eemi este at\u00e2t de drag\u00e3, vreau s\u00e3 r\u00e3m\u00e2n\u00e3 c\u00e2te ceva frumos de pe urma mea.\u201c(Regina Maria) \">&#8220;If it ever be to throw me out of this country that is so cute, I want to remain something nice from me.&#8221; (Maria Regina)<br \/>\n<\/span><span title=\"\u201eDac\u00e3 o fi vreodat\u00e3 s\u00e3 m\u00e3 goneasc\u00e3 din aceast\u00e3 \u0163ar\u00e3 care-mi este at\u00e2t de drag\u00e3, vreau s\u00e3 r\u00e3m\u00e2n\u00e3 c\u00e2te ceva frumos de pe urma mea.\u201c(Regina Maria) \">&#8220;If it ever be to throw me out of this country which is so dear to me, I remain something nice from me.&#8221; (Maria Regina)<br \/>\n<\/span><span title=\"Peste trei secole au trecut p\u00e2n\u00e3 c\u00e2nd Palatul Cotroceni \u015fi-a c\u00e3p\u00e3tat \u00eenf\u00e3\u0163i\u015farea actual\u00e3... Trei sute de ani de istorie zbuciumat\u00e3, timp \u00een care \u00eentre zidurile sale s-au perindat domnitorii \u0162\u00e3rii Rom\u00e2ne\u015fti, domnitorul Principatelor Unite, principi \u015fi regi ai Rom\u00e2niei. \">Over the past three centuries until the end Cotroceni Palace and today look &#8230; Three hundred years of eventful history, during which its walls there have been rulers of countries Romanian ruler of the United Principalities, princes and kings of Romania.<br \/>\n<\/span><span title=\"Istoria locului \u00eencepe \u00een anul 1679, c\u00e2nd domnitorul \u0162\u00e3rii Rom\u00e2ne\u015fti, \u015eerban Cantacuzino \u00eencepe s\u00e3 construiasc\u00e3 pe mo\u015fia Cotroceni, un ansamblu monahal \u015fi case domne\u015fti cu \u015faisprezece camere. \">Local history begins in 1679, when the Romanian ruler Serban Cantacuzino begin to build on the estate Cotroceni, a whole monastic and royal houses with sixteen rooms.<br \/>\n<\/span><span title=\"\u00cen anul 1780, domnitorul Alexandru Ipsilanti adaug\u00e3 un foi\u015for \u00eenalt de 20 metri, iar \u00een anul 1852, domnitorul Barbu Dimitrie \u015etirbei hot\u00e3r\u00e3\u015ftere facerea caselor domne\u015fti. \">In 1780, Prince Alexander Ypsilanti arbor adds a level of 20 meters, and in 1852, Prince Dimitrie Barbu decides \u015etirbei making princely houses.<br \/>\n<\/span><span title=\"Dup\u00e3 Unirea Principatelor Rom\u00e2ne, Alexandru Ioan Cuza cere s\u00e3 se dea o nou\u00e3 \u00eenf\u00e3\u0163i\u015fare \u00eentregului ansamblu construit pentru a putea fi folosit ca palat domnesc. \">After the Union of Romanian Principalities, Alexandru Ioan Cuza asked to give a whole new look all built to be used as a royal palace.<br \/>\n<\/span><span title=\"Timp de peste dou\u00e3 decenii, aici va fi re\u015fedin\u0163a de var\u00e3 a lui Carol I, iar mai apoi, permanent\u00e3 a Principilor mo\u015ftenitori Ferdinand \u015fi Maria. \">For over two decades, this will be the summer residence of Charles I, and later, permanent crown prince Ferdinand and Maria.<br \/>\n<\/span><span title=\"\u00cen 1893 se hot\u00e3re\u015fte demolarea re\u015fedin\u0163ei \u015fi a foi\u015forului pentru a l\u00e3sa loc noului palat princiar, a c\u00e3rui construc\u0163ie \u2013 dup\u00e3 planurile arhitectului Paul Gottereau - va dura p\u00e2n\u00e3 \u00een 1895. \">In 1893 the residence was demolished and the upper chamber decides to leave room for the new princely palace, whose construction &#8211; by architect Paul Gottereau &#8211; will last until 1895.<br \/>\n<\/span><span title=\"Dup\u00e3 anul 1900, Palatul va fi mereu modificat \u015fi reamenajat dup\u00e3 gustul prin\u0163esei, viitoare Regin\u00e3 Maria, iubitoare a Art Nouveau-lui, stil ce va fi cerut arhitectului Karel Lieman \u015fi tradi\u0163iilor noii sale patrii.\">After 1900, the Palace will always be modified and rearranged taste Princess, The Queen Mary&#8217;s loving Art Nouveau style will be asked architect Karel Lieman and traditions of his new homeland. <\/span><span title=\"Stilul br\u00e2ncovenesc va \u00eembog\u00e3\u0163i zestrea decorativ\u00e3 a palatului datorit\u00e3 arhitectului Grigore Cerchez. \">Br\u00e2ncovenesc pleasant decorative style heritage of the palace by architect Gregory Cerchez.<br \/>\n<\/span><span title=\"Din 1949, Palatul Cotroceni va deveni Palatul Pionierilor, p\u00e2n\u00e3 \u00een anul 1976. \">Since 1949, the Pioneers Palace Cotroceni Palace will become, until 1976.<br \/>\n<\/span><span title=\"Dup\u00e3 cutremurul din 1977, timp de zece ani, Palatul, va intra \u00een ample lucr\u00e3ri de restaurare, acestea fiind coordonate de arhitectul Niculae Vl\u00e3descu.\">After the earthquake of 1977, for ten years, Palace, will enter the extensive restoration works, which are coordinated by architect Nicholas Vl\u00e3descu. <\/span><span title=\"Odat\u00e3 cu aceste lucr\u00e3ri, \u00eencepe \u015fi construirea aripii noi a Palatului Cotroceni. \">Once these works, and start building new wing of Cotroceni Palace.<br \/>\n<\/span><span title=\"La construc\u0163ia corpului nou al Palatului au fost preluate elementele arhitecturale ale celorlalte corpuri vechi, apel\u00e2ndu-se \u00eens\u00e3, predominant,la mo\u015ftenirea provinciilor tradi\u0163ionale rom\u00e2ne\u015fti. \">The new body construction of the Palace were taken bodies of the other old architectural elements, resorting but predominantly Romanian traditional heritage provinces.<br \/>\n<\/span><span title=\"\u00cen anul 1984 a fost demolat\u00e3 biserica ridicat\u00e3 de \u015eerban Cantacuzino, ast\u00e3zi ea fiind ref\u00e3cut\u00e3 \u00een \u00eentregime. \">In 1984 the church was demolished raised by Serban Cantacuzino, today it was rebuilt entirely.<br \/>\n<\/span><span title=\"Din 1989, Palatul Cotroceni g\u00e3zduie\u015fte Administra\u0163ia Preziden\u0163ial\u00e3 a Rom\u00e2niei. \">Since 1989, the Palace Cotroceni Presidential administration hosts.<br \/>\n<\/span><span title=\"Din anul 1991, aripa veche a Palatului ad\u00e3poste\u015fte Muzeul Na\u0163ional Cotroceni, muzeu care, \u00een 1994, a primit premiul European Museum of the Year Award - Special Commendation. \">Since 1991, the old wing of the palace houses the National Museum Cotroceni museum in 1994 was awarded the European Museum of the Year Award &#8211; Special Commendation.<br \/>\n<\/span><span title=\"Continu\u00e2nd inten\u0163ia sa de a promova institu\u0163ii de cultur\u00e3 \u015fi art\u00e3 precum \u015fi valori ale patimoniului na\u0163ional, Romfilatelia introduce \u00een circula\u0163ie emisiunea de m\u00e3rci po\u015ftale \u201ePalatul Cotroceni, Istorie \u015fi heraldic\u00e3\u201c. \">Continuing its intention to promote art and cultural institutions and values \u200b\u200bpatimoniului national Romfilatelia introduces into circulation the postage stamps issue &#8220;Cotroceni Palace, History and Heraldry.&#8221;<br \/>\n<\/span><span title=\"Cele \u015fase timbre ale emisiunii de m\u00e3rci po\u015ftale ilustreaz\u00e3 vitralii din Sala Unirii a Palatului Cotroceni. \">The six stamps of postage stamps issue illustrates the stained glass windows from the Union Hall of the Palace Cotroceni.<br \/>\n<\/span><span title=\"Pe timbrele cu valorile nominale de 50 bani, 80 bani \u015fi 2,40 lei sunt reprezentate Stemele Munteniei, Moldovei \u015fi Transilvaniei. \">On stamps with face values \u200b\u200bof 50 money, money, and 2.40 lei 80 Emblems are represented Wallachia, Moldavia and Transylvania.<br \/>\n<\/span><span title=\"Pe timbrul cu valoarea nominal\u00e3 de 60 bani este ilustrat \u00eentemeietorul Munteniei, Basarab I, care a domnit \u00eentre anii 1310-1352. \">The stamp with the face value of money 60 illustrated founder of Wallachia Basarab I, who ruled between 1310-1352.<br \/>\n<\/span><span title=\"Pe timbrul cu valoarea nominal\u00e3 de 1,00 lei este ilustrat \u00eentemeietorul Moldovei, Bogdan I, care a domnit \u00eentre anii 1359-1365. \">The stamp with the face value of 1.00 lei is illustrated founder of Moldova, Bogdan I, who ruled between 1359-1365.<br \/>\n<\/span><span title=\"Pe timbrul cu valoarea nominal\u00e3 de 3,10 lei este ilustrat Mihai Viteazul, domnitorul rom\u00e2n care a realizat prima Unire a \u0162\u00e3rilor Rom\u00e2ne, \u00een anul 1600. \">The stamp with the face value of 3.10 lei is illustrated Michael the Brave, Romanian ruler who made the first Unification of the Romanian Principalities in 1600.<br \/>\n<\/span><span title=\"Pe timbrul coli\u0163ei este ilustrat\u00e3 o imagine de ansamblu a Palatului Cotroceni.\">The stamp souvenir sheet is illustrated an overview of Cotroceni Palace. <\/span><span title=\"Aducem mul\u0163umiri domnului dr. arh. Niculae Vl\u00e3descu (coordonatorul lucr\u00e3rilor de restaurare ale Palatului Cotroceni) pentru consultan\u0163a documentar\u00e3 acordat\u00e3 la realizarea acestei emisiuni de m\u00e3rci po\u015ftale. \">We thank Mr. dr. Arch. Vl\u00e3descu Niculae (the coordinator of the restoration works of the Palace Cotroceni) for advice given in making this documentary postage stamps.<br \/>\n<\/span><span title=\"\u201eDac\u00e3 o fi vreodat\u00e3 s\u00e3 m\u00e3 goneasc\u00e3 din aceast\u00e3 \u0163ar\u00e3 care-mi este at\u00e2t de drag\u00e3, vreau s\u00e3 r\u00e3m\u00e2n\u00e3 c\u00e2te ceva frumos de pe urma mea.\u201c(Regina Maria) \">&#8220;If it ever be to throw me out of this country which is so dear to me, I remain something nice from me.&#8221; (Maria Regina)<br \/>\n<\/span><span title=\"Peste trei secole au trecut p\u00e2n\u00e3 c\u00e2nd Palatul Cotroceni \u015fi-a c\u00e3p\u00e3tat \u00eenf\u00e3\u0163i\u015farea actual\u00e3... Trei sute de ani de istorie zbuciumat\u00e3, timp \u00een care \u00eentre zidurile sale s-au perindat domnitorii \u0162\u00e3rii Rom\u00e2ne\u015fti, domnitorul Principatelor Unite, principi \u015fi regi ai Rom\u00e2niei. \">Over the past three centuries until the end Cotroceni Palace and today look &#8230; Three hundred years of eventful history, during which its walls there have been rulers of countries Romanian ruler of the United Principalities, princes and kings of Romania.<br \/>\n<\/span><span title=\"Istoria locului \u00eencepe \u00een anul 1679, c\u00e2nd domnitorul \u0162\u00e3rii Rom\u00e2ne\u015fti, \u015eerban Cantacuzino \u00eencepe s\u00e3 construiasc\u00e3 pe mo\u015fia Cotroceni, un ansamblu monahal \u015fi case domne\u015fti cu \u015faisprezece camere. \">Local history begins in 1679, when the Romanian ruler Serban Cantacuzino begin to build on the estate Cotroceni, a whole monastic and royal houses with sixteen rooms.<br \/>\n<\/span><span title=\"\u00cen anul 1780, domnitorul Alexandru Ipsilanti adaug\u00e3 un foi\u015for \u00eenalt de 20 metri, iar \u00een anul 1852, domnitorul Barbu Dimitrie \u015etirbei hot\u00e3r\u00e3\u015ftere facerea caselor domne\u015fti. \">In 1780, Prince Alexander Ypsilanti arbor adds a level of 20 meters, and in 1852, Prince Dimitrie Barbu decides \u015etirbei making princely houses.<br \/>\n<\/span><span title=\"Dup\u00e3 Unirea Principatelor Rom\u00e2ne, Alexandru Ioan Cuza cere s\u00e3 se dea o nou\u00e3 \u00eenf\u00e3\u0163i\u015fare \u00eentregului ansamblu construit pentru a putea fi folosit ca palat domnesc. \">After the Union of Romanian Principalities, Alexandru Ioan Cuza asked to give a whole new look all built to be used as a royal palace.<br \/>\n<\/span><span title=\"Timp de peste dou\u00e3 decenii, aici va fi re\u015fedin\u0163a de var\u00e3 a lui Carol I, iar mai apoi, permanent\u00e3 a Principilor mo\u015ftenitori Ferdinand \u015fi Maria. \">For over two decades, this will be the summer residence of Charles I, and later, permanent crown prince Ferdinand and Maria.<br \/>\n<\/span><span title=\"\u00cen 1893 se hot\u00e3re\u015fte demolarea re\u015fedin\u0163ei \u015fi a foi\u015forului pentru a l\u00e3sa loc noului palat princiar, a c\u00e3rui construc\u0163ie \u2013 dup\u00e3 planurile arhitectului Paul Gottereau - va dura p\u00e2n\u00e3 \u00een 1895. \">In 1893 the residence was demolished and the upper chamber decides to leave room for the new princely palace, whose construction &#8211; by architect Paul Gottereau &#8211; will last until 1895.<br \/>\n<\/span><span title=\"Dup\u00e3 anul 1900, Palatul va fi mereu modificat \u015fi reamenajat dup\u00e3 gustul prin\u0163esei, viitoare Regin\u00e3 Maria, iubitoare a Art Nouveau-lui, stil ce va fi cerut arhitectului Karel Lieman \u015fi tradi\u0163iilor noii sale patrii.\">After 1900, the Palace will always be modified and rearranged taste Princess, The Queen Mary&#8217;s loving Art Nouveau style will be asked architect Karel Lieman and traditions of his new homeland. <\/span><span title=\"Stilul br\u00e2ncovenesc va \u00eembog\u00e3\u0163i zestrea decorativ\u00e3 a palatului datorit\u00e3 arhitectului Grigore Cerchez. \">Br\u00e2ncovenesc pleasant decorative style heritage of the palace by architect Gregory Cerchez.<br \/>\n<\/span><span title=\"Din 1949, Palatul Cotroceni va deveni Palatul Pionierilor, p\u00e2n\u00e3 \u00een anul 1976. \">Since 1949, the Pioneers Palace Cotroceni Palace will become, until 1976.<br \/>\n<\/span><span title=\"Dup\u00e3 cutremurul din 1977, timp de zece ani, Palatul, va intra \u00een ample lucr\u00e3ri de restaurare, acestea fiind coordonate de arhitectul Niculae Vl\u00e3descu.\">After the earthquake of 1977, for ten years, Palace, will enter the extensive restoration works, which are coordinated by architect Nicholas Vl\u00e3descu. <\/span><span title=\"Odat\u00e3 cu aceste lucr\u00e3ri, \u00eencepe \u015fi construirea aripii noi a Palatului Cotroceni. \">Once these works, and start building new wing of Cotroceni Palace.<br \/>\n<\/span><span title=\"La construc\u0163ia corpului nou al Palatului au fost preluate elementele arhitecturale ale celorlalte corpuri vechi, apel\u00e2ndu-se \u00eens\u00e3, predominant,la mo\u015ftenirea provinciilor tradi\u0163ionale rom\u00e2ne\u015fti. \">The new body construction of the Palace were taken bodies of the other old architectural elements, resorting but predominantly Romanian traditional heritage provinces.<br \/>\n<\/span><span title=\"\u00cen anul 1984 a fost demolat\u00e3 biserica ridicat\u00e3 de \u015eerban Cantacuzino, ast\u00e3zi ea fiind ref\u00e3cut\u00e3 \u00een \u00eentregime. \">In 1984 the church was demolished raised by Serban Cantacuzino, today it was rebuilt entirely.<br \/>\n<\/span><span title=\"Din 1989, Palatul Cotroceni g\u00e3zduie\u015fte Administra\u0163ia Preziden\u0163ial\u00e3 a Rom\u00e2niei. \">Since 1989, the Palace Cotroceni Presidential administration hosts.<br \/>\n<\/span><span title=\"Din anul 1991, aripa veche a Palatului ad\u00e3poste\u015fte Muzeul Na\u0163ional Cotroceni, muzeu care, \u00een 1994, a primit premiul European Museum of the Year Award - Special Commendation. \">Since 1991, the old wing of the palace houses the National Museum Cotroceni museum in 1994 was awarded the European Museum of the Year Award &#8211; Special Commendation.<br \/>\n<\/span><span title=\"Continu\u00e2nd inten\u0163ia sa de a promova institu\u0163ii de cultur\u00e3 \u015fi art\u00e3 precum \u015fi valori ale patimoniului na\u0163ional, Romfilatelia introduce \u00een circula\u0163ie emisiunea de m\u00e3rci po\u015ftale \u201ePalatul Cotroceni, Istorie \u015fi heraldic\u00e3\u201c. \">Continuing its intention to promote art and cultural institutions and values \u200b\u200bpatimoniului national Romfilatelia introduces into circulation the postage stamps issue &#8220;Cotroceni Palace, History and Heraldry.&#8221;<br \/>\n<\/span><span title=\"Cele \u015fase timbre ale emisiunii de m\u00e3rci po\u015ftale ilustreaz\u00e3 vitralii din Sala Unirii a Palatului Cotroceni. \">The six stamps of postage stamps issue illustrates the stained glass windows from the Union Hall of the Palace Cotroceni.<br \/>\n<\/span><span title=\"Pe timbrele cu valorile nominale de 50 bani, 80 bani \u015fi 2,40 lei sunt reprezentate Stemele Munteniei, Moldovei \u015fi Transilvaniei. \">On stamps with face values \u200b\u200bof 50 money, money, and 2.40 lei 80 Emblems are represented Wallachia, Moldavia and Transylvania.<br \/>\n<\/span><span title=\"Pe timbrul cu valoarea nominal\u00e3 de 60 bani este ilustrat \u00eentemeietorul Munteniei, Basarab I, care a domnit \u00eentre anii 1310-1352. \">The stamp with the face value of money 60 illustrated founder of Wallachia Basarab I, who ruled between 1310-1352.<br \/>\n<\/span><span title=\"Pe timbrul cu valoarea nominal\u00e3 de 1,00 lei este ilustrat \u00eentemeietorul Moldovei, Bogdan I, care a domnit \u00eentre anii 1359-1365. \">The stamp with the face value of 1.00 lei is illustrated founder of Moldova, Bogdan I, who ruled between 1359-1365.<br \/>\n<\/span><span title=\"Pe timbrul cu valoarea nominal\u00e3 de 3,10 lei este ilustrat Mihai Viteazul, domnitorul rom\u00e2n care a realizat prima Unire a \u0162\u00e3rilor Rom\u00e2ne, \u00een anul 1600. \">The stamp with the face value of 3.10 lei is illustrated Michael the Brave, Romanian ruler who made the first Unification of the Romanian Principalities in 1600.<br \/>\n<\/span><span title=\"Pe timbrul coli\u0163ei este ilustrat\u00e3 o imagine de ansamblu a Palatului Cotroceni.\">The stamp souvenir sheet is illustrated an overview of Cotroceni Palace. <\/span><span title=\"Aducem mul\u0163umiri domnului dr. arh. Niculae Vl\u00e3descu (coordonatorul lucr\u00e3rilor de restaurare ale Palatului Cotroceni) pentru consultan\u0163a documentar\u00e3 acordat\u00e3 la realizarea acestei emisiuni de m\u00e3rci po\u015ftale. \">We thank Mr. dr. Arch. Vl\u00e3descu Niculae (the coordinator of the restoration works of the Palace Cotroceni) for advice given in making this documentary postage stamps.<br \/>\n<\/span><span title=\"Data Aparitie:2011-12-21\">Date Published: 2011-12-21<\/span><\/span><\/p>\n<p><em><a href=\"http:\/\/romfilatelia.ro\/wp-content\/uploads\/2011\/12\/cotroceni_box.jpg\"><img decoding=\"async\" class=\"wp-image-2003144 size-full aligncenter\" src=\"http:\/\/romfilatelia.ro\/wp-content\/uploads\/2011\/12\/cotroceni_box.jpg\" alt=\"cotroceni_box\" width=\"750\" height=\"636\" \/><\/a><\/em><\/p>\n","protected":false},"excerpt":{"rendered":"<p>&#8220;If it ever be to throw me out of this country that is so cute, I want to remain something [&hellip;]<\/p>\n","protected":false},"featured_media":2043855,"template":"","meta":{"site-sidebar-layout":"default","site-content-layout":"","ast-site-content-layout":"","site-content-style":"default","site-sidebar-style":"default","ast-global-header-display":"","ast-banner-title-visibility":"","ast-main-header-display":"","ast-hfb-above-header-display":"","ast-hfb-below-header-display":"","ast-hfb-mobile-header-display":"","site-post-title":"","ast-breadcrumbs-content":"","ast-featured-img":"","footer-sml-layout":"","theme-transparent-header-meta":"","adv-header-id-meta":"","stick-header-meta":"","header-above-stick-meta":"","header-main-stick-meta":"","header-below-stick-meta":"","astra-migrate-meta-layouts":"default","ast-page-background-enabled":"default","ast-page-background-meta":{"desktop":{"background-color":"var(--ast-global-color-4)","background-image":"","background-repeat":"repeat","background-position":"center center","background-size":"auto","background-attachment":"scroll","background-type":"","background-media":"","overlay-type":"","overlay-color":"","overlay-opacity":"","overlay-gradient":""},"tablet":{"background-color":"","background-image":"","background-repeat":"repeat","background-position":"center center","background-size":"auto","background-attachment":"scroll","background-type":"","background-media":"","overlay-type":"","overlay-color":"","overlay-opacity":"","overlay-gradient":""},"mobile":{"background-color":"","background-image":"","background-repeat":"repeat","background-position":"center center","background-size":"auto","background-attachment":"scroll","background-type":"","background-media":"","overlay-type":"","overlay-color":"","overlay-opacity":"","overlay-gradient":""}},"ast-content-background-meta":{"desktop":{"background-color":"var(--ast-global-color-5)","background-image":"","background-repeat":"repeat","background-position":"center center","background-size":"auto","background-attachment":"scroll","background-type":"","background-media":"","overlay-type":"","overlay-color":"","overlay-opacity":"","overlay-gradient":""},"tablet":{"background-color":"var(--ast-global-color-5)","background-image":"","background-repeat":"repeat","background-position":"center center","background-size":"auto","background-attachment":"scroll","background-type":"","background-media":"","overlay-type":"","overlay-color":"","overlay-opacity":"","overlay-gradient":""},"mobile":{"background-color":"var(--ast-global-color-5)","background-image":"","background-repeat":"repeat","background-position":"center center","background-size":"auto","background-attachment":"scroll","background-type":"","background-media":"","overlay-type":"","overlay-color":"","overlay-opacity":"","overlay-gradient":""}}},"product_cat":[2596],"product_tag":[],"class_list":{"0":"post-2043854","1":"product","2":"type-product","3":"status-publish","4":"has-post-thumbnail","6":"product_cat-2011-annual-collections","7":"desktop-align-left","8":"tablet-align-left","9":"mobile-align-left","11":"first","12":"instock","13":"shipping-taxable","14":"product-type-grouped"},"_links":{"self":[{"href":"https:\/\/magazin.romfilatelia.ro\/en\/wp-json\/wp\/v2\/product\/2043854"}],"collection":[{"href":"https:\/\/magazin.romfilatelia.ro\/en\/wp-json\/wp\/v2\/product"}],"about":[{"href":"https:\/\/magazin.romfilatelia.ro\/en\/wp-json\/wp\/v2\/types\/product"}],"wp:featuredmedia":[{"embeddable":true,"href":"https:\/\/magazin.romfilatelia.ro\/en\/wp-json\/wp\/v2\/media\/2043855"}],"wp:attachment":[{"href":"https:\/\/magazin.romfilatelia.ro\/en\/wp-json\/wp\/v2\/media?parent=2043854"}],"wp:term":[{"taxonomy":"product_cat","embeddable":true,"href":"https:\/\/magazin.romfilatelia.ro\/en\/wp-json\/wp\/v2\/product_cat?post=2043854"},{"taxonomy":"product_tag","embeddable":true,"href":"https:\/\/magazin.romfilatelia.ro\/en\/wp-json\/wp\/v2\/product_tag?post=2043854"}],"curies":[{"name":"wp","href":"https:\/\/api.w.org\/{rel}","templated":true}]}}