{"id":2043872,"date":"2010-05-06T15:56:47","date_gmt":"2010-05-06T15:56:47","guid":{"rendered":"http:\/\/romfilatelia.ro\/romagazin\/en\/product\/europa-2010-children-books\/"},"modified":"2021-03-12T12:49:49","modified_gmt":"2021-03-12T12:49:49","slug":"europa-2010-children-books","status":"publish","type":"product","link":"https:\/\/magazin.romfilatelia.ro\/en\/product\/europa-2010-children-books\/","title":{"rendered":"Europa 2010 &#8211; CHILDREN BOOKS"},"content":{"rendered":"<p><a href=\"http:\/\/romfilatelia.ro\/wp-content\/uploads\/2010\/05\/europa2010_M.jpg\"><img fetchpriority=\"high\" decoding=\"async\" class=\"size-medium wp-image-2003929 alignleft\" src=\"http:\/\/romfilatelia.ro\/wp-content\/uploads\/2010\/05\/europa2010_M-300x261.jpg\" alt=\"Print\" width=\"300\" height=\"261\" \/><\/a>Established by PostEurop every year, the topic of the postage stamps issue EUROPA in 2010 is \u201cChildren Books\u201d. On this occasion, Romfilatelia introduces into circulation this postage stamps issue.Established by PostEurop every year, the topic of the postage stamps issue EUROPA in 2010 is \u201cChildren Books\u201d. On this occasion, Romfilatelia introduces into circulation this postage stamps issue.<\/p>\n<p>Since early childhood, in their attempt to know everything that surrounds them, children have always been fascinated by the colorful books with many pictures.<\/p>\n<p>While growing, they deciphered the first letters of the alphabet and so they started reading the first written words. Then they read tales and later on, entire books containing stories, fairy tales or short stories&#8230;<\/p>\n<p>And what Romanian child may say they did not enjoy our fairy tales and stories Pungu\u0163a cu doi bani (\u201cThe Little Bag with Two Coins\u201d), Fata mo\u015fului \u015fi fata babei (\u201cThe Old Man\u00b4s Daughter and the Old Woman\u00b4s Daughter\u201d), Tinere\u0163e f\u00e3r\u00e3 b\u0103tr\u00e2ne\u0163e \u015fi via\u0163\u0103 f\u0103r\u0103 de moarte (\u201cYouth Without Old Age and Life without Death\u201d), Pr\u00e2slea cel voinic \u015fi merele de aur (\u201cThe Brave Kid and the Golden Apples\u201d), Balaurul cu \u015fapte capete (\u201cThe Dragon with Seven Heads\u201d), Fata de \u00eemp\u0103rat \u015fi pescarul (\u201cThe Emperor\u00b4s Daughter and the Fisherman\u201d), P\u0103cal\u0103 \u015fi T\u00e2ndal\u0103 (\u201cPacala and Tandala\u201d), Capra cu trei iezi (\u201cThe She-Goat with Three Kids\u201d) and so many others&#8230;?<\/p>\n<p>The children books represent a first step into the fantastic world where the tales of Brothers Grimm such as Snow White and the Seven Dwarfs, Cinderella, Hansel and Gretel, Valiant Little Tailor or Little Red Riding Hood should not miss.<\/p>\n<p>And what child has not entered the world of Hans Christian Andersen\u00b4s stories when reading Thumbelina, The Little Mermaid, The Swans, The Steadfast Tin Soldier, The Snow Queen, The Ugly Duckling? Or what child has not told an innocent lie and his nose has become longer like Pinocchio\u00b4s?<\/p>\n<p>Along many generations, children around the entire world were enchanted by the fantastic world of Jules Verne and the adventures of Baron M\u00fcnchhausen.<\/p>\n<p>How many of us were enchanted in our childhood by The Olympus Legends or sailed down the Mississippi, at least in our imagination, together with Tom Sawyer and Huckleberry Finn or hid in the prairie with Winnetou?<\/p>\n<p>All of us were for one moment giants and dwarfs in Gulliver\u00b4s Travels or we were left on a deserted island with Robinson Crusoe.<\/p>\n<p>Children books are a window open towards the world. A world of knowledge, a universe that fascinated and still fascinates children, preparing them for life, which has always been a gate between fiction and reality.<\/p>\n<p>The tale Little Red Riding Hood is allegorically illustrated on the postage stamp with the face value of RON 4.30, and on the stamp with the face value of RON 7.60, there is illustrated a Dragon seen as a children\u00b4s friend.<\/p>\n<p>Issue date: 2010-05-06<\/p>\n<p><a href=\"http:\/\/romfilatelia.ro\/wp-content\/uploads\/2010\/05\/europa2010_box.jpg\"><img decoding=\"async\" class=\"aligncenter wp-image-2003930 size-full\" src=\"http:\/\/romfilatelia.ro\/wp-content\/uploads\/2010\/05\/europa2010_box.jpg\" alt=\"europa2010_box\" width=\"600\" height=\"592\" \/><\/a><\/p>\n","protected":false},"excerpt":{"rendered":"<p>Established by PostEurop every year, the topic of the postage stamps issue EUROPA in 2010 is \u201cChildren Books\u201d. On this [&hellip;]<\/p>\n","protected":false},"featured_media":2043873,"template":"","meta":{"site-sidebar-layout":"default","site-content-layout":"","ast-site-content-layout":"","site-content-style":"default","site-sidebar-style":"default","ast-global-header-display":"","ast-banner-title-visibility":"","ast-main-header-display":"","ast-hfb-above-header-display":"","ast-hfb-below-header-display":"","ast-hfb-mobile-header-display":"","site-post-title":"","ast-breadcrumbs-content":"","ast-featured-img":"","footer-sml-layout":"","theme-transparent-header-meta":"","adv-header-id-meta":"","stick-header-meta":"","header-above-stick-meta":"","header-main-stick-meta":"","header-below-stick-meta":"","astra-migrate-meta-layouts":"default","ast-page-background-enabled":"default","ast-page-background-meta":{"desktop":{"background-color":"var(--ast-global-color-4)","background-image":"","background-repeat":"repeat","background-position":"center center","background-size":"auto","background-attachment":"scroll","background-type":"","background-media":"","overlay-type":"","overlay-color":"","overlay-opacity":"","overlay-gradient":""},"tablet":{"background-color":"","background-image":"","background-repeat":"repeat","background-position":"center center","background-size":"auto","background-attachment":"scroll","background-type":"","background-media":"","overlay-type":"","overlay-color":"","overlay-opacity":"","overlay-gradient":""},"mobile":{"background-color":"","background-image":"","background-repeat":"repeat","background-position":"center center","background-size":"auto","background-attachment":"scroll","background-type":"","background-media":"","overlay-type":"","overlay-color":"","overlay-opacity":"","overlay-gradient":""}},"ast-content-background-meta":{"desktop":{"background-color":"var(--ast-global-color-5)","background-image":"","background-repeat":"repeat","background-position":"center center","background-size":"auto","background-attachment":"scroll","background-type":"","background-media":"","overlay-type":"","overlay-color":"","overlay-opacity":"","overlay-gradient":""},"tablet":{"background-color":"var(--ast-global-color-5)","background-image":"","background-repeat":"repeat","background-position":"center center","background-size":"auto","background-attachment":"scroll","background-type":"","background-media":"","overlay-type":"","overlay-color":"","overlay-opacity":"","overlay-gradient":""},"mobile":{"background-color":"var(--ast-global-color-5)","background-image":"","background-repeat":"repeat","background-position":"center center","background-size":"auto","background-attachment":"scroll","background-type":"","background-media":"","overlay-type":"","overlay-color":"","overlay-opacity":"","overlay-gradient":""}}},"product_cat":[2601],"product_tag":[],"class_list":{"0":"post-2043872","1":"product","2":"type-product","3":"status-publish","4":"has-post-thumbnail","6":"product_cat-2010-annual-collections","7":"desktop-align-left","8":"tablet-align-left","9":"mobile-align-left","11":"first","12":"instock","13":"shipping-taxable","14":"product-type-grouped"},"_links":{"self":[{"href":"https:\/\/magazin.romfilatelia.ro\/en\/wp-json\/wp\/v2\/product\/2043872"}],"collection":[{"href":"https:\/\/magazin.romfilatelia.ro\/en\/wp-json\/wp\/v2\/product"}],"about":[{"href":"https:\/\/magazin.romfilatelia.ro\/en\/wp-json\/wp\/v2\/types\/product"}],"wp:featuredmedia":[{"embeddable":true,"href":"https:\/\/magazin.romfilatelia.ro\/en\/wp-json\/wp\/v2\/media\/2043873"}],"wp:attachment":[{"href":"https:\/\/magazin.romfilatelia.ro\/en\/wp-json\/wp\/v2\/media?parent=2043872"}],"wp:term":[{"taxonomy":"product_cat","embeddable":true,"href":"https:\/\/magazin.romfilatelia.ro\/en\/wp-json\/wp\/v2\/product_cat?post=2043872"},{"taxonomy":"product_tag","embeddable":true,"href":"https:\/\/magazin.romfilatelia.ro\/en\/wp-json\/wp\/v2\/product_tag?post=2043872"}],"curies":[{"name":"wp","href":"https:\/\/api.w.org\/{rel}","templated":true}]}}