{"id":2044024,"date":"2007-03-23T12:24:25","date_gmt":"2007-03-23T12:24:25","guid":{"rendered":"http:\/\/romfilatelia.ro\/romagazin\/en\/product\/romanian-wild-orchids\/"},"modified":"2021-03-24T08:04:21","modified_gmt":"2021-03-24T08:04:21","slug":"romanian-wild-orchids","status":"publish","type":"product","link":"https:\/\/magazin.romfilatelia.ro\/en\/product\/romanian-wild-orchids\/","title":{"rendered":"ROMANIAN WILD ORCHIDS"},"content":{"rendered":"<p><a href=\"http:\/\/romfilatelia.ro\/wp-content\/uploads\/2007\/03\/orhid_bloc_M.jpg\"><img fetchpriority=\"high\" decoding=\"async\" class=\"size-medium wp-image-2004756 alignleft\" src=\"http:\/\/romfilatelia.ro\/wp-content\/uploads\/2007\/03\/orhid_bloc_M-300x226.jpg\" alt=\"orhid_bloc_M\" width=\"300\" height=\"226\" \/><\/a>Romfilatelia, the specialized company in issuing and trading Romanian postage stamps, introduces into circulation the postage stamps issue Romanian Wild Orchids.Romfilatelia, the specialized company in issuing and trading Romanian postage stamps, introduces into circulation the postage stamps issue Romanian Wild Orchids.<\/p>\n<p>The orchids, regularly associated with exotic vegetation present in tropical areas, are also present in areas with temperate climate.<br \/>\nIn Romania, according to the specialty literature, there are 58 species.<br \/>\nThe wild orchids in our country are land species, being present on lawns, sloughs wood sides and meadows. Most of the time they are not noticed in the wild vegetation of the biotopes to which they belong, because of the fact that, generally\u00a0 are small plants with flowers of a few millimeters. Nevertheless they are truly special from a botanical point of view. The seeds have such small dimensions (approximately 0,1mm) so that they can be perceived as dust grains. However, a capsule can contain hundreds of thousands of seeds, which are dispersed for entire hectares of land. They do not contain nutritive substances, thus, the germinated embryo will survive only if it finds a fungus in the land with which the species can form a symbiosis which will last their whole lives.<br \/>\nThe plants blossom after many years of maturation, while any kind of disturbance of the environment conditions can destroy them. Tightly connected to the environment in which they live, the orchids are among the first plants affected by the habitat deterioration and by the daily anthropogenic pressures. For these reasons, the measures of protection are absolutely necessary and extremely urgent, if we want to maintain the national patrimony.<br \/>\nFlowers can be pollinated several times by the same insect, that the flower imitates in shape, also synthesizing the pheromone with which the insect attracts its mating partner.<br \/>\nFlowers have an axial symmetry, as the human being. The rhizome is also symmetrical, having the shape of 2 globular formations.<br \/>\nThe Cephalanthera rubra orchid, illustrated on the stamp with the face value of RON 0.30, has been described by Carl von Linn\u00e9 in 1817 and then by\u00a0 L. C. M. Richard. Cephalanthera is a flower species with an outstanding delicacy and a suavity, which springs on the woodside among the already dry leaves, in the middle of June and till the end of July. Its spreading is so vast, almost covering the entire country, although the population is reduced to a few dozens of specimens in each of the recently re-confirmed locations.<br \/>\nThe Epipactis palustris orchid is illustrated on the stamp with the face value of RON 1.20. The little puddle by its popular name, has been mentioned by Linn\u00e9 in 1769. However, we owe the full description to Heinrich Johann Nepomuk Edler von Crantz, an Austrian doctor and botanist, of Luxembourgian origin. It grows in muddy areas covered by tall grass and blossoms in July. Although the flower is relatively small in size, it is truly spectacular, on the label having a crystal white indent, as the collar of medieval knights. Recent observations have signaled it in the puddles from the areas of Cluj, Bihor, Bra\u015fov, Cara\u015f-Severin and Harghita counties.<br \/>\nThe Dactylorhiza maculata orchid is illustrated on the stamp with the face value of RON 1.60, being described by Linn\u00e9 in 1753 and then by the Hungarian botanist So\u00f3 Rezs\u00f6, born in Odorheiu Secuiesc. It is a species which is outspread almost on the entire country, especially in the alpine and sub-alpine areas. The variability of the species is so high that you can hardly establish the sub-species or the variety of plants found. Thus, from time to time, scientific disputes arise which have an international resonance.\u00a0 It blooms in June until the beginning of August.<br \/>\nThe Anacamptis pyramidalis orchid illustrated on the stamp with the face value of RON 2.50, has been described for the first time by the Swedish botanist Carl von Linn\u00e9 in 1817, subsequently completed by the Frenchman Louis Claude Marie Richard. It is an orchid with a rich inflorescence, purple, burning like a torch on the mountain pastures, depending on the altitude, in June and July.<br \/>\nThe Limodorum abortivum orchid, is illustrated on the stamp with the face value of RON 2.70, has been described by Linn\u00e9 in 1799 and subsequently by his countryman Olof Peter Swartz. This orchid\u00b4s spectacular features are rarely encountered to an autochthon species: some specimens reach a meter high, with dozens of purple flowers which can reach a 3 cm in diameter.\u00a0 Although it is signaled in the specialty literature in many locations across Romania, the last on-field confirmations refer only to the counties Cara\u015f-Severin, Mehedin\u0163i and Tulcea. The plants spring from the grass like candles, starting from June.<br \/>\nThe Ophrys scolopax orchid is illustrated on the stamp with the face value of RON 6.00, has been described for the first time by the Spanish Botanist Antonio Jose Cavanilles, in 1793. The species is usually found in the Mediterranean and Sub-Mediterranean areas. In our country we can find it in the South-West, especially in the Natural Park \u201cIron Gates\u201d, as a corniculated sub-species, a banatica variety. The\u00a0 spreading status is \u201cvery rare\u201d.The petal of the flowers from the Ophrys species imitates the shape of insects which they attract in order to facilitate the pollination. Each species is \u00b4specialized\u00b4 on its favorite insect, this mimesis reaching the point of secreting the pheromone of the respective insect. The plant blossoms in the second part of May.<br \/>\nOn the \u201cfirst\u00a0 day cover\u201d it is illustrated the Anacamptis morio orchid.<br \/>\nThe species has been described by Linn\u00e9 in 1753 as a Orchis morio. Due to the researches performed by a group of biologists from the Royal British Botanical Garden, made up of R.M. Bateman, Alec Pridgeon and M.W. Chase, in the domain of molecular philologenetics, the name which has lasted for more than 2 centuries, has been changed. Our orchis in the Carpathian Mountains have become a member of the Anacamptis family in 1997. It starts to bloom at the end of May until the month of July, depending on the altitude, on the mountain and sub-mountain fields. It is one of the most widespread orchids in our country. The colour of the flower can vary from white to purple &#8211; deep purple.<br \/>\nFor an efficent promotion of the great philatelic event, World Philatelic Exhibition EFIRO 2008, the 6 postage stamps of the philatelic issue habe been printed in sheets with undetached labels with EFIRO 2008 logo on the right side column (one variant in Romanian and the other one in English). The postage stamps have an unperforated margin, common with the margin of the labels and marqued by 3 perforated spaces.<br \/>\nThe postage stamps issue was performed with the help of Mr. Andrei Lenard, president of the Romanian Orchid Club and was endorsed by Mr. Rik Neirynck (Belgium), member of the \u201e Groupe de Sp\u00e9cialistes en Orchid\u00e9es de l\u2019UICN\/CSE\u201dand of the \u201cEuropean Orchid Committee\u201d and of Mr. Adorian Ardelean, doctor in biology, coordinator of the myNature Project, researcher in the planktonNET Program, financed by the European Commission.<\/p>\n<p>Issue date: 2007-03-23<\/p>\n<p><a href=\"http:\/\/romfilatelia.ro\/wp-content\/uploads\/2007\/03\/orhid_box_rom.jpg\"><img decoding=\"async\" class=\"aligncenter wp-image-2004757 size-full\" src=\"http:\/\/romfilatelia.ro\/wp-content\/uploads\/2007\/03\/orhid_box_rom.jpg\" alt=\"orhid_box_rom\" width=\"600\" height=\"318\" \/><\/a><\/p>\n","protected":false},"excerpt":{"rendered":"<p>Romfilatelia, the specialized company in issuing and trading Romanian postage stamps, introduces into circulation the postage stamps issue Romanian Wild [&hellip;]<\/p>\n","protected":false},"featured_media":2044025,"template":"","meta":{"site-sidebar-layout":"default","site-content-layout":"","ast-site-content-layout":"","site-content-style":"default","site-sidebar-style":"default","ast-global-header-display":"","ast-banner-title-visibility":"","ast-main-header-display":"","ast-hfb-above-header-display":"","ast-hfb-below-header-display":"","ast-hfb-mobile-header-display":"","site-post-title":"","ast-breadcrumbs-content":"","ast-featured-img":"","footer-sml-layout":"","theme-transparent-header-meta":"","adv-header-id-meta":"","stick-header-meta":"","header-above-stick-meta":"","header-main-stick-meta":"","header-below-stick-meta":"","astra-migrate-meta-layouts":"default","ast-page-background-enabled":"default","ast-page-background-meta":{"desktop":{"background-color":"var(--ast-global-color-4)","background-image":"","background-repeat":"repeat","background-position":"center center","background-size":"auto","background-attachment":"scroll","background-type":"","background-media":"","overlay-type":"","overlay-color":"","overlay-opacity":"","overlay-gradient":""},"tablet":{"background-color":"","background-image":"","background-repeat":"repeat","background-position":"center center","background-size":"auto","background-attachment":"scroll","background-type":"","background-media":"","overlay-type":"","overlay-color":"","overlay-opacity":"","overlay-gradient":""},"mobile":{"background-color":"","background-image":"","background-repeat":"repeat","background-position":"center center","background-size":"auto","background-attachment":"scroll","background-type":"","background-media":"","overlay-type":"","overlay-color":"","overlay-opacity":"","overlay-gradient":""}},"ast-content-background-meta":{"desktop":{"background-color":"var(--ast-global-color-5)","background-image":"","background-repeat":"repeat","background-position":"center center","background-size":"auto","background-attachment":"scroll","background-type":"","background-media":"","overlay-type":"","overlay-color":"","overlay-opacity":"","overlay-gradient":""},"tablet":{"background-color":"var(--ast-global-color-5)","background-image":"","background-repeat":"repeat","background-position":"center center","background-size":"auto","background-attachment":"scroll","background-type":"","background-media":"","overlay-type":"","overlay-color":"","overlay-opacity":"","overlay-gradient":""},"mobile":{"background-color":"var(--ast-global-color-5)","background-image":"","background-repeat":"repeat","background-position":"center center","background-size":"auto","background-attachment":"scroll","background-type":"","background-media":"","overlay-type":"","overlay-color":"","overlay-opacity":"","overlay-gradient":""}}},"product_cat":[2536],"product_tag":[],"class_list":{"0":"post-2044024","1":"product","2":"type-product","3":"status-publish","4":"has-post-thumbnail","6":"product_cat-2007-annual-collections","7":"desktop-align-left","8":"tablet-align-left","9":"mobile-align-left","11":"first","12":"instock","13":"shipping-taxable","14":"product-type-grouped"},"_links":{"self":[{"href":"https:\/\/magazin.romfilatelia.ro\/en\/wp-json\/wp\/v2\/product\/2044024"}],"collection":[{"href":"https:\/\/magazin.romfilatelia.ro\/en\/wp-json\/wp\/v2\/product"}],"about":[{"href":"https:\/\/magazin.romfilatelia.ro\/en\/wp-json\/wp\/v2\/types\/product"}],"wp:featuredmedia":[{"embeddable":true,"href":"https:\/\/magazin.romfilatelia.ro\/en\/wp-json\/wp\/v2\/media\/2044025"}],"wp:attachment":[{"href":"https:\/\/magazin.romfilatelia.ro\/en\/wp-json\/wp\/v2\/media?parent=2044024"}],"wp:term":[{"taxonomy":"product_cat","embeddable":true,"href":"https:\/\/magazin.romfilatelia.ro\/en\/wp-json\/wp\/v2\/product_cat?post=2044024"},{"taxonomy":"product_tag","embeddable":true,"href":"https:\/\/magazin.romfilatelia.ro\/en\/wp-json\/wp\/v2\/product_tag?post=2044024"}],"curies":[{"name":"wp","href":"https:\/\/api.w.org\/{rel}","templated":true}]}}