{"id":2044038,"date":"2016-10-17T15:30:44","date_gmt":"2016-10-17T15:30:44","guid":{"rendered":"http:\/\/romfilatelia.ro\/romagazin\/en\/product\/aviation-anniversaries-from-coanda-to-f-16\/"},"modified":"2016-10-17T15:30:44","modified_gmt":"2016-10-17T15:30:44","slug":"aviation-anniversaries-from-coanda-to-f-16","status":"publish","type":"product","link":"https:\/\/magazin.romfilatelia.ro\/en\/product\/aviation-anniversaries-from-coanda-to-f-16\/","title":{"rendered":"AVIATION, ANNIVERSARIES FROM COANDA TO F-16"},"content":{"rendered":"<p><img fetchpriority=\"high\" decoding=\"async\" class=\"size-medium wp-image-2016453 alignleft\" src=\"http:\/\/romfilatelia.ro\/magazin\/wp-content\/uploads\/2016\/10\/Aviatie_F16_emisiune-300x194.jpg\" alt=\"minic1\" width=\"300\" height=\"194\" \/><\/p>\n<p>Rom\u00e2nii sunt un popor m\u00e2ndru de trecutul lor \u00een domeniul aeronauticii. \u00cenc\u0103 de la apari\u0163ia aeroplanelor au existat, printre pionierii lumii, rom\u00e2ni care \u015fi-au adus o important\u0103 contribu\u0163ie la dezvoltarea zborului cu mijloace mai grele dec\u00e2t aerul. <strong>Romfilatelia <\/strong>dedic\u0103 o nou\u0103 emisiune de m\u0103rci po\u015ftale anivers\u0103rilor din acest an, sugestiv intitulat\u0103 <strong><em>Avia\u0163ie, Anivers\u0103ri; De la Coand\u0103 la F-16. <\/em><\/strong><\/p>\n<p>Printre pionieri se afl\u0103 \u015fi <strong>Henri Coand\u0103<\/strong>, p\u0103rintele avionului cu reac\u0163ie \u015fi descoperitor al efectului care \u00eei poart\u0103 numele. De la na\u015fterea lui s-au \u00eemplinit anul acesta, la 7 iunie, <strong>130 de ani<\/strong>.<\/p>\n<p>\u00cen mod firesc, armata rom\u00e2n\u0103 a fost printre primele din lume care a de\u0163inut avioane. Astfel, \u00een anii 1910-1911, avia\u0163ia a fost experimentat\u0103 cu ocazia unor exerci\u0163ii militare de amploare \u015fi, pentru c\u0103 s-a dovedit viabil\u0103, la 1 aprilie 1912, s-a \u00eenfiin\u0163at \u015ecoala militar\u0103 de zbor de la Cotroceni, prima structur\u0103 de acest gen din armata noastr\u0103.<\/p>\n<p>La scurt\u0103 vreme de la intrarea Rom\u00e2niei \u00een Primul R\u0103zboi Mondial, s-a \u00eenfiin\u0163at <strong>prima escadril\u0103 de v\u00e2n\u0103toare rom\u00e2n\u0103<\/strong>, eveniment de la care s-au \u00eemplinit <strong>100 de ani<\/strong> \u00een 2016.<\/p>\n<p>La bordul aparatelor Nieuport XI, aviatorii rom\u00e2ni au participat la numeroase lupte aeriene, demonstr\u00e2ndu-\u015fi valoarea \u00een special \u00een timpul marilor confrunt\u0103ri de la M\u0103r\u0103\u015fti, M\u0103r\u0103\u015fe\u015fti \u015fi Oituz (vara anului 1917).<\/p>\n<p>\u00cen perioada interbelic\u0103, s-a afirmat o nou\u0103 genera\u0163ie de aviatori de elit\u0103, adev\u0103ra\u0163i virtuo\u015fi ai man\u015fei. Capabili s\u0103 ofere momente de neuitat cu ocazia spectacolelor aeriene ale epocii, numele lor a devenit cunoscut pe ambele maluri ale Atlanticului.<\/p>\n<p>\u00cen cel de-al Doilea R\u0103zboi Mondial, v\u00e2n\u0103torii aerieni rom\u00e2ni au \u00eenfruntat cele mai puternice avia\u0163ii ale lumii: sovietic\u0103, nord-american\u0103, englez\u0103 \u015fi german\u0103. De la Prut \u015fi p\u00e2n\u0103 la Volga, \u015fi din Mun\u0163ii Carpa\u0163i p\u00e2n\u0103 \u00een Mun\u0163ii Tatra, zbur\u00e2nd la man\u015fa unor aparate IAR-80 sau Messerschmitt 109, aviatorii no\u015ftri \u015fi-au \u00eendeplinit, cu onoare \u015fi jertf\u0103, misiunile \u00eencredin\u0163ate.<\/p>\n<p>Dup\u0103 cel de-al Doilea R\u0103zboi Mondial, avioanele clasice de v\u00e2n\u0103toare au fost \u00eenlocuite, treptat, de avioane cu reac\u0163ie.<\/p>\n<p>\u00cen urm\u0103 cu <strong>65 de ani<\/strong>, la 26 iunie 1951, pe aerodromul Ianca, maiorul Aurel R\u0103ican a devenit primul rom\u00e2n care a decolat la bordul unui avion reactiv de lupt\u0103. Nici trei luni mai t\u00e2rziu, la 15 septembrie, <strong>avia\u0163ia reactiv\u0103 a intrat \u00een serviciul permanent de lupt\u0103<\/strong>.<\/p>\n<p>Astfel, \u00een 1951-1952 au intrat \u00een \u00eenzestrarea avia\u0163iei militare avioanele subsonice cu reac\u0163ie (Yak-23 \u015fi MiG-15), iar la jum\u0103tatea anilor \u201950 au ap\u0103rut primele avioane cu radiolocator de bord. Iar, \u00een anii 1958-1962, au intrat \u00een \u00eenzestrarea avia\u0163iei militare avioanele supersonice (MiG-19 \u015fi MiG-21).<\/p>\n<p>Ulterior, \u00een ultimul deceniu de comunism, au mai sosit din import aparate de tip MiG-23 \u015fi MiG-29.<\/p>\n<p>Mai trebuie men\u0163ionat \u015fi faptul c\u0103 \u00een \u00eenzestrarea avia\u0163iei militare au intrat \u015fi aeronave produse \u00een \u0163ar\u0103. Printre ele sunt avioanele cu reac\u0163ie IAR-93 \u015fi IAR-99.<\/p>\n<p>IAR-93 este un bimotor reactiv subsonic, creat pentru misiuni de v\u00e2n\u0103toare-bombardament, realizat \u00een cooperare cu fosta Iugoslavia. Prototipul a zburat pentru prima dat\u0103 la 31 octombrie 1974, av\u00e2ndu-l la man\u015f\u0103 pe locotenent-colonelul Gheorghe St\u0103nic\u0103. Acest aparat s-a aflat \u00een \u00eenzestrarea avia\u0163iei militare rom\u00e2ne p\u00e2n\u0103 \u00een 1998.<\/p>\n<p>IAR-99 este un monomotor reactiv subsonic, pentru \u015fcoal\u0103 \u015fi antrenament avansat. A fost realizat integral \u00een Rom\u00e2nia. Prototipul a efectuat primul zbor la data de 21 decembrie 1985, pilot fiind locotenent-colonelul \u015etef\u0103nel Vagner. \u00cen 1996 a fost demarat procesul de modernizare a acestuia pentru a fi compatibil cu avionul MiG-21 \u201eLanceR\u201d.<\/p>\n<p>\u00cen prezent, avia\u0163ia militar\u0103 rom\u00e2n\u0103 intr\u0103 \u00eentr-o etap\u0103 nou\u0103, odat\u0103 cu intrarea \u00een \u00eenzestrare a aparatului F-16. Acesta este un avion supersonic multirol (este proiectat pentru combaterea \u0163intelor aeriene, sprijinirea trupelor terestre \u015fi cercetare aerian\u0103). Echipat cu sisteme foarte avansate de armament, a fost construit \u00een peste 4.500 de exemplare \u015fi se afl\u0103 \u00een serviciul a 26 de state.<\/p>\n<p><a href=\"http:\/\/romfilatelia.ro\/wp-content\/uploads\/2016\/10\/Aviatie_F16_caract.jpg\"><img decoding=\"async\" class=\"aligncenter wp-image-2013621 size-full\" src=\"http:\/\/romfilatelia.ro\/wp-content\/uploads\/2016\/10\/Aviatie_F16_caract.jpg\" sizes=\"(max-width: 900px) 100vw, 900px\" srcset=\"http:\/\/romfilatelia.ro\/wp-content\/uploads\/2016\/10\/Aviatie_F16_caract.jpg 900w, http:\/\/romfilatelia.ro\/wp-content\/uploads\/2016\/10\/Aviatie_F16_caract-300x204.jpg 300w, http:\/\/romfilatelia.ro\/wp-content\/uploads\/2016\/10\/Aviatie_F16_caract-768x521.jpg 768w\" alt=\"aviatie_f16_caract\" width=\"900\" height=\"611\" \/><\/a><\/p>\n","protected":false},"excerpt":{"rendered":"<p>Rom\u00e2nii sunt un popor m\u00e2ndru de trecutul lor \u00een domeniul aeronauticii. \u00cenc\u0103 de la apari\u0163ia aeroplanelor au existat, printre pionierii [&hellip;]<\/p>\n","protected":false},"featured_media":2044039,"template":"","meta":{"site-sidebar-layout":"default","site-content-layout":"","ast-site-content-layout":"","site-content-style":"default","site-sidebar-style":"default","ast-global-header-display":"","ast-banner-title-visibility":"","ast-main-header-display":"","ast-hfb-above-header-display":"","ast-hfb-below-header-display":"","ast-hfb-mobile-header-display":"","site-post-title":"","ast-breadcrumbs-content":"","ast-featured-img":"","footer-sml-layout":"","theme-transparent-header-meta":"","adv-header-id-meta":"","stick-header-meta":"","header-above-stick-meta":"","header-main-stick-meta":"","header-below-stick-meta":"","astra-migrate-meta-layouts":"default","ast-page-background-enabled":"default","ast-page-background-meta":{"desktop":{"background-color":"var(--ast-global-color-4)","background-image":"","background-repeat":"repeat","background-position":"center center","background-size":"auto","background-attachment":"scroll","background-type":"","background-media":"","overlay-type":"","overlay-color":"","overlay-opacity":"","overlay-gradient":""},"tablet":{"background-color":"","background-image":"","background-repeat":"repeat","background-position":"center center","background-size":"auto","background-attachment":"scroll","background-type":"","background-media":"","overlay-type":"","overlay-color":"","overlay-opacity":"","overlay-gradient":""},"mobile":{"background-color":"","background-image":"","background-repeat":"repeat","background-position":"center center","background-size":"auto","background-attachment":"scroll","background-type":"","background-media":"","overlay-type":"","overlay-color":"","overlay-opacity":"","overlay-gradient":""}},"ast-content-background-meta":{"desktop":{"background-color":"var(--ast-global-color-5)","background-image":"","background-repeat":"repeat","background-position":"center center","background-size":"auto","background-attachment":"scroll","background-type":"","background-media":"","overlay-type":"","overlay-color":"","overlay-opacity":"","overlay-gradient":""},"tablet":{"background-color":"var(--ast-global-color-5)","background-image":"","background-repeat":"repeat","background-position":"center center","background-size":"auto","background-attachment":"scroll","background-type":"","background-media":"","overlay-type":"","overlay-color":"","overlay-opacity":"","overlay-gradient":""},"mobile":{"background-color":"var(--ast-global-color-5)","background-image":"","background-repeat":"repeat","background-position":"center center","background-size":"auto","background-attachment":"scroll","background-type":"","background-media":"","overlay-type":"","overlay-color":"","overlay-opacity":"","overlay-gradient":""}}},"product_cat":[2610,2475],"product_tag":[],"class_list":{"0":"post-2044038","1":"product","2":"type-product","3":"status-publish","4":"has-post-thumbnail","6":"product_cat-2016-annual-collections","7":"product_cat-annual-collections","8":"desktop-align-left","9":"tablet-align-left","10":"mobile-align-left","12":"first","13":"outofstock","14":"shipping-taxable","15":"product-type-grouped"},"_links":{"self":[{"href":"https:\/\/magazin.romfilatelia.ro\/en\/wp-json\/wp\/v2\/product\/2044038"}],"collection":[{"href":"https:\/\/magazin.romfilatelia.ro\/en\/wp-json\/wp\/v2\/product"}],"about":[{"href":"https:\/\/magazin.romfilatelia.ro\/en\/wp-json\/wp\/v2\/types\/product"}],"wp:featuredmedia":[{"embeddable":true,"href":"https:\/\/magazin.romfilatelia.ro\/en\/wp-json\/wp\/v2\/media\/2044039"}],"wp:attachment":[{"href":"https:\/\/magazin.romfilatelia.ro\/en\/wp-json\/wp\/v2\/media?parent=2044038"}],"wp:term":[{"taxonomy":"product_cat","embeddable":true,"href":"https:\/\/magazin.romfilatelia.ro\/en\/wp-json\/wp\/v2\/product_cat?post=2044038"},{"taxonomy":"product_tag","embeddable":true,"href":"https:\/\/magazin.romfilatelia.ro\/en\/wp-json\/wp\/v2\/product_tag?post=2044038"}],"curies":[{"name":"wp","href":"https:\/\/api.w.org\/{rel}","templated":true}]}}