{"id":2044082,"date":"2007-11-13T14:08:21","date_gmt":"2007-11-13T14:08:21","guid":{"rendered":"http:\/\/romfilatelia.ro\/romagazin\/en\/product\/support-for-the-blind\/"},"modified":"2021-03-18T13:59:55","modified_gmt":"2021-03-18T13:59:55","slug":"support-for-the-blind","status":"publish","type":"product","link":"https:\/\/magazin.romfilatelia.ro\/en\/product\/support-for-the-blind\/","title":{"rendered":"Support for the blind"},"content":{"rendered":"<p><a href=\"http:\/\/romfilatelia.ro\/wp-content\/uploads\/2007\/11\/orbi_M.jpg\"><img fetchpriority=\"high\" decoding=\"async\" class=\"size-medium wp-image-2004577 alignleft\" src=\"http:\/\/romfilatelia.ro\/wp-content\/uploads\/2007\/11\/orbi_M-210x300.jpg\" alt=\"orbi_M\" width=\"210\" height=\"300\" \/><\/a>Occasioned by the International Day of Blind Children\u00b4s education,<br \/>\nRomfilatelia, the company specialized in editing and trading Romanian postage stamps introduces into circulation the philatelic issue &#8220;Support for the blind&#8221;.<br \/>\nThis day marks Valentin Hany\u0092s birthday, the one who, in 1784, set up in Paris the first school in the world for visually impaired people. Occasioned by the International Day of Blind Children\u00b4s education,<br \/>\nRomfilatelia, the company specialized in editing and trading Romanian postage stamps introduces into circulation the philatelic issue &#8220;Support for the blind&#8221;.<br \/>\nThis day marks Valentin Hany\u00b4s birthday, the one who, in 1784, set up in Paris the first school in the world for visually impaired people.<br \/>\nThe Romanian Association of the Blind is a non-governmental organization, its members being visually impaired people. It takes up the activity held by the &#8220;Blind Society&#8221; set up on August 1, 1906 by Queen Elisabeth of Romania.\u00a0 Presently, the Association of the Blind in Romania counts over 80.000 members with a first degree sight disability &#8211; severe disability (complete blindness or<br \/>\nnon-functional, very weak sight) and second degree disability &#8211; severe disability (ambliopy, partial sight).<br \/>\nThe organizational structure of the association is coordinated by a Central Council having 30 territorial, county, and inter-county subsidiaries, including a maximum of two counties, excepting the one in Bucharest that comprises the capital, the county of Ilfov, Ialomi\u0163a, and C\u0103l\u0103ra\u015fi. The supreme administrative forum is the National Conference for the Association of the Blind in Romania while, at the territorial level &#8211; the conferences of the subsidiaries. The National Conference, summoned every five years, will express their free unconditioned vote to elect the Central Council while the latter, in turn, will choose the Executive Office in the country. The Council is presided over by the President, a vice-president, and four disabled vice-presidents while the Executive Offices of the subsidiaries are also presided over by disabled presidents.<br \/>\nThe Central Council for the Association of the Blind in Romania will support all members of the association with specific services: social security, education &#8211; training, cultural service (spoken book, Braille printing house), press (magazine &#8220;Our Letter&#8221;- monthly and quarterly magazine in Braille in visual writing) and sports related activities.<br \/>\nThe A.B.R is member of the European Union of the visually impaired and of the World Blind Union, of the International Sports Association for Visually Disabled Persons and of the International Relief Chess Association. It has representatives in specialized commissions of the European Union for the Visually Impaired: the Commission on Social and Human Rights, the Commission on Education, the Commission on Access to Culture and Information, the Commission on Rehabilitation, Professional training and employment, as well as the Nominee Committee. The members of the A.B.R. in these organizatorical structures have been elected by the vote of the other national organizations in Europe.<br \/>\nThe postage stamp dedicated to the visually impaired comes as a national stamp issue premiere through printing, in the Braille system, on one of the labels of the stamp sheet, the Latin text Fiat Lux! (Let there be light!).<br \/>\nWe hereby express our gratitude for the Association for the Blind in Romania for their help and contribution to the outcoming of the present philatelic issue.<\/p>\n<p>Issue date: 2007-11-13<\/p>\n<p><a href=\"http:\/\/romfilatelia.ro\/wp-content\/uploads\/2007\/11\/orbi_box_rom.jpg\"><img decoding=\"async\" class=\"aligncenter wp-image-2004578 size-full\" src=\"http:\/\/romfilatelia.ro\/wp-content\/uploads\/2007\/11\/orbi_box_rom.jpg\" alt=\"orbi_box_rom\" width=\"450\" height=\"360\" \/><\/a><\/p>\n","protected":false},"excerpt":{"rendered":"<p>Occasioned by the International Day of Blind Children\u00b4s education, Romfilatelia, the company specialized in editing and trading Romanian postage stamps [&hellip;]<\/p>\n","protected":false},"featured_media":2044083,"template":"","meta":{"site-sidebar-layout":"default","site-content-layout":"","ast-site-content-layout":"","site-content-style":"default","site-sidebar-style":"default","ast-global-header-display":"","ast-banner-title-visibility":"","ast-main-header-display":"","ast-hfb-above-header-display":"","ast-hfb-below-header-display":"","ast-hfb-mobile-header-display":"","site-post-title":"","ast-breadcrumbs-content":"","ast-featured-img":"","footer-sml-layout":"","theme-transparent-header-meta":"","adv-header-id-meta":"","stick-header-meta":"","header-above-stick-meta":"","header-main-stick-meta":"","header-below-stick-meta":"","astra-migrate-meta-layouts":"default","ast-page-background-enabled":"default","ast-page-background-meta":{"desktop":{"background-color":"var(--ast-global-color-4)","background-image":"","background-repeat":"repeat","background-position":"center center","background-size":"auto","background-attachment":"scroll","background-type":"","background-media":"","overlay-type":"","overlay-color":"","overlay-opacity":"","overlay-gradient":""},"tablet":{"background-color":"","background-image":"","background-repeat":"repeat","background-position":"center center","background-size":"auto","background-attachment":"scroll","background-type":"","background-media":"","overlay-type":"","overlay-color":"","overlay-opacity":"","overlay-gradient":""},"mobile":{"background-color":"","background-image":"","background-repeat":"repeat","background-position":"center center","background-size":"auto","background-attachment":"scroll","background-type":"","background-media":"","overlay-type":"","overlay-color":"","overlay-opacity":"","overlay-gradient":""}},"ast-content-background-meta":{"desktop":{"background-color":"var(--ast-global-color-5)","background-image":"","background-repeat":"repeat","background-position":"center center","background-size":"auto","background-attachment":"scroll","background-type":"","background-media":"","overlay-type":"","overlay-color":"","overlay-opacity":"","overlay-gradient":""},"tablet":{"background-color":"var(--ast-global-color-5)","background-image":"","background-repeat":"repeat","background-position":"center center","background-size":"auto","background-attachment":"scroll","background-type":"","background-media":"","overlay-type":"","overlay-color":"","overlay-opacity":"","overlay-gradient":""},"mobile":{"background-color":"var(--ast-global-color-5)","background-image":"","background-repeat":"repeat","background-position":"center center","background-size":"auto","background-attachment":"scroll","background-type":"","background-media":"","overlay-type":"","overlay-color":"","overlay-opacity":"","overlay-gradient":""}}},"product_cat":[2536],"product_tag":[],"class_list":{"0":"post-2044082","1":"product","2":"type-product","3":"status-publish","4":"has-post-thumbnail","6":"product_cat-2007-annual-collections","7":"desktop-align-left","8":"tablet-align-left","9":"mobile-align-left","11":"first","12":"instock","13":"shipping-taxable","14":"product-type-grouped"},"_links":{"self":[{"href":"https:\/\/magazin.romfilatelia.ro\/en\/wp-json\/wp\/v2\/product\/2044082"}],"collection":[{"href":"https:\/\/magazin.romfilatelia.ro\/en\/wp-json\/wp\/v2\/product"}],"about":[{"href":"https:\/\/magazin.romfilatelia.ro\/en\/wp-json\/wp\/v2\/types\/product"}],"wp:featuredmedia":[{"embeddable":true,"href":"https:\/\/magazin.romfilatelia.ro\/en\/wp-json\/wp\/v2\/media\/2044083"}],"wp:attachment":[{"href":"https:\/\/magazin.romfilatelia.ro\/en\/wp-json\/wp\/v2\/media?parent=2044082"}],"wp:term":[{"taxonomy":"product_cat","embeddable":true,"href":"https:\/\/magazin.romfilatelia.ro\/en\/wp-json\/wp\/v2\/product_cat?post=2044082"},{"taxonomy":"product_tag","embeddable":true,"href":"https:\/\/magazin.romfilatelia.ro\/en\/wp-json\/wp\/v2\/product_tag?post=2044082"}],"curies":[{"name":"wp","href":"https:\/\/api.w.org\/{rel}","templated":true}]}}