{"id":2044098,"date":"2006-02-22T16:19:40","date_gmt":"2006-02-22T16:19:40","guid":{"rendered":"http:\/\/romfilatelia.ro\/romagazin\/en\/product\/the-romanian-coin-history\/"},"modified":"2021-03-24T11:45:58","modified_gmt":"2021-03-24T11:45:58","slug":"the-romanian-coin-history","status":"publish","type":"product","link":"https:\/\/magazin.romfilatelia.ro\/en\/product\/the-romanian-coin-history\/","title":{"rendered":"The Romanian Coin History"},"content":{"rendered":"<p><a href=\"http:\/\/romfilatelia.ro\/wp-content\/uploads\/2006\/02\/istoriamonedeiromanesti.jpg\"><img decoding=\"async\" class=\"size-medium wp-image-2004954 alignleft\" src=\"http:\/\/romfilatelia.ro\/wp-content\/uploads\/2006\/02\/istoriamonedeiromanesti-300x142.jpg\" alt=\"istoriamonedeiromanesti\" width=\"300\" height=\"142\" \/><\/a>Romfilatelia introduces into the postal network the postage stamps issue &#8220;The Romanian coin history&#8221;.<\/p>\n<p>The coin is a monetary symbol with established form, weight and title, made of metal (gold, silver, copper, alloys of common metals) and it serves as a means of circulation and payment.<br \/>\nAlongside the flag, emblem, anthem and stamp, the coin is a sovereignty symbol of a state.<br \/>\nOn the Romanian territory, the use and circulation of the coin was chronicled in the 6th century B.C.<br \/>\nIn time, on the current Romanian territory, Greek bronze and silver coins have circulated, chronologically. Then followed the coins from the Geto-Dacian period of Greco-Macedonian type. In the following centuries, mainly Byzantine coins circulated on the Romanian territory. During the Middle Ages, in the Romanian Countries circulated Bulgarian, Venetian, Polish, Occidental, but also Romanian coins starting with the second half of the 14th century.<br \/>\nThe Prince Alexandru Ioan Cuza wished, in the beginning, to call the national coin &amp;#8220;romanat&amp;#8221; or &amp;#8220;roman&amp;#8221;, but finally they decided that &amp;#8220;leul&amp;#8221; (the lion) was more appropriate. The name of the national coin was inspired from the &amp;#8220;taler&amp;#8221; carrying the face of a lion on the back side, called &amp;#8222;lowentaler&amp;#8221; issued in Holland.<br \/>\nThe golden coins that are presented in the current postage stamps issue cover the period of years 1868-1940 and represent a philatelic premi&amp;egrave;re. This is the first time when their image is reproduced on postage stamps.<\/p>\n<p>LEI 20 CHARLES I 1868\u00a0 (21 mm;\u00a0 6.45 g;\u00a0 900&amp;#8240;\u00a0 gold, 100&amp;#8240;\u00a0 Copper).<br \/>\nAround 200 pieces have been coined. The problem of the sovereignty of Romania is proven by the history of this golden coin of Lei 20. In April 1867 a law was enacted, stipulating that the monetary unit of Romania was the Leu and authorizing the minting of some golden coins of Lei 20, 10 and 5, silver coins of Lei 2, 1, *Bani 50, and common metal coins of Lei 10, 5, 2 and\u00a0 *Ban 1. They were going to carry on the front the emblem of the Princedoms and the face value on the back, the Turkish government not agreeing to use the effigy of Prince Charles I, which was considered to be an act of independence of the Princedoms. However, the Government of the Princedoms decided to issue around 200 gold pieces with the effigy of Charles I and with no indication of the submission to the Gate. Moreover, several pieces were sent to the Turkish Government in 1869, arousing the diplomatic protests of the Gate, but also of Austria. Among the approx. 200 coins, 100 were distributed to the Romanian officials, and 100 were buried in the foundation of the Pele\u00ba Palace of Sinaia (see &amp;#8220;Modern Romanian Coins &#8211; 1867-1966&amp;#8221;- by Aurelio R\u00e3u\u00fe\u00e3, published in Salamanca &#8211; Spain, in 1974)<\/p>\n<p>LEI 50 CHARLES I 1906\u00a0 (40 mm; 16.13 g).<br \/>\nFront side: King Charles in uniform and the signature of carver, A. Michaux.<br \/>\nBack side: Prince Charles I on horse, dressed for the war, in the memory of the Independence War of 1877.<br \/>\nThe piece, dedicated to the 40th anniversary of the\u00a0 regency of Charles I, was coined in Brussels and it is a rare piece.<\/p>\n<p>LEI 100 CHARLES I 1906\u00a0 (35 mm; 32.26 g).<br \/>\nFront side: The mature effigy of King Charles I, with the initials of the carver under his neck (A.M).<br \/>\nBack side: The youth effigy of King Charles I, with the name of the carver (A. Michaux) written under his neck.<br \/>\nCoined in Brussels, on the occasion of the 40th anniversary of\u00a0 regency of King Charles I, this coin is very rare.<\/p>\n<p>LEI 50 FERDINAND I 1922\u00a0 (40 mm; 16.13 g).<br \/>\nFront side: The bust of King Ferdinand I, dressed for ceremony.<br \/>\nBack side: The bust of Queen Mary, dressed for ceremony and the date when the two of them were crowned as sovereigns of the United Romania (1922, Alba Iulia).<br \/>\nCommemorative piece dedicated to the crowning of Alba Iulia of 1922.<br \/>\nCoined in Paris and it is very rare.<\/p>\n<p>LEI 100 CHARLES II 1939 (35 mm; 32.50 g).<br \/>\nFront side: The effigy of King Charles II to the right, with the legend of CHARLES II KING OF THE ROMANIANS.<br \/>\nBack side: Archangel with open wings, holding Romania\u00b4s shield.<br \/>\nExtremely rare.<\/p>\n<p>LEI 100 CHARLES II 1940\u00a0 (35 mm; 32.50 g).<br \/>\nFront side: The head of King Charles II.<br \/>\nBack side: Oak crown to which the shields with the emblems of the six provinces of the United Romania are hanged in circle, in the middle of which there is the royal monogram.<br \/>\nJubilee coin celebrating the anniversary of the 10th year of reign of King Charles II (8th of June 1930 &#8211; 8th of June 1940). It is very rare.<\/p>\n<p>The postage stamps issue was made based on the documentary materials and on the images provided through the benevolence of the Numismatic Cabinet within the Romanian Academy Library.<\/p>\n<p>Issue date: 2006-02-22<\/p>\n<p><a href=\"http:\/\/romfilatelia.ro\/wp-content\/uploads\/2016\/02\/detaliiengl.jpg\" rel=\"attachment wp-att-2009621\"><img fetchpriority=\"high\" decoding=\"async\" class=\"aligncenter wp-image-2009621 size-full\" src=\"http:\/\/romfilatelia.ro\/wp-content\/uploads\/2016\/02\/detaliiengl.jpg\" alt=\"detaliiengl\" width=\"600\" height=\"381\" \/><\/a><\/p>\n","protected":false},"excerpt":{"rendered":"<p>Romfilatelia introduces into the postal network the postage stamps issue &#8220;The Romanian coin history&#8221;. The coin is a monetary symbol [&hellip;]<\/p>\n","protected":false},"featured_media":2044099,"template":"","meta":{"site-sidebar-layout":"default","site-content-layout":"","ast-site-content-layout":"","site-content-style":"default","site-sidebar-style":"default","ast-global-header-display":"","ast-banner-title-visibility":"","ast-main-header-display":"","ast-hfb-above-header-display":"","ast-hfb-below-header-display":"","ast-hfb-mobile-header-display":"","site-post-title":"","ast-breadcrumbs-content":"","ast-featured-img":"","footer-sml-layout":"","theme-transparent-header-meta":"","adv-header-id-meta":"","stick-header-meta":"","header-above-stick-meta":"","header-main-stick-meta":"","header-below-stick-meta":"","astra-migrate-meta-layouts":"default","ast-page-background-enabled":"default","ast-page-background-meta":{"desktop":{"background-color":"var(--ast-global-color-4)","background-image":"","background-repeat":"repeat","background-position":"center center","background-size":"auto","background-attachment":"scroll","background-type":"","background-media":"","overlay-type":"","overlay-color":"","overlay-opacity":"","overlay-gradient":""},"tablet":{"background-color":"","background-image":"","background-repeat":"repeat","background-position":"center center","background-size":"auto","background-attachment":"scroll","background-type":"","background-media":"","overlay-type":"","overlay-color":"","overlay-opacity":"","overlay-gradient":""},"mobile":{"background-color":"","background-image":"","background-repeat":"repeat","background-position":"center center","background-size":"auto","background-attachment":"scroll","background-type":"","background-media":"","overlay-type":"","overlay-color":"","overlay-opacity":"","overlay-gradient":""}},"ast-content-background-meta":{"desktop":{"background-color":"var(--ast-global-color-5)","background-image":"","background-repeat":"repeat","background-position":"center center","background-size":"auto","background-attachment":"scroll","background-type":"","background-media":"","overlay-type":"","overlay-color":"","overlay-opacity":"","overlay-gradient":""},"tablet":{"background-color":"var(--ast-global-color-5)","background-image":"","background-repeat":"repeat","background-position":"center center","background-size":"auto","background-attachment":"scroll","background-type":"","background-media":"","overlay-type":"","overlay-color":"","overlay-opacity":"","overlay-gradient":""},"mobile":{"background-color":"var(--ast-global-color-5)","background-image":"","background-repeat":"repeat","background-position":"center center","background-size":"auto","background-attachment":"scroll","background-type":"","background-media":"","overlay-type":"","overlay-color":"","overlay-opacity":"","overlay-gradient":""}}},"product_cat":[2538],"product_tag":[],"class_list":{"0":"post-2044098","1":"product","2":"type-product","3":"status-publish","4":"has-post-thumbnail","6":"product_cat-2006-annual-collections","7":"desktop-align-left","8":"tablet-align-left","9":"mobile-align-left","11":"first","12":"instock","13":"shipping-taxable","14":"product-type-grouped"},"_links":{"self":[{"href":"https:\/\/magazin.romfilatelia.ro\/en\/wp-json\/wp\/v2\/product\/2044098"}],"collection":[{"href":"https:\/\/magazin.romfilatelia.ro\/en\/wp-json\/wp\/v2\/product"}],"about":[{"href":"https:\/\/magazin.romfilatelia.ro\/en\/wp-json\/wp\/v2\/types\/product"}],"wp:featuredmedia":[{"embeddable":true,"href":"https:\/\/magazin.romfilatelia.ro\/en\/wp-json\/wp\/v2\/media\/2044099"}],"wp:attachment":[{"href":"https:\/\/magazin.romfilatelia.ro\/en\/wp-json\/wp\/v2\/media?parent=2044098"}],"wp:term":[{"taxonomy":"product_cat","embeddable":true,"href":"https:\/\/magazin.romfilatelia.ro\/en\/wp-json\/wp\/v2\/product_cat?post=2044098"},{"taxonomy":"product_tag","embeddable":true,"href":"https:\/\/magazin.romfilatelia.ro\/en\/wp-json\/wp\/v2\/product_tag?post=2044098"}],"curies":[{"name":"wp","href":"https:\/\/api.w.org\/{rel}","templated":true}]}}