{"id":2044102,"date":"2006-03-15T16:25:46","date_gmt":"2006-03-15T16:25:46","guid":{"rendered":"http:\/\/romfilatelia.ro\/romagazin\/en\/product\/holy-easter-2006\/"},"modified":"2021-03-24T11:15:32","modified_gmt":"2021-03-24T11:15:32","slug":"holy-easter-2006","status":"publish","type":"product","link":"https:\/\/magazin.romfilatelia.ro\/en\/product\/holy-easter-2006\/","title":{"rendered":"Holy Easter 2006"},"content":{"rendered":"<p><a href=\"http:\/\/romfilatelia.ro\/wp-content\/uploads\/2006\/03\/blocpasti.jpg\"><img fetchpriority=\"high\" decoding=\"async\" class=\"size-medium wp-image-2004957 alignleft\" src=\"http:\/\/romfilatelia.ro\/wp-content\/uploads\/2006\/03\/blocpasti-300x300.jpg\" alt=\"blocpasti\" width=\"300\" height=\"300\" \/><\/a>On the occasion of the Easter Holidays, Romfilatelia, the specialized company in editing and trading Romanian postage stamps, introduces into the postal network the postage stamps issue HOLY EASTER.<br \/>\nThis year, the Day of the Saint Great Martyr George, the Victory Carrier, is celebrated on the same day as the Holy Easter.<br \/>\nThe Easter is the celebration of the Resurrection of Jesus Christ, the founder of the Christian religion, born in Bethlehem by Virgin Mary. Baptized by John and introduced as Messiah, Christ chose 12 apprentices and, for three years, he preached his precepts in Galilee and Judea. Then he returned to Jerusalem and, after Judas&amp;#8217;s treason, he is judged and condemned to death for the &amp;#8220;blasphemy&amp;#8221; of calling himself the Son of God. He was crucified on Golgotha, between two rogues, after carrying his own cross on his back. Brought down from the cross and then buried, Jesus Christ rose from the dead after three days and ascended to the sky after 40 days.<br \/>\nOne of the most significant Easter symbols are the red eggs, whose color symbolize the blood of Jesus that trickled down on the cross to redeem the humanity. They say that when Christ was crucified, Virgin Mary had placed a basket with eggs under his cross in order to soften the hearts of the soldiers who guarded him, and these eggs became red because of the Saviour&amp;#8217;s blood.<br \/>\nAccording to the tradition, in the Christian families they eat lamb meat during the Easter days. The lamb symbolizes Jesus Christ himself, who had sacrificed himself for the world&amp;#8217;s sins and died on the cross like an innocent lamb.<br \/>\nThe wonderful icons on glass shown on the postage stamps of this issue originate from \u00deara B\u00e2rsei, F\u00e3g\u00e3ra\u00ba and Sibiu, and they are designed by icon painters during the 19th century, being part of the centenary collection of the Romanian Peasant Museum.<br \/>\nMay the Holy Easter Days bring you clearer thoughts, light in your soul and hope for a better future!<br \/>\nChrist was resurrected!<br \/>\nRomfilatelia Team<\/p>\n<p>Issue date: 2006-03-15<\/p>\n<p><a href=\"http:\/\/romfilatelia.ro\/wp-content\/uploads\/2016\/02\/pasti.jpg\" rel=\"attachment wp-att-2009627\"><img decoding=\"async\" class=\"aligncenter wp-image-2009627 size-full\" src=\"http:\/\/romfilatelia.ro\/wp-content\/uploads\/2016\/02\/pasti.jpg\" alt=\"pasti\" width=\"450\" height=\"467\" \/><\/a><\/p>\n","protected":false},"excerpt":{"rendered":"<p>On the occasion of the Easter Holidays, Romfilatelia, the specialized company in editing and trading Romanian postage stamps, introduces into [&hellip;]<\/p>\n","protected":false},"featured_media":2044103,"template":"","meta":{"site-sidebar-layout":"default","site-content-layout":"","ast-site-content-layout":"","site-content-style":"default","site-sidebar-style":"default","ast-global-header-display":"","ast-banner-title-visibility":"","ast-main-header-display":"","ast-hfb-above-header-display":"","ast-hfb-below-header-display":"","ast-hfb-mobile-header-display":"","site-post-title":"","ast-breadcrumbs-content":"","ast-featured-img":"","footer-sml-layout":"","theme-transparent-header-meta":"","adv-header-id-meta":"","stick-header-meta":"","header-above-stick-meta":"","header-main-stick-meta":"","header-below-stick-meta":"","astra-migrate-meta-layouts":"default","ast-page-background-enabled":"default","ast-page-background-meta":{"desktop":{"background-color":"var(--ast-global-color-4)","background-image":"","background-repeat":"repeat","background-position":"center center","background-size":"auto","background-attachment":"scroll","background-type":"","background-media":"","overlay-type":"","overlay-color":"","overlay-opacity":"","overlay-gradient":""},"tablet":{"background-color":"","background-image":"","background-repeat":"repeat","background-position":"center center","background-size":"auto","background-attachment":"scroll","background-type":"","background-media":"","overlay-type":"","overlay-color":"","overlay-opacity":"","overlay-gradient":""},"mobile":{"background-color":"","background-image":"","background-repeat":"repeat","background-position":"center center","background-size":"auto","background-attachment":"scroll","background-type":"","background-media":"","overlay-type":"","overlay-color":"","overlay-opacity":"","overlay-gradient":""}},"ast-content-background-meta":{"desktop":{"background-color":"var(--ast-global-color-5)","background-image":"","background-repeat":"repeat","background-position":"center center","background-size":"auto","background-attachment":"scroll","background-type":"","background-media":"","overlay-type":"","overlay-color":"","overlay-opacity":"","overlay-gradient":""},"tablet":{"background-color":"var(--ast-global-color-5)","background-image":"","background-repeat":"repeat","background-position":"center center","background-size":"auto","background-attachment":"scroll","background-type":"","background-media":"","overlay-type":"","overlay-color":"","overlay-opacity":"","overlay-gradient":""},"mobile":{"background-color":"var(--ast-global-color-5)","background-image":"","background-repeat":"repeat","background-position":"center center","background-size":"auto","background-attachment":"scroll","background-type":"","background-media":"","overlay-type":"","overlay-color":"","overlay-opacity":"","overlay-gradient":""}}},"product_cat":[2538],"product_tag":[],"class_list":{"0":"post-2044102","1":"product","2":"type-product","3":"status-publish","4":"has-post-thumbnail","6":"product_cat-2006-annual-collections","7":"desktop-align-left","8":"tablet-align-left","9":"mobile-align-left","11":"first","12":"instock","13":"shipping-taxable","14":"product-type-grouped"},"_links":{"self":[{"href":"https:\/\/magazin.romfilatelia.ro\/en\/wp-json\/wp\/v2\/product\/2044102"}],"collection":[{"href":"https:\/\/magazin.romfilatelia.ro\/en\/wp-json\/wp\/v2\/product"}],"about":[{"href":"https:\/\/magazin.romfilatelia.ro\/en\/wp-json\/wp\/v2\/types\/product"}],"wp:featuredmedia":[{"embeddable":true,"href":"https:\/\/magazin.romfilatelia.ro\/en\/wp-json\/wp\/v2\/media\/2044103"}],"wp:attachment":[{"href":"https:\/\/magazin.romfilatelia.ro\/en\/wp-json\/wp\/v2\/media?parent=2044102"}],"wp:term":[{"taxonomy":"product_cat","embeddable":true,"href":"https:\/\/magazin.romfilatelia.ro\/en\/wp-json\/wp\/v2\/product_cat?post=2044102"},{"taxonomy":"product_tag","embeddable":true,"href":"https:\/\/magazin.romfilatelia.ro\/en\/wp-json\/wp\/v2\/product_tag?post=2044102"}],"curies":[{"name":"wp","href":"https:\/\/api.w.org\/{rel}","templated":true}]}}