{"id":2044112,"date":"2006-03-20T16:52:40","date_gmt":"2006-03-20T16:52:40","guid":{"rendered":"http:\/\/romfilatelia.ro\/romagazin\/en\/product\/centenaire-leopold-sedar-senghor-1906-2006\/"},"modified":"2021-03-24T11:04:26","modified_gmt":"2021-03-24T11:04:26","slug":"centenaire-leopold-sedar-senghor-1906-2006","status":"publish","type":"product","link":"https:\/\/magazin.romfilatelia.ro\/en\/product\/centenaire-leopold-sedar-senghor-1906-2006\/","title":{"rendered":"Centenaire L\u00e9opold S\u00e9dar Senghor (1906 &#8211; 2006)"},"content":{"rendered":"<p><a href=\"http:\/\/romfilatelia.ro\/wp-content\/uploads\/2006\/03\/blocde4sengor42x27mm.jpg\"><img fetchpriority=\"high\" decoding=\"async\" class=\"size-medium wp-image-2004963 alignleft\" src=\"http:\/\/romfilatelia.ro\/wp-content\/uploads\/2006\/03\/blocde4sengor42x27mm-268x300.jpg\" alt=\"blocde4sengor42x27mm\" width=\"268\" height=\"300\" \/><\/a> La Francophonie n\u00b4est pas un projet termin\u00e9, mais un combat culturel permanent. Une culture est avant tout une volont\u00e9&#8230; la culture ne s\u00b4h\u00e9rite pas, elle se conquiert. Ce qui doit nous unir, c\u00b4est l\u00b4objet de cette conqu&amp;ecirc;te. &amp;raquo; (Andr\u00e9 Malraux)&amp;laquo; La Francophonie n\u00b4est pas un projet termin\u00e9, mais un combat culturel permanent. Une culture est avant tout une volont\u00e9&#8230; la culture ne s\u00b4h\u00e9rite pas, elle se conquiert. Ce qui doit nous unir, c\u00b4est l\u00b4objet de cette conqu&amp;ecirc;te. &amp;raquo; (Andr\u00e9 Malraux)<\/p>\n<p>Chaque ann\u00e9e, au 20e mars, on f&amp;ecirc;te le Jour International de la Francophonie.<br \/>\n&amp;Agrave; cette occasion, Romfilatelia, la soci\u00e9t\u00e9 sp\u00e9cialis\u00e9e dans l\u00b4\u00e9dition et la commercialisation des timbres-poste roumains, introduit au circuit postal l\u00b4\u00e9mission de timbres-poste intitul\u00e9e Centenaire L\u00e9opold S\u00e9dar Senghor.<br \/>\nLa Francophonie est l\u00b4ensemble politique et culturel des peuples qui utilisent usuellement la langue fran\u00e7aise.<br \/>\nLe terme de &amp;laquo;\u00a0 francophonie &amp;raquo; est apparu en 1880, quand le g\u00e9ographe Onesisme Reclus a d\u00e9fini ainsi la totalit\u00e9 des pays qui ont en commun l\u00b4usage de la langue fran\u00e7aise en tant que langue nationale officielle, de communication internationale, de culture ou de travail.<br \/>\nLe 20e mars est le jour quand, en 1970, a \u00e9t\u00e9 fond\u00e9e l\u00b4Agence de Coop\u00e9ration Culturelle et Technique (ACCT) sise \u00e1 Paris.<br \/>\nL\u00b4initiative de la cr\u00e9ation de cette organisation a appartenu &amp;agrave; des personnalit\u00e9s comme L\u00e9opold S\u00e9dar Senghor (S\u00e9n\u00e9gal), Habib Bourguiba (Tunisie), Hamani Diori (Niger), Norodom Sianuk (Vietnam).<br \/>\nCette ann\u00e9e, la Roumanie est la h\u00f4te de la 11e r\u00e9union &amp;agrave; haut niveau (Sommet) de l\u00b4Organisation Internationale de la Francophonie (OIF).<br \/>\nAfin de marquer les 100 ans qui sont pass\u00e9s depuis la naissance de L\u00e9opold S\u00e9dar Senghor, co-fondateur du mouvement francophone, dans tout le monde francophone il y aura des manifestations qui rendent hommage &amp;agrave; cette personnalit\u00e9 politique et<br \/>\nculturelle pendant toute l\u00b4ann\u00e9e 2006, sous le g\u00e9n\u00e9rique &amp;laquo; l\u00b4Ann\u00e9e Senghor &amp;raquo;.<br \/>\nL\u00e9opold S\u00e9dar Senghor, le premier pr\u00e9sident du S\u00e9n\u00e9gal, entre 1960 -1980, a marqu\u00e9 l\u00b4histoire du 20e si&amp;egrave;cle en tant que parent de l\u00b4id\u00e9e de &amp;laquo; n\u00e9gritude &amp;raquo; et que d\u00e9fenseur du &amp;laquo; m\u00e9tissage culturel &amp;raquo;. En 1970, il a nomm\u00e9 Abdou Diouf comme premier ministre, qui est actuellement le secr\u00e9taire g\u00e9n\u00e9ral de l\u00b4OIF, qui lui a succ\u00e9d\u00e9 en tant que pr\u00e9sident du S\u00e9n\u00e9gal, en 1981.<br \/>\nPo&amp;egrave;te et essayiste, Senghor a re\u00e7u beaucoup des prix et distinctions pour son activit\u00e9 artistique. Parmi ses &amp;#339;uvres, nous pouvons rappeler de la lyrique musicale, intellectualiste et philosophique (&amp;quot;Ethiopiques&amp;quot;, &amp;quot;Nocturnes&amp;quot;, &amp;quot;\u00c9l\u00e9gies majeures&amp;quot;), des essais (&amp;quot;Le langage et la po\u00e9sie n\u00e9gro-africaine&amp;quot;, &amp;quot;L\u00b4esth\u00e9tique n\u00e9gro-africaine&amp;quot;).<br \/>\nIl a \u00e9t\u00e9 membre de beaucoup des acad\u00e9mies, universit\u00e9s et organisations, et en 1983 il est devenu membre de l\u00b4Acad\u00e9mie Fran\u00e7aise.<br \/>\nPendant plus d\u00b4un demi-si&amp;egrave;cle, la vie, l\u00b4&amp;#339;uvre artistique et l\u00b4activit\u00e9 politique de Senghor ont eu le m&amp;ecirc;me d\u00e9nominateur: la Francophonie qui, pour l\u00b4ancien pr\u00e9sident du S\u00e9n\u00e9gal, a \u00e9t\u00e9 et est encore &amp;laquo; cet humanisme int\u00e9gral, qui se tisse autour de la terre: cette symbiose des &amp;quot;\u00e9nergies dormantes&amp;quot; de tous les continents, de toutes les races, qui se r\u00e9veillent &amp;agrave; leur chaleur compl\u00e9mentaire &amp;raquo;. (L\u00e9opold S\u00e9dar Senghor &#8211; Revue Esprit, novembre 1962).<\/p>\n<p>Issue date: 2006-03-20<\/p>\n<p><a href=\"http:\/\/romfilatelia.ro\/wp-content\/uploads\/2006\/03\/Page1rom.jpg\"><img decoding=\"async\" class=\"aligncenter wp-image-2004964 size-full\" src=\"http:\/\/romfilatelia.ro\/wp-content\/uploads\/2006\/03\/Page1rom.jpg\" alt=\"Page1rom\" width=\"391\" height=\"310\" \/><\/a><\/p>\n","protected":false},"excerpt":{"rendered":"<p>La Francophonie n\u00b4est pas un projet termin\u00e9, mais un combat culturel permanent. Une culture est avant tout une volont\u00e9&#8230; la [&hellip;]<\/p>\n","protected":false},"featured_media":2044113,"template":"","meta":{"site-sidebar-layout":"default","site-content-layout":"","ast-site-content-layout":"","site-content-style":"default","site-sidebar-style":"default","ast-global-header-display":"","ast-banner-title-visibility":"","ast-main-header-display":"","ast-hfb-above-header-display":"","ast-hfb-below-header-display":"","ast-hfb-mobile-header-display":"","site-post-title":"","ast-breadcrumbs-content":"","ast-featured-img":"","footer-sml-layout":"","theme-transparent-header-meta":"","adv-header-id-meta":"","stick-header-meta":"","header-above-stick-meta":"","header-main-stick-meta":"","header-below-stick-meta":"","astra-migrate-meta-layouts":"default","ast-page-background-enabled":"default","ast-page-background-meta":{"desktop":{"background-color":"var(--ast-global-color-4)","background-image":"","background-repeat":"repeat","background-position":"center center","background-size":"auto","background-attachment":"scroll","background-type":"","background-media":"","overlay-type":"","overlay-color":"","overlay-opacity":"","overlay-gradient":""},"tablet":{"background-color":"","background-image":"","background-repeat":"repeat","background-position":"center center","background-size":"auto","background-attachment":"scroll","background-type":"","background-media":"","overlay-type":"","overlay-color":"","overlay-opacity":"","overlay-gradient":""},"mobile":{"background-color":"","background-image":"","background-repeat":"repeat","background-position":"center center","background-size":"auto","background-attachment":"scroll","background-type":"","background-media":"","overlay-type":"","overlay-color":"","overlay-opacity":"","overlay-gradient":""}},"ast-content-background-meta":{"desktop":{"background-color":"var(--ast-global-color-5)","background-image":"","background-repeat":"repeat","background-position":"center center","background-size":"auto","background-attachment":"scroll","background-type":"","background-media":"","overlay-type":"","overlay-color":"","overlay-opacity":"","overlay-gradient":""},"tablet":{"background-color":"var(--ast-global-color-5)","background-image":"","background-repeat":"repeat","background-position":"center center","background-size":"auto","background-attachment":"scroll","background-type":"","background-media":"","overlay-type":"","overlay-color":"","overlay-opacity":"","overlay-gradient":""},"mobile":{"background-color":"var(--ast-global-color-5)","background-image":"","background-repeat":"repeat","background-position":"center center","background-size":"auto","background-attachment":"scroll","background-type":"","background-media":"","overlay-type":"","overlay-color":"","overlay-opacity":"","overlay-gradient":""}}},"product_cat":[2538],"product_tag":[],"class_list":{"0":"post-2044112","1":"product","2":"type-product","3":"status-publish","4":"has-post-thumbnail","6":"product_cat-2006-annual-collections","7":"desktop-align-left","8":"tablet-align-left","9":"mobile-align-left","11":"first","12":"instock","13":"shipping-taxable","14":"product-type-grouped"},"_links":{"self":[{"href":"https:\/\/magazin.romfilatelia.ro\/en\/wp-json\/wp\/v2\/product\/2044112"}],"collection":[{"href":"https:\/\/magazin.romfilatelia.ro\/en\/wp-json\/wp\/v2\/product"}],"about":[{"href":"https:\/\/magazin.romfilatelia.ro\/en\/wp-json\/wp\/v2\/types\/product"}],"wp:featuredmedia":[{"embeddable":true,"href":"https:\/\/magazin.romfilatelia.ro\/en\/wp-json\/wp\/v2\/media\/2044113"}],"wp:attachment":[{"href":"https:\/\/magazin.romfilatelia.ro\/en\/wp-json\/wp\/v2\/media?parent=2044112"}],"wp:term":[{"taxonomy":"product_cat","embeddable":true,"href":"https:\/\/magazin.romfilatelia.ro\/en\/wp-json\/wp\/v2\/product_cat?post=2044112"},{"taxonomy":"product_tag","embeddable":true,"href":"https:\/\/magazin.romfilatelia.ro\/en\/wp-json\/wp\/v2\/product_tag?post=2044112"}],"curies":[{"name":"wp","href":"https:\/\/api.w.org\/{rel}","templated":true}]}}