{"id":2044128,"date":"2006-05-19T15:36:47","date_gmt":"2006-05-19T15:36:47","guid":{"rendered":"http:\/\/romfilatelia.ro\/romagazin\/en\/product\/25-years-since-the-first-flight-in-cosmos-of-a-romanian\/"},"modified":"2021-03-24T10:38:00","modified_gmt":"2021-03-24T10:38:00","slug":"25-years-since-the-first-flight-in-cosmos-of-a-romanian","status":"publish","type":"product","link":"https:\/\/magazin.romfilatelia.ro\/en\/product\/25-years-since-the-first-flight-in-cosmos-of-a-romanian\/","title":{"rendered":"25 years since the first flight in Cosmos of a Romanian"},"content":{"rendered":"<p><a href=\"http:\/\/romfilatelia.ro\/wp-content\/uploads\/2015\/10\/supratiparprunariu.jpg\"><img fetchpriority=\"high\" decoding=\"async\" class=\"size-medium wp-image-2004998 alignleft\" src=\"http:\/\/romfilatelia.ro\/wp-content\/uploads\/2015\/10\/supratiparprunariu-170x300.jpg\" alt=\"supratiparprunariu\" width=\"170\" height=\"300\" \/><\/a><\/p>\n<div id=\"gt-res-content\" class=\"almost_half_cell\">\n<div dir=\"ltr\"><span id=\"result_box\" class=\"\" lang=\"en\"><span title=\"Cu ocazia \u00eemplinirii a unui sfert de veac de la zborul \u00een spa\u021biu al primului cosmonaut rom\u00e2n, Dumitru-Dorin Prunariu, Romfilatelia pune \u00een circula\u0163ie emisiunea de timbre \u201e25 ANI DE LA PRIMUL ZBOR \u00ceN COSMOS AL UNUI ROM\u00c2N\u201c supratipar al coli\u0163ei dantelate a emisiunii \u201e\">Celebrating a quarter century of the space flight of the first Romanian cosmonaut Dumitru-Dorin Prunariu, Romfilatelia uttering the issue of postage stamps &#8220;25 ANNIVERSARY OF THE FIRST FLIGHT IN THE COSMOS OF A ROMANIAN&#8221; overprint of souvenir sheet laced the show &#8221; <\/span><span title=\"Expozi\u0163ia Mondial\u00e3 de Filatelie ESPAMER 1996 \u2013 Avia\u0163ie \u015fi Cosmonautic\u00e3\u201c, emis\u00e3 \u00een 1996 cu ocazia anivers\u00e3rii a 15 ani de la eveniment, pe al c\u00e3rui timbru este ilustrat\u00e3 figura cosmonautului rom\u00e2n. \">ESPAMER 1996 World Philatelic exhibition &#8211; Aviation and Cosmonautics &#8220;, issued in 1996 on the occasion of the 15th anniversary of the event, whose stamp is illustrated on Figure Romanian cosmonaut.<br \/>\n<\/span><span title=\"Dumitru-Dorin Prunariu s-a n\u00e3scut la 27 septembrie 1952 \u00een Bra\u015fov \u015fi este primul cosmonaut rom\u00e2n care a zburat \u00een spa\u0163iu.\">Dumitru-Dorin Prunariu was born on September 27, 1952 in Brasov and is the first Romanian cosmonaut who flew in space. <\/span><span title=\"A absolvit liceul de matematic\u00e3-fizic\u00e3 din Bra\u015fov \u00een 1971 \u015fi Universitatea Politehnic\u00e3 din Bucure\u015fti \u00een 1976 cu specializarea inginerie aeronautic\u00e3.\">He graduated from high school Mathematics and Physics in 1971 in Brasov and Bucharest Polytechnic University in 1976 with a major in aeronautical engineering. <\/span><span title=\"Apoi a lucrat pentru scurt timp la IAR Bra\u015fov, iar \u00een 1977 devine pilot \u00een avia\u0163ia militar\u00e3. \">He then worked briefly at IAR Brasov, and in 1977 became military aviation pilot.<br \/>\n<\/span><span title=\"\u00cen 1978 a fost ales pentru programul \u201eIntercosmos\u201c de preg\u00e3tire pentru zboruri spa\u0163iale.\">In 1978 he was selected for the program &#8220;Intercosmos&#8221; training for spaceflight. <\/span><span title=\"\u00centre 14 \u015fi 22 mai 1981, Prunariu a devenit primul rom\u00e2n care a zburat \u00een spa\u0163iu, la bordul navei cosmice \u201eSoiuz 40\u201c.\">Between 14 and 22 May 1981 Prunariu became the first Romanian who flew in space aboard the spacecraft &#8220;Soyuz 40&#8221;. <\/span><span title=\"A petrecut aproape opt zile pe Complexul Orbital \u201eSaliut 6\u201c \u00eempreun\u00e3 cu cosmonautul rus Leonid Ivanovici Popov, realiz\u00e2nd experimente \u015ftiin\u0163ifice \u00eentre care un studiu al c\u00e2mpului magnetic al P\u00e3m\u00e2ntului. \">He spent nearly eight days Orbital Complex &#8220;Saliut 6&#8221; together with Russian cosmonaut Leonid Ivanovich Popov, performing scientific experiments including a study of the Earth&#8217;s magnetic field.<br \/>\n<\/span><span title=\"Au fost supratip\u00e3rite pe coli\u0163a dantelat\u00e3 cu folio aur \u015fi respectiv folio argint valoarea nominal\u00e3 de 2,10 Lei, iar pe man\u015feta coli\u0163ei titlul emisiunii, luna \u015fi anul. \">They were overprinted on the souvenir sheet laced with gold foiling and silver respectively folio nominal value of RON 2.10, and sleeve souvenir sheet show title, month and year.<br \/>\n<\/span><span title=\"Cu ocazia punerii \u00een circula\u0163ie a acestei emisiuni aniversare Editura Romfilatelia lanseaz\u00e3 cartea \u201eSALYUT 6 ORBITAL COMPLEX, ASTROPHILATELIC CATALOG\u201c autor Dan N. Dobrescu. \">On the occasion of circulation of this show Romfilatelia anniversary Publishing launches book &#8220;SALYUT 6 ORBITAL COMPLEX, ASTROPHILATELIC CATALOGUE&#8221; author Dan N. Dobrescu.<br \/>\n<\/span><span title=\"Volumul este realizat \u00eentr-un tiraj limitat de 500 de exemplare ce au montate \u00een interior dou\u00e3 coli\u0163e ale emisiunii supratip\u00e3rite \u015fi numerotate astfel: negru de la 001-500 (folio argint) \u015fi ro\u015fu de la 001-500 (folio aur).\">The volume is done in a limited edition of 500 copies that were mounted inside two booklets and numbered so the show overprints: black from 001-500 (folio silver) and red at 001-500 (folio gold). <\/span><span title=\"\u00cen plus fiecare volum are incluse \u015fi dou\u00e3 c\u00e3r\u0163i po\u015ftale maxime, numerotate \u00een acela\u015fi aranjament: negru de la 001-500 (timbrele aplicate cu supratipar argint) \u015fi ro\u015fu de la 001-500 (timbrele aplicate cu supratipar aur).\">In addition each volume has included two maximum cards, numbered in the same arrangement: black from 001-500 (overprint stamps applied silver) and red at 001-500 (gold overprint stamps applied).<\/span><\/span><\/div>\n<\/div>\n<p>Issue date: 2006-05-19<\/p>\n","protected":false},"excerpt":{"rendered":"<p>Celebrating a quarter century of the space flight of the first Romanian cosmonaut Dumitru-Dorin Prunariu, Romfilatelia uttering the issue of [&hellip;]<\/p>\n","protected":false},"featured_media":2044129,"template":"","meta":{"site-sidebar-layout":"default","site-content-layout":"","ast-site-content-layout":"","site-content-style":"default","site-sidebar-style":"default","ast-global-header-display":"","ast-banner-title-visibility":"","ast-main-header-display":"","ast-hfb-above-header-display":"","ast-hfb-below-header-display":"","ast-hfb-mobile-header-display":"","site-post-title":"","ast-breadcrumbs-content":"","ast-featured-img":"","footer-sml-layout":"","theme-transparent-header-meta":"","adv-header-id-meta":"","stick-header-meta":"","header-above-stick-meta":"","header-main-stick-meta":"","header-below-stick-meta":"","astra-migrate-meta-layouts":"default","ast-page-background-enabled":"default","ast-page-background-meta":{"desktop":{"background-color":"var(--ast-global-color-4)","background-image":"","background-repeat":"repeat","background-position":"center center","background-size":"auto","background-attachment":"scroll","background-type":"","background-media":"","overlay-type":"","overlay-color":"","overlay-opacity":"","overlay-gradient":""},"tablet":{"background-color":"","background-image":"","background-repeat":"repeat","background-position":"center center","background-size":"auto","background-attachment":"scroll","background-type":"","background-media":"","overlay-type":"","overlay-color":"","overlay-opacity":"","overlay-gradient":""},"mobile":{"background-color":"","background-image":"","background-repeat":"repeat","background-position":"center center","background-size":"auto","background-attachment":"scroll","background-type":"","background-media":"","overlay-type":"","overlay-color":"","overlay-opacity":"","overlay-gradient":""}},"ast-content-background-meta":{"desktop":{"background-color":"var(--ast-global-color-5)","background-image":"","background-repeat":"repeat","background-position":"center center","background-size":"auto","background-attachment":"scroll","background-type":"","background-media":"","overlay-type":"","overlay-color":"","overlay-opacity":"","overlay-gradient":""},"tablet":{"background-color":"var(--ast-global-color-5)","background-image":"","background-repeat":"repeat","background-position":"center center","background-size":"auto","background-attachment":"scroll","background-type":"","background-media":"","overlay-type":"","overlay-color":"","overlay-opacity":"","overlay-gradient":""},"mobile":{"background-color":"var(--ast-global-color-5)","background-image":"","background-repeat":"repeat","background-position":"center center","background-size":"auto","background-attachment":"scroll","background-type":"","background-media":"","overlay-type":"","overlay-color":"","overlay-opacity":"","overlay-gradient":""}}},"product_cat":[2538],"product_tag":[],"class_list":{"0":"post-2044128","1":"product","2":"type-product","3":"status-publish","4":"has-post-thumbnail","6":"product_cat-2006-annual-collections","7":"desktop-align-left","8":"tablet-align-left","9":"mobile-align-left","11":"first","12":"instock","13":"shipping-taxable","14":"product-type-grouped"},"_links":{"self":[{"href":"https:\/\/magazin.romfilatelia.ro\/en\/wp-json\/wp\/v2\/product\/2044128"}],"collection":[{"href":"https:\/\/magazin.romfilatelia.ro\/en\/wp-json\/wp\/v2\/product"}],"about":[{"href":"https:\/\/magazin.romfilatelia.ro\/en\/wp-json\/wp\/v2\/types\/product"}],"wp:featuredmedia":[{"embeddable":true,"href":"https:\/\/magazin.romfilatelia.ro\/en\/wp-json\/wp\/v2\/media\/2044129"}],"wp:attachment":[{"href":"https:\/\/magazin.romfilatelia.ro\/en\/wp-json\/wp\/v2\/media?parent=2044128"}],"wp:term":[{"taxonomy":"product_cat","embeddable":true,"href":"https:\/\/magazin.romfilatelia.ro\/en\/wp-json\/wp\/v2\/product_cat?post=2044128"},{"taxonomy":"product_tag","embeddable":true,"href":"https:\/\/magazin.romfilatelia.ro\/en\/wp-json\/wp\/v2\/product_tag?post=2044128"}],"curies":[{"name":"wp","href":"https:\/\/api.w.org\/{rel}","templated":true}]}}