{"id":2044140,"date":"2006-07-15T10:03:35","date_gmt":"2006-07-15T10:03:35","guid":{"rendered":"http:\/\/romfilatelia.ro\/romagazin\/en\/product\/romanian-postage-stamp-day-decebal-106-2006\/"},"modified":"2021-03-24T09:16:16","modified_gmt":"2021-03-24T09:16:16","slug":"romanian-postage-stamp-day-decebal-106-2006","status":"publish","type":"product","link":"https:\/\/magazin.romfilatelia.ro\/en\/product\/romanian-postage-stamp-day-decebal-106-2006\/","title":{"rendered":"Romanian Postage Stamp Day &#8211; Decebal (106 &#8211; 2006)"},"content":{"rendered":"<p><a href=\"http:\/\/romfilatelia.ro\/wp-content\/uploads\/2006\/07\/ziuamarcii2006.jpg\"><img fetchpriority=\"high\" decoding=\"async\" class=\"size-medium wp-image-2005014 alignleft\" src=\"http:\/\/romfilatelia.ro\/wp-content\/uploads\/2006\/07\/ziuamarcii2006-300x222.jpg\" alt=\"ziuamarcii2006\" width=\"300\" height=\"222\" \/><\/a>Romfilatelia, the company specialized in issuing and trading Romanian postage stamps, within the annual thematic ROMANIAN POSTAGE STAMP DAY, on the occasion of the commemoration of 1900 years since Decebal\u00b4s death, introduces into circulation a postage stamps issue dedicated to the great Dacian king Decebal (106 &#8211; 2006). Romfilatelia, the company specialized in issuing and trading Romanian postage stamps, within the annual thematic ROMANIAN POSTAGE STAMP DAY, on the occasion of the commemoration of 1900 years since Decebal\u00b4s death, introduces into circulation a postage stamps issue dedicated to the great Dacian king Decebal (106 &#8211; 2006).<br \/>\nUnder King Decebal (87-106 A.D.), Dacia reached its peak in its development as a state whose political unity spread over a territory delimited by Tisza, Danube and Dnestr. During that period, the expansionist tendencies of the Roman Empire, mainly motivated by the precarious economic and financial situation of the Empire, directly lead to the preparation of an incursion on the Dacian territory, particularly rich in natural and material resources.<br \/>\nThe first confrontation, on the Dacian territory, took place during the reign of Domi\u0163ian, in 87 A.D. A Roman army, composed of 5 or 6 legions, entered (probably) through the Olt Valley where, near Turnu Ro\u015fu, it was taken by surprise in a trap by Decebal\u00b4s army and defeated; the Dacians captured prisoners, numberless trophies and the flag of the 5th Legion, whose commander had been killed in battle.<br \/>\nAfter only one year, at Tapae (Transylvania\u00b4s Iron Gates &#8211; &#8220;Por\u0163ile de Fier&#8221; &#8211; between Caransebe\u015f and Ha\u0163eg) there was a new confrontation between the Dacians and the Romans, only this time the Romans won. However, due to the military problems of the imperial armies in Pannonia, a compromise peace was made in 89 A.D., following which Decebal succeeded, after wise negotiation, to obtain money benefits, military masters and trainers.<br \/>\nDuring the almost 12 years of peace, the Dacian state grew stronger, its centralization was accelerated, the army was well trained and equipped, and an extensive civil and military engineering program was started, particularly in the region of Or\u0103\u015ftie mountains.<br \/>\nAfter his climbing the throne, Emperor Trajan (under whom the Roman Empire reached the peak of its power and territorial expansion) concentrated, at the beginning of year 101 A.D., in Moesia Superior, 13 or 14 legions (approx. 150,000 soldiers), to occupy Decebal\u00b4s kingdom.<br \/>\nThe Roman army led by Trajan, crossed the Danube on ships bridges at Dierna (Or\u015fova), entering Dacia through Banat. Again, at Tapae, during the summer of that same year, an atrocious and long battle took place, which ended with the victory of the Romans.<br \/>\nTowards the end of year 101 A.D. large Dacian forces crossed the Danube and entered Moesia, forcing Emperor Trajan to mode towards the new war theatre open by Decebal. However, the ingenious strategic plan collapses after Decebal\u00b4s defeat in the winter and spring of year 102 A.D.<br \/>\nIn the autumn of year 102 A.D., after a hard-bitten resistance, Decebal is forced to make peace, which was seen rather as a simple truce. Between years 103 and 105 A.D., Trajan asked Apollodor of Damascus, the most famous construction architect and engineer of that time, to build a bridge over Danube, at Drobeta.<br \/>\nStarting with the second Dacian War, in the summer of year 105 A.D., the Roman legions crossed the bridge and attacked Decebal\u00b4s army. Continuously constrained to defend himself, Decebal withdrew at Sarmizegetusa. After the conquest of the citadels that guarded the access to the capital city (Blidaru, Coste\u015fti, Piatra Ro\u015fie, Bani\u0163a, C\u0103p\u00e2lna, Tilisca), the Roman legions began to besiege Sarmizegetusa.<br \/>\nDespite the heroic Dacian resistance, the citadel was conquered and destroyed to the ground. On this occasion, Trajan recovered the flag of the 5th Legion. A part of the defenders, among which Decebal, succeeded to leave the citadel, trying to continue the resistance against the Romans inside the country. Followed by the Roman cavalry, in order not to fall alive in the Romans\u00b4 hands, Decebal committed suicide. A part of the Dacian kingdom was transformed into a Roman province in the summer of year 106 A.D.<br \/>\nFollowing the defeat of the Dacians, besides many prisoners, the Roman troops also appropriated the Dacian thesaurus, containing huge quantities of gold and silver. Due to these riches, popular parties and feasts were organized for 123 days in Rome, in honour of Trajan\u00b4s triumph over Dacia. This proves how redoubtable our Dacian ancestors were, as the Romans celebrated their defeat for such a long time.<br \/>\nThe importance of the wars with the Dacians is illustrated in many monuments achieved by Apollodor of Damascus: Trajan\u00b4s Column &#8211; whose bas-reliefs present battle scenes of Romans against the Dacians during the two wars; Trajan\u00b4s Forum and Ulpia Traiana Basilica.<br \/>\nA defining element for the personality of the last hero king of the Dacians is what the historian Dio Cassius wrote about Decebal: &#8220;He was very cunning in the matter of war and skillful, being able to choose the right time to attack the enemy and to withdraw in good time. Skillful in planning an ambush, he was courageous during battle, knowing how to neatly use a victory and to successfully manage defeat, and due to this he was for a long time a fierce adversary for the Romans.&#8221;<br \/>\nThree of the postage stamps of the philatelic issue (those with the face value of 30 Bani, 50 Bani and 3.10 Lei) represent a personal graphic conception of the artist Octavian Penda.<br \/>\nThe postage stamp with a face value of 1.20 Lei associates the image of a Dacian helmet to the map of the ancient Dacia.<\/p>\n<p>TECHNICAL CHARACTERISTICS:<\/p>\n<p>Date of issue: 15.07.2006<br \/>\nNumber of values: 4<br \/>\nFace value of stamps: 30 Bani; 50 Bani; 1.20 Lei; 3.10 Lei<br \/>\nPage composition: sheet of 12 pcs. x 4 values; block of 4 pcs.<br \/>\nStamps size: 48 x 33 mm<br \/>\nBlock size: 116 x 86 mm<br \/>\nPrinting system: offset, in 4 colours, on chromo paper &#8211; UK origin<br \/>\nRun printing: 397,040 stamps: 313,440 stamps in sheets of 12 pcs. and 20,900 blocks of 4 stamps.<br \/>\n3 FDC\u2019s: 550 sets (3 FDC\u2019s), 1 FDC equipped with the postage stamps with the face value of 50 bani and 1.20 lei, 1 FDC equipped with the postage stamps with the face value of 30 bani and 3.10 lei and 1 FDC equipped with the block, numbered and cancelled with \u201ethe first day\u201c post mark of the issue.<br \/>\nDesigner: Octavian PENDA<br \/>\nMaxicards: 350 sets (4 illustrates)<br \/>\nListing set: 1730<br \/>\nListing block: 1730a<\/p>\n<p>Issue date: 2006-07-15<\/p>\n<p>To place your orders, please contact Romfilatelia, the specialized company in philatelic trade, at the following coordinates:<\/p>\n<p>Address: 28 Fabrica de Chibrituri, 050183, Bucharest, ROMANIA<br \/>\nPhone.: + 40 21 336 93 92\/+ 40 21 336.93.46<br \/>\nFax: + 40 21 337 24 48<br \/>\nE-mail: office@romfilatelia.ro<br \/>\nWeb site: www.romfilatelia.ro<\/p>\n<p>&nbsp;<\/p>\n","protected":false},"excerpt":{"rendered":"<p>Romfilatelia, the company specialized in issuing and trading Romanian postage stamps, within the annual thematic ROMANIAN POSTAGE STAMP DAY, on [&hellip;]<\/p>\n","protected":false},"featured_media":2044141,"template":"","meta":{"site-sidebar-layout":"default","site-content-layout":"","ast-site-content-layout":"","site-content-style":"default","site-sidebar-style":"default","ast-global-header-display":"","ast-banner-title-visibility":"","ast-main-header-display":"","ast-hfb-above-header-display":"","ast-hfb-below-header-display":"","ast-hfb-mobile-header-display":"","site-post-title":"","ast-breadcrumbs-content":"","ast-featured-img":"","footer-sml-layout":"","theme-transparent-header-meta":"","adv-header-id-meta":"","stick-header-meta":"","header-above-stick-meta":"","header-main-stick-meta":"","header-below-stick-meta":"","astra-migrate-meta-layouts":"default","ast-page-background-enabled":"default","ast-page-background-meta":{"desktop":{"background-color":"var(--ast-global-color-4)","background-image":"","background-repeat":"repeat","background-position":"center center","background-size":"auto","background-attachment":"scroll","background-type":"","background-media":"","overlay-type":"","overlay-color":"","overlay-opacity":"","overlay-gradient":""},"tablet":{"background-color":"","background-image":"","background-repeat":"repeat","background-position":"center center","background-size":"auto","background-attachment":"scroll","background-type":"","background-media":"","overlay-type":"","overlay-color":"","overlay-opacity":"","overlay-gradient":""},"mobile":{"background-color":"","background-image":"","background-repeat":"repeat","background-position":"center center","background-size":"auto","background-attachment":"scroll","background-type":"","background-media":"","overlay-type":"","overlay-color":"","overlay-opacity":"","overlay-gradient":""}},"ast-content-background-meta":{"desktop":{"background-color":"var(--ast-global-color-5)","background-image":"","background-repeat":"repeat","background-position":"center center","background-size":"auto","background-attachment":"scroll","background-type":"","background-media":"","overlay-type":"","overlay-color":"","overlay-opacity":"","overlay-gradient":""},"tablet":{"background-color":"var(--ast-global-color-5)","background-image":"","background-repeat":"repeat","background-position":"center center","background-size":"auto","background-attachment":"scroll","background-type":"","background-media":"","overlay-type":"","overlay-color":"","overlay-opacity":"","overlay-gradient":""},"mobile":{"background-color":"var(--ast-global-color-5)","background-image":"","background-repeat":"repeat","background-position":"center center","background-size":"auto","background-attachment":"scroll","background-type":"","background-media":"","overlay-type":"","overlay-color":"","overlay-opacity":"","overlay-gradient":""}}},"product_cat":[2538],"product_tag":[],"class_list":{"0":"post-2044140","1":"product","2":"type-product","3":"status-publish","4":"has-post-thumbnail","6":"product_cat-2006-annual-collections","7":"desktop-align-left","8":"tablet-align-left","9":"mobile-align-left","11":"first","12":"instock","13":"shipping-taxable","14":"product-type-grouped"},"_links":{"self":[{"href":"https:\/\/magazin.romfilatelia.ro\/en\/wp-json\/wp\/v2\/product\/2044140"}],"collection":[{"href":"https:\/\/magazin.romfilatelia.ro\/en\/wp-json\/wp\/v2\/product"}],"about":[{"href":"https:\/\/magazin.romfilatelia.ro\/en\/wp-json\/wp\/v2\/types\/product"}],"wp:featuredmedia":[{"embeddable":true,"href":"https:\/\/magazin.romfilatelia.ro\/en\/wp-json\/wp\/v2\/media\/2044141"}],"wp:attachment":[{"href":"https:\/\/magazin.romfilatelia.ro\/en\/wp-json\/wp\/v2\/media?parent=2044140"}],"wp:term":[{"taxonomy":"product_cat","embeddable":true,"href":"https:\/\/magazin.romfilatelia.ro\/en\/wp-json\/wp\/v2\/product_cat?post=2044140"},{"taxonomy":"product_tag","embeddable":true,"href":"https:\/\/magazin.romfilatelia.ro\/en\/wp-json\/wp\/v2\/product_tag?post=2044140"}],"curies":[{"name":"wp","href":"https:\/\/api.w.org\/{rel}","templated":true}]}}