{"id":2044152,"date":"2006-09-16T11:40:25","date_gmt":"2006-09-16T11:40:25","guid":{"rendered":"http:\/\/romfilatelia.ro\/romagazin\/en\/product\/gymnastics-2006\/"},"modified":"2021-03-24T09:02:52","modified_gmt":"2021-03-24T09:02:52","slug":"gymnastics-2006","status":"publish","type":"product","link":"https:\/\/magazin.romfilatelia.ro\/en\/product\/gymnastics-2006\/","title":{"rendered":"Gymnastics 2006"},"content":{"rendered":"<p><a href=\"http:\/\/romfilatelia.ro\/wp-content\/uploads\/2006\/09\/colitagimnastica.jpg\"><img fetchpriority=\"high\" decoding=\"async\" class=\"size-medium wp-image-2004781 alignleft\" src=\"http:\/\/romfilatelia.ro\/wp-content\/uploads\/2006\/09\/colitagimnastica-300x256.jpg\" alt=\"colitagimnastica\" width=\"300\" height=\"256\" \/><\/a>In order to bring back to the attention of sport lovers the exceptional results of Romanian gymnastics of the last decades, Romfilatelia introduces into circulation the issue Gymnastics 2006, overprint of the\u00a0 perforated souvenir sheet of the issue Philatelic International Exhibition \u201cOlymphilex \u201996\u201d Atlanta; Centenary of the Olympic Postage Stamps.<br \/>\nGymnastics is one of the few sports that, in time, brought for Romania hundreds of gold, silver and bronze medals, as well as tens of European and international titles, both in the individual and team contests.<br \/>\nWe can justly say about the Romanian feminine gymnastics team that is the team that won the most medals of the entire history of the Romanian sports.<br \/>\nTo the successes of the feminine team, during the last two decades, the masculine gymnastics team added many occasions of joy to the lovers of<br \/>\nthis sport, winning gold, silver and bronze medals and bringing international, European or Olympic titles for various apparatuses.<br \/>\nThe world history of feminine gymnastics will include in its pages a great number of Romanian gymnasts, whose results made the national flag and anthem be known all over the world.<br \/>\nIncontestably, the most famous name is Nadia Com\u00e3neci, the sportswoman of the 20th century, the eternal queen of gymnastics. Due to that first \u201c10\u201d in the history of gymnastics at the Montreal Olympics, also called the \u201cOlympics of Nadia Com\u00e3neci\u201d, Nadia brought the art of perfection to this sport.<br \/>\nHowever, the other Romanian gymnasts cannot be forgotten either, as they brought so much glory to our country. Elena Leustean, Sonia Iovan, Ecaterina Szabo, Aurelia Dobre, Teodora Ungureanu, Emilia Eberle, Daniela Silivas, Lavinia Milosovici, Gina Gogean, Simona Am\u00e2nar, Maria Olaru, Andreea R\u00e3ducan, C\u00e3t\u00e3lina Ponor, Monica Rosu and many others contributed to the winning of the Olympic, international and continental titles by the Romanian team.<br \/>\nTo the exceptional results of the feminine contestants, the masculine gymnastics team of the country added numberless European, international and Olympic titles. Names such as Dan Grecu, Marius Gherman, Marius Urzic\u00e3, Ion Suciu, Marian Dr\u00e3gulescu, Dan Potra, R\u00e3zvan Selariu, are only some of the golden panoply of our masculine gymnastics.<br \/>\nThe Romanian supremacy in the world gymnastics could not have existed if our sportsmen had not been supported by \u201cgolden\u201d trainers such as Marta and Bella Karoly, or the already legendary Mariana Bitang and Octavian Bellu.<br \/>\nComing as a modest recognition gesture for the merits of the Romanian gymnastics, the gold foil overprint on the perforated souvenir sheet stamp reproduces suggestive images of two traditional contest events, i.e. vault and parallel bars, to which is added the face value of RON 5.60 and on the<br \/>\nperforated souvenir sheet margin the title of the issue and the year.<\/p>\n<p>1FDC 450 pcs., equipped with the perforated souvenir<br \/>\nsheet overprinted with gold foiling, numbered<br \/>\nand cancelled with \u201cthe first day\u201d post mark of the<br \/>\nissue.<br \/>\nDesigner of the original perforated souvenir sheet: Decebal COJOC<br \/>\nListing set overprinted perforated souvenir sheet: 1738<\/p>\n<p>Issue date: 2006-09-16<\/p>\n","protected":false},"excerpt":{"rendered":"<p>In order to bring back to the attention of sport lovers the exceptional results of Romanian gymnastics of the last [&hellip;]<\/p>\n","protected":false},"featured_media":2044153,"template":"","meta":{"site-sidebar-layout":"default","site-content-layout":"","ast-site-content-layout":"","site-content-style":"default","site-sidebar-style":"default","ast-global-header-display":"","ast-banner-title-visibility":"","ast-main-header-display":"","ast-hfb-above-header-display":"","ast-hfb-below-header-display":"","ast-hfb-mobile-header-display":"","site-post-title":"","ast-breadcrumbs-content":"","ast-featured-img":"","footer-sml-layout":"","theme-transparent-header-meta":"","adv-header-id-meta":"","stick-header-meta":"","header-above-stick-meta":"","header-main-stick-meta":"","header-below-stick-meta":"","astra-migrate-meta-layouts":"default","ast-page-background-enabled":"default","ast-page-background-meta":{"desktop":{"background-color":"var(--ast-global-color-4)","background-image":"","background-repeat":"repeat","background-position":"center center","background-size":"auto","background-attachment":"scroll","background-type":"","background-media":"","overlay-type":"","overlay-color":"","overlay-opacity":"","overlay-gradient":""},"tablet":{"background-color":"","background-image":"","background-repeat":"repeat","background-position":"center center","background-size":"auto","background-attachment":"scroll","background-type":"","background-media":"","overlay-type":"","overlay-color":"","overlay-opacity":"","overlay-gradient":""},"mobile":{"background-color":"","background-image":"","background-repeat":"repeat","background-position":"center center","background-size":"auto","background-attachment":"scroll","background-type":"","background-media":"","overlay-type":"","overlay-color":"","overlay-opacity":"","overlay-gradient":""}},"ast-content-background-meta":{"desktop":{"background-color":"var(--ast-global-color-5)","background-image":"","background-repeat":"repeat","background-position":"center center","background-size":"auto","background-attachment":"scroll","background-type":"","background-media":"","overlay-type":"","overlay-color":"","overlay-opacity":"","overlay-gradient":""},"tablet":{"background-color":"var(--ast-global-color-5)","background-image":"","background-repeat":"repeat","background-position":"center center","background-size":"auto","background-attachment":"scroll","background-type":"","background-media":"","overlay-type":"","overlay-color":"","overlay-opacity":"","overlay-gradient":""},"mobile":{"background-color":"var(--ast-global-color-5)","background-image":"","background-repeat":"repeat","background-position":"center center","background-size":"auto","background-attachment":"scroll","background-type":"","background-media":"","overlay-type":"","overlay-color":"","overlay-opacity":"","overlay-gradient":""}}},"product_cat":[2538],"product_tag":[],"class_list":{"0":"post-2044152","1":"product","2":"type-product","3":"status-publish","4":"has-post-thumbnail","6":"product_cat-2006-annual-collections","7":"desktop-align-left","8":"tablet-align-left","9":"mobile-align-left","11":"first","12":"instock","13":"shipping-taxable","14":"product-type-grouped"},"_links":{"self":[{"href":"https:\/\/magazin.romfilatelia.ro\/en\/wp-json\/wp\/v2\/product\/2044152"}],"collection":[{"href":"https:\/\/magazin.romfilatelia.ro\/en\/wp-json\/wp\/v2\/product"}],"about":[{"href":"https:\/\/magazin.romfilatelia.ro\/en\/wp-json\/wp\/v2\/types\/product"}],"wp:featuredmedia":[{"embeddable":true,"href":"https:\/\/magazin.romfilatelia.ro\/en\/wp-json\/wp\/v2\/media\/2044153"}],"wp:attachment":[{"href":"https:\/\/magazin.romfilatelia.ro\/en\/wp-json\/wp\/v2\/media?parent=2044152"}],"wp:term":[{"taxonomy":"product_cat","embeddable":true,"href":"https:\/\/magazin.romfilatelia.ro\/en\/wp-json\/wp\/v2\/product_cat?post=2044152"},{"taxonomy":"product_tag","embeddable":true,"href":"https:\/\/magazin.romfilatelia.ro\/en\/wp-json\/wp\/v2\/product_tag?post=2044152"}],"curies":[{"name":"wp","href":"https:\/\/api.w.org\/{rel}","templated":true}]}}