{"id":2044154,"date":"2006-09-28T11:46:03","date_gmt":"2006-09-28T11:46:03","guid":{"rendered":"http:\/\/romfilatelia.ro\/romagazin\/en\/product\/le-xie-sommet-de-la-francophonie-bucarest-2006\/"},"modified":"2021-03-24T08:57:57","modified_gmt":"2021-03-24T08:57:57","slug":"le-xie-sommet-de-la-francophonie-bucarest-2006","status":"publish","type":"product","link":"https:\/\/magazin.romfilatelia.ro\/en\/product\/le-xie-sommet-de-la-francophonie-bucarest-2006\/","title":{"rendered":"LE XIe SOMMET DE LA FRANCOPHONIE \u2013 Bucarest 2006"},"content":{"rendered":"<p><a href=\"http:\/\/romfilatelia.ro\/wp-content\/uploads\/2006\/09\/colitaFRANCOF.jpg\"><img fetchpriority=\"high\" decoding=\"async\" class=\"size-medium wp-image-2004766 alignleft\" src=\"http:\/\/romfilatelia.ro\/wp-content\/uploads\/2006\/09\/colitaFRANCOF-284x300.jpg\" alt=\"colitaFRANCOF\" width=\"284\" height=\"300\" \/><\/a>Pendant la p\u00e9riode 25e- 29e septembre 2006, la Roumanie est l\u2019h\u00f4te de la XIe Conf\u00e9rence \u00e0 Haut Niveau des chefs d\u2019\u00c9tat et de gouvernement dont les pays font partie de l\u2019Organisation Internationale de la Francophonie (OIF). Le Sommet de la Francophonie repr\u00e9sente, par ses dimensions et son importance, la plus complexe entrevue internationale jamais organis\u00e9e par la Roumanie.<br \/>\nEn vue de marquer cet \u00e9v\u00e9nement, Romfilatelia, la soci\u00e9t\u00e9 sp\u00e9cialis\u00e9e dans l\u2019\u00e9dition et la commercialisation des timbres-poste roumains, introduit en circulation l\u2019\u00e9mission philat\u00e9lique LE XIe SOMMET DE LA FRANCOPHONIE \u2013 Bucarest 2006.La Francophonie est l\u2019ensemble politico-culturel des peuples qui utilisent d\u2019habitude la langue fran\u00e7aise. Le terme de \u00ab francophonie \u00bb est apparu en 1880, quand le g\u00e9ographe On\u00e9sime Reclus l\u2019a utilis\u00e9 afin de d\u00e9finir les groupes de personnes et de pays qui utilisaient le fran\u00e7ais en diverses circonstances.<br \/>\nLe Jour International de la Francophonie est f\u00eat\u00e9 chaque ann\u00e9e dans le 20e mars, quand l\u2019Agence de Coop\u00e9ration Culturelle et Technique (ACCT) a \u00e9t\u00e9 fond\u00e9e.<br \/>\nLes initiateurs de la formation de la communaut\u00e9 francophone sont: L\u00e9opold S\u00e9dar Senghor (S\u00e9n\u00e9gal), Habib Bourghiba (Tunisie) et Hamani Diori (Niger).<br \/>\nLe programme de coop\u00e9ration entre les \u00c9tats appartenant \u00e0 cette communaut\u00e9 a cinq directions prioritaires:<br \/>\n1) la diversit\u00e9 culturelle et linguistique;<br \/>\n2) paix, d\u00e9mocratie et justice;<br \/>\n3) \u00e9ducation, formation, jeunesse;<br \/>\n4) d\u00e9veloppement et solidarit\u00e9;<br \/>\n5) l\u2019implication de la francophonie dans la soci\u00e9t\u00e9 informationnelle.<br \/>\n\u00c0 pr\u00e9sent, de l\u2019Organisation Internationale de la Francophonie (OIF) font partie 63 \u00c9tats de tous les continents: 53 \u00c9tats membres et 10 \u00c9tats qui ont le statut d\u2019observateur.<br \/>\nEn 1993, la Roumanie est devenue membre \u00e0 pleins droits de l\u2019Organisation et en 1998 a eu lieu, \u00e0 Bucarest, la Conf\u00e9rence Minist\u00e9rielle de la Francophonie, o\u00f9 l\u2019on a adopt\u00e9 le nom de \u00ab Organisation Internationale de la Francophonie \u00bb.<br \/>\nPendant ces derniers ans, la Roumanie s\u2019est impos\u00e9e comme le leader r\u00e9gional de la Francophonie. Nous devons mentionner que c\u2019est la premi\u00e8re fois qu\u2019une telle Conf\u00e9rence se d\u00e9roule en Europe, dans un autre \u00c9tat que la France.<br \/>\nLe th\u00e8me de la Conf\u00e9rence de Bucarest est: La technologie de l\u2019information en \u00e9ducation.<br \/>\nLes images qui illustrent le timbre-poste de l\u2019\u00e9mission et du feuillet philat\u00e9lique reproduisent une statuette appartenant \u00e0 la p\u00e9riode n\u00e9olithique, connue sous le nom de \u00ab Le penseur de Hamangia \u00bb.<br \/>\nLa graphique des timbres-poste est compl\u00e9t\u00e9e par le logo et les couleurs embl\u00e9matiques de la francophonie.<br \/>\nLes valeurs faciales du timbre-poste de l\u2019\u00e9mission et du timbre du feuillet sont de RON 1.20, respectivement de RON 5.60.<\/p>\n<p>Issue date: 2006-09-28<\/p>\n","protected":false},"excerpt":{"rendered":"<p>Pendant la p\u00e9riode 25e- 29e septembre 2006, la Roumanie est l\u2019h\u00f4te de la XIe Conf\u00e9rence \u00e0 Haut Niveau des chefs [&hellip;]<\/p>\n","protected":false},"featured_media":2044155,"template":"","meta":{"site-sidebar-layout":"default","site-content-layout":"","ast-site-content-layout":"","site-content-style":"default","site-sidebar-style":"default","ast-global-header-display":"","ast-banner-title-visibility":"","ast-main-header-display":"","ast-hfb-above-header-display":"","ast-hfb-below-header-display":"","ast-hfb-mobile-header-display":"","site-post-title":"","ast-breadcrumbs-content":"","ast-featured-img":"","footer-sml-layout":"","theme-transparent-header-meta":"","adv-header-id-meta":"","stick-header-meta":"","header-above-stick-meta":"","header-main-stick-meta":"","header-below-stick-meta":"","astra-migrate-meta-layouts":"default","ast-page-background-enabled":"default","ast-page-background-meta":{"desktop":{"background-color":"var(--ast-global-color-4)","background-image":"","background-repeat":"repeat","background-position":"center center","background-size":"auto","background-attachment":"scroll","background-type":"","background-media":"","overlay-type":"","overlay-color":"","overlay-opacity":"","overlay-gradient":""},"tablet":{"background-color":"","background-image":"","background-repeat":"repeat","background-position":"center center","background-size":"auto","background-attachment":"scroll","background-type":"","background-media":"","overlay-type":"","overlay-color":"","overlay-opacity":"","overlay-gradient":""},"mobile":{"background-color":"","background-image":"","background-repeat":"repeat","background-position":"center center","background-size":"auto","background-attachment":"scroll","background-type":"","background-media":"","overlay-type":"","overlay-color":"","overlay-opacity":"","overlay-gradient":""}},"ast-content-background-meta":{"desktop":{"background-color":"var(--ast-global-color-5)","background-image":"","background-repeat":"repeat","background-position":"center center","background-size":"auto","background-attachment":"scroll","background-type":"","background-media":"","overlay-type":"","overlay-color":"","overlay-opacity":"","overlay-gradient":""},"tablet":{"background-color":"var(--ast-global-color-5)","background-image":"","background-repeat":"repeat","background-position":"center center","background-size":"auto","background-attachment":"scroll","background-type":"","background-media":"","overlay-type":"","overlay-color":"","overlay-opacity":"","overlay-gradient":""},"mobile":{"background-color":"var(--ast-global-color-5)","background-image":"","background-repeat":"repeat","background-position":"center center","background-size":"auto","background-attachment":"scroll","background-type":"","background-media":"","overlay-type":"","overlay-color":"","overlay-opacity":"","overlay-gradient":""}}},"product_cat":[2538],"product_tag":[],"class_list":{"0":"post-2044154","1":"product","2":"type-product","3":"status-publish","4":"has-post-thumbnail","6":"product_cat-2006-annual-collections","7":"desktop-align-left","8":"tablet-align-left","9":"mobile-align-left","11":"first","12":"instock","13":"shipping-taxable","14":"product-type-grouped"},"_links":{"self":[{"href":"https:\/\/magazin.romfilatelia.ro\/en\/wp-json\/wp\/v2\/product\/2044154"}],"collection":[{"href":"https:\/\/magazin.romfilatelia.ro\/en\/wp-json\/wp\/v2\/product"}],"about":[{"href":"https:\/\/magazin.romfilatelia.ro\/en\/wp-json\/wp\/v2\/types\/product"}],"wp:featuredmedia":[{"embeddable":true,"href":"https:\/\/magazin.romfilatelia.ro\/en\/wp-json\/wp\/v2\/media\/2044155"}],"wp:attachment":[{"href":"https:\/\/magazin.romfilatelia.ro\/en\/wp-json\/wp\/v2\/media?parent=2044154"}],"wp:term":[{"taxonomy":"product_cat","embeddable":true,"href":"https:\/\/magazin.romfilatelia.ro\/en\/wp-json\/wp\/v2\/product_cat?post=2044154"},{"taxonomy":"product_tag","embeddable":true,"href":"https:\/\/magazin.romfilatelia.ro\/en\/wp-json\/wp\/v2\/product_tag?post=2044154"}],"curies":[{"name":"wp","href":"https:\/\/api.w.org\/{rel}","templated":true}]}}