{"id":2044164,"date":"2006-11-06T11:50:08","date_gmt":"2006-11-06T11:50:08","guid":{"rendered":"http:\/\/romfilatelia.ro\/romagazin\/en\/product\/great-contemporary-romanian-actors\/"},"modified":"2021-03-24T08:45:51","modified_gmt":"2021-03-24T08:45:51","slug":"great-contemporary-romanian-actors","status":"publish","type":"product","link":"https:\/\/magazin.romfilatelia.ro\/en\/product\/great-contemporary-romanian-actors\/","title":{"rendered":"GREAT CONTEMPORARY ROMANIAN ACTORS"},"content":{"rendered":"<p><a href=\"http:\/\/romfilatelia.ro\/wp-content\/uploads\/2006\/11\/mariactori_M.jpg\"><img fetchpriority=\"high\" decoding=\"async\" class=\"size-medium wp-image-2004738 alignleft\" src=\"http:\/\/romfilatelia.ro\/wp-content\/uploads\/2006\/11\/mariactori_M-298x300.jpg\" alt=\"mariactori_M\" width=\"298\" height=\"300\" \/><\/a>Using the postage stamp as an efficient and beloved means of sending messages, Romfilatelia started a project dedicated to the promotion of the cultural and artistic values and of famous personalities who succeeded to bring to our minds and souls the taste for the true art of theatre and film. As an integral part of this project, Romfilatelia, the specialized company in editing and trading Romanian postage stamps, introduces into circulation the postage stamp issue Great Contemporary Romanian Actors.<br \/>\nThe philatelic issue presents some of the greatest and longeval actors of the Romanian scene and film, namely: Radu Beligan, Dina Cocea, Carmen St\u0103nescu and Colea R\u0103utu.<\/p>\n<p>Radu Beligan was born on the 14th of December 1918, in Galbeni village (Bac\u0103u county). He was student of professor Lucia Sturza Bulandra, at the Royal Academy of Music and Dramatic Art.<br \/>\nIn his more than 60 years of theatrical activity, he played in over 30 feature films and he had over 80 roles in plays.<br \/>\nHe was the general manager of the \u201cI.L.Caragiale\u201d National Theatre of Bucharest, since 1969 until 1990.<br \/>\nSince 2001, he has been an Honorable Member of the National Theatre.<br \/>\nHe is the Honorable President of the International Theatre Institute and an honorary member of the Romanian Academy.<br \/>\nIn 2002, the President of France, Jacques Chirac, conferred him the rank of Officer of the French \u201cLegion of Honor\u201d National Order.<\/p>\n<p>Dina Cocea was born on the 27th of November 1912, in Bucharest. She graduated the acting studies in Paris. Her theatrical beginning took place at the \u201cComedia\u201d Theatre of Bucharest, in January 1935, with the play \u201cThe true Jacob\u201d.<br \/>\nBetween 1941-1949, she was a manager of \u201cTeatrul Nostru\u201d and of the \u201cStudioul Teatrului Nostru\u201d. Between 1952-1962, she was Dean of the Theatre Faculty, and between 1979-1989 she was the President of the Theatrical and Musical Institutions Artists Association.<br \/>\nIn time, Dina Cocea played in more than 10 feature films, she had over one hundred roles in drama shows, radio dramas and television dramas.<br \/>\nShe had a prodigious essay and publication activity, writing innumerable articles of synthesis, critics and dramatic chronicle in the autochthonous and foreign specialized press.<\/p>\n<p>Carmen St\u0103nescu was born on the 29th of July 1925, in Bucharest. She graduated the Royal Conservatory of Music and Dramatic Art, generation 1944-1948. In 1945, following her excellent performance in an examination, after only one year of Conservatory, she was hired at the National Theatre by the manager Academician Tudor Vianu.<br \/>\nSince then, for 62 years, she played in tens of roles in plays and in more than ten feature films. She had and still has many appearances in drama shows and entertainment shows at the Romanian Television, as well as in radio transmissions.<br \/>\nShe has been an Honorable Member of the \u201cI.L.Caragiale\u201d National Theatre since 2002. In 2003, she published the book \u201cRevelations\u201d.<\/p>\n<p>Colea R\u0103utu was born on the 28th of November 1912, at Limbenii Noi, B\u0103l\u0163i county, in Basarabia.<br \/>\nHe began at the \u201cC\u0103r\u0103bu\u015f\u201d musical theatre, managed by Constantin T\u0103nase, where he interpreted particularly social satirical vaudevilles. It was there he interpreted for the first time the famous top seller \u201c\u0162i-a ie\u015fit co\u015faru-n drum\u201d (\u201cThe<br \/>\nchimney-sweep crossed your way\u201d), by Gherase Dendrino, on the verses of Puiu Maximilian.<br \/>\nFor a while, he played at the National Theatre, due to Sic\u0103 Alexandrescu, and between 1952-1968 he played at Giule\u015fti Theatre.<br \/>\nHe interpreted roles in more than 70 feature films, both Romanian and foreign, and in TV series.<\/p>\n<p>Romfilatelia, together with all the theatre and film lovers, dedicates to these great actors, our contemporaries, in token of appreciation and respect, a postage stamp issue meant to accompany the written thoughts of Romanians and to have an honorable place in the collections of philately enthusiasts.<\/p>\n<p>Issue date: 2006-11-15<\/p>\n","protected":false},"excerpt":{"rendered":"<p>Using the postage stamp as an efficient and beloved means of sending messages, Romfilatelia started a project dedicated to the [&hellip;]<\/p>\n","protected":false},"featured_media":2044165,"template":"","meta":{"site-sidebar-layout":"default","site-content-layout":"","ast-site-content-layout":"","site-content-style":"default","site-sidebar-style":"default","ast-global-header-display":"","ast-banner-title-visibility":"","ast-main-header-display":"","ast-hfb-above-header-display":"","ast-hfb-below-header-display":"","ast-hfb-mobile-header-display":"","site-post-title":"","ast-breadcrumbs-content":"","ast-featured-img":"","footer-sml-layout":"","theme-transparent-header-meta":"","adv-header-id-meta":"","stick-header-meta":"","header-above-stick-meta":"","header-main-stick-meta":"","header-below-stick-meta":"","astra-migrate-meta-layouts":"default","ast-page-background-enabled":"default","ast-page-background-meta":{"desktop":{"background-color":"var(--ast-global-color-4)","background-image":"","background-repeat":"repeat","background-position":"center center","background-size":"auto","background-attachment":"scroll","background-type":"","background-media":"","overlay-type":"","overlay-color":"","overlay-opacity":"","overlay-gradient":""},"tablet":{"background-color":"","background-image":"","background-repeat":"repeat","background-position":"center center","background-size":"auto","background-attachment":"scroll","background-type":"","background-media":"","overlay-type":"","overlay-color":"","overlay-opacity":"","overlay-gradient":""},"mobile":{"background-color":"","background-image":"","background-repeat":"repeat","background-position":"center center","background-size":"auto","background-attachment":"scroll","background-type":"","background-media":"","overlay-type":"","overlay-color":"","overlay-opacity":"","overlay-gradient":""}},"ast-content-background-meta":{"desktop":{"background-color":"var(--ast-global-color-5)","background-image":"","background-repeat":"repeat","background-position":"center center","background-size":"auto","background-attachment":"scroll","background-type":"","background-media":"","overlay-type":"","overlay-color":"","overlay-opacity":"","overlay-gradient":""},"tablet":{"background-color":"var(--ast-global-color-5)","background-image":"","background-repeat":"repeat","background-position":"center center","background-size":"auto","background-attachment":"scroll","background-type":"","background-media":"","overlay-type":"","overlay-color":"","overlay-opacity":"","overlay-gradient":""},"mobile":{"background-color":"var(--ast-global-color-5)","background-image":"","background-repeat":"repeat","background-position":"center center","background-size":"auto","background-attachment":"scroll","background-type":"","background-media":"","overlay-type":"","overlay-color":"","overlay-opacity":"","overlay-gradient":""}}},"product_cat":[2538],"product_tag":[],"class_list":{"0":"post-2044164","1":"product","2":"type-product","3":"status-publish","4":"has-post-thumbnail","6":"product_cat-2006-annual-collections","7":"desktop-align-left","8":"tablet-align-left","9":"mobile-align-left","11":"first","12":"instock","13":"shipping-taxable","14":"product-type-grouped"},"_links":{"self":[{"href":"https:\/\/magazin.romfilatelia.ro\/en\/wp-json\/wp\/v2\/product\/2044164"}],"collection":[{"href":"https:\/\/magazin.romfilatelia.ro\/en\/wp-json\/wp\/v2\/product"}],"about":[{"href":"https:\/\/magazin.romfilatelia.ro\/en\/wp-json\/wp\/v2\/types\/product"}],"wp:featuredmedia":[{"embeddable":true,"href":"https:\/\/magazin.romfilatelia.ro\/en\/wp-json\/wp\/v2\/media\/2044165"}],"wp:attachment":[{"href":"https:\/\/magazin.romfilatelia.ro\/en\/wp-json\/wp\/v2\/media?parent=2044164"}],"wp:term":[{"taxonomy":"product_cat","embeddable":true,"href":"https:\/\/magazin.romfilatelia.ro\/en\/wp-json\/wp\/v2\/product_cat?post=2044164"},{"taxonomy":"product_tag","embeddable":true,"href":"https:\/\/magazin.romfilatelia.ro\/en\/wp-json\/wp\/v2\/product_tag?post=2044164"}],"curies":[{"name":"wp","href":"https:\/\/api.w.org\/{rel}","templated":true}]}}