{"id":2044166,"date":"2006-11-17T11:53:33","date_gmt":"2006-11-17T11:53:33","guid":{"rendered":"http:\/\/romfilatelia.ro\/romagazin\/en\/product\/christmas-2006\/"},"modified":"2021-03-24T08:44:16","modified_gmt":"2021-03-24T08:44:16","slug":"christmas-2006","status":"publish","type":"product","link":"https:\/\/magazin.romfilatelia.ro\/en\/product\/christmas-2006\/","title":{"rendered":"Christmas 2006"},"content":{"rendered":"<p><a href=\"http:\/\/romfilatelia.ro\/wp-content\/uploads\/2006\/11\/craciun2006_M.jpg\"><img fetchpriority=\"high\" decoding=\"async\" class=\"size-medium wp-image-2004735 alignleft\" src=\"http:\/\/romfilatelia.ro\/wp-content\/uploads\/2006\/11\/craciun2006_M-300x300.jpg\" alt=\"craciun2006_M\" width=\"300\" height=\"300\" \/><\/a>As usual, at the end of every year, Romfilatelia, the specialized company in editing and trading Romanian postage stamps, introduces into circulation the philatelic issue Christmas 2006. Romfilatelia\u2019s team carols you, friends of postage stamps, from the bottom of its heart, and wishes you<\/p>\n<p>Merry holidays!<\/p>\n<p>The postage stamps of the philatelic issue have the same face value of RON 0.50.<br \/>\nThey illustrate icons painted on glass, as follows:<br \/>\n&#8211;\u00a0 Holy Virgin Empress (Maica Domnului \u00cemp\u0103r\u0103\u0163it\u0103), 19th century, \u0162ara B\u00e2rsei, Transylvania;<br \/>\n&#8211;\u00a0 Worship of the Wizards (\u00cenchinarea Magilor), 19th century, Transylvania;<br \/>\n&#8211;\u00a0 Holy Virgin with Baby Jesus on the Throne (Maica Domnului cu Pruncul Iisus pe tron), 19th century, \u0162ara B\u00e2rsei, Transylvania.<br \/>\nThe icons painted on glass are part of the centenary collection of the Romanian Peasant Museum.<\/p>\n<p>Issue date: 2006-11-17<\/p>\n","protected":false},"excerpt":{"rendered":"<p>As usual, at the end of every year, Romfilatelia, the specialized company in editing and trading Romanian postage stamps, introduces [&hellip;]<\/p>\n","protected":false},"featured_media":2044167,"template":"","meta":{"site-sidebar-layout":"default","site-content-layout":"","ast-site-content-layout":"","site-content-style":"default","site-sidebar-style":"default","ast-global-header-display":"","ast-banner-title-visibility":"","ast-main-header-display":"","ast-hfb-above-header-display":"","ast-hfb-below-header-display":"","ast-hfb-mobile-header-display":"","site-post-title":"","ast-breadcrumbs-content":"","ast-featured-img":"","footer-sml-layout":"","theme-transparent-header-meta":"","adv-header-id-meta":"","stick-header-meta":"","header-above-stick-meta":"","header-main-stick-meta":"","header-below-stick-meta":"","astra-migrate-meta-layouts":"default","ast-page-background-enabled":"default","ast-page-background-meta":{"desktop":{"background-color":"var(--ast-global-color-4)","background-image":"","background-repeat":"repeat","background-position":"center center","background-size":"auto","background-attachment":"scroll","background-type":"","background-media":"","overlay-type":"","overlay-color":"","overlay-opacity":"","overlay-gradient":""},"tablet":{"background-color":"","background-image":"","background-repeat":"repeat","background-position":"center center","background-size":"auto","background-attachment":"scroll","background-type":"","background-media":"","overlay-type":"","overlay-color":"","overlay-opacity":"","overlay-gradient":""},"mobile":{"background-color":"","background-image":"","background-repeat":"repeat","background-position":"center center","background-size":"auto","background-attachment":"scroll","background-type":"","background-media":"","overlay-type":"","overlay-color":"","overlay-opacity":"","overlay-gradient":""}},"ast-content-background-meta":{"desktop":{"background-color":"var(--ast-global-color-5)","background-image":"","background-repeat":"repeat","background-position":"center center","background-size":"auto","background-attachment":"scroll","background-type":"","background-media":"","overlay-type":"","overlay-color":"","overlay-opacity":"","overlay-gradient":""},"tablet":{"background-color":"var(--ast-global-color-5)","background-image":"","background-repeat":"repeat","background-position":"center center","background-size":"auto","background-attachment":"scroll","background-type":"","background-media":"","overlay-type":"","overlay-color":"","overlay-opacity":"","overlay-gradient":""},"mobile":{"background-color":"var(--ast-global-color-5)","background-image":"","background-repeat":"repeat","background-position":"center center","background-size":"auto","background-attachment":"scroll","background-type":"","background-media":"","overlay-type":"","overlay-color":"","overlay-opacity":"","overlay-gradient":""}}},"product_cat":[2538],"product_tag":[],"class_list":{"0":"post-2044166","1":"product","2":"type-product","3":"status-publish","4":"has-post-thumbnail","6":"product_cat-2006-annual-collections","7":"desktop-align-left","8":"tablet-align-left","9":"mobile-align-left","11":"first","12":"instock","13":"shipping-taxable","14":"product-type-grouped"},"_links":{"self":[{"href":"https:\/\/magazin.romfilatelia.ro\/en\/wp-json\/wp\/v2\/product\/2044166"}],"collection":[{"href":"https:\/\/magazin.romfilatelia.ro\/en\/wp-json\/wp\/v2\/product"}],"about":[{"href":"https:\/\/magazin.romfilatelia.ro\/en\/wp-json\/wp\/v2\/types\/product"}],"wp:featuredmedia":[{"embeddable":true,"href":"https:\/\/magazin.romfilatelia.ro\/en\/wp-json\/wp\/v2\/media\/2044167"}],"wp:attachment":[{"href":"https:\/\/magazin.romfilatelia.ro\/en\/wp-json\/wp\/v2\/media?parent=2044166"}],"wp:term":[{"taxonomy":"product_cat","embeddable":true,"href":"https:\/\/magazin.romfilatelia.ro\/en\/wp-json\/wp\/v2\/product_cat?post=2044166"},{"taxonomy":"product_tag","embeddable":true,"href":"https:\/\/magazin.romfilatelia.ro\/en\/wp-json\/wp\/v2\/product_tag?post=2044166"}],"curies":[{"name":"wp","href":"https:\/\/api.w.org\/{rel}","templated":true}]}}