{"id":2044172,"date":"2006-12-01T11:55:47","date_gmt":"2006-12-01T11:55:47","guid":{"rendered":"http:\/\/romfilatelia.ro\/romagazin\/en\/product\/the-new-leu-2006\/"},"modified":"2021-03-24T08:24:28","modified_gmt":"2021-03-24T08:24:28","slug":"the-new-leu-2006","status":"publish","type":"product","link":"https:\/\/magazin.romfilatelia.ro\/en\/product\/the-new-leu-2006\/","title":{"rendered":"The New Leu \u2013 2006"},"content":{"rendered":"<p><a href=\"http:\/\/romfilatelia.ro\/wp-content\/uploads\/2006\/12\/leulnouM.jpg\"><img decoding=\"async\" class=\"size-medium wp-image-2004701 alignleft\" src=\"http:\/\/romfilatelia.ro\/wp-content\/uploads\/2006\/12\/leulnouM-300x100.jpg\" alt=\"leulnouM\" width=\"300\" height=\"100\" \/><\/a>With the occasion of the issuing of a new banknote, namely the banknote with the face value of Lei 200, issued by the National Bank of Romania, Romfilatelia, the specialized company in issuing and trading Romanian postage stamps, introduces into circulation, for mass information purposes, the philatelic issue The New Leu &#8211; 2006.With the occasion of the issuing of a new banknote, namely the banknote with the face value of Lei 200, issued by the National Bank of Romania, Romfilatelia, the specialized company in issuing and trading Romanian postage stamps, introduces into circulation, for mass information purposes, the philatelic issue The New Leu &#8211; 2006.<br \/>\nThe banknote of Lei 200 is mainly of orange colour printed on polymer substrate in mixed plane and relief technique.<br \/>\nOn the obverse of the banknote can be found the following representative graphic elements: the portrait of Lucian Blaga, his lifetime (1895-1961), the poet\u2019s signature, a floral element consisting of poppy flowers and an open book, displaying the page with the poems \u201cSelf-Portrait\u201d and \u201cMay 9th, 1895\u201d. On the obverse of the banknote are also printed horizontally: the face value, in figures and numbers \u201c200 LEI DOU\u00c3 SUTE\u201d, the signatures of the Governer and of the Chief Cashier, Romania\u2019s emblem, the name of the issuing central bank BANCA NA\u00deIONAL\u00c3 A ROM\u00c2NIEI, a medallion with the NBR\u2019s logo, and on the right side, vertically placed, the face value in letters \u201eDOU\u00c3 SUTE LEI\u201d, the issuing date \u201c1 decembrie 2006\u201d and denomination in figures \u201c200\u201d.<br \/>\nOn the reverse of the banknote the graphic composition consists of the image of the small Neolithic statue of the Thinker of Hamangia, a rainbow, an old<br \/>\nwater mill and behind the mill, a sessile oak. The reverse of the banknote also consists of\u00a0 the face value in figures and in letters, the name of the issuing<br \/>\ncentral bank BANCA NA\u00deIONAL\u00c3 A ROM\u00c2NIEI, the NBR\u2019s logo placed<br \/>\nin the upper right side, the sign for visually-impaired with the NBR\u2019s logo in the<br \/>\nleft down side within a rectangle, the text \u201eFALSIFICAREA ACESTOR BILETE SE PEDEPSE\u00aaTE CONFORM LEGILOR\u201c, (\u201cFORGERY IS PUNISHED ACCORDING TO THE LAW\u201d), the serial number in black ink, same size fonts, vertically on the left side and in red ink and increasing fonts, horizontally, on the upper right side.<\/p>\n<p>The philatelic issue is represented by two postage stamps, each postage stamp with the face value of RON 0.50 and RON 1.20 which present the graphic elements on the obverse and reverse side of the Lei 200 Banknote.<\/p>\n<p>Issue date: 2006-12-01<\/p>\n","protected":false},"excerpt":{"rendered":"<p>With the occasion of the issuing of a new banknote, namely the banknote with the face value of Lei 200, [&hellip;]<\/p>\n","protected":false},"featured_media":2044173,"template":"","meta":{"site-sidebar-layout":"default","site-content-layout":"","ast-site-content-layout":"","site-content-style":"default","site-sidebar-style":"default","ast-global-header-display":"","ast-banner-title-visibility":"","ast-main-header-display":"","ast-hfb-above-header-display":"","ast-hfb-below-header-display":"","ast-hfb-mobile-header-display":"","site-post-title":"","ast-breadcrumbs-content":"","ast-featured-img":"","footer-sml-layout":"","theme-transparent-header-meta":"","adv-header-id-meta":"","stick-header-meta":"","header-above-stick-meta":"","header-main-stick-meta":"","header-below-stick-meta":"","astra-migrate-meta-layouts":"default","ast-page-background-enabled":"default","ast-page-background-meta":{"desktop":{"background-color":"var(--ast-global-color-4)","background-image":"","background-repeat":"repeat","background-position":"center center","background-size":"auto","background-attachment":"scroll","background-type":"","background-media":"","overlay-type":"","overlay-color":"","overlay-opacity":"","overlay-gradient":""},"tablet":{"background-color":"","background-image":"","background-repeat":"repeat","background-position":"center center","background-size":"auto","background-attachment":"scroll","background-type":"","background-media":"","overlay-type":"","overlay-color":"","overlay-opacity":"","overlay-gradient":""},"mobile":{"background-color":"","background-image":"","background-repeat":"repeat","background-position":"center center","background-size":"auto","background-attachment":"scroll","background-type":"","background-media":"","overlay-type":"","overlay-color":"","overlay-opacity":"","overlay-gradient":""}},"ast-content-background-meta":{"desktop":{"background-color":"var(--ast-global-color-5)","background-image":"","background-repeat":"repeat","background-position":"center center","background-size":"auto","background-attachment":"scroll","background-type":"","background-media":"","overlay-type":"","overlay-color":"","overlay-opacity":"","overlay-gradient":""},"tablet":{"background-color":"var(--ast-global-color-5)","background-image":"","background-repeat":"repeat","background-position":"center center","background-size":"auto","background-attachment":"scroll","background-type":"","background-media":"","overlay-type":"","overlay-color":"","overlay-opacity":"","overlay-gradient":""},"mobile":{"background-color":"var(--ast-global-color-5)","background-image":"","background-repeat":"repeat","background-position":"center center","background-size":"auto","background-attachment":"scroll","background-type":"","background-media":"","overlay-type":"","overlay-color":"","overlay-opacity":"","overlay-gradient":""}}},"product_cat":[2538],"product_tag":[],"class_list":{"0":"post-2044172","1":"product","2":"type-product","3":"status-publish","4":"has-post-thumbnail","6":"product_cat-2006-annual-collections","7":"desktop-align-left","8":"tablet-align-left","9":"mobile-align-left","11":"first","12":"instock","13":"shipping-taxable","14":"product-type-grouped"},"_links":{"self":[{"href":"https:\/\/magazin.romfilatelia.ro\/en\/wp-json\/wp\/v2\/product\/2044172"}],"collection":[{"href":"https:\/\/magazin.romfilatelia.ro\/en\/wp-json\/wp\/v2\/product"}],"about":[{"href":"https:\/\/magazin.romfilatelia.ro\/en\/wp-json\/wp\/v2\/types\/product"}],"wp:featuredmedia":[{"embeddable":true,"href":"https:\/\/magazin.romfilatelia.ro\/en\/wp-json\/wp\/v2\/media\/2044173"}],"wp:attachment":[{"href":"https:\/\/magazin.romfilatelia.ro\/en\/wp-json\/wp\/v2\/media?parent=2044172"}],"wp:term":[{"taxonomy":"product_cat","embeddable":true,"href":"https:\/\/magazin.romfilatelia.ro\/en\/wp-json\/wp\/v2\/product_cat?post=2044172"},{"taxonomy":"product_tag","embeddable":true,"href":"https:\/\/magazin.romfilatelia.ro\/en\/wp-json\/wp\/v2\/product_tag?post=2044172"}],"curies":[{"name":"wp","href":"https:\/\/api.w.org\/{rel}","templated":true}]}}