{"id":2049027,"date":"2021-09-03T08:54:40","date_gmt":"2021-09-03T08:54:40","guid":{"rendered":"https:\/\/romfilatelia.ro\/romagazin\/en\/?post_type=product&#038;p=2049027"},"modified":"2024-02-02T08:57:14","modified_gmt":"2024-02-02T08:57:14","slug":"romanias-cities-targu-mures","status":"publish","type":"product","link":"https:\/\/magazin.romfilatelia.ro\/en\/product\/romanias-cities-targu-mures\/","title":{"rendered":"ROMANIA\u2019S CITIES, TARGU MURES"},"content":{"rendered":"<p><a href=\"https:\/\/www.romfilatelia.ro\/wp-content\/uploads\/2021\/09\/SITE_mc_Orasele-Romaniei-Tg-Mures.jpg\"><img fetchpriority=\"high\" decoding=\"async\" class=\"alignleft wp-image-2033420 size-medium\" src=\"https:\/\/www.romfilatelia.ro\/wp-content\/uploads\/2021\/09\/SITE_mc_Orasele-Romaniei-Tg-Mures-259x300.jpg\" alt=\"\" width=\"259\" height=\"300\" \/><\/a><\/p>\n<p><strong>Romfilatelia<\/strong> introduces into circulation, on <em>3<sup>rd<\/sup> of September 2021<\/em>, a new postage stamps issue dedicated to the urban architectural treasure of Romania: <strong><em>Romania<\/em><\/strong><strong><em>\u2019<\/em><\/strong><strong><em>s Cities, Targu Mures<\/em><\/strong>.<\/p>\n<p>The four stamps of the series illustrate iconic monuments, built in a period of more than four centuries, from the end of the 15<sup>th<\/sup> century to the first years of the twentieth century.<\/p>\n<p>On the stamp with the face value of <strong>Lei 1.50<\/strong> is represented the <strong><em>Administrative Palace<\/em><\/strong> in Targu Mures. The edifice was built (like the nearby Palace of Culture) in the <em>Art Nouveau<\/em> architectural style, under the administration of Mayor Gy\u00f6rgy Bern\u00e1dy (1864\u20131938). The building plan was designed by architects M\u00e1rcell Komor and Dezs\u0151 Jakab from Budapest, followers of \u00d6d\u00f6n Lechner, pioneer and prophet of Art Nouveau in Hungary.<\/p>\n<p>Initially, the Administrative Palace (1905-1907) was the <em>City Hall of the Royal Free City of Targu Mures<\/em>. Today it is the headquarters of the Local Council and the Prefecture of Mures County.<\/p>\n<p>The main gate leads into the festive space of the vaulted lobby, where the ochre yellow and the pink marble combine spectacularly with the turquoise Zsolnay tiles and golden-green iridescences. The elegance is emphasized by the organic shapes of the marble columns and stairs railings, as well as the rosette-shaped decorations of the vaults. The mysterious chromatic of the lobby contrasts with the glow of Miksa R\u00f3th\u2019s stained glass windows in the stairwell, representing an almost photographic image of the City Hall.<\/p>\n<p>On the stamp with the face value of<strong> Lei 2 <\/strong>is illustrated the<strong> <em>Medieval Citadel<\/em> <\/strong>in Targu Mures.<\/p>\n<p>The Citadel was the first fortified construction of the city, being built at the end of the 15<sup>th<\/sup> century under the command of voivode Stefan B\u00e1thory (1479-1493). Over time, the fortified ensemble has undergone numerous changes; in its current form, it covers an area of 4.3 ha.<\/p>\n<p>In 2011, an extensive rehabilitation work began, financed by the European Union. At present, the Citadel houses the collections of local artists, exhibition halls and events, creative workshops, the Reformed Church, the Museum of Archaeology and History, the House of Marriages, premises for accommodation and restaurants.<\/p>\n<p>On the stamp with the face value of <strong>Lei 5.50<\/strong> is represented the <strong><em>Palace of Culture<\/em><\/strong>, built between 1911\u20131913. For the ornamentation and works of art in the building, the mayor of the city invited the renowned masters of the G\u00f6d\u00f6ll\u0151 Artists\u2019 Colony, Alad\u00e1r K\u00f6r\u00f6sf\u0151i-Kriesch, S\u00e1ndor Nagy, Ferenc Sidl\u00f3, who were inspired by Hungarian mythology and history as well as elements of Transylvanian folk art. In the 800 seats concert hall, the Rieger organ perfectly evokes the romantic harmony with its delicate tonality. Decorated with motifs inspired by nature and elements of Transylvanian folk art, this space is unique by its spectacular appearance. The twelve stained glass windows in the Hall of Mirrors were made in Miksa R\u00f3th\u2019s workshop in 1913 and are the main attraction of the Palace. The two triptychs in the hall represent scenes from Sz\u00e9kely legends and from Transylvanian daily life, and the four central stained glass windows illustrate, with a vibrant chromatic, Hungarian folk ballads.<\/p>\n<p>On the stamp with the face value of <strong>Lei 19.50<\/strong> is represented the <strong><em>\u201cBolyai Farkas\u201d High-School<\/em><\/strong>. It is the continuer of the Schola Particula traditions, an elementary school established in 1557 in the building of the former Franciscan Monastery in the Citadel. In 1718, students and teachers of the college in S\u00e1rospatak (Hungary) were admitted to the school following their expulsion due to religious conflicts. From that year, the school became a higher level institution, receiving the name of Reformed College.<\/p>\n<p>Since 1804 Bolyai Farkas worked here, occupying the chair of mathematics. The \u201cBolyai Era\u201d of the college culminated with the work of his son, Bolyai J\u00e1nos, the creator of the first non-Euclidean geometry along with the Russian scientist Lobachevsky. In 1948, the Reformed High-School became a state high-school and in 1957, when the school celebrated four centuries of existence, the high-school took the name of professor Bolyai Farkas.<\/p>\n<p>The second floor is almost twice as tall as a normal floor, here being the imposing hall of festivities. The entrance, together with the wide and arched windows, which get bigger as the levels rise, as well as the attics (low floors located under the roof), form the main attraction of the building. Since 2007, on the occasion of the five and a half century anniversary of the founding of the school, in the central attic is located, in a symbolic representation, the emblem of the school \u2013 an angel.<\/p>\n<p>Famous high-school graduates include the writer Aranka Gy\u00f6rgy, the pre-war mayor Bern\u00e1dy Gy\u00f6rgy, the painter Bordi Andr\u00e1s, the illuminists Gheorghe Sincai and Petru Maior, representatives of the Transylvanian School.<\/p>\n<p><em>Romfilatelia thanks the Targu Mures City Hall for its documentary support granted in developing this postage stamps issue.<\/em><\/p>\n<p><a href=\"https:\/\/www.romfilatelia.ro\/wp-content\/uploads\/2021\/09\/caract_Orasele-Romaniei-Tg.-Mures.jpg\"><img decoding=\"async\" class=\"size-full wp-image-2033421 aligncenter\" src=\"https:\/\/www.romfilatelia.ro\/wp-content\/uploads\/2021\/09\/caract_Orasele-Romaniei-Tg.-Mures.jpg\" alt=\"\" width=\"1711\" height=\"960\" \/><\/a><\/p>\n","protected":false},"excerpt":{"rendered":"<p>Romfilatelia introduces into circulation, on 3rd of September 2021, a new postage stamps issue dedicated to the urban architectural treasure [&hellip;]<\/p>\n","protected":false},"featured_media":2049030,"template":"","meta":{"site-sidebar-layout":"default","site-content-layout":"","ast-site-content-layout":"","site-content-style":"default","site-sidebar-style":"default","ast-global-header-display":"","ast-banner-title-visibility":"","ast-main-header-display":"","ast-hfb-above-header-display":"","ast-hfb-below-header-display":"","ast-hfb-mobile-header-display":"","site-post-title":"","ast-breadcrumbs-content":"","ast-featured-img":"","footer-sml-layout":"","theme-transparent-header-meta":"","adv-header-id-meta":"","stick-header-meta":"","header-above-stick-meta":"","header-main-stick-meta":"","header-below-stick-meta":"","astra-migrate-meta-layouts":"default","ast-page-background-enabled":"default","ast-page-background-meta":{"desktop":{"background-color":"var(--ast-global-color-4)","background-image":"","background-repeat":"repeat","background-position":"center center","background-size":"auto","background-attachment":"scroll","background-type":"","background-media":"","overlay-type":"","overlay-color":"","overlay-opacity":"","overlay-gradient":""},"tablet":{"background-color":"","background-image":"","background-repeat":"repeat","background-position":"center center","background-size":"auto","background-attachment":"scroll","background-type":"","background-media":"","overlay-type":"","overlay-color":"","overlay-opacity":"","overlay-gradient":""},"mobile":{"background-color":"","background-image":"","background-repeat":"repeat","background-position":"center center","background-size":"auto","background-attachment":"scroll","background-type":"","background-media":"","overlay-type":"","overlay-color":"","overlay-opacity":"","overlay-gradient":""}},"ast-content-background-meta":{"desktop":{"background-color":"var(--ast-global-color-5)","background-image":"","background-repeat":"repeat","background-position":"center center","background-size":"auto","background-attachment":"scroll","background-type":"","background-media":"","overlay-type":"","overlay-color":"","overlay-opacity":"","overlay-gradient":""},"tablet":{"background-color":"var(--ast-global-color-5)","background-image":"","background-repeat":"repeat","background-position":"center center","background-size":"auto","background-attachment":"scroll","background-type":"","background-media":"","overlay-type":"","overlay-color":"","overlay-opacity":"","overlay-gradient":""},"mobile":{"background-color":"var(--ast-global-color-5)","background-image":"","background-repeat":"repeat","background-position":"center center","background-size":"auto","background-attachment":"scroll","background-type":"","background-media":"","overlay-type":"","overlay-color":"","overlay-opacity":"","overlay-gradient":""}}},"product_cat":[2651,2475],"product_tag":[],"class_list":{"0":"post-2049027","1":"product","2":"type-product","3":"status-publish","4":"has-post-thumbnail","6":"product_cat-2021-annual-collections","7":"product_cat-annual-collections","8":"desktop-align-left","9":"tablet-align-left","10":"mobile-align-left","12":"first","13":"instock","14":"shipping-taxable","15":"product-type-grouped"},"_links":{"self":[{"href":"https:\/\/magazin.romfilatelia.ro\/en\/wp-json\/wp\/v2\/product\/2049027"}],"collection":[{"href":"https:\/\/magazin.romfilatelia.ro\/en\/wp-json\/wp\/v2\/product"}],"about":[{"href":"https:\/\/magazin.romfilatelia.ro\/en\/wp-json\/wp\/v2\/types\/product"}],"wp:featuredmedia":[{"embeddable":true,"href":"https:\/\/magazin.romfilatelia.ro\/en\/wp-json\/wp\/v2\/media\/2049030"}],"wp:attachment":[{"href":"https:\/\/magazin.romfilatelia.ro\/en\/wp-json\/wp\/v2\/media?parent=2049027"}],"wp:term":[{"taxonomy":"product_cat","embeddable":true,"href":"https:\/\/magazin.romfilatelia.ro\/en\/wp-json\/wp\/v2\/product_cat?post=2049027"},{"taxonomy":"product_tag","embeddable":true,"href":"https:\/\/magazin.romfilatelia.ro\/en\/wp-json\/wp\/v2\/product_tag?post=2049027"}],"curies":[{"name":"wp","href":"https:\/\/api.w.org\/{rel}","templated":true}]}}