{"id":2049135,"date":"2022-01-05T10:51:43","date_gmt":"2022-01-05T10:51:43","guid":{"rendered":"https:\/\/romfilatelia.ro\/romagazin\/en\/?post_type=product&#038;p=2049135"},"modified":"2024-02-02T10:52:10","modified_gmt":"2024-02-02T10:52:10","slug":"personalities","status":"publish","type":"product","link":"https:\/\/magazin.romfilatelia.ro\/en\/product\/personalities\/","title":{"rendered":"PERSONALITIES"},"content":{"rendered":"<p><a href=\"https:\/\/www.romfilatelia.ro\/wp-content\/uploads\/2022\/01\/SITE_mc_Personalitati_uzuale-scaled.jpg\"><img fetchpriority=\"high\" decoding=\"async\" class=\"alignleft wp-image-2034577 size-medium\" src=\"https:\/\/www.romfilatelia.ro\/wp-content\/uploads\/2022\/01\/SITE_mc_Personalitati_uzuale-234x300.jpg\" alt=\"\" width=\"234\" height=\"300\" \/><\/a><\/p>\n<p><em>\u201cMusic mirrors all mysterious ripples of the soul, without the possibility of dissimulation.\u201d<\/em><\/p>\n<p><strong>George Enescu<\/strong><\/p>\n<p><em>\u201cWorking on the stone, you discover the Spirit &#8211; hidden in matter&#8230;<br \/>\nFor the sculptor\u2019s hands always think and follow<br \/>\nthe thoughts of the material.\u201d <\/em><\/p>\n<p><strong>Constantin Br\u00e2ncu\u0219i<\/strong><\/p>\n<p><em>\u201cThis Coand\u0103 is doing what I would have liked to do for mankind&#8230;<\/em><\/p>\n<p><em>This boy was born 30 years, if not 50 years earlier. \u201d<\/em><\/p>\n<p><strong>Gustave Eiffel<\/strong><\/p>\n<p>In order to release the first postage stamps of 2022,<em> on January 5<sup>th<\/sup><\/em>, <strong>Romfilatelia<\/strong> developed a series of definitive stamps with the theme <strong><em>\u201cPersonalities\u201d<\/em><\/strong>, consisting of nine face values.<\/p>\n<p>The famous diplomat and historian Neagu Djuvara stated in a comment for the album \u201cCentenary Romanians\u201d: \u201cRomania gave two great personalities to the world: George Enescu and Constantin Br\u00e2ncu\u0219i\u201d. To this appreciation one should add the name of the great inventor Henri Coand\u0103, the undisputed pioneer of the invention of flight, called by the great specialists in the field \u201cthe father of jet aviation\u201d.<\/p>\n<p>Born in Liveni-V\u00e2rnav, Boto\u0219ani, on August 19<sup>th<\/sup>, 1881, <strong>George Enescu<\/strong> was trained as a musician and instrumentalist following his studies in Vienna and Paris where he had Massenet, Faur\u00e9, G\u00e9dalge and Marsick as his masters. Among the colleagues of the future genius of music were Cortot, Thibaud and Ravel.<\/p>\n<p>George Enescu\u2019s talent manifested from his early youth: \u201cat the age of 13 he played as brilliantly on the violin as on the piano\u201d (Bernard Gavoty). At the age of 16 he composed the <em>Poema rom\u00e2n\u0103 [Romanian Poem]<\/em>, the work most loved by King Michael I during his exile.<\/p>\n<p>An important representative of the Romanian Royalty, Queen Elisabeth, had a special appreciation of the talent and personality of the great Enescu, also materialized in a precious gift offered to him at the age of 17, the complete edition of Bach\u2019s works, published in Leipzig (60 volumes). The special connection between the Queen and the composer is also demonstrated by the fact that at the end of the <em>Romanian Poem<\/em> there is the Royal Anthem of Romania.<\/p>\n<p>The great composer\u2019s reference work is undoubtedly the work <em>Oedipus<\/em>, which was composed and completed after two decades (1910-1930). But the true recognition and appreciation came after 2000, when, at the Frankfurt Opera (2013) and the Royal Opera House (2017), it was staged and appreciated as \u201ctruly one of the great works of the twentieth century\u201d. The world thus rediscovers Enescu in the position of a universal personality, that is placed at the top of the crystal pyramid of the Romanian composition school. He approached all musical forms and genres from the small ones (lied, choir, instrumental miniature), to symphony, symphonic poem and opera.<\/p>\n<p>The great Man and illustrious musician of the world died alone, exiled to Paris, but as a well-deserved compensation, millions of people know his name, and his creations pour forth their charming harmony of sounds on all meridians of the planet\u2019s continents.<\/p>\n<p>The future great sculptor <strong>Constantin Br\u00e2ncu\u0219i<\/strong> was born in Hobi\u021ba Village, Pe\u0219ti\u0219ani commune, Gorj County, on February 21<sup>st<\/sup>, 1876. After classes at the School of Arts and Crafts in Craiova, he was sent to Vienna in 1897 to make decorative wooden works, commissioned for Pele\u015f Castle.<\/p>\n<p>After graduating from the School of Fine Arts in Bucharest, he went to Vienna, Munich and Switzerland, to Paris, spending a short time in the workshop of the sculptor Rodin, where he was accompanied by another future famous Romanian, Henri Coand\u0103.<\/p>\n<p>Br\u00e2ncu\u0219i was in the period when the glories of Paris were Matisse, Picasso, Chagall, and Max Ernst. Among his friends were Modigliani, Henri Rousseau, Apollinaire and Marcel Duchamp.<\/p>\n<p>His works are exhibited for the first time in 1906 in Paris and then in 1908 in Bucharest, within the exhibition <em>Tinerimea Artistic\u0103 [Artistic Youth]<\/em>. In Bucharest, in 1912, he won the first prize at the Official Salon. Then followed the attendances at the Modern Art Exhibition in New York and then in Chicago and Boston. In everything that were to follow after his works <em>Rug\u0103ciunea [Prayer], Cumin\u021benia p\u0103m\u00e2ntului [The Goodness of the Earth], S\u0103rutul [The Kiss], Muza adormit\u0103 [The Sleeping Muse]<\/em>, the artist would feel overwhelmed by the mysterious forces of the universe, the primordial forms and the pure form, without detaching himself from the sources of inspiration of his native lands.<\/p>\n<p>Br\u00e2ncu\u0219i stated, with the wisdom of the elders of Gorj County, that he came to Paris carrying the Romanian ancestral legends in his bag. These can be summarized as follows: the origin of the world, the myth of ascension (flight), the theme of love and fertility, the myth of death and sleep, the nostalgia of infinity and cosmos.<\/p>\n<p>After participating in exhibitions organized in France, America, Switzerland, he travelled to Egypt and India and returned to Romania to build the monumental ensemble in T\u00e2rgu Jiu, where he worked until 1938. It should be noted that in 1937, the works of the great sculptor were exhibited at the Romanian Pavilion within the International Exhibition in Paris.<\/p>\n<p>The artist, completely detached from the spirit of his teachers, demonstrated that the simplicity and purity of the sculpture can reveal more deeply the truth hidden in the form of real things. His sculptures reveal a special connection with Romanian and universal myths, such as <em>M\u0103iastra [The Master Bird]<\/em> associated with the Phoenix bird. <em>Pas\u0103rea \u00een spa\u021biu<\/em> <em>[The Bird in Space] <\/em>has become a symbol of flight and ascension.<\/p>\n<p>Br\u00e2ncu\u0219i inscribed his work as a page of culture, unquestionably occupying the centre of world contemporary art. According to a famous promoter of Br\u00e2ncu\u0219i\u2019s work, Sir Herbert Read, \u201cthree milestones in Europe measure the history of sculpture: Phidias, Michelangelo, Br\u00e2ncu\u015fi\u201d.<\/p>\n<p>Born on June 7<sup>th<\/sup>, 1886 in Bucharest, <strong>Henri Coand\u0103<\/strong>, the future great inventor, lived in the middle of a family with military traditions, his father being General Professor Constantin Coand\u0103.<\/p>\n<p>After graduating from the Military High-School in Ia\u0219i and the Military Artillery School in Bucharest, Henri Coand\u0103 enrolled at the Higher Aeronautical School in Paris, graduating in 1909. He attended advanced courses at the Montefiore Institute of Electricity &#8211; Turin, Technische Hochschule in Charlottenburg &#8211; Berlin and the University of Li\u010dge.<\/p>\n<p>Along with his preoccupations as an aeronautical engineer, Henri Coand\u0103 cultivated some of his passions: the game of rugby, the violoncello and sculpture (he was an apprentice in Rodin\u2019s workshop, together with his compatriot Constantin Br\u00e2ncu\u0219i).<\/p>\n<p>He was appreciated by the personalities of the time, including Gustave Eiffel, Paul Paintlev\u00e9 and Louis Bl\u00e9riot, who also supported him in his aeronautical research.<\/p>\n<p>In 1910, at the Paris Air Show, he presented the project of <em>the first jet engine<\/em>, with which he equipped the first \u201cpropellerless\u201d aircraft. Baptized by its inventor \u201cturbopropeller\u201d, its characteristics include it, according to current standards, in the category of \u201cmotor reactors\u201d.<\/p>\n<p>The results of the prototype test were unanimously appreciated, and its inventor subsequently provided specialized assistance for the construction of about 10 types of aircraft in England and France.<\/p>\n<p>However, his concerns went beyond aviation, being known for a number of other important inventions: a new material (wood\u2013concrete), a device for detecting groundwater liquids, used in oil exploration, the design of a marine drilling system and a modular system, using solar energy to desalinate seawater.<\/p>\n<p>Member of the Romanian Academy and President of the Institute for Scientific and Technical Creation in Bucharest (INCREST), Henri Coand\u0103 enjoyed the appreciation of his compatriots. Along with numerous distinctions received from scientific forums abroad, the great inventor received in 1970, in Bucharest, the Order of <em>Scientific Merit<\/em>, 1<sup>st<\/sup> class.<\/p>\n<p>The face values of the postage stamps, on whose images are reproduced the portraits of the three oustanding Romanian personalities are: <strong>Lei 1.40; Lei 3.50; Lei 6.50<\/strong> (Constantin Br\u00e2ncu\u0219i); <strong>Lei 2.60; Lei 4; Lei 10<\/strong> (Henri Coand\u0103) and <strong>Lei 3; Lei 4.50; Lei 16<\/strong> (George Enescu).<\/p>\n<p>The series, conceived in the \u201cretro\u201d tradition of Romanian philately, reproduces each portrait in three different chromatic shades, offering collectors a unique collector\u2019s item. The mini sheets with vignettes and the tabs with appreciative defining texts (in Romanian and English), are also constituted as collectible pieces with special value.<\/p>\n<p>&nbsp;<\/p>\n<p>&nbsp;<\/p>\n<p><a href=\"https:\/\/www.romfilatelia.ro\/wp-content\/uploads\/2022\/01\/caract_-Personalitati_uzuale-scaled.jpg\"><img decoding=\"async\" class=\"aligncenter wp-image-2034578 size-full\" src=\"https:\/\/www.romfilatelia.ro\/wp-content\/uploads\/2022\/01\/caract_-Personalitati_uzuale-scaled.jpg\" alt=\"\" width=\"1200\" height=\"1153\" \/><\/a><\/p>\n","protected":false},"excerpt":{"rendered":"<p>\u201cMusic mirrors all mysterious ripples of the soul, without the possibility of dissimulation.\u201d George Enescu \u201cWorking on the stone, you [&hellip;]<\/p>\n","protected":false},"featured_media":2049138,"template":"","meta":{"site-sidebar-layout":"default","site-content-layout":"","ast-site-content-layout":"","site-content-style":"default","site-sidebar-style":"default","ast-global-header-display":"","ast-banner-title-visibility":"","ast-main-header-display":"","ast-hfb-above-header-display":"","ast-hfb-below-header-display":"","ast-hfb-mobile-header-display":"","site-post-title":"","ast-breadcrumbs-content":"","ast-featured-img":"","footer-sml-layout":"","theme-transparent-header-meta":"","adv-header-id-meta":"","stick-header-meta":"","header-above-stick-meta":"","header-main-stick-meta":"","header-below-stick-meta":"","astra-migrate-meta-layouts":"default","ast-page-background-enabled":"default","ast-page-background-meta":{"desktop":{"background-color":"var(--ast-global-color-4)","background-image":"","background-repeat":"repeat","background-position":"center center","background-size":"auto","background-attachment":"scroll","background-type":"","background-media":"","overlay-type":"","overlay-color":"","overlay-opacity":"","overlay-gradient":""},"tablet":{"background-color":"","background-image":"","background-repeat":"repeat","background-position":"center center","background-size":"auto","background-attachment":"scroll","background-type":"","background-media":"","overlay-type":"","overlay-color":"","overlay-opacity":"","overlay-gradient":""},"mobile":{"background-color":"","background-image":"","background-repeat":"repeat","background-position":"center center","background-size":"auto","background-attachment":"scroll","background-type":"","background-media":"","overlay-type":"","overlay-color":"","overlay-opacity":"","overlay-gradient":""}},"ast-content-background-meta":{"desktop":{"background-color":"var(--ast-global-color-5)","background-image":"","background-repeat":"repeat","background-position":"center center","background-size":"auto","background-attachment":"scroll","background-type":"","background-media":"","overlay-type":"","overlay-color":"","overlay-opacity":"","overlay-gradient":""},"tablet":{"background-color":"var(--ast-global-color-5)","background-image":"","background-repeat":"repeat","background-position":"center center","background-size":"auto","background-attachment":"scroll","background-type":"","background-media":"","overlay-type":"","overlay-color":"","overlay-opacity":"","overlay-gradient":""},"mobile":{"background-color":"var(--ast-global-color-5)","background-image":"","background-repeat":"repeat","background-position":"center center","background-size":"auto","background-attachment":"scroll","background-type":"","background-media":"","overlay-type":"","overlay-color":"","overlay-opacity":"","overlay-gradient":""}}},"product_cat":[2652,2475],"product_tag":[],"class_list":{"0":"post-2049135","1":"product","2":"type-product","3":"status-publish","4":"has-post-thumbnail","6":"product_cat-2652","7":"product_cat-annual-collections","8":"desktop-align-left","9":"tablet-align-left","10":"mobile-align-left","12":"first","13":"instock","14":"shipping-taxable","15":"product-type-grouped"},"_links":{"self":[{"href":"https:\/\/magazin.romfilatelia.ro\/en\/wp-json\/wp\/v2\/product\/2049135"}],"collection":[{"href":"https:\/\/magazin.romfilatelia.ro\/en\/wp-json\/wp\/v2\/product"}],"about":[{"href":"https:\/\/magazin.romfilatelia.ro\/en\/wp-json\/wp\/v2\/types\/product"}],"wp:featuredmedia":[{"embeddable":true,"href":"https:\/\/magazin.romfilatelia.ro\/en\/wp-json\/wp\/v2\/media\/2049138"}],"wp:attachment":[{"href":"https:\/\/magazin.romfilatelia.ro\/en\/wp-json\/wp\/v2\/media?parent=2049135"}],"wp:term":[{"taxonomy":"product_cat","embeddable":true,"href":"https:\/\/magazin.romfilatelia.ro\/en\/wp-json\/wp\/v2\/product_cat?post=2049135"},{"taxonomy":"product_tag","embeddable":true,"href":"https:\/\/magazin.romfilatelia.ro\/en\/wp-json\/wp\/v2\/product_tag?post=2049135"}],"curies":[{"name":"wp","href":"https:\/\/api.w.org\/{rel}","templated":true}]}}