{"id":2001329,"date":"2012-07-27T10:30:39","date_gmt":"2012-07-27T08:30:39","guid":{"rendered":"https:\/\/magazin.romfilatelia.ro\/?post_type=product&#038;p=2001329"},"modified":"2024-11-05T14:40:53","modified_gmt":"2024-11-05T12:40:53","slug":"jocurile-olimpice-de-vara-londra-2012","status":"publish","type":"product","link":"https:\/\/magazin.romfilatelia.ro\/?product=jocurile-olimpice-de-vara-londra-2012","title":{"rendered":"JOCURILE OLIMPICE DE VAR\u00c3 LONDRA 2012"},"content":{"rendered":"<p><a href=\"http:\/\/romfilatelia.ro\/magazin\/wp-content\/uploads\/2012\/07\/JO_2012_M.jpg\"><img fetchpriority=\"high\" decoding=\"async\" class=\"alignleft wp-image-2003226 size-medium\" src=\"http:\/\/romfilatelia.ro\/magazin\/wp-content\/uploads\/2012\/07\/JO_2012_M-300x231.jpg\" alt=\"JO_2012_M\" width=\"300\" height=\"231\" \/><\/a><\/p>\n<p>Cu ocazia desf\u00e3\u015fur\u00e3rii Jocurilor Olimpice de Var\u00e3 de la Londra, Romfilatelia, introduce \u00een circula\u0163ie emisiunea tematic\u00e3 de m\u00e3rci po\u015ftale \u201eJocurile Olimpice de Var\u00e3, Londra 2012\u201c, prilej de bucurie pentru filateli\u015fti \u015fi pentru iubitorii sporturilor.<\/p>\n<p>La cea de 117-a sesiune a Comitetului Interna\u0163ional Olimpic, desf\u00e3\u015furat\u00e3 \u00een luna iulie 2005 la Singapore, Londra \u015fi-a adjudecat titlul de gazd\u00e3 a celei de a XXX-a edi\u0163ii a Jocurilor Olimpice de Var\u00e3 din 2012. Dup\u00e3 patru sesiuni de votare, Londra a surclasat Parisul, New York-ul, Moscova \u015fi Madridul.<\/p>\n<p>Este o premier\u00e3 \u00een istoria modern\u00e3 a a Jocurilor Olimpice de Var\u00e3 c\u00e2nd Londra, devine gazd\u00e3 a Olimpiadei pentru a treia oar\u00e3 (1908, 1948, 2012). Competi\u0163ia din anul 2012 se va desf\u00e3\u015fura \u00eentre 27 iulie \u015fi 12 august.<\/p>\n<p>Mascota Jocurilor Olimpice este Wenlock. Crea\u0163ia sa este bazat\u00e3 pe o poveste a unei pic\u00e3turi de fier topit, \u015flefuit\u00e3 dup\u00e3 solidificare, de c\u00e3tre un bunic pentru nepo\u0163ii s\u00e3i. Wenlock a fost prezentat\u00e3 publicului \u00een data de 19 mai 2010.<\/p>\n<p>Se estimeaz\u00e3 c\u00e3 la Olimpiad\u00e3 vor participa aproximativ 10.000 de sportivi din peste 200 de \u0163\u00e3ri.<\/p>\n<p>Competi\u0163iile se vor desf\u00e3\u015fura \u00een 30 de loca\u0163ii diferite, incluz\u00e2nd Stadionul \u015fi Arena Wembley, c\u00e2t \u015fi Arena O2.<\/p>\n<p>Rom\u00e2nia va participa la Jocurile Olimpice de la Londra, cu peste 100 de sportivi la 15 sporturi \u015fi discipline din cele \u00eenscrise \u00een programul Olimpiadei (gimnastic\u00e3, haltere, judo, tenis de mas\u00e3, atletism, canotaj, kaiac-canoe, lupte, scrim\u00e3, box, tenis, tir, polo, ciclism, nata\u0163ie).<\/p>\n<p>\u00cembin\u00e2nd armonios leg\u00e3tura dintre frumuse\u0163ea grafic\u00e3 \u015fi noble\u0163ea sporturilor, m\u00e3rcile po\u015ftale ale emisiunii (care ilustreaz\u00e3 sporturile \u015fi disciplinele: gimnastic\u00e3, kaiac-canoe, scrim\u00e3 \u015fi atletism) se doresc a fi o transcriere artistic\u00e3 a esen\u0163ei \u015fi spiritului Jocurilor Olimpice, a\u015fa cum sunt ele percepute de iubitorii sportului de pretutindeni, \u015fi totodat\u00e3, prin sigla Olimpiadei, o trimitere la ora\u015ful gazd\u00e3 a Jocurilor, Londra.<\/p>\n<p>&nbsp;<\/p>\n<p align=\"&quot;center&quot;\"><strong><em>Romfilatelia ureaz\u00e3 mult succes sportivilor rom\u00e2ni!<\/em><\/strong><\/p>\n<p>&nbsp;<\/p>\n<p><strong><em>Aducem mul\u0163umiri Comitetului Interna\u0163ional Olimpic (CIO) \u015fi Comitetului Olimpic Sportiv Rom\u00e2n (COSR) pentru sprijinul \u015fi consultan\u0163a documentar\u00e3 acordat\u00e3 la realizarea acestei emisiuni de m\u00e3rci po\u015ftale.<\/em><\/strong><\/p>\n<p>Data Aparitie:2012-07-27<\/p>\n<p><a href=\"http:\/\/romfilatelia.ro\/magazin\/wp-content\/uploads\/2012\/07\/JO_2012_box.jpg\"><img decoding=\"async\" class=\"wp-image-2003227 size-full aligncenter\" src=\"http:\/\/romfilatelia.ro\/magazin\/wp-content\/uploads\/2012\/07\/JO_2012_box.jpg\" alt=\"JO_2012_box\" width=\"750\" height=\"564\" \/><\/a><\/p>\n","protected":false},"excerpt":{"rendered":"<p>Cu ocazia desf\u00e3\u015fur\u00e3rii Jocurilor Olimpice de Var\u00e3 de la Londra, Romfilatelia, introduce \u00een circula\u0163ie emisiunea tematic\u00e3 de m\u00e3rci po\u015ftale \u201eJocurile [&hellip;]<\/p>\n","protected":false},"featured_media":2058275,"template":"","meta":{"site-sidebar-layout":"default","site-content-layout":"","ast-site-content-layout":"","site-content-style":"default","site-sidebar-style":"default","ast-global-header-display":"","ast-banner-title-visibility":"","ast-main-header-display":"","ast-hfb-above-header-display":"","ast-hfb-below-header-display":"","ast-hfb-mobile-header-display":"","site-post-title":"","ast-breadcrumbs-content":"","ast-featured-img":"","footer-sml-layout":"","theme-transparent-header-meta":"","adv-header-id-meta":"","stick-header-meta":"","header-above-stick-meta":"","header-main-stick-meta":"","header-below-stick-meta":"","astra-migrate-meta-layouts":"default","ast-page-background-enabled":"default","ast-page-background-meta":{"desktop":{"background-color":"var(--ast-global-color-4)","background-image":"","background-repeat":"repeat","background-position":"center center","background-size":"auto","background-attachment":"scroll","background-type":"","background-media":"","overlay-type":"","overlay-color":"","overlay-opacity":"","overlay-gradient":""},"tablet":{"background-color":"","background-image":"","background-repeat":"repeat","background-position":"center center","background-size":"auto","background-attachment":"scroll","background-type":"","background-media":"","overlay-type":"","overlay-color":"","overlay-opacity":"","overlay-gradient":""},"mobile":{"background-color":"","background-image":"","background-repeat":"repeat","background-position":"center center","background-size":"auto","background-attachment":"scroll","background-type":"","background-media":"","overlay-type":"","overlay-color":"","overlay-opacity":"","overlay-gradient":""}},"ast-content-background-meta":{"desktop":{"background-color":"var(--ast-global-color-5)","background-image":"","background-repeat":"repeat","background-position":"center center","background-size":"auto","background-attachment":"scroll","background-type":"","background-media":"","overlay-type":"","overlay-color":"","overlay-opacity":"","overlay-gradient":""},"tablet":{"background-color":"var(--ast-global-color-5)","background-image":"","background-repeat":"repeat","background-position":"center center","background-size":"auto","background-attachment":"scroll","background-type":"","background-media":"","overlay-type":"","overlay-color":"","overlay-opacity":"","overlay-gradient":""},"mobile":{"background-color":"var(--ast-global-color-5)","background-image":"","background-repeat":"repeat","background-position":"center center","background-size":"auto","background-attachment":"scroll","background-type":"","background-media":"","overlay-type":"","overlay-color":"","overlay-opacity":"","overlay-gradient":""}}},"product_cat":[2671,2618],"product_tag":[],"class_list":{"0":"post-2001329","1":"product","2":"type-product","3":"status-publish","4":"has-post-thumbnail","6":"product_cat-2671","7":"product_cat-colectii-anuale","8":"desktop-align-left","9":"tablet-align-left","10":"mobile-align-left","12":"first","13":"outofstock","14":"taxable","15":"shipping-taxable","16":"product-type-grouped"},"_links":{"self":[{"href":"https:\/\/magazin.romfilatelia.ro\/index.php?rest_route=\/wp\/v2\/product\/2001329"}],"collection":[{"href":"https:\/\/magazin.romfilatelia.ro\/index.php?rest_route=\/wp\/v2\/product"}],"about":[{"href":"https:\/\/magazin.romfilatelia.ro\/index.php?rest_route=\/wp\/v2\/types\/product"}],"wp:featuredmedia":[{"embeddable":true,"href":"https:\/\/magazin.romfilatelia.ro\/index.php?rest_route=\/wp\/v2\/media\/2058275"}],"wp:attachment":[{"href":"https:\/\/magazin.romfilatelia.ro\/index.php?rest_route=%2Fwp%2Fv2%2Fmedia&parent=2001329"}],"wp:term":[{"taxonomy":"product_cat","embeddable":true,"href":"https:\/\/magazin.romfilatelia.ro\/index.php?rest_route=%2Fwp%2Fv2%2Fproduct_cat&post=2001329"},{"taxonomy":"product_tag","embeddable":true,"href":"https:\/\/magazin.romfilatelia.ro\/index.php?rest_route=%2Fwp%2Fv2%2Fproduct_tag&post=2001329"}],"curies":[{"name":"wp","href":"https:\/\/api.w.org\/{rel}","templated":true}]}}