{"id":2001507,"date":"2005-05-09T14:56:12","date_gmt":"2005-05-09T12:56:12","guid":{"rendered":"https:\/\/magazin.romfilatelia.ro\/?post_type=product&#038;p=2001507"},"modified":"2024-11-05T15:23:50","modified_gmt":"2024-11-05T13:23:50","slug":"europa-2005-gastronomie","status":"publish","type":"product","link":"https:\/\/magazin.romfilatelia.ro\/?product=europa-2005-gastronomie","title":{"rendered":"EUROPA 2005 \u2013 Gastronomie"},"content":{"rendered":"<p><a href=\"http:\/\/romfilatelia.ro\/magazin\/wp-content\/uploads\/2005\/05\/BLOCGASTRONOMIA.jpg\"><img fetchpriority=\"high\" decoding=\"async\" class=\"size-medium wp-image-2005281 alignleft\" src=\"http:\/\/romfilatelia.ro\/magazin\/wp-content\/uploads\/2005\/05\/BLOCGASTRONOMIA-300x232.jpg\" alt=\"BLOCGASTRONOMIA\" width=\"300\" height=\"232\" \/><\/a>Romfilatelia, societate specializat\u0103 \u00een emiterea \u0219i comercializarea m\u0103rcilor po\u0219tale rom\u00e2ne\u0219ti, lanseaz\u0103 cu ocazia Zilei Europei o emisiune filatelic\u0103 intitulat\u0103 EUROPA 2005 &#8211; Gastronomie.<br \/>\nPrimul pas important \u00een evolu\u021bia gastronomiei a fost f\u0103cut atunci c\u00e2nd omul primitiv, \u00eentors de la v\u00e2n\u0103toare, a g\u0103tit primul fel de m\u00e2ncare la focul de-abia descoperit.<br \/>\nPrimele picturi rupestre care ilustreaz\u0103 \u00eenceputurile gastronomiei, pot fi admirate \u0219i ast\u0103zi \u00een pe\u0219tera \u201cLes Trois Fr\u00e8res\u201c, la Ari\u00e8ge, \u00een sudul Fran\u021bei.<br \/>\nOdat\u0103 cu dezvoltarea societ\u0103\u021bii umane \u0219i apari\u021bia popoarelor, gastronomia s-a diversificat \u00een func\u021bie de zon\u0103 \u0219i cultur\u0103. Fiecare \u021bar\u0103 a ad\u0103ugat specificul s\u0103u na\u021bional, \u00eembog\u0103\u021bind \u0219i ridic\u00e2nd gastronomia la rang de art\u0103.<br \/>\n\u00cen zilele noastre cultivarea artei culinare a ajuns la un rafinament deosebit, ast\u0103zi \u00een lume av\u00e2nd loc nenum\u0103rate concursuri interna\u021bionale de anvergur\u0103 \u00een acest domeniu.<br \/>\nCompozi\u021bia grafic\u0103 a celor dou\u0103 timbre reprezint\u0103 o metafor\u0103 a v\u00e2n\u0103torii combinat\u0103 cu rafinamentul prepar\u0103rii \u0219i servirii bucatelor.<br \/>\nAstfel, timbrul cu valoarea nominal\u0103 de 21.000 lei prezint\u0103 \u00eentr-o compozi\u021bie grafic\u0103 original\u0103 o scen\u0103 de v\u00e2n\u0103toare c\u0103lare \u0219i m\u00e2ncarea g\u0103tit\u0103 din v\u00e2nat, totul fiind desf\u0103\u0219urat pe fundalul unei h\u0103r\u021bi a vechii Dacii, teritoriul locuit \u00een antichitate de c\u0103tre geto-daci, str\u0103mo\u0219ii rom\u00e2nilor.<br \/>\n\u00centr-un mod asem\u0103n\u0103tor, artistul plastic a conceput \u0219i ilustra\u021bia celui de-al doilea timbru, cu valoarea nominal\u0103 de 77.000 lei reprezent\u00e2nd, de aceast\u0103 dat\u0103, un c\u00e2ine de v\u00e2n\u0103toare ce poart\u0103 v\u00e2natul \u0219i, al\u0103turat, modul de preparare \u0219i prezentare a acestuia.<\/p>\n<p>Data Aparitie:2005-05-09<\/p>\n","protected":false},"excerpt":{"rendered":"<p>Romfilatelia, societate specializat\u0103 \u00een emiterea \u0219i comercializarea m\u0103rcilor po\u0219tale rom\u00e2ne\u0219ti, lanseaz\u0103 cu ocazia Zilei Europei o emisiune filatelic\u0103 intitulat\u0103 EUROPA [&hellip;]<\/p>\n","protected":false},"featured_media":2058354,"template":"","meta":{"site-sidebar-layout":"default","site-content-layout":"","ast-site-content-layout":"","site-content-style":"default","site-sidebar-style":"default","ast-global-header-display":"","ast-banner-title-visibility":"","ast-main-header-display":"","ast-hfb-above-header-display":"","ast-hfb-below-header-display":"","ast-hfb-mobile-header-display":"","site-post-title":"","ast-breadcrumbs-content":"","ast-featured-img":"","footer-sml-layout":"","theme-transparent-header-meta":"","adv-header-id-meta":"","stick-header-meta":"","header-above-stick-meta":"","header-main-stick-meta":"","header-below-stick-meta":"","astra-migrate-meta-layouts":"default","ast-page-background-enabled":"default","ast-page-background-meta":{"desktop":{"background-color":"var(--ast-global-color-4)","background-image":"","background-repeat":"repeat","background-position":"center center","background-size":"auto","background-attachment":"scroll","background-type":"","background-media":"","overlay-type":"","overlay-color":"","overlay-opacity":"","overlay-gradient":""},"tablet":{"background-color":"","background-image":"","background-repeat":"repeat","background-position":"center center","background-size":"auto","background-attachment":"scroll","background-type":"","background-media":"","overlay-type":"","overlay-color":"","overlay-opacity":"","overlay-gradient":""},"mobile":{"background-color":"","background-image":"","background-repeat":"repeat","background-position":"center center","background-size":"auto","background-attachment":"scroll","background-type":"","background-media":"","overlay-type":"","overlay-color":"","overlay-opacity":"","overlay-gradient":""}},"ast-content-background-meta":{"desktop":{"background-color":"var(--ast-global-color-5)","background-image":"","background-repeat":"repeat","background-position":"center center","background-size":"auto","background-attachment":"scroll","background-type":"","background-media":"","overlay-type":"","overlay-color":"","overlay-opacity":"","overlay-gradient":""},"tablet":{"background-color":"var(--ast-global-color-5)","background-image":"","background-repeat":"repeat","background-position":"center center","background-size":"auto","background-attachment":"scroll","background-type":"","background-media":"","overlay-type":"","overlay-color":"","overlay-opacity":"","overlay-gradient":""},"mobile":{"background-color":"var(--ast-global-color-5)","background-image":"","background-repeat":"repeat","background-position":"center center","background-size":"auto","background-attachment":"scroll","background-type":"","background-media":"","overlay-type":"","overlay-color":"","overlay-opacity":"","overlay-gradient":""}}},"product_cat":[2673,2618],"product_tag":[2705],"class_list":{"0":"post-2001507","1":"product","2":"type-product","3":"status-publish","4":"has-post-thumbnail","6":"product_cat-2673","7":"product_cat-colectii-anuale","8":"product_tag-x_new","9":"desktop-align-left","10":"tablet-align-left","11":"mobile-align-left","13":"first","14":"instock","15":"taxable","16":"shipping-taxable","17":"product-type-grouped"},"_links":{"self":[{"href":"https:\/\/magazin.romfilatelia.ro\/index.php?rest_route=\/wp\/v2\/product\/2001507"}],"collection":[{"href":"https:\/\/magazin.romfilatelia.ro\/index.php?rest_route=\/wp\/v2\/product"}],"about":[{"href":"https:\/\/magazin.romfilatelia.ro\/index.php?rest_route=\/wp\/v2\/types\/product"}],"wp:featuredmedia":[{"embeddable":true,"href":"https:\/\/magazin.romfilatelia.ro\/index.php?rest_route=\/wp\/v2\/media\/2058354"}],"wp:attachment":[{"href":"https:\/\/magazin.romfilatelia.ro\/index.php?rest_route=%2Fwp%2Fv2%2Fmedia&parent=2001507"}],"wp:term":[{"taxonomy":"product_cat","embeddable":true,"href":"https:\/\/magazin.romfilatelia.ro\/index.php?rest_route=%2Fwp%2Fv2%2Fproduct_cat&post=2001507"},{"taxonomy":"product_tag","embeddable":true,"href":"https:\/\/magazin.romfilatelia.ro\/index.php?rest_route=%2Fwp%2Fv2%2Fproduct_tag&post=2001507"}],"curies":[{"name":"wp","href":"https:\/\/api.w.org\/{rel}","templated":true}]}}