{"id":2001513,"date":"2005-02-24T14:49:23","date_gmt":"2005-02-24T12:49:23","guid":{"rendered":"https:\/\/magazin.romfilatelia.ro\/?post_type=product&#038;p=2001513"},"modified":"2024-11-05T15:23:52","modified_gmt":"2024-11-05T13:23:52","slug":"ceramica-romaneasca","status":"publish","type":"product","link":"https:\/\/magazin.romfilatelia.ro\/?product=ceramica-romaneasca","title":{"rendered":"Ceramic\u0103 Rom\u00e2neasc\u0103"},"content":{"rendered":"<p><a href=\"http:\/\/romfilatelia.ro\/magazin\/wp-content\/uploads\/2005\/02\/ceramicatimbre.jpg\"><img decoding=\"async\" class=\"size-medium wp-image-2005327 alignleft\" src=\"http:\/\/romfilatelia.ro\/magazin\/wp-content\/uploads\/2005\/02\/ceramicatimbre-300x91.jpg\" alt=\"ceramicatimbre\" width=\"300\" height=\"91\" \/><\/a>Romfilatelia, societate specializata \u00een emiterea si comercializarea marcilor postale rom\u00e2nesti, va pune \u00een circulatie o serie de timbre uzuale ce reprezinta obiecte de ceramica rom\u00e2neasca.<br \/>\nOlaritul este unul dintre cele mai vechi mestesuguri din lume.<br \/>\n\u00cenca din timpuri stravechi el a simbolizat tot ce era legat de viata spirituala.<br \/>\nDe-a lungul timpului, olaritul a evoluat \u00een cadrul societatilor ce aveau un model sacralizat al lumii, arta realizarii vaselor ceramice fiind, \u00een general, transmisa din tata \u00een fiu, de mii de generatii.<br \/>\nMestesugul olaritului pe teritoriul Rom\u00e2niei dateaza aproximativ din mileniul VI \u00ee.e.n..<br \/>\nPrin forma, proportii, decor si cromatica, ulcioarele exprima inventivitatea tehnica si inspiratia olarilor care au adaptat influentele greco-romane si, mai t\u00e2rziu, ale populatiilor migratoare, dar au pastrat specificul arealului rom\u00e2nesc.<br \/>\nSimbolurile folosite sunt cele solare cum ar fi capul stilizat de berbec sau calul \u00eenaripat, iar sarpele reprezentat \u00een spirala fiind simbolul evolutiei cosmice pozitive.<br \/>\nObiectele de ceramica au \u00eensotit comunitatile umane de-a lungul mileniilor, fiind prezente la toate manifestarile de spiritualitate ale poporuluirom\u00e2n.<br \/>\nCeramica, \u00een ansamblul ei, prin formele si simbolurile reproduse, reprezinta o deschidere si o invitatie sufleteasca spre orizonturile mistice ale culturii ancestrale.<br \/>\nTimbrul cu valoare nominala de 3000 lei reprezinta un ulcior de nunta din zona Oboga Olt.<br \/>\nTimbrul cu valoarea nominala de 5000 lei reprezinta ceramica din zona Sacel Maramures.<br \/>\nTimbrul cu valoare nominala de 12 000 lei reprezinta cunoscuta ceramica din zona Horezu- V\u00e2lcea.<br \/>\nTimbrul cu valoare nominala de 16 000 lei reprezinta un alt ulcior de nunta,de asta data, din Corund Harghita.<br \/>\nSplendidele vase ceramice reproduse pe timbre fac parte din colectia Muzeului<\/p>\n<p>Data Aparitie:2005-02-24<\/p>\n","protected":false},"excerpt":{"rendered":"<p>Romfilatelia, societate specializata \u00een emiterea si comercializarea marcilor postale rom\u00e2nesti, va pune \u00een circulatie o serie de timbre uzuale ce [&hellip;]<\/p>\n","protected":false},"featured_media":2058360,"template":"","meta":{"site-sidebar-layout":"default","site-content-layout":"","ast-site-content-layout":"","site-content-style":"default","site-sidebar-style":"default","ast-global-header-display":"","ast-banner-title-visibility":"","ast-main-header-display":"","ast-hfb-above-header-display":"","ast-hfb-below-header-display":"","ast-hfb-mobile-header-display":"","site-post-title":"","ast-breadcrumbs-content":"","ast-featured-img":"","footer-sml-layout":"","theme-transparent-header-meta":"","adv-header-id-meta":"","stick-header-meta":"","header-above-stick-meta":"","header-main-stick-meta":"","header-below-stick-meta":"","astra-migrate-meta-layouts":"default","ast-page-background-enabled":"default","ast-page-background-meta":{"desktop":{"background-color":"var(--ast-global-color-4)","background-image":"","background-repeat":"repeat","background-position":"center center","background-size":"auto","background-attachment":"scroll","background-type":"","background-media":"","overlay-type":"","overlay-color":"","overlay-opacity":"","overlay-gradient":""},"tablet":{"background-color":"","background-image":"","background-repeat":"repeat","background-position":"center center","background-size":"auto","background-attachment":"scroll","background-type":"","background-media":"","overlay-type":"","overlay-color":"","overlay-opacity":"","overlay-gradient":""},"mobile":{"background-color":"","background-image":"","background-repeat":"repeat","background-position":"center center","background-size":"auto","background-attachment":"scroll","background-type":"","background-media":"","overlay-type":"","overlay-color":"","overlay-opacity":"","overlay-gradient":""}},"ast-content-background-meta":{"desktop":{"background-color":"var(--ast-global-color-5)","background-image":"","background-repeat":"repeat","background-position":"center center","background-size":"auto","background-attachment":"scroll","background-type":"","background-media":"","overlay-type":"","overlay-color":"","overlay-opacity":"","overlay-gradient":""},"tablet":{"background-color":"var(--ast-global-color-5)","background-image":"","background-repeat":"repeat","background-position":"center center","background-size":"auto","background-attachment":"scroll","background-type":"","background-media":"","overlay-type":"","overlay-color":"","overlay-opacity":"","overlay-gradient":""},"mobile":{"background-color":"var(--ast-global-color-5)","background-image":"","background-repeat":"repeat","background-position":"center center","background-size":"auto","background-attachment":"scroll","background-type":"","background-media":"","overlay-type":"","overlay-color":"","overlay-opacity":"","overlay-gradient":""}}},"product_cat":[2673,2618],"product_tag":[2705],"class_list":{"0":"post-2001513","1":"product","2":"type-product","3":"status-publish","4":"has-post-thumbnail","6":"product_cat-2673","7":"product_cat-colectii-anuale","8":"product_tag-x_new","9":"desktop-align-left","10":"tablet-align-left","11":"mobile-align-left","13":"first","14":"outofstock","15":"taxable","16":"shipping-taxable","17":"product-type-grouped"},"_links":{"self":[{"href":"https:\/\/magazin.romfilatelia.ro\/index.php?rest_route=\/wp\/v2\/product\/2001513"}],"collection":[{"href":"https:\/\/magazin.romfilatelia.ro\/index.php?rest_route=\/wp\/v2\/product"}],"about":[{"href":"https:\/\/magazin.romfilatelia.ro\/index.php?rest_route=\/wp\/v2\/types\/product"}],"wp:featuredmedia":[{"embeddable":true,"href":"https:\/\/magazin.romfilatelia.ro\/index.php?rest_route=\/wp\/v2\/media\/2058360"}],"wp:attachment":[{"href":"https:\/\/magazin.romfilatelia.ro\/index.php?rest_route=%2Fwp%2Fv2%2Fmedia&parent=2001513"}],"wp:term":[{"taxonomy":"product_cat","embeddable":true,"href":"https:\/\/magazin.romfilatelia.ro\/index.php?rest_route=%2Fwp%2Fv2%2Fproduct_cat&post=2001513"},{"taxonomy":"product_tag","embeddable":true,"href":"https:\/\/magazin.romfilatelia.ro\/index.php?rest_route=%2Fwp%2Fv2%2Fproduct_tag&post=2001513"}],"curies":[{"name":"wp","href":"https:\/\/api.w.org\/{rel}","templated":true}]}}