{"id":2001517,"date":"2005-01-20T14:47:52","date_gmt":"2005-01-20T12:47:52","guid":{"rendered":"https:\/\/magazin.romfilatelia.ro\/?post_type=product&#038;p=2001517"},"modified":"2024-11-05T15:23:52","modified_gmt":"2024-11-05T13:23:52","slug":"personalitati-aniversari-comemorari-2005-i","status":"publish","type":"product","link":"https:\/\/magazin.romfilatelia.ro\/?product=personalitati-aniversari-comemorari-2005-i","title":{"rendered":"Personalitati Anivers\u0103ri &#8211; Comemor\u0103ri 2005 (I)"},"content":{"rendered":"<p><a href=\"http:\/\/romfilatelia.ro\/magazin\/wp-content\/uploads\/2005\/01\/personalitati.gif\"><img fetchpriority=\"high\" decoding=\"async\" class=\"alignleft wp-image-2005337 \" src=\"http:\/\/romfilatelia.ro\/magazin\/wp-content\/uploads\/2005\/01\/personalitati.gif\" alt=\"personalitati\" width=\"590\" height=\"105\" \/><\/a>Romfilatelia, societate specializat\u0103 \u00een emiterea \u0219i comercializarea m\u0103rcilor po\u0219tale \u00een Rom\u00e2nia, lanseaz\u00e3 prima parte a seriei de m\u0103rci po\u0219tale dedicat\u0103 unor importante personalit\u0103\u021bi de notorietate mondial\u0103.<br \/>\nCele cinci timbre sunt dedicate urm\u0103toarelor personalit\u0103\u021bi:<br \/>\nGreta Garbo (1905 &#8211; 1990) &#8211; celebritate feminin\u0103 din lumea filmului secolului XX. Rolurile din filmele \u201cGrand Hotel\u201c, \u201cMata Hari\u201c \u0219i \u201cAnna Karennina\u201c o consacr\u0103 definitiv \u00een galeria de aur a cinematografiei mondiale.<br \/>\nHenry Fonda (1905 &#8211; 1982) &#8211; fondator al \u201cdinastiei Fonda\u201d din cinematografia american\u0103, a fost actorul care a abordat toate genurile de film, de la western la dram\u0103, de la film istoric la comedie.<br \/>\nChristian Dior (1905 &#8211; 1957) &#8211; celebru designer vestimentar, creator al parfumului ce-i poart\u0103 numele. Este cel care, prin crea\u021biile sale, a dat tonul unei noi \u00eenf\u0103\u021bi\u0219\u0103ri modei interna\u021bionale.<br \/>\nGeorge Valentin Bibescu (1880 &#8211; 1941) &#8211; ilustr\u0103 personalitate rom\u00e2neasc\u0103 a primilor patruzeci de ani ai secolului trecut, recunoscut\u0103 pe plan mondial.<br \/>\nPre\u0219edinte al Automobil Club Rom\u00e2n \u00eenc\u0103 de la \u00eenfiin\u021bare, a fost \u0219i timp de 11 ani, pre\u0219edinte al Federa\u021biei Aeronautice Interna\u021bionale.<br \/>\nGheorghe Magheru (1804 &#8211; 1880) &#8211; general \u0219i om politic rom\u00e2n, a fost unul dintre conduc\u0103torii Revolu\u021biei de la 1848 din \u021aara Rom\u00e2neasc\u0103.<br \/>\nData Aparitie:2005-01-20<\/p>\n","protected":false},"excerpt":{"rendered":"<p>Romfilatelia, societate specializat\u0103 \u00een emiterea \u0219i comercializarea m\u0103rcilor po\u0219tale \u00een Rom\u00e2nia, lanseaz\u00e3 prima parte a seriei de m\u0103rci po\u0219tale dedicat\u0103 [&hellip;]<\/p>\n","protected":false},"featured_media":2058364,"template":"","meta":{"site-sidebar-layout":"default","site-content-layout":"","ast-site-content-layout":"","site-content-style":"default","site-sidebar-style":"default","ast-global-header-display":"","ast-banner-title-visibility":"","ast-main-header-display":"","ast-hfb-above-header-display":"","ast-hfb-below-header-display":"","ast-hfb-mobile-header-display":"","site-post-title":"","ast-breadcrumbs-content":"","ast-featured-img":"","footer-sml-layout":"","theme-transparent-header-meta":"","adv-header-id-meta":"","stick-header-meta":"","header-above-stick-meta":"","header-main-stick-meta":"","header-below-stick-meta":"","astra-migrate-meta-layouts":"default","ast-page-background-enabled":"default","ast-page-background-meta":{"desktop":{"background-color":"var(--ast-global-color-4)","background-image":"","background-repeat":"repeat","background-position":"center center","background-size":"auto","background-attachment":"scroll","background-type":"","background-media":"","overlay-type":"","overlay-color":"","overlay-opacity":"","overlay-gradient":""},"tablet":{"background-color":"","background-image":"","background-repeat":"repeat","background-position":"center center","background-size":"auto","background-attachment":"scroll","background-type":"","background-media":"","overlay-type":"","overlay-color":"","overlay-opacity":"","overlay-gradient":""},"mobile":{"background-color":"","background-image":"","background-repeat":"repeat","background-position":"center center","background-size":"auto","background-attachment":"scroll","background-type":"","background-media":"","overlay-type":"","overlay-color":"","overlay-opacity":"","overlay-gradient":""}},"ast-content-background-meta":{"desktop":{"background-color":"var(--ast-global-color-5)","background-image":"","background-repeat":"repeat","background-position":"center center","background-size":"auto","background-attachment":"scroll","background-type":"","background-media":"","overlay-type":"","overlay-color":"","overlay-opacity":"","overlay-gradient":""},"tablet":{"background-color":"var(--ast-global-color-5)","background-image":"","background-repeat":"repeat","background-position":"center center","background-size":"auto","background-attachment":"scroll","background-type":"","background-media":"","overlay-type":"","overlay-color":"","overlay-opacity":"","overlay-gradient":""},"mobile":{"background-color":"var(--ast-global-color-5)","background-image":"","background-repeat":"repeat","background-position":"center center","background-size":"auto","background-attachment":"scroll","background-type":"","background-media":"","overlay-type":"","overlay-color":"","overlay-opacity":"","overlay-gradient":""}}},"product_cat":[2673,2618],"product_tag":[2705],"class_list":{"0":"post-2001517","1":"product","2":"type-product","3":"status-publish","4":"has-post-thumbnail","6":"product_cat-2673","7":"product_cat-colectii-anuale","8":"product_tag-x_new","9":"desktop-align-left","10":"tablet-align-left","11":"mobile-align-left","13":"first","14":"instock","15":"taxable","16":"shipping-taxable","17":"product-type-grouped"},"_links":{"self":[{"href":"https:\/\/magazin.romfilatelia.ro\/index.php?rest_route=\/wp\/v2\/product\/2001517"}],"collection":[{"href":"https:\/\/magazin.romfilatelia.ro\/index.php?rest_route=\/wp\/v2\/product"}],"about":[{"href":"https:\/\/magazin.romfilatelia.ro\/index.php?rest_route=\/wp\/v2\/types\/product"}],"wp:featuredmedia":[{"embeddable":true,"href":"https:\/\/magazin.romfilatelia.ro\/index.php?rest_route=\/wp\/v2\/media\/2058364"}],"wp:attachment":[{"href":"https:\/\/magazin.romfilatelia.ro\/index.php?rest_route=%2Fwp%2Fv2%2Fmedia&parent=2001517"}],"wp:term":[{"taxonomy":"product_cat","embeddable":true,"href":"https:\/\/magazin.romfilatelia.ro\/index.php?rest_route=%2Fwp%2Fv2%2Fproduct_cat&post=2001517"},{"taxonomy":"product_tag","embeddable":true,"href":"https:\/\/magazin.romfilatelia.ro\/index.php?rest_route=%2Fwp%2Fv2%2Fproduct_tag&post=2001517"}],"curies":[{"name":"wp","href":"https:\/\/api.w.org\/{rel}","templated":true}]}}