{"id":2001518,"date":"2004-12-15T14:37:03","date_gmt":"2004-12-15T12:37:03","guid":{"rendered":"https:\/\/magazin.romfilatelia.ro\/?post_type=product&#038;p=2001518"},"modified":"2024-11-05T14:41:15","modified_gmt":"2024-11-05T12:41:15","slug":"sportivi-de-aur-ai-romaniei","status":"publish","type":"product","link":"https:\/\/magazin.romfilatelia.ro\/?product=sportivi-de-aur-ai-romaniei","title":{"rendered":"Sportivi &#8222;de aur&#8221; ai Rom\u00e2niei"},"content":{"rendered":"<p><a href=\"http:\/\/romfilatelia.ro\/magazin\/wp-content\/uploads\/2004\/12\/Sportivideaur.jpg\"><img decoding=\"async\" class=\" wp-image-2005402 alignleft\" src=\"http:\/\/romfilatelia.ro\/magazin\/wp-content\/uploads\/2004\/12\/Sportivideaur-300x102.jpg\" alt=\"Sportivideaur\" width=\"365\" height=\"124\" \/><\/a>Rom\u00e2nia, o \u021bar\u0103, uneori, uitat\u0103 \u00eentre Dun\u0103re, Carpa\u021bi \u0219i Marea Neagr\u0103.<br \/>\nRom\u00e2nia, uneori, un capriciu al istoriei.<br \/>\nRom\u00e2nii au f\u0103cut \u00eens\u0103 istorie. Iar istoria are nevoie de ambasadori \u00een toate domeniile. \u0218i poate, mai ales, \u00een sport.<br \/>\nC\u00e2nd spunem Rom\u00e2nia, ne g\u00e2ndim la \u201cb\u0103tr\u00e2nul lup de la Dun\u0103re\u201c, la \u201cPas\u0103rea flamingo din Carpa\u021bi\u201c sau la \u201ceterna\u201d Elisabeta Lip\u0103.<br \/>\nRom\u00e2nia, cu astfel de sportivi, o \u021bar\u0103, un miracol \u00eentre Dun\u0103re, Carpa\u021bi \u0219i Marea Neagr\u0103.Rom\u00e2nia, o \u021bar\u0103, uneori, uitat\u0103 \u00eentre Dun\u0103re, Carpa\u021bi \u0219i Marea Neagr\u0103.<br \/>\nRom\u00e2nia, uneori, un capriciu al istoriei.<br \/>\nRom\u00e2nii au f\u0103cut \u00eens\u0103 istorie. Iar istoria are nevoie de ambasadori \u00een toate domeniile. \u0218i poate, mai ales, \u00een sport.<br \/>\nC\u00e2nd spunem Rom\u00e2nia, ne g\u00e2ndim la \u201cb\u0103tr\u00e2nul lup de la Dun\u0103re\u201c, la \u201cPas\u0103rea flamingo din Carpa\u021bi\u201c sau la \u201ceterna\u201d Elisabeta Lip\u0103.<br \/>\nRom\u00e2nia, cu astfel de sportivi, o \u021bar\u0103, un miracol \u00eentre Dun\u0103re, Carpa\u021bi \u0219i Marea Neagr\u0103.<\/p>\n<p>Ivan Patzaichin<br \/>\nDelta Dun\u0103rii \u2013 locul unde \u00een pove\u0219tile pesc\u0103re\u0219ti se vorbe\u0219te adesea de mon\u0219tri marini.<br \/>\nDelta Dun\u0103rii, locul unde s-a n\u0103scut un monstru&#8230; (dar) sacru al sportului rom\u00e2nesc \u2013 Ivan Pa\u021baichin.<br \/>\n\u0218i imagina\u021bi-v\u0103 cum, ascult\u00e2nd \u201cValurile Dun\u0103rii\u201d, pe apa b\u0103tr\u00e2nului Danubiu, plutesc caiace pline cu aurul olimpic adus de Ivan Pa\u021baichin.<\/p>\n<p>Iolanda Bala\u0219 S\u00f6ter<br \/>\nAtunci c\u00e2nd zboar\u0103 o Libelul\u0103, parc\u0103 str\u0103bate goluri de aer\u2026<br \/>\nAtunci c\u00e2nd alearg\u0103 o C\u0103prioar\u0103, parc\u0103 sare peste gropi \u0219i h\u0103\u021bi\u0219uri\u2026<br \/>\nAtunci c\u00e2nd plute\u0219te lin o Pas\u0103re Flamingo, parc\u0103 trece peste Carpa\u021bi, r\u0103s\u0103ri\u021bi ca o \u0219tachet\u0103 \u00eenainte-i\u2026<br \/>\nDar atunci c\u00e2nd se \u00eendreapt\u0103 spre \u00eenalt o mare campioan\u0103, \u201cV\u0103 rug\u0103m, p\u0103stra\u021bi lini\u0219te! Sare Iolanda Bala\u0219!\u201d<\/p>\n<p>Elisabeta Lip\u0103<br \/>\nLa prima \u2013 a fost \u00eenceputul.<br \/>\nLa a doua \u2013 a lic\u0103rit speran\u021ba.<br \/>\nLa a treia \u2013 a devenit certitudine.<br \/>\nLa a patra \u2013 deja ne-am obi\u0219nuit.<br \/>\nLa a cincea \u2013 vorbim de un record.<br \/>\nLa a \u0219asea \u2013 acum este legend\u0103.<br \/>\nPentru canotajul mondial al secolului XX, cuv\u00e2ntul \u201csuprem\u201d are o singur\u0103 conota\u021bie: Elisabeta Lip\u0103.<br \/>\nLa a \u0219aptea \u2013 va fi prezent\u0103 la Olimpiad\u0103; va fi din nou ce-a fost, poate mai mult, iar pentru noi, mereu, etern\u0103.<br \/>\nData Aparitie:2004-12-15<\/p>\n","protected":false},"excerpt":{"rendered":"<p>Rom\u00e2nia, o \u021bar\u0103, uneori, uitat\u0103 \u00eentre Dun\u0103re, Carpa\u021bi \u0219i Marea Neagr\u0103. Rom\u00e2nia, uneori, un capriciu al istoriei. Rom\u00e2nii au f\u0103cut [&hellip;]<\/p>\n","protected":false},"featured_media":2058365,"template":"","meta":{"site-sidebar-layout":"default","site-content-layout":"","ast-site-content-layout":"","site-content-style":"default","site-sidebar-style":"default","ast-global-header-display":"","ast-banner-title-visibility":"","ast-main-header-display":"","ast-hfb-above-header-display":"","ast-hfb-below-header-display":"","ast-hfb-mobile-header-display":"","site-post-title":"","ast-breadcrumbs-content":"","ast-featured-img":"","footer-sml-layout":"","theme-transparent-header-meta":"","adv-header-id-meta":"","stick-header-meta":"","header-above-stick-meta":"","header-main-stick-meta":"","header-below-stick-meta":"","astra-migrate-meta-layouts":"default","ast-page-background-enabled":"default","ast-page-background-meta":{"desktop":{"background-color":"var(--ast-global-color-4)","background-image":"","background-repeat":"repeat","background-position":"center center","background-size":"auto","background-attachment":"scroll","background-type":"","background-media":"","overlay-type":"","overlay-color":"","overlay-opacity":"","overlay-gradient":""},"tablet":{"background-color":"","background-image":"","background-repeat":"repeat","background-position":"center center","background-size":"auto","background-attachment":"scroll","background-type":"","background-media":"","overlay-type":"","overlay-color":"","overlay-opacity":"","overlay-gradient":""},"mobile":{"background-color":"","background-image":"","background-repeat":"repeat","background-position":"center center","background-size":"auto","background-attachment":"scroll","background-type":"","background-media":"","overlay-type":"","overlay-color":"","overlay-opacity":"","overlay-gradient":""}},"ast-content-background-meta":{"desktop":{"background-color":"var(--ast-global-color-5)","background-image":"","background-repeat":"repeat","background-position":"center center","background-size":"auto","background-attachment":"scroll","background-type":"","background-media":"","overlay-type":"","overlay-color":"","overlay-opacity":"","overlay-gradient":""},"tablet":{"background-color":"var(--ast-global-color-5)","background-image":"","background-repeat":"repeat","background-position":"center center","background-size":"auto","background-attachment":"scroll","background-type":"","background-media":"","overlay-type":"","overlay-color":"","overlay-opacity":"","overlay-gradient":""},"mobile":{"background-color":"var(--ast-global-color-5)","background-image":"","background-repeat":"repeat","background-position":"center center","background-size":"auto","background-attachment":"scroll","background-type":"","background-media":"","overlay-type":"","overlay-color":"","overlay-opacity":"","overlay-gradient":""}}},"product_cat":[2663,2618],"product_tag":[2705],"class_list":{"0":"post-2001518","1":"product","2":"type-product","3":"status-publish","4":"has-post-thumbnail","6":"product_cat-2663","7":"product_cat-colectii-anuale","8":"product_tag-x_new","9":"desktop-align-left","10":"tablet-align-left","11":"mobile-align-left","13":"first","14":"instock","15":"taxable","16":"shipping-taxable","17":"product-type-grouped"},"_links":{"self":[{"href":"https:\/\/magazin.romfilatelia.ro\/index.php?rest_route=\/wp\/v2\/product\/2001518"}],"collection":[{"href":"https:\/\/magazin.romfilatelia.ro\/index.php?rest_route=\/wp\/v2\/product"}],"about":[{"href":"https:\/\/magazin.romfilatelia.ro\/index.php?rest_route=\/wp\/v2\/types\/product"}],"wp:featuredmedia":[{"embeddable":true,"href":"https:\/\/magazin.romfilatelia.ro\/index.php?rest_route=\/wp\/v2\/media\/2058365"}],"wp:attachment":[{"href":"https:\/\/magazin.romfilatelia.ro\/index.php?rest_route=%2Fwp%2Fv2%2Fmedia&parent=2001518"}],"wp:term":[{"taxonomy":"product_cat","embeddable":true,"href":"https:\/\/magazin.romfilatelia.ro\/index.php?rest_route=%2Fwp%2Fv2%2Fproduct_cat&post=2001518"},{"taxonomy":"product_tag","embeddable":true,"href":"https:\/\/magazin.romfilatelia.ro\/index.php?rest_route=%2Fwp%2Fv2%2Fproduct_tag&post=2001518"}],"curies":[{"name":"wp","href":"https:\/\/api.w.org\/{rel}","templated":true}]}}