{"id":2001645,"date":"2005-12-12T15:14:45","date_gmt":"2005-12-12T13:14:45","guid":{"rendered":"https:\/\/magazin.romfilatelia.ro\/?post_type=product&#038;p=2001645"},"modified":"2024-11-05T15:23:55","modified_gmt":"2024-11-05T13:23:55","slug":"artisti-romani-contemporani","status":"publish","type":"product","link":"https:\/\/magazin.romfilatelia.ro\/?product=artisti-romani-contemporani","title":{"rendered":"Arti\u0219ti Rom\u00e2ni Contemporani"},"content":{"rendered":"<p><a href=\"http:\/\/romfilatelia.ro\/magazin\/wp-content\/uploads\/2005\/12\/ARTCONT.jpg\"><img decoding=\"async\" class=\"size-medium wp-image-2005184 alignleft\" src=\"http:\/\/romfilatelia.ro\/magazin\/wp-content\/uploads\/2005\/12\/ARTCONT-300x54.jpg\" alt=\"ARTCONT\" width=\"300\" height=\"54\" \/><\/a>Romfilatelia introduce \u00een circuitul po\u0219tal emisiunea de timbre Arti\u0219ti rom\u00e2ni contemporani.<br \/>\nImaginea artei rom\u00e2ne\u0219ti, a artei mai vechi sau mai noi, nu este, \u00een mod strict, ceea ce am \u00eenv\u0103\u021bat, citit sau auzit.<br \/>\nArta contemporan\u0103 este mai complex\u0103 dar, \u00een acela\u0219i timp, \u0219i mai nuan\u021bat\u0103.<br \/>\nDac\u0103 am analiza \u00een profunzime arta rom\u00e2neasc\u0103 contemporan\u0103, am descoperi \u00een ea \u0219i Art Nouveau, Art Deco, art\u0103 simbolist oniric\u0103 dar \u0219i spiritualitate sau realism.<br \/>\nConstat\u0103m cu u\u0219urin\u021b\u0103 c\u0103 arti\u0219tii rom\u00e2ni s-au adaptat acestor curente, poate mai repede dec\u00e2t am crede \u0219i acest lucru reiese clar din examinarea lucr\u0103rilor lor.<br \/>\nAmbian\u021ba estetic\u0103 a operelor acestor arti\u0219ti, opere care sunt reproduse \u00een emisiunea de timbre, trebuie perceput\u0103 \u00een \u00eentreaga ei profunzime \u00een acela\u0219i timp cu melancolia pentru arta clasic\u0103.<br \/>\nDar iat\u0103 care sunt arti\u0219tii rom\u00e2ni contemporani ale c\u0103ror lucr\u0103ri sunt ilustrate pe m\u0103rcile po\u0219tale (fiecare cu valoarea nominal\u0103 de 1,50 Lei) ale acestei emisiuni filatelice :<br \/>\n&#8211; Virgil Preda &#8211; Inscrip\u021bii<br \/>\n&#8211; Constantin Cer\u0103ceanu &#8211; Natur\u0103 moart\u0103 cu sticl\u0103<br \/>\n&#8211; Alin Gheorghiu &#8211; Gr\u0103dina suspendat\u0103<br \/>\n&#8211; Ciprian Paleologu &#8211; Monstru 1<br \/>\nImaginea plicului \u201eprima zi\u201c prezint\u0103 lucrarea \u201eFata cu lupul\u201c al c\u0103rei autor este Daniela Chirion.<\/p>\n<p>Data Aparitie:2005-12-12<\/p>\n","protected":false},"excerpt":{"rendered":"<p>Romfilatelia introduce \u00een circuitul po\u0219tal emisiunea de timbre Arti\u0219ti rom\u00e2ni contemporani. Imaginea artei rom\u00e2ne\u0219ti, a artei mai vechi sau mai [&hellip;]<\/p>\n","protected":false},"featured_media":2058424,"template":"","meta":{"site-sidebar-layout":"default","site-content-layout":"","ast-site-content-layout":"","site-content-style":"default","site-sidebar-style":"default","ast-global-header-display":"","ast-banner-title-visibility":"","ast-main-header-display":"","ast-hfb-above-header-display":"","ast-hfb-below-header-display":"","ast-hfb-mobile-header-display":"","site-post-title":"","ast-breadcrumbs-content":"","ast-featured-img":"","footer-sml-layout":"","theme-transparent-header-meta":"","adv-header-id-meta":"","stick-header-meta":"","header-above-stick-meta":"","header-main-stick-meta":"","header-below-stick-meta":"","astra-migrate-meta-layouts":"default","ast-page-background-enabled":"default","ast-page-background-meta":{"desktop":{"background-color":"var(--ast-global-color-4)","background-image":"","background-repeat":"repeat","background-position":"center center","background-size":"auto","background-attachment":"scroll","background-type":"","background-media":"","overlay-type":"","overlay-color":"","overlay-opacity":"","overlay-gradient":""},"tablet":{"background-color":"","background-image":"","background-repeat":"repeat","background-position":"center center","background-size":"auto","background-attachment":"scroll","background-type":"","background-media":"","overlay-type":"","overlay-color":"","overlay-opacity":"","overlay-gradient":""},"mobile":{"background-color":"","background-image":"","background-repeat":"repeat","background-position":"center center","background-size":"auto","background-attachment":"scroll","background-type":"","background-media":"","overlay-type":"","overlay-color":"","overlay-opacity":"","overlay-gradient":""}},"ast-content-background-meta":{"desktop":{"background-color":"var(--ast-global-color-5)","background-image":"","background-repeat":"repeat","background-position":"center center","background-size":"auto","background-attachment":"scroll","background-type":"","background-media":"","overlay-type":"","overlay-color":"","overlay-opacity":"","overlay-gradient":""},"tablet":{"background-color":"var(--ast-global-color-5)","background-image":"","background-repeat":"repeat","background-position":"center center","background-size":"auto","background-attachment":"scroll","background-type":"","background-media":"","overlay-type":"","overlay-color":"","overlay-opacity":"","overlay-gradient":""},"mobile":{"background-color":"var(--ast-global-color-5)","background-image":"","background-repeat":"repeat","background-position":"center center","background-size":"auto","background-attachment":"scroll","background-type":"","background-media":"","overlay-type":"","overlay-color":"","overlay-opacity":"","overlay-gradient":""}}},"product_cat":[2673,2618],"product_tag":[2705],"class_list":{"0":"post-2001645","1":"product","2":"type-product","3":"status-publish","4":"has-post-thumbnail","6":"product_cat-2673","7":"product_cat-colectii-anuale","8":"product_tag-x_new","9":"desktop-align-left","10":"tablet-align-left","11":"mobile-align-left","13":"first","14":"instock","15":"taxable","16":"shipping-taxable","17":"product-type-grouped"},"_links":{"self":[{"href":"https:\/\/magazin.romfilatelia.ro\/index.php?rest_route=\/wp\/v2\/product\/2001645"}],"collection":[{"href":"https:\/\/magazin.romfilatelia.ro\/index.php?rest_route=\/wp\/v2\/product"}],"about":[{"href":"https:\/\/magazin.romfilatelia.ro\/index.php?rest_route=\/wp\/v2\/types\/product"}],"wp:featuredmedia":[{"embeddable":true,"href":"https:\/\/magazin.romfilatelia.ro\/index.php?rest_route=\/wp\/v2\/media\/2058424"}],"wp:attachment":[{"href":"https:\/\/magazin.romfilatelia.ro\/index.php?rest_route=%2Fwp%2Fv2%2Fmedia&parent=2001645"}],"wp:term":[{"taxonomy":"product_cat","embeddable":true,"href":"https:\/\/magazin.romfilatelia.ro\/index.php?rest_route=%2Fwp%2Fv2%2Fproduct_cat&post=2001645"},{"taxonomy":"product_tag","embeddable":true,"href":"https:\/\/magazin.romfilatelia.ro\/index.php?rest_route=%2Fwp%2Fv2%2Fproduct_tag&post=2001645"}],"curies":[{"name":"wp","href":"https:\/\/api.w.org\/{rel}","templated":true}]}}