{"id":2001651,"date":"2006-03-15T16:25:46","date_gmt":"2006-03-15T14:25:46","guid":{"rendered":"https:\/\/magazin.romfilatelia.ro\/?post_type=product&#038;p=2001651"},"modified":"2024-11-05T15:23:57","modified_gmt":"2024-11-05T13:23:57","slug":"sfintele-pasti-2006","status":"publish","type":"product","link":"https:\/\/magazin.romfilatelia.ro\/?product=sfintele-pasti-2006","title":{"rendered":"Sfintele Pa\u015fti 2006"},"content":{"rendered":"<p><a href=\"http:\/\/romfilatelia.ro\/magazin\/wp-content\/uploads\/2006\/03\/blocpasti.jpg\"><img fetchpriority=\"high\" decoding=\"async\" class=\"size-medium wp-image-2004957 alignleft\" src=\"http:\/\/romfilatelia.ro\/magazin\/wp-content\/uploads\/2006\/03\/blocpasti-300x300.jpg\" alt=\"blocpasti\" width=\"300\" height=\"300\" \/><\/a>Cu ocazia S\u00e3rb\u00e3torilor Pascale, Romfilatelia introduce \u00een circuitul po\u015ftal emisiunea de timbre SFINTELE PA\u0218TI.<br \/>\nAnul acesta Ziua Sf\u00e2ntului Mare Mucenic Gheorghe, Purt\u00e3torul de biruin\u0163\u00e3, se s\u00e3rb\u00e3tore\u015fte \u00een aceea\u015fi zi cu Sfintele Pa\u015fti.<br \/>\nPa\u015ftele este celebrarea \u00cenvierii lui Iisus Hristos, \u00eentemeietorul religiei cre\u015ftine, n\u00e3scut la Betleem, din Fecioara Maria. Botezat de Ioan \u015fi prezentat drept Mesia, Hristos \u015fi-a ales 12 ucenici \u015fi, timp de trei ani, \u015fi-a predicat \u00eenv\u00e3\u0163\u00e3tura \u00een Galilea \u015fi Iudeea. S-a \u00eentors apoi la Ierusalim \u015fi dup\u00e3 tr\u00e3darea lui Iuda, este judecat \u015fi condamnat la moarte pentru \u201eblasfemia\u201d de a-\u015fi fi spus Fiul lui Dumnezeu. A fost r\u00e3stignit pe Golgota, \u00eentre doi t\u00e2lhari, dup\u00e3 ce \u015fi-a dus crucea \u00een spate. Cobor\u00e2t de pe cruce \u015fi apoi \u00eenmorm\u00e2ntat, Iisus Hristos a \u00eenviat dup\u00e3 trei zile \u015fi s-a ridicat la cer dup\u00e3 alte 40.<br \/>\nUnul dintre cele mai semnificative simboluri pascale sunt ou\u00e3le ro\u015fii, a c\u00e3ror culoare simbolizeaz\u00e3 s\u00e2ngele lui Iisus care a curs pe cruce pentru m\u00e2ntuirea omenirii. Se spune c\u00e3 Fecioara Maria, la r\u00e3stignirea lui Hristos, a pus un co\u015f cu ou\u00e3 sub cruce, pentru a-i \u00eembuna pe solda\u0163ii care \u00eel p\u00e3zeau iar ou\u00e3le au fost \u00eenro\u015fite de s\u00e2ngele M\u00e2ntuitorului.<br \/>\nDup\u00e3 tradi\u0163ie, \u00een familiile cre\u015ftine, \u00een zilele de Pa\u015fti se m\u00e3n\u00e2nc\u00e3 carne de miel. Mielul \u00eel simbolizeaz\u00e3 chiar pe Iisus Hristos, care s-a jertfit pentru p\u00e3catele lumii \u015fi a murit pe cruce ca un miel nevinovat.<br \/>\nMinunatele icoane pe sticl\u00e3 ilustrate pe timbrele emisiunii sunt din \u021aara B\u00e2rsei, F\u00e3g\u00e3ra\u015f \u015fi Sibiu, realizate de iconari \u00een sec. XIX \u015fi fac parte din colec\u0163ia centenar\u00e3 a Muzeului \u021a\u00e3ranului Rom\u00e2n.<br \/>\nSfintele S\u00e3rb\u00e3tori de Pa\u015fti s\u00e3 v\u00e3 aduc\u00e3 numai g\u00e2nduri senine, lumin\u00e3 \u00een suflet \u015fi speran\u0163\u00e3 \u00eentr-un viitor mai bun.<br \/>\nHristos a \u00cenviat !<br \/>\nEchipa Romfilatelia<br \/>\nData Aparitie:2006-03-15<\/p>\n","protected":false},"excerpt":{"rendered":"<p>Cu ocazia S\u00e3rb\u00e3torilor Pascale, Romfilatelia introduce \u00een circuitul po\u015ftal emisiunea de timbre SFINTELE PA\u0218TI. Anul acesta Ziua Sf\u00e2ntului Mare Mucenic [&hellip;]<\/p>\n","protected":false},"featured_media":2058429,"template":"","meta":{"site-sidebar-layout":"default","site-content-layout":"","ast-site-content-layout":"","site-content-style":"default","site-sidebar-style":"default","ast-global-header-display":"","ast-banner-title-visibility":"","ast-main-header-display":"","ast-hfb-above-header-display":"","ast-hfb-below-header-display":"","ast-hfb-mobile-header-display":"","site-post-title":"","ast-breadcrumbs-content":"","ast-featured-img":"","footer-sml-layout":"","theme-transparent-header-meta":"","adv-header-id-meta":"","stick-header-meta":"","header-above-stick-meta":"","header-main-stick-meta":"","header-below-stick-meta":"","astra-migrate-meta-layouts":"default","ast-page-background-enabled":"default","ast-page-background-meta":{"desktop":{"background-color":"var(--ast-global-color-4)","background-image":"","background-repeat":"repeat","background-position":"center center","background-size":"auto","background-attachment":"scroll","background-type":"","background-media":"","overlay-type":"","overlay-color":"","overlay-opacity":"","overlay-gradient":""},"tablet":{"background-color":"","background-image":"","background-repeat":"repeat","background-position":"center center","background-size":"auto","background-attachment":"scroll","background-type":"","background-media":"","overlay-type":"","overlay-color":"","overlay-opacity":"","overlay-gradient":""},"mobile":{"background-color":"","background-image":"","background-repeat":"repeat","background-position":"center center","background-size":"auto","background-attachment":"scroll","background-type":"","background-media":"","overlay-type":"","overlay-color":"","overlay-opacity":"","overlay-gradient":""}},"ast-content-background-meta":{"desktop":{"background-color":"var(--ast-global-color-5)","background-image":"","background-repeat":"repeat","background-position":"center center","background-size":"auto","background-attachment":"scroll","background-type":"","background-media":"","overlay-type":"","overlay-color":"","overlay-opacity":"","overlay-gradient":""},"tablet":{"background-color":"var(--ast-global-color-5)","background-image":"","background-repeat":"repeat","background-position":"center center","background-size":"auto","background-attachment":"scroll","background-type":"","background-media":"","overlay-type":"","overlay-color":"","overlay-opacity":"","overlay-gradient":""},"mobile":{"background-color":"var(--ast-global-color-5)","background-image":"","background-repeat":"repeat","background-position":"center center","background-size":"auto","background-attachment":"scroll","background-type":"","background-media":"","overlay-type":"","overlay-color":"","overlay-opacity":"","overlay-gradient":""}}},"product_cat":[2664,2618],"product_tag":[2705],"class_list":{"0":"post-2001651","1":"product","2":"type-product","3":"status-publish","4":"has-post-thumbnail","6":"product_cat-2664","7":"product_cat-colectii-anuale","8":"product_tag-x_new","9":"desktop-align-left","10":"tablet-align-left","11":"mobile-align-left","13":"first","14":"instock","15":"taxable","16":"shipping-taxable","17":"product-type-grouped"},"_links":{"self":[{"href":"https:\/\/magazin.romfilatelia.ro\/index.php?rest_route=\/wp\/v2\/product\/2001651"}],"collection":[{"href":"https:\/\/magazin.romfilatelia.ro\/index.php?rest_route=\/wp\/v2\/product"}],"about":[{"href":"https:\/\/magazin.romfilatelia.ro\/index.php?rest_route=\/wp\/v2\/types\/product"}],"wp:featuredmedia":[{"embeddable":true,"href":"https:\/\/magazin.romfilatelia.ro\/index.php?rest_route=\/wp\/v2\/media\/2058429"}],"wp:attachment":[{"href":"https:\/\/magazin.romfilatelia.ro\/index.php?rest_route=%2Fwp%2Fv2%2Fmedia&parent=2001651"}],"wp:term":[{"taxonomy":"product_cat","embeddable":true,"href":"https:\/\/magazin.romfilatelia.ro\/index.php?rest_route=%2Fwp%2Fv2%2Fproduct_cat&post=2001651"},{"taxonomy":"product_tag","embeddable":true,"href":"https:\/\/magazin.romfilatelia.ro\/index.php?rest_route=%2Fwp%2Fv2%2Fproduct_tag&post=2001651"}],"curies":[{"name":"wp","href":"https:\/\/api.w.org\/{rel}","templated":true}]}}