{"id":2001704,"date":"2007-08-10T16:02:29","date_gmt":"2007-08-10T14:02:29","guid":{"rendered":"https:\/\/magazin.romfilatelia.ro\/?post_type=product&#038;p=2001704"},"modified":"2024-11-05T15:24:16","modified_gmt":"2024-11-05T13:24:16","slug":"ceramica-romaneasca-oale-si-cani","status":"publish","type":"product","link":"https:\/\/magazin.romfilatelia.ro\/?product=ceramica-romaneasca-oale-si-cani","title":{"rendered":"CERAMIC\u00c3 ROM\u00c2NEASC\u00c3 &#8211; Oale \u015fi C\u00e3ni"},"content":{"rendered":"<p><a href=\"http:\/\/romfilatelia.ro\/magazin\/wp-content\/uploads\/2007\/08\/canioale_M.jpg\"><img fetchpriority=\"high\" decoding=\"async\" class=\"size-medium wp-image-2004672 alignleft\" src=\"http:\/\/romfilatelia.ro\/magazin\/wp-content\/uploads\/2007\/08\/canioale_M-215x300.jpg\" alt=\"canioale_M\" width=\"215\" height=\"300\" \/><\/a><\/p>\n<p>Romfilatelia, societatea specializat\u00e3 \u00een emiterea \u015fi comercializarea m\u00e3rcilor po\u015ftale<br \/>\nrom\u00e2ne\u015fti, introduce \u00een circula\u0163ie emisiunea de timbre CERAMIC\u00c3 ROM\u00c2NEASC\u00c3 &#8211; Oale \u015fi C\u00e3ni.<br \/>\nOl\u00e3ritul s-a practicat \u00eenc\u00e3 din vremuri str\u00e3vechi, m\u00e3rturie st\u00e2nd frumoasele vase de<br \/>\nceramic\u00e3 din epoca neolitic\u00e3, epoc\u00e3 \u00een care pe teritoriul Rom\u00e2niei s-a dezvoltat o civiliza\u0163ie remarcabil\u00e3.<br \/>\nMe\u015fte\u015fug rezervat aproape \u00een exclusivitate b\u00e3rba\u0163ilor (femeile ajut\u00e2nd eventual doar la decorat), ol\u00e3ritul necesit\u00e3 for\u0163\u00e3, \u00eendem\u00e2nare \u015fi cuno\u015ftin\u0163e deosebite.<br \/>\nMe\u015fte\u015fugul ol\u00e3ritului este legat \u00een primul r\u00e2nd de nevoile casnice, gospod\u00e3re\u015fti. Ceramica a fost \u015fi este folosit\u00e3 \u00eens\u00e3 \u015fi \u00een scop decorativ, \u00een construc\u0163ii (de exemplu pl\u00e3cile pentru sobe) sau \u00een leg\u00e3tur\u00e3 cu anumite ritualuri.<br \/>\nLocuin\u0163a \u0163\u00e3r\u00e3neasc\u00e3 ad\u00e3poste\u015fte o mare varietate de vase de lut &#8211; oale, chiupuri, ulcioare, c\u00e3ni, str\u00e3chini, blide, oale pentru \u0163inut laptele, oale de mare volum, pentru preg\u00e3tirea m\u00e2nc\u00e3rii pentru s\u00e3rb\u00e3torile religioase, vase pentru flori, crati\u0163e, tig\u00e3i, forme de cozonaci, sfe\u015fnice, statuete, fluiere, juc\u00e3rii etc.<br \/>\n\u00cen buc\u00e3t\u00e3riile \u0163\u00e3r\u00e3ne\u015fti ceramica neagr\u00e3 \u015fi cea ro\u015fie nesm\u00e3l\u0163uit\u00e3 se folosesc \u00een scopuri utilitare, pentru preg\u00e3titul alimentelor, pentru p\u00e3strat hrana sau pentru transportat (oale, oale cu m\u00e3nu\u015f\u00e3, ulcioare, str\u00e3chini, borcane, vase pentru lapte etc).<br \/>\nVasele sm\u00e3l\u0163uite, bogat ornamentate \u015fi frumos colorate, utilizate \u00een scopuri practice, sunt achizi\u0163ionate \u00een multe cazuri \u015fi pentru decorarea interiorului.<br \/>\nAg\u00e3\u0163at\u00e3 la grind\u00e3, a\u015fezat\u00e3 pe pere\u0163i, ceramica formeaz\u00e3, \u00eempreun\u00e3 cu mobilierul, \u0163es\u00e3turile \u015fi icoanele pictate, un decor remarcabil \u015fi specific casei \u0163\u00e3r\u00e3ne\u015fti.<br \/>\nPe timbrul cu valoarea nominal\u00e3 de 1,40 Lei este ilustrat\u00e3 o oal\u00e3 realizat\u00e3 la Horezu (V\u00e2lcea).<br \/>\nPe timbrul cu valoarea nominal\u00e3 de 1,80 Lei este ilustrat\u00e3 o can\u00e3 realizat\u00e3 la Baia Mare (Maramure\u015f).<br \/>\nPe timbrul cu valoarea nominal\u00e3 de 2,90 Lei este ilustrat\u00e3 o can\u00e3 realizat\u00e3 la Oboga (Olt).<br \/>\nPe timbrul cu valoarea nominal\u00e3 de 7,70 Lei este ilustrat\u00e3 o oal\u00e3 realizat\u00e3 la Baia Mare (Maramure\u015f).<br \/>\nOalele \u015fi c\u00e3nile ilustrate pe timbrele emisiunii fac parte din colec\u0163ia Muzeului \u021a\u00e3ranului Rom\u00e2n.<\/p>\n<p>&nbsp;<\/p>\n<p>Data Aparitie:2007-08-10<\/p>\n<p>&nbsp;<\/p>\n<p><a href=\"http:\/\/romfilatelia.ro\/magazin\/wp-content\/uploads\/2007\/08\/canioale_rom_box.jpg\"><img decoding=\"async\" class=\"aligncenter wp-image-2004673 size-full\" src=\"http:\/\/romfilatelia.ro\/magazin\/wp-content\/uploads\/2007\/08\/canioale_rom_box.jpg\" alt=\"canioale_rom_box\" width=\"600\" height=\"590\" \/><\/a><\/p>\n","protected":false},"excerpt":{"rendered":"<p>Romfilatelia, societatea specializat\u00e3 \u00een emiterea \u015fi comercializarea m\u00e3rcilor po\u015ftale rom\u00e2ne\u015fti, introduce \u00een circula\u0163ie emisiunea de timbre CERAMIC\u00c3 ROM\u00c2NEASC\u00c3 &#8211; Oale [&hellip;]<\/p>\n","protected":false},"featured_media":2058471,"template":"","meta":{"site-sidebar-layout":"default","site-content-layout":"","ast-site-content-layout":"","site-content-style":"default","site-sidebar-style":"default","ast-global-header-display":"","ast-banner-title-visibility":"","ast-main-header-display":"","ast-hfb-above-header-display":"","ast-hfb-below-header-display":"","ast-hfb-mobile-header-display":"","site-post-title":"","ast-breadcrumbs-content":"","ast-featured-img":"","footer-sml-layout":"","theme-transparent-header-meta":"","adv-header-id-meta":"","stick-header-meta":"","header-above-stick-meta":"","header-main-stick-meta":"","header-below-stick-meta":"","astra-migrate-meta-layouts":"default","ast-page-background-enabled":"default","ast-page-background-meta":{"desktop":{"background-color":"var(--ast-global-color-4)","background-image":"","background-repeat":"repeat","background-position":"center center","background-size":"auto","background-attachment":"scroll","background-type":"","background-media":"","overlay-type":"","overlay-color":"","overlay-opacity":"","overlay-gradient":""},"tablet":{"background-color":"","background-image":"","background-repeat":"repeat","background-position":"center center","background-size":"auto","background-attachment":"scroll","background-type":"","background-media":"","overlay-type":"","overlay-color":"","overlay-opacity":"","overlay-gradient":""},"mobile":{"background-color":"","background-image":"","background-repeat":"repeat","background-position":"center center","background-size":"auto","background-attachment":"scroll","background-type":"","background-media":"","overlay-type":"","overlay-color":"","overlay-opacity":"","overlay-gradient":""}},"ast-content-background-meta":{"desktop":{"background-color":"var(--ast-global-color-5)","background-image":"","background-repeat":"repeat","background-position":"center center","background-size":"auto","background-attachment":"scroll","background-type":"","background-media":"","overlay-type":"","overlay-color":"","overlay-opacity":"","overlay-gradient":""},"tablet":{"background-color":"var(--ast-global-color-5)","background-image":"","background-repeat":"repeat","background-position":"center center","background-size":"auto","background-attachment":"scroll","background-type":"","background-media":"","overlay-type":"","overlay-color":"","overlay-opacity":"","overlay-gradient":""},"mobile":{"background-color":"var(--ast-global-color-5)","background-image":"","background-repeat":"repeat","background-position":"center center","background-size":"auto","background-attachment":"scroll","background-type":"","background-media":"","overlay-type":"","overlay-color":"","overlay-opacity":"","overlay-gradient":""}}},"product_cat":[2665,2618],"product_tag":[],"class_list":{"0":"post-2001704","1":"product","2":"type-product","3":"status-publish","4":"has-post-thumbnail","6":"product_cat-2665","7":"product_cat-colectii-anuale","8":"desktop-align-left","9":"tablet-align-left","10":"mobile-align-left","12":"first","13":"outofstock","14":"taxable","15":"shipping-taxable","16":"product-type-grouped"},"_links":{"self":[{"href":"https:\/\/magazin.romfilatelia.ro\/index.php?rest_route=\/wp\/v2\/product\/2001704"}],"collection":[{"href":"https:\/\/magazin.romfilatelia.ro\/index.php?rest_route=\/wp\/v2\/product"}],"about":[{"href":"https:\/\/magazin.romfilatelia.ro\/index.php?rest_route=\/wp\/v2\/types\/product"}],"wp:featuredmedia":[{"embeddable":true,"href":"https:\/\/magazin.romfilatelia.ro\/index.php?rest_route=\/wp\/v2\/media\/2058471"}],"wp:attachment":[{"href":"https:\/\/magazin.romfilatelia.ro\/index.php?rest_route=%2Fwp%2Fv2%2Fmedia&parent=2001704"}],"wp:term":[{"taxonomy":"product_cat","embeddable":true,"href":"https:\/\/magazin.romfilatelia.ro\/index.php?rest_route=%2Fwp%2Fv2%2Fproduct_cat&post=2001704"},{"taxonomy":"product_tag","embeddable":true,"href":"https:\/\/magazin.romfilatelia.ro\/index.php?rest_route=%2Fwp%2Fv2%2Fproduct_tag&post=2001704"}],"curies":[{"name":"wp","href":"https:\/\/api.w.org\/{rel}","templated":true}]}}