{"id":2001707,"date":"2007-08-24T14:03:50","date_gmt":"2007-08-24T12:03:50","guid":{"rendered":"https:\/\/magazin.romfilatelia.ro\/?post_type=product&#038;p=2001707"},"modified":"2024-11-05T15:24:17","modified_gmt":"2024-11-05T13:24:17","slug":"personalitathi-germane-din-romania","status":"publish","type":"product","link":"https:\/\/magazin.romfilatelia.ro\/?product=personalitathi-germane-din-romania","title":{"rendered":"Personalit\u00e3\u021bi germane din Rom\u00e2nia"},"content":{"rendered":"<p><a href=\"http:\/\/romfilatelia.ro\/magazin\/wp-content\/uploads\/2007\/08\/pers_germ_M.jpg\"><img decoding=\"async\" class=\"size-medium wp-image-2004665 alignleft\" src=\"http:\/\/romfilatelia.ro\/magazin\/wp-content\/uploads\/2007\/08\/pers_germ_M-300x153.jpg\" alt=\"pers_germ_M\" width=\"300\" height=\"153\" \/><\/a> Romfilatelia, societatea specializat\u00e3 \u00een editarea \u015fi comercializarea m\u00e3rcilor po\u015ftale rom\u00e2ne\u015fti, introduce \u00een circula\u0163ie emisiunea filatelic\u00e3 Personalit\u00e3\u0163i Germane din Rom\u00e2nia.<br \/>\nEmisiunea filatelic\u00e3 prezint\u00e3 trei dintre cei mai de seam\u00e3 oameni de cultur\u00e3 germani din Rom\u00e2nia \u015fi anume pe Johannes Honterus, Hermann Oberth \u015fi Stephan Ludwig Roth .<br \/>\nJohannes Honterus (1498-1549) &#8211; ilustrat pe timbrul cu valoarea nominal\u00e3 de 1,90 Lei.<br \/>\nFiul unui t\u00e3b\u00e3car, Johannes Honterus avea s\u00e3 fie una dintre cele mai importante figuri ale Bra\u015fovului medieval. Johannes Honterus este autorul &#8222;Rudimenta Cosmographiae&#8221; (1530), lucrare larg r\u00e3sp\u00e2ndit\u00e3 \u00een centrele culturale europene \u015fi al &#8222;Gramaticii Latine&#8221; (1530). De asemenea, Honterus a f\u00e3cut prima hart\u00e3 a Transilvaniei (1532), a \u00eentemeiat tipografia din Bra\u015fov \u015fi a reorganizat liceul umanist, care azi \u00eei poart\u00e3 numele. Johannes Honterus a eviden\u0163iat \u00een lucrarea sa &#8221; Rudimenta Cosmographiae &#8222;, \u00een mod cartografic, unitatea celor trei \u0163\u00e3ri rom\u00e2ne \u00een harta intitulat\u00e3 &#8222;Dacia&#8221;, men\u0163ion\u00e2nd totodat\u00e3 \u015fi continuitatea rom\u00e2nilor pe aceste meleaguri.<br \/>\nHermann Oberth (1894-1989)- ilustrat pe timbrul cu valoarea nominal\u00e3 de 2,10 Lei.<br \/>\nS-a n\u00e3scut la Sibiu, dar anii de \u00eenv\u00e3\u0163\u00e3m\u00e2nt gimnazial i-a petrecut la \u0218coala din Deal (Sighi\u015foara). Avea 13 ani c\u00e2nd a proiectat o rachet\u00e3 g\u00e2ndit\u00e3 s\u00e3 transporte oameni pe Lun\u00e3. \u00cen anul 1917 a proiectat primul model de rachet\u00e3 cosmic\u00e3 din lume, care avea s\u00e3 foloseasc\u00e3 combustibili lichizi (alcool \u015fi oxigen). \u00cen anul 1923 a publicat, \u00een limba rom\u00e2n\u00e3, lucrarea &#8222;Racheta spre spa\u0163iile interplanetare&#8221; \u00een care \u015fi-a expus, pentru prima dat\u00e3 \u00een lume, ideile pentru construirea unui vehicul pentru un zbor cosmic real. \u00cen aceast\u00e3 carte a introdus toate concep\u0163iile sale tehnico-\u015ftiin\u0163ifice pentru zborul \u00een cosmos, utilizate \u015fi \u00een prezent. \u00cen anul 1938 a fost invitat ca profesor la Politehnica din Viena, unde a desf\u00e3\u015furat o vast\u00e3 activitate didactic\u00e3 \u015fi de cercetare p\u00e2n\u00e3 \u00een 1933. A fost mobilizat \u00een 1941 \u015fi repartizat s\u00e3 lucreze la Centrul german de la Peenemunde, unde a realizat racheta cu raz\u00e3 mare de ac\u0163iune, prima din lume.<br \/>\n\u00cen 1962 s-a stabilit definitiv la Feucht (Germania), unde a \u00eenfiin\u0163at Societatea Hermann Oberth, care are ca obiectiv folosirea rachetelor \u00een scopuri pa\u015fnice. \u00cen aceast\u00e3 localitate a \u00eencetat din via\u0163\u00e3 \u00een 1989.<br \/>\nLa 16 iulie 1969, c\u00e2nd a fost lansat\u00e3 racheta Saturn 5, purt\u00e3toarea cabinei Apollo 11 cu care au aselenizat primii cosmonau\u0163i, Wernher von Braun declara presei, \u00een prezen\u0163a profesorului s\u00e3u Hermann Oberth: \u201cMomentul \u00een care pentru prima dat\u00e3 un om a p\u00e3\u015fit pe un corp ceresc a fost creat pe bazele premiselor lui Hermann Oberth, titanul naviga\u0163iei spa\u0163iale&#8221;.<br \/>\nRomfilatelia aduce mul\u0163umiri doamnei dr. Erna Roth-Oberth, fiica savantului \u015fi domnului dr.ing. Hans Barth, biograful lui Hermann Oberth pentru sprijinul acordat.<br \/>\nStephan Ludwig Roth (1796-1849) &#8211; ilustrat pe timbrul cu valoarea nominal\u00e3 de 3,90 Lei.<br \/>\nUmanist, preot luteran \u015fi reformator pedagogic, s-a n\u00e3scut \u00een 1796 \u00een Media\u015f, ca fiu al pastorului \u015fi \u00eenv\u00e3\u0163\u00e3torului transilv\u00e3nean Stephan Gottlob Roth. \u0218coala o face la gimnaziile din Media\u015f \u015fi Sibiu. \u00cen 1821 devine profesor la gimnaziul din Media\u015f, iar \u00een 1831, rector al gimnaziului. C\u00e2nd \u00een ianuarie-februarie 1842, Dieta din Cluj dezbate problema limbilor, Stephan Ludwig Roth scrie lucrarea &#8222;Lupta pentru \u00eent\u00e2ietatea limbii de stat \u00een Transilvania&#8221;, care va fi publicat\u00e3 \u00een mai 1842, lucrare care provoac\u00e3 reac\u0163ii ostile din partea oficialit\u00e3\u0163ilor maghiare. Iat\u00e3 vestita replic\u00e3 adresat\u00e3 Dietei: &#8221; Nu v\u00e3d nevoia de a impune o limb\u00e3 oficial\u00e3 a \u0163\u00e3rii, c\u00e3ci noi avem deja o limb\u00e3 a \u0163\u00e3rii. Nu este nici limba german\u00e3, nici cea maghiar\u00e3, ci limba rom\u00e2n\u00e3\u201d. \u00cen evenimentele revolu\u0163ionare ale anilor 1848 \u015fi 1849, rom\u00e2nii \u015fi sa\u015fii ardeleni s-au aflat de aceea\u015fi parte a baricadei, iar Stephan Ludwig Roth, cel ce a propov\u00e3duit cu convingere raporturile de bun\u00e3 vecin\u00e3tate \u00eentre toate etniile din Ardeal, a pl\u00e3tit cu via\u0163a aceast\u00e3 credin\u0163\u00e3, fiind executat prin \u00eempu\u015fcare, \u00een luna mai 1849, pe platoul Cet\u00e3\u0163uiei din Cluj.<\/p>\n<p>Data Aparitie:2007-08-24<\/p>\n<p><a href=\"http:\/\/romfilatelia.ro\/magazin\/wp-content\/uploads\/2007\/08\/pers_germ_rom.jpg\"><img fetchpriority=\"high\" decoding=\"async\" class=\"aligncenter wp-image-2004666 size-full\" src=\"http:\/\/romfilatelia.ro\/magazin\/wp-content\/uploads\/2007\/08\/pers_germ_rom.jpg\" alt=\"pers_germ_rom\" width=\"450\" height=\"343\" \/><\/a><\/p>\n","protected":false},"excerpt":{"rendered":"<p>Romfilatelia, societatea specializat\u00e3 \u00een editarea \u015fi comercializarea m\u00e3rcilor po\u015ftale rom\u00e2ne\u015fti, introduce \u00een circula\u0163ie emisiunea filatelic\u00e3 Personalit\u00e3\u0163i Germane din Rom\u00e2nia. Emisiunea [&hellip;]<\/p>\n","protected":false},"featured_media":2058474,"template":"","meta":{"site-sidebar-layout":"default","site-content-layout":"","ast-site-content-layout":"","site-content-style":"default","site-sidebar-style":"default","ast-global-header-display":"","ast-banner-title-visibility":"","ast-main-header-display":"","ast-hfb-above-header-display":"","ast-hfb-below-header-display":"","ast-hfb-mobile-header-display":"","site-post-title":"","ast-breadcrumbs-content":"","ast-featured-img":"","footer-sml-layout":"","theme-transparent-header-meta":"","adv-header-id-meta":"","stick-header-meta":"","header-above-stick-meta":"","header-main-stick-meta":"","header-below-stick-meta":"","astra-migrate-meta-layouts":"default","ast-page-background-enabled":"default","ast-page-background-meta":{"desktop":{"background-color":"var(--ast-global-color-4)","background-image":"","background-repeat":"repeat","background-position":"center center","background-size":"auto","background-attachment":"scroll","background-type":"","background-media":"","overlay-type":"","overlay-color":"","overlay-opacity":"","overlay-gradient":""},"tablet":{"background-color":"","background-image":"","background-repeat":"repeat","background-position":"center center","background-size":"auto","background-attachment":"scroll","background-type":"","background-media":"","overlay-type":"","overlay-color":"","overlay-opacity":"","overlay-gradient":""},"mobile":{"background-color":"","background-image":"","background-repeat":"repeat","background-position":"center center","background-size":"auto","background-attachment":"scroll","background-type":"","background-media":"","overlay-type":"","overlay-color":"","overlay-opacity":"","overlay-gradient":""}},"ast-content-background-meta":{"desktop":{"background-color":"var(--ast-global-color-5)","background-image":"","background-repeat":"repeat","background-position":"center center","background-size":"auto","background-attachment":"scroll","background-type":"","background-media":"","overlay-type":"","overlay-color":"","overlay-opacity":"","overlay-gradient":""},"tablet":{"background-color":"var(--ast-global-color-5)","background-image":"","background-repeat":"repeat","background-position":"center center","background-size":"auto","background-attachment":"scroll","background-type":"","background-media":"","overlay-type":"","overlay-color":"","overlay-opacity":"","overlay-gradient":""},"mobile":{"background-color":"var(--ast-global-color-5)","background-image":"","background-repeat":"repeat","background-position":"center center","background-size":"auto","background-attachment":"scroll","background-type":"","background-media":"","overlay-type":"","overlay-color":"","overlay-opacity":"","overlay-gradient":""}}},"product_cat":[2665,2618],"product_tag":[],"class_list":{"0":"post-2001707","1":"product","2":"type-product","3":"status-publish","4":"has-post-thumbnail","6":"product_cat-2665","7":"product_cat-colectii-anuale","8":"desktop-align-left","9":"tablet-align-left","10":"mobile-align-left","12":"first","13":"instock","14":"taxable","15":"shipping-taxable","16":"product-type-grouped"},"_links":{"self":[{"href":"https:\/\/magazin.romfilatelia.ro\/index.php?rest_route=\/wp\/v2\/product\/2001707"}],"collection":[{"href":"https:\/\/magazin.romfilatelia.ro\/index.php?rest_route=\/wp\/v2\/product"}],"about":[{"href":"https:\/\/magazin.romfilatelia.ro\/index.php?rest_route=\/wp\/v2\/types\/product"}],"wp:featuredmedia":[{"embeddable":true,"href":"https:\/\/magazin.romfilatelia.ro\/index.php?rest_route=\/wp\/v2\/media\/2058474"}],"wp:attachment":[{"href":"https:\/\/magazin.romfilatelia.ro\/index.php?rest_route=%2Fwp%2Fv2%2Fmedia&parent=2001707"}],"wp:term":[{"taxonomy":"product_cat","embeddable":true,"href":"https:\/\/magazin.romfilatelia.ro\/index.php?rest_route=%2Fwp%2Fv2%2Fproduct_cat&post=2001707"},{"taxonomy":"product_tag","embeddable":true,"href":"https:\/\/magazin.romfilatelia.ro\/index.php?rest_route=%2Fwp%2Fv2%2Fproduct_tag&post=2001707"}],"curies":[{"name":"wp","href":"https:\/\/api.w.org\/{rel}","templated":true}]}}