{"id":2001715,"date":"2007-11-14T16:09:35","date_gmt":"2007-11-14T14:09:35","guid":{"rendered":"https:\/\/magazin.romfilatelia.ro\/?post_type=product&#038;p=2001715"},"modified":"2024-11-05T15:24:20","modified_gmt":"2024-11-05T13:24:20","slug":"emisiune-comuna-romania-serbia-vapoare-si-porturi-dunarene","status":"publish","type":"product","link":"https:\/\/magazin.romfilatelia.ro\/?product=emisiune-comuna-romania-serbia-vapoare-si-porturi-dunarene","title":{"rendered":"Emisiune comun\u0103 Rom\u00e2nia &#8211; Serbia &#8222;Vapoare \u0219i porturi dun\u0103rene&#8221;"},"content":{"rendered":"<p><a href=\"http:\/\/romfilatelia.ro\/magazin\/wp-content\/uploads\/2007\/11\/rom_serb_M.jpg\"><img fetchpriority=\"high\" decoding=\"async\" class=\"size-medium wp-image-2004572 alignleft\" src=\"http:\/\/romfilatelia.ro\/magazin\/wp-content\/uploads\/2007\/11\/rom_serb_M-264x300.jpg\" alt=\"image description\" width=\"264\" height=\"300\" \/><\/a><\/p>\n<p>Romfilatelia, societatea specializat\u0103 \u00een editarea \u0219i comercializarea m\u0103rcilor po\u0219tale rom\u00e2ne\u0219ti, introduce \u00een circula\u021bie emisiunea comun\u0103 de timbre Rom\u00e2nia &#8211; Serbia, Vapoare \u0219i porturi dun\u0103rene.<\/p>\n<p>De-a lungul secolelor, \u00eentre Rom\u00e2nia \u0219i Serbia, ambele \u021b\u0103ri preponderent ortodoxe, s-au consolidat rela\u021biile de bun\u0103 vecin\u0103tate, de-a lungul unei grani\u021be naturale, fluviul Dun\u0103rea.<br \/>\nOr\u0219ova, municipiu din jude\u021bul Mehedin\u021bi, apar\u021bin\u00e2nd Banatului rom\u00e2nesc, este situat pe malul lacului de acumulare Por\u021bile de Fier I de pe Dun\u0103re, \u00een zona de v\u0103rsare a r\u00e2ului Cerna. Ca urmare a construirii barajului lacului de acumulare Por\u021bile de Fier I, vechea vatr\u0103 a ora\u0219ului a fost inundat\u0103, iar popula\u021bia a fost str\u0103mutat\u0103 pe un nou amplasament, incluz\u00e2nd terasele Dun\u0103rii \u0219i ale Cernei \u0219i versantul de sud al Mun\u021bilor Alm\u0103j, unde s-a construit un ora\u0219 complet nou (1966-1971), care a \u00eenglobat \u0219i satele Jupalnic, Tufari \u0219i Coramnic.<br \/>\nOr\u0219ova a f\u0103cut parte din provincia roman\u0103 Dacia Malvensis, romanii construind aici un castru, Dierna. \u00cen arealul localit\u0103\u021bii au fost descoperite urmele a\u0219ez\u0103rii daco-romane cu acela\u0219i nume, ridicat\u0103 la rang de municipiu \u00een anul 193 dH. \u00cen anul 1524, cetatea Or\u0219ova (inclusiv localitatea) a fost cucerit\u0103 de turci \u0219i st\u0103p\u00e2nit\u0103 de ace\u0219tia p\u00e2n\u0103 \u00een anul 1688. Din anul 1664, Or\u0219ova a devenit centru administrativ al unui sangeac (veche subdiviziune administrativ\u0103 a unui pa\u0219al\u00e2c). \u00cen anul 1688, localitatea a fost cucerit\u0103 de austrieci. \u00cen anul 1916, a\u0219ezarea a fost eliberat\u0103 de armata rom\u00e2n\u0103, pentru ca la 1 decembrie 1918 s\u0103 revin\u0103 Rom\u00e2niei, fiind integrat\u0103 \u00een regiunea Banat.<br \/>\nNovi Sad, a\u0219ezat \u00een partea de nord a Serbiei, este centrul administrativ al provinciei Voivodina.<br \/>\nPort principal dun\u0103rean, cu un cunoscut \u0219antier de construc\u021bii de nave fluviale, ora\u0219ul are o popula\u021bie de aproximativ 300.000 de locuitori, \u00een mijlocul c\u0103rora convie\u021buiesc \u0219i aproximativ 1.000 de rom\u00e2ni.<br \/>\nNovi Sad este men\u021bionat documentar din anul 1526, a\u0219ezarea fiind cunoscut\u0103 pentru faptul c\u0103 \u00een secolele XIII-XVII a avut ca prezen\u021b\u0103 vizibil\u0103 pentru ap\u0103rarea teritoriului, Cetatea-fort\u0103rea\u021b\u0103 Petrovaradin. Prin\u021bul Eugeniu de Savoia a ob\u021binut aici o str\u0103lucit\u0103 victorie asupra turcilor la 1716.<br \/>\nOra\u0219ul mai este cunoscut de c\u0103tre turi\u0219ti \u0219i sub denumirea de &#8222;Atena S\u00e2rbeasc\u0103&#8221; (Srpska Atina).<\/p>\n<p>M\u0103rcile po\u0219tale din blocul-coli\u021b\u0103 dantelat\u0103 \u0219i numerotat\u0103 reproduc imaginile a dou\u0103 vapoare de pasageri: &#8222;Or\u0219ova&#8221;, \u0219i respectiv &#8222;Sirona&#8221;.<br \/>\nCelelalte dou\u0103 m\u0103rci po\u0219tale ale seriei ilustreaz\u0103 panorama porturilor dun\u0103rene Or\u0219ova \u0219i Novi Sad.<\/p>\n<p>Data Aparitie:2007-11-14<\/p>\n<p><a href=\"http:\/\/romfilatelia.ro\/magazin\/wp-content\/uploads\/2007\/11\/rom_serb_box_rom.jpg\"><img decoding=\"async\" class=\"aligncenter wp-image-2004573 size-full\" src=\"http:\/\/romfilatelia.ro\/magazin\/wp-content\/uploads\/2007\/11\/rom_serb_box_rom.jpg\" alt=\"rom_serb_box_rom\" width=\"360\" height=\"450\" \/><\/a><\/p>\n","protected":false},"excerpt":{"rendered":"<p>Romfilatelia, societatea specializat\u0103 \u00een editarea \u0219i comercializarea m\u0103rcilor po\u0219tale rom\u00e2ne\u0219ti, introduce \u00een circula\u021bie emisiunea comun\u0103 de timbre Rom\u00e2nia &#8211; Serbia, [&hellip;]<\/p>\n","protected":false},"featured_media":2058479,"template":"","meta":{"site-sidebar-layout":"default","site-content-layout":"","ast-site-content-layout":"","site-content-style":"default","site-sidebar-style":"default","ast-global-header-display":"","ast-banner-title-visibility":"","ast-main-header-display":"","ast-hfb-above-header-display":"","ast-hfb-below-header-display":"","ast-hfb-mobile-header-display":"","site-post-title":"","ast-breadcrumbs-content":"","ast-featured-img":"","footer-sml-layout":"","theme-transparent-header-meta":"","adv-header-id-meta":"","stick-header-meta":"","header-above-stick-meta":"","header-main-stick-meta":"","header-below-stick-meta":"","astra-migrate-meta-layouts":"default","ast-page-background-enabled":"default","ast-page-background-meta":{"desktop":{"background-color":"var(--ast-global-color-4)","background-image":"","background-repeat":"repeat","background-position":"center center","background-size":"auto","background-attachment":"scroll","background-type":"","background-media":"","overlay-type":"","overlay-color":"","overlay-opacity":"","overlay-gradient":""},"tablet":{"background-color":"","background-image":"","background-repeat":"repeat","background-position":"center center","background-size":"auto","background-attachment":"scroll","background-type":"","background-media":"","overlay-type":"","overlay-color":"","overlay-opacity":"","overlay-gradient":""},"mobile":{"background-color":"","background-image":"","background-repeat":"repeat","background-position":"center center","background-size":"auto","background-attachment":"scroll","background-type":"","background-media":"","overlay-type":"","overlay-color":"","overlay-opacity":"","overlay-gradient":""}},"ast-content-background-meta":{"desktop":{"background-color":"var(--ast-global-color-5)","background-image":"","background-repeat":"repeat","background-position":"center center","background-size":"auto","background-attachment":"scroll","background-type":"","background-media":"","overlay-type":"","overlay-color":"","overlay-opacity":"","overlay-gradient":""},"tablet":{"background-color":"var(--ast-global-color-5)","background-image":"","background-repeat":"repeat","background-position":"center center","background-size":"auto","background-attachment":"scroll","background-type":"","background-media":"","overlay-type":"","overlay-color":"","overlay-opacity":"","overlay-gradient":""},"mobile":{"background-color":"var(--ast-global-color-5)","background-image":"","background-repeat":"repeat","background-position":"center center","background-size":"auto","background-attachment":"scroll","background-type":"","background-media":"","overlay-type":"","overlay-color":"","overlay-opacity":"","overlay-gradient":""}}},"product_cat":[2665,2618],"product_tag":[],"class_list":{"0":"post-2001715","1":"product","2":"type-product","3":"status-publish","4":"has-post-thumbnail","6":"product_cat-2665","7":"product_cat-colectii-anuale","8":"desktop-align-left","9":"tablet-align-left","10":"mobile-align-left","12":"first","13":"instock","14":"taxable","15":"shipping-taxable","16":"product-type-grouped"},"_links":{"self":[{"href":"https:\/\/magazin.romfilatelia.ro\/index.php?rest_route=\/wp\/v2\/product\/2001715"}],"collection":[{"href":"https:\/\/magazin.romfilatelia.ro\/index.php?rest_route=\/wp\/v2\/product"}],"about":[{"href":"https:\/\/magazin.romfilatelia.ro\/index.php?rest_route=\/wp\/v2\/types\/product"}],"wp:featuredmedia":[{"embeddable":true,"href":"https:\/\/magazin.romfilatelia.ro\/index.php?rest_route=\/wp\/v2\/media\/2058479"}],"wp:attachment":[{"href":"https:\/\/magazin.romfilatelia.ro\/index.php?rest_route=%2Fwp%2Fv2%2Fmedia&parent=2001715"}],"wp:term":[{"taxonomy":"product_cat","embeddable":true,"href":"https:\/\/magazin.romfilatelia.ro\/index.php?rest_route=%2Fwp%2Fv2%2Fproduct_cat&post=2001715"},{"taxonomy":"product_tag","embeddable":true,"href":"https:\/\/magazin.romfilatelia.ro\/index.php?rest_route=%2Fwp%2Fv2%2Fproduct_tag&post=2001715"}],"curies":[{"name":"wp","href":"https:\/\/api.w.org\/{rel}","templated":true}]}}