{"id":2004043,"date":"2009-01-30T15:06:56","date_gmt":"2009-01-30T13:06:56","guid":{"rendered":"https:\/\/magazin.romfilatelia.ro\/?post_type=product&#038;p=2004043"},"modified":"2024-11-05T15:24:29","modified_gmt":"2024-11-05T13:24:29","slug":"10-ani-de-la-introducerea-monedei-euro","status":"publish","type":"product","link":"https:\/\/magazin.romfilatelia.ro\/?product=10-ani-de-la-introducerea-monedei-euro","title":{"rendered":"10 ANI DE LA INTRODUCEREA MONEDEI EURO"},"content":{"rendered":"<p><a href=\"http:\/\/romfilatelia.ro\/magazin\/wp-content\/uploads\/2015\/09\/10_ani_EURO_M.jpg\"><img fetchpriority=\"high\" decoding=\"async\" class=\"size-medium wp-image-2004044 alignleft\" src=\"http:\/\/romfilatelia.ro\/magazin\/wp-content\/uploads\/2015\/09\/10_ani_EURO_M-197x300.jpg\" alt=\"10_ani_EURO_M\" width=\"197\" height=\"300\" \/><\/a> Euro, moneda unic\u0103 european\u0103, a ap\u0103rut pe pia\u0163a monetar\u0103 a lumii \u00een urm\u0103 cu zece ani. Cu toate acestea, ideea unei monede comune a Uniunii Europene s-a \u201en\u0103scut\u201c mult mai devreme \u015fi anume \u00een 1968, odat\u0103 cu \u00eenfiin\u0163area Uniunii Vamale. Euro, moneda unic\u0103 european\u0103, a ap\u0103rut pe pia\u0163a monetar\u0103 a lumii \u00een urm\u0103 cu zece ani. Cu toate acestea, ideea unei monede comune a Uniunii Europene s-a \u201en\u0103scut\u201c mult mai devreme \u015fi anume \u00een 1968, odat\u0103 cu \u00eenfiin\u0163area Uniunii Vamale.<br \/>\nCei mai importan\u0163i pa\u015fi care au precedat apari\u0163ia monedei unice europene, euro, au fost crearea Sistemului Monetar European (1979), semnarea Actului Unic European (1986) \u015fi Tratatul de la Maastricht (1992).<br \/>\nSistemul Monetar European a fost creat \u00een scopul realiz\u0103rii unei zone de stabilitate monetar\u0103 \u00een cadrul Comunit\u0103\u0163ii Economice Europene. Actul Unic European stabile\u015fte libert\u0103\u0163ile de mi\u015fcare din cadrul Uniunii (a persoanelor, a capitalului precum \u015fi a serviciilor \u015fi bunurilor), iar Tratatul de la Maastricht reprezint\u0103 baza legal\u0103 a monedei unice.<br \/>\nPreg\u0103tirile efective pentru realizarea monedei unice europene au demarat \u00een anul 1994 prin introducerea ECU (European Currency Unit, nume generic folosit ini\u0163ial), care a reprezentat de fapt doar una din etapele, ce-i drept hot\u0103r\u00e2toare, care au dus la apari\u0163ia monedei unice europene.<br \/>\n\u00cen luna decembrie 1995, \u00een cadrul reuniunii Consiliului European de la Madrid, s-a stabilit denumirea viitoarei monede: euro, nume ce s-a impus rapid pe pia\u0163\u0103 \u015fi a fost asimilat de c\u0103tre europeni. Unul dintre motivele pentru aceast\u0103 alegere a fost faptul c\u0103 euro este u\u015for de pronun\u0163at \u00een toate limbile Comunit\u0103\u0163ii, aceast\u0103 denumire ob\u0163in\u00e2nd cele mai bune rezultate \u00een toate sondajele de opinie.<br \/>\nSimbolul Euro (\u20ac) este inspirat din litera greceasc\u0103 epsilon, av\u00e2nd ca punct de reper leag\u0103nul civiliza\u0163iei europene. La nivel grafic acest simbol este apropiat de litera E &#8211; prima liter\u0103 din cuv\u00eentul cheie, Europa &#8211; cu dou\u0103 linii paralele la mijloc.<br \/>\nDecizia subdiviz\u0103rii monedei \u00een 100 de cen\u0163i a fost adoptat\u0103 de statele membre ale Uniunii Europene \u00een anul 1998, an \u00een care a fost, de asemenea, \u00eenfiin\u0163at\u0103 Banca Central\u0103 European\u0103 (BCE) &#8211; pilonul central al Uniunii Economice \u015fi Monetare. Principalele responsabilit\u0103\u0163i ale BCE includ definirea \u015fi punerea \u00een practic\u0103 a politicii monetare pentru zona euro \u00een vederea \u00eendeplinirii obiectivului privind asigurarea stabilit\u0103\u0163ii pre\u0163urilor, precum \u015fi p\u0103strarea \u015fi administrarea rezervelor oficiale ale statelor membre ale zonei euro.<br \/>\nLa data de 1 ianuarie 1999 ECU a fost \u00eenlocuit cu euro, paritatea fiind de 1:1. Euro a fost introdus efectiv \u00een circula\u0163ie \u00eencep\u00e2nd cu 1 ianuarie 2002.<br \/>\nRom\u00e2nia a devenit membru al Uniunii Europeane la data de 1 ianuarie 2007. \u00cencep\u00e2nd cu aceast\u0103 dat\u0103 Banca Na\u0163ional\u0103 a Rom\u00e2niei a devenit membru cu drepturi depline a Sistemului European al B\u0103ncilor Centrale. Adoptarea unei decizii privind trecerea Rom\u00e2niei la euro este prev\u0103zut\u0103 pentru anul 2014.<\/p>\n<p>Cu ocazia \u00eemplinirii unui deceniu de la apari\u0163ia monedei euro pe pia\u0163a monetar\u0103<br \/>\ninterna\u0163ional\u0103, Romfilatelia introduce \u00een circula\u0163ie emisiunea de m\u0103rci po\u015ftale \u201e10 ani de la introducerea monedei euro\u201c. Aceast\u0103 emisiune filatelic\u0103 va fi \u00eenso\u0163it\u0103, \u00een premier\u0103 pentru Rom\u00e2nia, de o emisiune numismatic\u0103 realizat\u0103 de Banca Na\u0163ional\u0103 a Rom\u00e2niei dedicat\u0103 anivers\u0103rii aceluia\u015fi eveniment.<\/p>\n<p>Aducem mul\u0163umiri B\u0103ncii Na\u0163ionale a Rom\u00e2niei pentru consultan\u0163a documentar\u0103.<\/p>\n<p>Data de aparitie: 2009-01-30<\/p>\n<p><a href=\"http:\/\/romfilatelia.ro\/magazin\/wp-content\/uploads\/2015\/09\/10_ani_EURO_box_rom.jpg\"><img decoding=\"async\" class=\"aligncenter wp-image-2004045 size-full\" src=\"http:\/\/romfilatelia.ro\/magazin\/wp-content\/uploads\/2015\/09\/10_ani_EURO_box_rom.jpg\" alt=\"10_ani_EURO_box_rom\" width=\"1200\" height=\"464\" \/><\/a><\/p>\n","protected":false},"excerpt":{"rendered":"<p>Euro, moneda unic\u0103 european\u0103, a ap\u0103rut pe pia\u0163a monetar\u0103 a lumii \u00een urm\u0103 cu zece ani. Cu toate acestea, ideea [&hellip;]<\/p>\n","protected":false},"featured_media":2058524,"template":"","meta":{"site-sidebar-layout":"default","site-content-layout":"","ast-site-content-layout":"","site-content-style":"default","site-sidebar-style":"default","ast-global-header-display":"","ast-banner-title-visibility":"","ast-main-header-display":"","ast-hfb-above-header-display":"","ast-hfb-below-header-display":"","ast-hfb-mobile-header-display":"","site-post-title":"","ast-breadcrumbs-content":"","ast-featured-img":"","footer-sml-layout":"","theme-transparent-header-meta":"","adv-header-id-meta":"","stick-header-meta":"","header-above-stick-meta":"","header-main-stick-meta":"","header-below-stick-meta":"","astra-migrate-meta-layouts":"default","ast-page-background-enabled":"default","ast-page-background-meta":{"desktop":{"background-color":"var(--ast-global-color-4)","background-image":"","background-repeat":"repeat","background-position":"center center","background-size":"auto","background-attachment":"scroll","background-type":"","background-media":"","overlay-type":"","overlay-color":"","overlay-opacity":"","overlay-gradient":""},"tablet":{"background-color":"","background-image":"","background-repeat":"repeat","background-position":"center center","background-size":"auto","background-attachment":"scroll","background-type":"","background-media":"","overlay-type":"","overlay-color":"","overlay-opacity":"","overlay-gradient":""},"mobile":{"background-color":"","background-image":"","background-repeat":"repeat","background-position":"center center","background-size":"auto","background-attachment":"scroll","background-type":"","background-media":"","overlay-type":"","overlay-color":"","overlay-opacity":"","overlay-gradient":""}},"ast-content-background-meta":{"desktop":{"background-color":"var(--ast-global-color-5)","background-image":"","background-repeat":"repeat","background-position":"center center","background-size":"auto","background-attachment":"scroll","background-type":"","background-media":"","overlay-type":"","overlay-color":"","overlay-opacity":"","overlay-gradient":""},"tablet":{"background-color":"var(--ast-global-color-5)","background-image":"","background-repeat":"repeat","background-position":"center center","background-size":"auto","background-attachment":"scroll","background-type":"","background-media":"","overlay-type":"","overlay-color":"","overlay-opacity":"","overlay-gradient":""},"mobile":{"background-color":"var(--ast-global-color-5)","background-image":"","background-repeat":"repeat","background-position":"center center","background-size":"auto","background-attachment":"scroll","background-type":"","background-media":"","overlay-type":"","overlay-color":"","overlay-opacity":"","overlay-gradient":""}}},"product_cat":[2667,2618],"product_tag":[],"class_list":{"0":"post-2004043","1":"product","2":"type-product","3":"status-publish","4":"has-post-thumbnail","6":"product_cat-2667","7":"product_cat-colectii-anuale","8":"desktop-align-left","9":"tablet-align-left","10":"mobile-align-left","12":"first","13":"instock","14":"taxable","15":"shipping-taxable","16":"product-type-grouped"},"_links":{"self":[{"href":"https:\/\/magazin.romfilatelia.ro\/index.php?rest_route=\/wp\/v2\/product\/2004043"}],"collection":[{"href":"https:\/\/magazin.romfilatelia.ro\/index.php?rest_route=\/wp\/v2\/product"}],"about":[{"href":"https:\/\/magazin.romfilatelia.ro\/index.php?rest_route=\/wp\/v2\/types\/product"}],"wp:featuredmedia":[{"embeddable":true,"href":"https:\/\/magazin.romfilatelia.ro\/index.php?rest_route=\/wp\/v2\/media\/2058524"}],"wp:attachment":[{"href":"https:\/\/magazin.romfilatelia.ro\/index.php?rest_route=%2Fwp%2Fv2%2Fmedia&parent=2004043"}],"wp:term":[{"taxonomy":"product_cat","embeddable":true,"href":"https:\/\/magazin.romfilatelia.ro\/index.php?rest_route=%2Fwp%2Fv2%2Fproduct_cat&post=2004043"},{"taxonomy":"product_tag","embeddable":true,"href":"https:\/\/magazin.romfilatelia.ro\/index.php?rest_route=%2Fwp%2Fv2%2Fproduct_tag&post=2004043"}],"curies":[{"name":"wp","href":"https:\/\/api.w.org\/{rel}","templated":true}]}}