{"id":2007953,"date":"2015-05-13T12:12:01","date_gmt":"2015-05-13T10:12:01","guid":{"rendered":"https:\/\/magazin.romfilatelia.ro\/?post_type=product&#038;p=2007953"},"modified":"2024-11-05T14:42:43","modified_gmt":"2024-11-05T12:42:43","slug":"expozitia-filatelica-europhilex-londra-2015","status":"publish","type":"product","link":"https:\/\/magazin.romfilatelia.ro\/?product=expozitia-filatelica-europhilex-londra-2015","title":{"rendered":"Expozi\u00c5\u00a3ia Filatelic\u00c4\u0083 EUROPHILEX Londra 2015"},"content":{"rendered":"<p><a href=\"http:\/\/romfilatelia.ro\/magazin\/wp-content\/uploads\/2015\/10\/colita-Europhilex-Londra-2015.jpg\"><img fetchpriority=\"high\" decoding=\"async\" class=\"size-medium wp-image-2007954 alignleft\" src=\"http:\/\/romfilatelia.ro\/magazin\/wp-content\/uploads\/2015\/10\/colita-Europhilex-Londra-2015-300x276.jpg\" alt=\"colita Europhilex Londra 2015\" width=\"300\" height=\"276\" \/><\/a>Pentru a s\u0103rb\u0103tori unul din evenimentele de marc\u0103 din domeniul filatelic, Romfilatelia introduce \u00een circula\u0163ie emisiunea Expozi\u0163ia Filatelic\u0103 EUROPHILEX Londra 2015. Aceast\u0103 emisiune este un supratipar ce readuce \u00een aten\u0163ia publicului Expozi\u0163ia Mondial\u0103 Filatelic\u0103 din 1990, Londra \u015fi coli\u0163a emis\u0103 cu aceast\u0103 ocazie.<br \/>\nExpozi\u0163ia Mondial\u0103 de Filatelie Londra \u009290, una dintre cele mai mari expozi\u0163ii filatelice ale vremii, a fost dedicat\u0103 anivers\u0103rii a 150 de ani de la primul timbru din lume, cunoscut sub numele de Penny Black.<br \/>\nActuala expozi\u0163ie, EUROPHILEX 2015, s\u0103rb\u0103tore\u015fte 175 de ani de la acela\u015fi eveniment.<br \/>\n\u0084&#8230; Un petic de h\u00e2rtie suficient de mare pentru a purta \u015ftampila \u015fi acoperit pe spate cu clei\u0094. &#8211; Rowland Hill<br \/>\nAceasta a fost prima men\u0163iune a ceea ce a devenit primul timbru adeziv din lume, Penny Black \u015fi a apar\u0163inut lui Rowland Hill.<br \/>\nTimbrul a fost o mare inven\u0163ie britanic\u0103 ce a revolu\u0163ionat comunica\u0163iile \u015fi a schimbat vie\u0163ile oamenilor din \u00eentreaga lume. Este greu de imaginat lumea \u00eenainte de 1840, atunci c\u00e2nd comunicarea era at\u00e2t de scump\u0103 \u00eenc\u00e2t s\u0103 fie limitat\u0103 la o mic\u0103 parte a societ\u0103\u0163ii. \u00centr-o epoc\u0103 \u00een care comunicarea este mai important\u0103 dec\u00e2t oric\u00e2nd, aceast\u0103 inven\u0163ie merit\u0103 s\u0103 fie s\u0103rb\u0103torit\u0103.<br \/>\nNu este prima dat\u0103 dup\u0103 1990 c\u00e2nd timbrului Penny Black i se al\u0103tur\u0103 \u00een expozi\u0163ie Capul de Bour de 27 parale. Printre piesele filatelice prezentate la Expozi\u0163ia EFIRO 2008 \u00een Rom\u00e2nia s-au num\u0103rat matri\u0163ele originale ale primelor timbre po\u015ftale rom\u00e2ne\u015fti Cap de Bour (ziarul ie\u015fean \u0084Zimbrulu \u015fi Vulturulu\u0094 pe care sunt francate opt timbre Cap de Bour), Penny Black \u015fi timbre din colec\u0163ia reginei Elisabeta a II-a a Marii Britanii.<br \/>\nEUROPHILEX 2015 este un eveniment de marc\u0103 \u00een calendarul filatelic interna\u0163ional.<br \/>\n2015 este primul an dup\u0103 1934, c\u00e2nd o expozi\u0163ie filatelic\u0103 interna\u0163ional\u0103 major\u0103 are loc \u00een Londra, \u00een afara ciclului de zece ani stabilit \u00een 1940. Aceasta este, de asemenea, prima expozi\u0163ie organizat\u0103 la Londra, care va avea loc sub patronajul FEPA, Federa\u0163ia Asocia\u0163iilor Filatelice Europene.<br \/>\nFEPA a confimat patronajul asupra evenimentului \u00een cadrul congresului s\u0103u anual de la Paris, Fran\u0163a, din data de 10 iunie 2012.<br \/>\n2015 marchez\u0103, de asemenea, 125 de ani de la prima expozi\u0163ie filatelic\u0103 interna\u0163ional\u0103 ce a avut loc la Londra. \u00cen mai 1890, a fost organizat\u0103 o expozi\u0163ie pentru a marca 50 de ani de la apari\u0163ia Penny Black \u015fi, de atunci, aceste evenimente au devenit o caracteristic\u0103 obi\u015fnuit\u0103 a peisajului filatelic.<br \/>\n\u00cent\u00e2mpl\u0103tor, LONDRA 2015 EUROPHILEX este, de asemenea, a cincisprezecea expozi\u0163ie ce va avea loc la Londra.<br \/>\nColi\u0163a \u00eenf\u0103\u0163i\u015feaz\u0103 \u00een fundal imaginea palatului Alexandra din Londra, loca\u0163ia expozi\u0163iei din 1990, o loca\u0163ie istoric\u0103. Cl\u0103direa, ini\u0163ial denumit\u0103 \u0084Palatul Poporului\u0094, a fost redenumit\u0103 pentru a o comemora pe \u00eendr\u0103gita Prin\u0163es\u0103 de Wales, Alexandra a Danemarcei, care s-a c\u0103s\u0103torit cu Prin\u0163ul Edward, pe data de 10 martie 1863.<br \/>\nSe face trimitere c\u0103tre primul timbru din lume, faimosul Penny Black \u015fi primul timbru rom\u00e2nesc, Capul de bour, de 27 parale.<br \/>\nElementele de supratipar ilustreaz\u0103 \u00een folio aur Capul de bour, 27 parale, noul eveniment s\u0103rb\u0103torit, EUROPHILEX 2015, loca\u0163ia sa, Londra, precum \u015fi noua valoare a timbrului, 9,10 lei.<\/p>\n<p>Data de aparitie: 2015-05-13<\/p>\n<p><a href=\"http:\/\/romfilatelia.ro\/magazin\/wp-content\/uploads\/2015\/10\/Technical-characteristics_London-2015-EUROPHILEX-Stamp-Exhibition.jpg\"><img decoding=\"async\" class=\"aligncenter wp-image-2007958 size-full\" src=\"http:\/\/romfilatelia.ro\/magazin\/wp-content\/uploads\/2015\/10\/Technical-characteristics_London-2015-EUROPHILEX-Stamp-Exhibition.jpg\" alt=\"Technical characteristics_London 2015 EUROPHILEX Stamp Exhibition\" width=\"807\" height=\"502\" \/><\/a><\/p>\n","protected":false},"excerpt":{"rendered":"<p>Pentru a s\u0103rb\u0103tori unul din evenimentele de marc\u0103 din domeniul filatelic, Romfilatelia introduce \u00een circula\u0163ie emisiunea Expozi\u0163ia Filatelic\u0103 EUROPHILEX Londra [&hellip;]<\/p>\n","protected":false},"featured_media":2058558,"template":"","meta":{"site-sidebar-layout":"default","site-content-layout":"","ast-site-content-layout":"","site-content-style":"default","site-sidebar-style":"default","ast-global-header-display":"","ast-banner-title-visibility":"","ast-main-header-display":"","ast-hfb-above-header-display":"","ast-hfb-below-header-display":"","ast-hfb-mobile-header-display":"","site-post-title":"","ast-breadcrumbs-content":"","ast-featured-img":"","footer-sml-layout":"","theme-transparent-header-meta":"","adv-header-id-meta":"","stick-header-meta":"","header-above-stick-meta":"","header-main-stick-meta":"","header-below-stick-meta":"","astra-migrate-meta-layouts":"default","ast-page-background-enabled":"default","ast-page-background-meta":{"desktop":{"background-color":"var(--ast-global-color-4)","background-image":"","background-repeat":"repeat","background-position":"center center","background-size":"auto","background-attachment":"scroll","background-type":"","background-media":"","overlay-type":"","overlay-color":"","overlay-opacity":"","overlay-gradient":""},"tablet":{"background-color":"","background-image":"","background-repeat":"repeat","background-position":"center center","background-size":"auto","background-attachment":"scroll","background-type":"","background-media":"","overlay-type":"","overlay-color":"","overlay-opacity":"","overlay-gradient":""},"mobile":{"background-color":"","background-image":"","background-repeat":"repeat","background-position":"center center","background-size":"auto","background-attachment":"scroll","background-type":"","background-media":"","overlay-type":"","overlay-color":"","overlay-opacity":"","overlay-gradient":""}},"ast-content-background-meta":{"desktop":{"background-color":"var(--ast-global-color-5)","background-image":"","background-repeat":"repeat","background-position":"center center","background-size":"auto","background-attachment":"scroll","background-type":"","background-media":"","overlay-type":"","overlay-color":"","overlay-opacity":"","overlay-gradient":""},"tablet":{"background-color":"var(--ast-global-color-5)","background-image":"","background-repeat":"repeat","background-position":"center center","background-size":"auto","background-attachment":"scroll","background-type":"","background-media":"","overlay-type":"","overlay-color":"","overlay-opacity":"","overlay-gradient":""},"mobile":{"background-color":"var(--ast-global-color-5)","background-image":"","background-repeat":"repeat","background-position":"center center","background-size":"auto","background-attachment":"scroll","background-type":"","background-media":"","overlay-type":"","overlay-color":"","overlay-opacity":"","overlay-gradient":""}}},"product_cat":[],"product_tag":[],"class_list":{"0":"post-2007953","1":"product","2":"type-product","3":"status-publish","4":"has-post-thumbnail","6":"desktop-align-left","7":"tablet-align-left","8":"mobile-align-left","10":"first","11":"outofstock","12":"taxable","13":"shipping-taxable","14":"product-type-simple"},"_links":{"self":[{"href":"https:\/\/magazin.romfilatelia.ro\/index.php?rest_route=\/wp\/v2\/product\/2007953"}],"collection":[{"href":"https:\/\/magazin.romfilatelia.ro\/index.php?rest_route=\/wp\/v2\/product"}],"about":[{"href":"https:\/\/magazin.romfilatelia.ro\/index.php?rest_route=\/wp\/v2\/types\/product"}],"wp:featuredmedia":[{"embeddable":true,"href":"https:\/\/magazin.romfilatelia.ro\/index.php?rest_route=\/wp\/v2\/media\/2058558"}],"wp:attachment":[{"href":"https:\/\/magazin.romfilatelia.ro\/index.php?rest_route=%2Fwp%2Fv2%2Fmedia&parent=2007953"}],"wp:term":[{"taxonomy":"product_cat","embeddable":true,"href":"https:\/\/magazin.romfilatelia.ro\/index.php?rest_route=%2Fwp%2Fv2%2Fproduct_cat&post=2007953"},{"taxonomy":"product_tag","embeddable":true,"href":"https:\/\/magazin.romfilatelia.ro\/index.php?rest_route=%2Fwp%2Fv2%2Fproduct_tag&post=2007953"}],"curies":[{"name":"wp","href":"https:\/\/api.w.org\/{rel}","templated":true}]}}