{"id":2012188,"date":"2004-09-20T14:00:52","date_gmt":"2004-09-20T12:00:52","guid":{"rendered":"https:\/\/magazin.romfilatelia.ro\/?post_type=product&#038;p=2012188"},"modified":"2024-11-05T14:42:54","modified_gmt":"2024-11-05T12:42:54","slug":"10-ani-de-la-moartea-lui-idel-ianchelevici","status":"publish","type":"product","link":"https:\/\/magazin.romfilatelia.ro\/?product=10-ani-de-la-moartea-lui-idel-ianchelevici","title":{"rendered":"10 ani de la moartea lui Idel Ianchelevici"},"content":{"rendered":"<p><a href=\"http:\/\/romfilatelia.ro\/magazin\/wp-content\/uploads\/2016\/03\/1657.jpg\" rel=\"attachment wp-att-2012189\"><img fetchpriority=\"high\" decoding=\"async\" class=\"size-medium wp-image-2012189 alignleft\" src=\"http:\/\/romfilatelia.ro\/magazin\/wp-content\/uploads\/2016\/03\/1657-300x232.jpg\" alt=\"1657\" width=\"300\" height=\"232\" \/><\/a>Emisiune comun\u0103 Rom\u00e2nia \u0096 Belgia<\/p>\n<p>Idel Ianchelevici s-a n\u0103scut \u00een 1909, la Leova, un mic or\u0103\u015fel din Basarabia. A urmat cursurile liceale \u00een Chi\u015fin\u0103u, iar \u00een 1928 s-a stabilit \u00een Belgia, pentru a se dedica pasiunii sale pentru sculptur\u0103 \u015fi desen.<br \/>\n\u00cen anul 2004, c\u00e2nd se \u00eemplinesc 10 ani de la moartea sculptorului belgian Idel Ianchelevici, Romfilatelia, societate specializat\u0103 \u00een emiterea \u015fi comercializarea m\u0103rcilor po\u015ftale rom\u00e2ne\u015fti, pune \u00een circula\u0163ie o emisiune comun\u0103 de timbre, \u00eempreun\u0103 cu Po\u015fta Belgian\u0103.<\/p>\n<p>Data de aparitie: 2004-09-20<\/p>\n","protected":false},"excerpt":{"rendered":"<p>Emisiune comun\u0103 Rom\u00e2nia \u0096 Belgia Idel Ianchelevici s-a n\u0103scut \u00een 1909, la Leova, un mic or\u0103\u015fel din Basarabia. A urmat [&hellip;]<\/p>\n","protected":false},"featured_media":2058593,"template":"","meta":{"site-sidebar-layout":"default","site-content-layout":"","ast-site-content-layout":"","site-content-style":"default","site-sidebar-style":"default","ast-global-header-display":"","ast-banner-title-visibility":"","ast-main-header-display":"","ast-hfb-above-header-display":"","ast-hfb-below-header-display":"","ast-hfb-mobile-header-display":"","site-post-title":"","ast-breadcrumbs-content":"","ast-featured-img":"","footer-sml-layout":"","theme-transparent-header-meta":"","adv-header-id-meta":"","stick-header-meta":"","header-above-stick-meta":"","header-main-stick-meta":"","header-below-stick-meta":"","astra-migrate-meta-layouts":"default","ast-page-background-enabled":"default","ast-page-background-meta":{"desktop":{"background-color":"var(--ast-global-color-4)","background-image":"","background-repeat":"repeat","background-position":"center center","background-size":"auto","background-attachment":"scroll","background-type":"","background-media":"","overlay-type":"","overlay-color":"","overlay-opacity":"","overlay-gradient":""},"tablet":{"background-color":"","background-image":"","background-repeat":"repeat","background-position":"center center","background-size":"auto","background-attachment":"scroll","background-type":"","background-media":"","overlay-type":"","overlay-color":"","overlay-opacity":"","overlay-gradient":""},"mobile":{"background-color":"","background-image":"","background-repeat":"repeat","background-position":"center center","background-size":"auto","background-attachment":"scroll","background-type":"","background-media":"","overlay-type":"","overlay-color":"","overlay-opacity":"","overlay-gradient":""}},"ast-content-background-meta":{"desktop":{"background-color":"var(--ast-global-color-5)","background-image":"","background-repeat":"repeat","background-position":"center center","background-size":"auto","background-attachment":"scroll","background-type":"","background-media":"","overlay-type":"","overlay-color":"","overlay-opacity":"","overlay-gradient":""},"tablet":{"background-color":"var(--ast-global-color-5)","background-image":"","background-repeat":"repeat","background-position":"center center","background-size":"auto","background-attachment":"scroll","background-type":"","background-media":"","overlay-type":"","overlay-color":"","overlay-opacity":"","overlay-gradient":""},"mobile":{"background-color":"var(--ast-global-color-5)","background-image":"","background-repeat":"repeat","background-position":"center center","background-size":"auto","background-attachment":"scroll","background-type":"","background-media":"","overlay-type":"","overlay-color":"","overlay-opacity":"","overlay-gradient":""}}},"product_cat":[],"product_tag":[],"class_list":{"0":"post-2012188","1":"product","2":"type-product","3":"status-publish","4":"has-post-thumbnail","6":"desktop-align-left","7":"tablet-align-left","8":"mobile-align-left","10":"first","11":"instock","12":"taxable","13":"shipping-taxable","14":"product-type-simple"},"_links":{"self":[{"href":"https:\/\/magazin.romfilatelia.ro\/index.php?rest_route=\/wp\/v2\/product\/2012188"}],"collection":[{"href":"https:\/\/magazin.romfilatelia.ro\/index.php?rest_route=\/wp\/v2\/product"}],"about":[{"href":"https:\/\/magazin.romfilatelia.ro\/index.php?rest_route=\/wp\/v2\/types\/product"}],"wp:featuredmedia":[{"embeddable":true,"href":"https:\/\/magazin.romfilatelia.ro\/index.php?rest_route=\/wp\/v2\/media\/2058593"}],"wp:attachment":[{"href":"https:\/\/magazin.romfilatelia.ro\/index.php?rest_route=%2Fwp%2Fv2%2Fmedia&parent=2012188"}],"wp:term":[{"taxonomy":"product_cat","embeddable":true,"href":"https:\/\/magazin.romfilatelia.ro\/index.php?rest_route=%2Fwp%2Fv2%2Fproduct_cat&post=2012188"},{"taxonomy":"product_tag","embeddable":true,"href":"https:\/\/magazin.romfilatelia.ro\/index.php?rest_route=%2Fwp%2Fv2%2Fproduct_tag&post=2012188"}],"curies":[{"name":"wp","href":"https:\/\/api.w.org\/{rel}","templated":true}]}}