{"id":2030573,"date":"2022-04-28T17:04:50","date_gmt":"2022-04-28T15:04:50","guid":{"rendered":"https:\/\/magazin.romfilatelia.ro\/?post_type=product&#038;p=2030573"},"modified":"2024-11-05T15:16:09","modified_gmt":"2024-11-05T13:16:09","slug":"mapa-filatelica-fauna-protejata-din-marea-neagra","status":"publish","type":"product","link":"https:\/\/magazin.romfilatelia.ro\/?product=mapa-filatelica-fauna-protejata-din-marea-neagra","title":{"rendered":"Mapa Filatelica FAUN\u0102 PROTEJAT\u0102 DIN MAREA NEAGR\u0102"},"content":{"rendered":"","protected":false},"excerpt":{"rendered":"","protected":false},"featured_media":2057147,"template":"","meta":{"site-sidebar-layout":"default","site-content-layout":"","ast-site-content-layout":"","site-content-style":"default","site-sidebar-style":"default","ast-global-header-display":"","ast-banner-title-visibility":"","ast-main-header-display":"","ast-hfb-above-header-display":"","ast-hfb-below-header-display":"","ast-hfb-mobile-header-display":"","site-post-title":"","ast-breadcrumbs-content":"","ast-featured-img":"","footer-sml-layout":"","theme-transparent-header-meta":"","adv-header-id-meta":"","stick-header-meta":"","header-above-stick-meta":"","header-main-stick-meta":"","header-below-stick-meta":"","astra-migrate-meta-layouts":"default","ast-page-background-enabled":"default","ast-page-background-meta":{"desktop":{"background-color":"var(--ast-global-color-4)","background-image":"","background-repeat":"repeat","background-position":"center center","background-size":"auto","background-attachment":"scroll","background-type":"","background-media":"","overlay-type":"","overlay-color":"","overlay-opacity":"","overlay-gradient":""},"tablet":{"background-color":"","background-image":"","background-repeat":"repeat","background-position":"center center","background-size":"auto","background-attachment":"scroll","background-type":"","background-media":"","overlay-type":"","overlay-color":"","overlay-opacity":"","overlay-gradient":""},"mobile":{"background-color":"","background-image":"","background-repeat":"repeat","background-position":"center center","background-size":"auto","background-attachment":"scroll","background-type":"","background-media":"","overlay-type":"","overlay-color":"","overlay-opacity":"","overlay-gradient":""}},"ast-content-background-meta":{"desktop":{"background-color":"var(--ast-global-color-5)","background-image":"","background-repeat":"repeat","background-position":"center center","background-size":"auto","background-attachment":"scroll","background-type":"","background-media":"","overlay-type":"","overlay-color":"","overlay-opacity":"","overlay-gradient":""},"tablet":{"background-color":"var(--ast-global-color-5)","background-image":"","background-repeat":"repeat","background-position":"center center","background-size":"auto","background-attachment":"scroll","background-type":"","background-media":"","overlay-type":"","overlay-color":"","overlay-opacity":"","overlay-gradient":""},"mobile":{"background-color":"var(--ast-global-color-5)","background-image":"","background-repeat":"repeat","background-position":"center center","background-size":"auto","background-attachment":"scroll","background-type":"","background-media":"","overlay-type":"","overlay-color":"","overlay-opacity":"","overlay-gradient":""}}},"product_cat":[2636],"product_tag":[],"class_list":{"0":"post-2030573","1":"product","2":"type-product","3":"status-publish","4":"has-post-thumbnail","6":"product_cat-mapa-filatelica","7":"desktop-align-left","8":"tablet-align-left","9":"mobile-align-left","11":"first","12":"outofstock","13":"taxable","14":"shipping-taxable","15":"purchasable","16":"product-type-simple"},"_links":{"self":[{"href":"https:\/\/magazin.romfilatelia.ro\/index.php?rest_route=\/wp\/v2\/product\/2030573"}],"collection":[{"href":"https:\/\/magazin.romfilatelia.ro\/index.php?rest_route=\/wp\/v2\/product"}],"about":[{"href":"https:\/\/magazin.romfilatelia.ro\/index.php?rest_route=\/wp\/v2\/types\/product"}],"wp:featuredmedia":[{"embeddable":true,"href":"https:\/\/magazin.romfilatelia.ro\/index.php?rest_route=\/wp\/v2\/media\/2057147"}],"wp:attachment":[{"href":"https:\/\/magazin.romfilatelia.ro\/index.php?rest_route=%2Fwp%2Fv2%2Fmedia&parent=2030573"}],"wp:term":[{"taxonomy":"product_cat","embeddable":true,"href":"https:\/\/magazin.romfilatelia.ro\/index.php?rest_route=%2Fwp%2Fv2%2Fproduct_cat&post=2030573"},{"taxonomy":"product_tag","embeddable":true,"href":"https:\/\/magazin.romfilatelia.ro\/index.php?rest_route=%2Fwp%2Fv2%2Fproduct_tag&post=2030573"}],"curies":[{"name":"wp","href":"https:\/\/api.w.org\/{rel}","templated":true}]}}