{"id":2031472,"date":"2022-09-26T07:47:32","date_gmt":"2022-09-26T05:47:32","guid":{"rendered":"https:\/\/magazin.romfilatelia.ro\/?post_type=product&#038;p=2031472"},"modified":"2024-11-05T15:16:53","modified_gmt":"2024-11-05T13:16:53","slug":"conferinta-plenipotentiarilor-uit-2022","status":"publish","type":"product","link":"https:\/\/magazin.romfilatelia.ro\/?product=conferinta-plenipotentiarilor-uit-2022","title":{"rendered":"CONFERIN\u021aA PLENIPOTEN\u021aIARILOR UIT, 2022"},"content":{"rendered":"<p><a href=\"https:\/\/romfilatelia.ro\/magazin\/wp-content\/uploads\/2022\/09\/SITE_Mc_Conferinta-UIT.jpg\"><img fetchpriority=\"high\" decoding=\"async\" class=\"wp-image-2031473 size-medium alignleft\" src=\"https:\/\/romfilatelia.ro\/magazin\/wp-content\/uploads\/2022\/09\/SITE_Mc_Conferinta-UIT-233x300.jpg\" alt=\"\" width=\"233\" height=\"300\" \/><\/a>\u00cen anul 2022, Rom\u00e2nia celebreaz\u0103 156 de ani de apartenen\u021b\u0103 la Uniunea Interna\u021bional\u0103 a Telecomunica\u021biilor, \u021bara noastr\u0103 devenind stat membru UIT \u00een 1866.<\/p>\n<p>Rom\u00e2nia a participat activ \u00een cadrul UIT de-a lungul anilor, reprezentan\u021bii s\u0103i primind \u00een numeroase r\u00e2nduri girul Statelor Membre pentru a exercita func\u021bii importante \u00een cadrul Conferin\u021belor Plenipoten\u021biarilor \u0219i a Conferin\u021belor Mondiale sau \u00een grupurile de studiu din structura UIT. Totodat\u0103, \u00een cadrul Conferin\u021bei Plenipoten\u021biarilor UIT 2018, Rom\u00e2nia a fost aleas\u0103 pentru cel de-al \u0219aptelea mandat consecutiv membru \u00een Consiliul UIT, ca reprezentant al Regiunii C (Europa de Est \u015fi Asia de Nord).<\/p>\n<p>Toate aceste activit\u0103\u021bi au adus de-a lungul timpului o serie de beneficii, o imagine proactiv\u0103 \u0219i profesionist\u0103 perpetu\u0103 \u00een mediul de lucru al Uniunii Interna\u021bionale a Telecomunica\u021biilor \u0219i, nu \u00een ultimul r\u00e2nd, vizibilitate pentru Rom\u00e2nia. Astfel, \u00een acest context, a fost apreciat\u0103 ca fiind oportun\u0103 g\u0103zduirea de c\u0103tre Rom\u00e2nia a celei de a 21-a edi\u021bii a Conferin\u021bei Plenipoten\u021biarilor UIT, av\u00e2nd \u00een vedere importan\u021ba activit\u0103\u021bii desf\u0103\u0219urate de UIT pentru sectorul comunica\u021biilor electronice \u0219i societ\u0103\u021bii informa\u021bionale din Rom\u00e2nia, precum \u0219i implicarea speciali\u0219tilor rom\u00e2ni \u00een activitatea acestei agen\u021bii specializate a sistemului ONU.<\/p>\n<p>Pentru a marca un eveniment de importan\u021b\u0103 major\u0103 pentru sectorul IT&amp;C la nivel mondial, pe care Rom\u00e2nia \u00eel va organiza \u00een Bucure\u0219ti, la Palatul Parlamentului, <strong>Romfilatelia<\/strong> va introduce \u00een circula\u021bie emisiunea de m\u0103rci po\u0219tale <strong><em>Conferin\u021ba Plenipoten\u021biarilor UIT, 2022<\/em><\/strong>, <em>luni, 26 septembrie<\/em>, data \u00eenceperii Conferin\u021bei.<\/p>\n<p>Pe timbrul emisiunii cu valoarea nominal\u0103 de <strong>10 Lei<\/strong> este redat\u0103 sigla Conferin\u021bei Plenipoten\u021biarilor UIT, iar pe fundalul minicolii este ilustrat\u0103 o imagine nocturn\u0103 a capitalei Rom\u00e2niei, Bucure\u0219ti, gazda evenimentului.<\/p>\n<p>Uniunea Interna\u021bional\u0103 a Telecomunica\u021biilor (ITU\/UIT) este agen\u021bia specializat\u0103 a Na\u021biunilor Unite pentru comunica\u021bii \u0219i tehnologia informa\u021biei, \u00eenfiin\u021bat\u0103 \u00een anul 1865, fiind astfel \u0219i cea mai veche dintre agen\u021biile ONU.<\/p>\n<p>Activitatea UIT este structurat\u0103 pe trei domenii: Radiocomunica\u021bii (ITU-R), Standardizarea \u00een Telecomunica\u021bii (ITU-T) \u0219i Dezvoltarea Telecomunica\u021biilor (ITU-D), fiecare dintre aceste domenii fiind vizibile, \u00een principal, prin intermediul conferin\u021belor \u015fi grupurilor de lucru\/studiu, \u00een cadrul c\u0103rora reprezentan\u021bii statelor membre negociaz\u0103 conven\u021bii, pe care se bazeaz\u0103 func\u021bionarea serviciilor de telecomunica\u021bii la nivel global.<\/p>\n<p>\u00cen acest context, organizarea unui eveniment de amploarea PP-22 nu este o pur\u0103 \u00eent\u00e2mplare, ci semnific\u0103 recunoa\u0219terea \u0219i aprecierea la nivel interna\u021bional at\u00e2t pentru implicarea speciali\u0219tilor rom\u00e2ni \u00een activit\u0103\u021bile UIT, c\u00e2t \u0219i a nivelului de dezvoltare al sectorului comunica\u021biilor electronice din \u021bara noastr\u0103, \u00eentr-o perioad\u0103 \u00een care acest domeniu se dovede\u0219te crucial pentru dep\u0103\u0219irea pandemiei de Covid-19 \u0219i atingerea unor noi praguri de dezvoltare economic\u0103 \u0219i social\u0103.<\/p>\n<p>Logo-ul Conferin\u021biei, ilustrat pe timbrul emisiunii, a fost realizat \u00een urma propunerilor ANCOM, fiind prezentat, oficial, \u00een cadrul Consult\u0103rii membrilor Consiliului Uniunii Interna\u021bionale a Telecomunica\u021biilor (VCC-1) din iunie 2021 \u0219i reprezint\u0103 o \u00eembinare a renumitelor motive tradi\u021bionale rom\u00e2ne\u0219ti cu scopul principal al Conferin\u021bei \u2013 unitate \u0219i consens \u00een r\u00e2ndul statelor membre.<\/p>\n<p>Pe vigneta din partea superioar\u0103 a minicolii a fost inserat\u0103 sigla Guvernului Rom\u00e2niei, iar pe vigneta din partea inferioar\u0103 a minicolii a fost creat un cod QR, cu trimitere la linkul Uniunii Interna\u021bionale a Telecomunica\u021biilor.<\/p>\n<p>Pe plicul \u201eprima zi\u201d a emisiunii este ilustrat\u0103 o imagine panoramic\u0103 nocturn\u0103 a ora\u0219ului Bucure\u0219ti \u0219i sunt inserate at\u00e2t logo-urile Conferin\u021bei, c\u00e2t \u0219i siglele institu\u021biilor implicate direct \u00een organizarea evenimentului.<\/p>\n<p><em>Romfilatelia mul\u021bume\u0219te Uniunii Interna\u021bionale a Telecomunica\u021biilor, Guvernului Rom\u00e2niei, Ministerului Cercet\u0103rii, Inov\u0103rii \u0219i Digitaliz\u0103rii, precum \u0219i ANCOM, pentru sprijinul documentar acordat la realizarea acestei emisiuni de m\u0103rci po\u0219tale.<\/em><\/p>\n<p><a href=\"https:\/\/romfilatelia.ro\/magazin\/wp-content\/uploads\/2022\/09\/caract_CONFERINTA-UIT-scaled.jpg\"><img decoding=\"async\" class=\"aligncenter size-full wp-image-2031474\" src=\"https:\/\/romfilatelia.ro\/magazin\/wp-content\/uploads\/2022\/09\/caract_CONFERINTA-UIT-scaled.jpg\" alt=\"\" width=\"1200\" height=\"780\" \/><\/a><\/p>\n<p>&nbsp;<\/p>\n","protected":false},"excerpt":{"rendered":"<p>\u00cen anul 2022, Rom\u00e2nia celebreaz\u0103 156 de ani de apartenen\u021b\u0103 la Uniunea Interna\u021bional\u0103 a Telecomunica\u021biilor, \u021bara noastr\u0103 devenind stat membru [&hellip;]<\/p>\n","protected":false},"featured_media":2057214,"template":"","meta":{"site-sidebar-layout":"default","site-content-layout":"","ast-site-content-layout":"","site-content-style":"default","site-sidebar-style":"default","ast-global-header-display":"","ast-banner-title-visibility":"","ast-main-header-display":"","ast-hfb-above-header-display":"","ast-hfb-below-header-display":"","ast-hfb-mobile-header-display":"","site-post-title":"","ast-breadcrumbs-content":"","ast-featured-img":"","footer-sml-layout":"","theme-transparent-header-meta":"","adv-header-id-meta":"","stick-header-meta":"","header-above-stick-meta":"","header-main-stick-meta":"","header-below-stick-meta":"","astra-migrate-meta-layouts":"default","ast-page-background-enabled":"default","ast-page-background-meta":{"desktop":{"background-color":"var(--ast-global-color-4)","background-image":"","background-repeat":"repeat","background-position":"center center","background-size":"auto","background-attachment":"scroll","background-type":"","background-media":"","overlay-type":"","overlay-color":"","overlay-opacity":"","overlay-gradient":""},"tablet":{"background-color":"","background-image":"","background-repeat":"repeat","background-position":"center center","background-size":"auto","background-attachment":"scroll","background-type":"","background-media":"","overlay-type":"","overlay-color":"","overlay-opacity":"","overlay-gradient":""},"mobile":{"background-color":"","background-image":"","background-repeat":"repeat","background-position":"center center","background-size":"auto","background-attachment":"scroll","background-type":"","background-media":"","overlay-type":"","overlay-color":"","overlay-opacity":"","overlay-gradient":""}},"ast-content-background-meta":{"desktop":{"background-color":"var(--ast-global-color-5)","background-image":"","background-repeat":"repeat","background-position":"center center","background-size":"auto","background-attachment":"scroll","background-type":"","background-media":"","overlay-type":"","overlay-color":"","overlay-opacity":"","overlay-gradient":""},"tablet":{"background-color":"var(--ast-global-color-5)","background-image":"","background-repeat":"repeat","background-position":"center center","background-size":"auto","background-attachment":"scroll","background-type":"","background-media":"","overlay-type":"","overlay-color":"","overlay-opacity":"","overlay-gradient":""},"mobile":{"background-color":"var(--ast-global-color-5)","background-image":"","background-repeat":"repeat","background-position":"center center","background-size":"auto","background-attachment":"scroll","background-type":"","background-media":"","overlay-type":"","overlay-color":"","overlay-opacity":"","overlay-gradient":""}}},"product_cat":[2688,2618],"product_tag":[],"class_list":{"0":"post-2031472","1":"product","2":"type-product","3":"status-publish","4":"has-post-thumbnail","6":"product_cat-2688","7":"product_cat-colectii-anuale","8":"desktop-align-left","9":"tablet-align-left","10":"mobile-align-left","12":"first","13":"instock","14":"taxable","15":"shipping-taxable","16":"product-type-grouped"},"_links":{"self":[{"href":"https:\/\/magazin.romfilatelia.ro\/index.php?rest_route=\/wp\/v2\/product\/2031472"}],"collection":[{"href":"https:\/\/magazin.romfilatelia.ro\/index.php?rest_route=\/wp\/v2\/product"}],"about":[{"href":"https:\/\/magazin.romfilatelia.ro\/index.php?rest_route=\/wp\/v2\/types\/product"}],"wp:featuredmedia":[{"embeddable":true,"href":"https:\/\/magazin.romfilatelia.ro\/index.php?rest_route=\/wp\/v2\/media\/2057214"}],"wp:attachment":[{"href":"https:\/\/magazin.romfilatelia.ro\/index.php?rest_route=%2Fwp%2Fv2%2Fmedia&parent=2031472"}],"wp:term":[{"taxonomy":"product_cat","embeddable":true,"href":"https:\/\/magazin.romfilatelia.ro\/index.php?rest_route=%2Fwp%2Fv2%2Fproduct_cat&post=2031472"},{"taxonomy":"product_tag","embeddable":true,"href":"https:\/\/magazin.romfilatelia.ro\/index.php?rest_route=%2Fwp%2Fv2%2Fproduct_tag&post=2031472"}],"curies":[{"name":"wp","href":"https:\/\/api.w.org\/{rel}","templated":true}]}}