{"id":2061050,"date":"2024-10-14T10:39:59","date_gmt":"2024-10-14T08:39:59","guid":{"rendered":"https:\/\/magazin.romfilatelia.ro\/?post_type=product&#038;p=2061050"},"modified":"2024-11-05T15:19:47","modified_gmt":"2024-11-05T13:19:47","slug":"c-i-parhon-150-de-ani-de-la-nastere","status":"publish","type":"product","link":"https:\/\/magazin.romfilatelia.ro\/?product=c-i-parhon-150-de-ani-de-la-nastere","title":{"rendered":"C. I. Parhon, 150 de ani de la na\u0219tere"},"content":{"rendered":"<p><a href=\"https:\/\/romfilatelia.ro\/magazin\/wp-content\/uploads\/2024\/10\/SITE_Mc-C.-I.jpg\"><img fetchpriority=\"high\" decoding=\"async\" class=\"wp-image-2035080 size-medium alignleft\" src=\"https:\/\/romfilatelia.ro\/magazin\/wp-content\/uploads\/2024\/10\/SITE_Mc-C.-I-284x300.jpg\" alt=\"\" width=\"284\" height=\"300\" \/><\/a><strong>Romfilatelia<\/strong> introduce \u00een circula\u021bie <em>mar\u021bi, 15 octombrie a.c<\/em>. emisiunea aniversar\u0103 <strong><em>C. I. Parhon, 150 de ani de la na\u0219tere<\/em><\/strong>. Marca po\u0219tal\u0103 a emisiunii cu valoarea nominal\u0103 de <strong>13 lei<\/strong> reproduce o imagine-portret a savantului \u00eentr-o atmosfer\u0103 lucrativ\u0103 a unui laborator de cercetare din domeniul medicinei, iar plicul \u201eprima zi\u201d reproduce un facsimil al legitima\u021biei de student emis\u0103 de Universitatea din Bucure\u0219ti.<\/p>\n<p>Medicul Constantin I. Parhon, fondatorul \u0219colii de endocrinologie din Rom\u00e2nia \u0219i unul din pionierii endocrinologiei mondiale s-a n\u0103scut la 15 octombrie 1874 la C\u00e2mpulung, jude\u021bul Arge\u0219. A absolvit cursurile Colegiului Na\u021bional \u201eUnirea\u201d din Foc\u0219ani \u0219i cursurile de medicin\u0103 la Universitatea din Bucure\u0219ti. \u00cen anul absolvirii (1900) a ob\u021binut titlul de doctor \u00een medicin\u0103 cu lucrarea \u201eContribu\u021biuni la studiul tulbur\u0103rilor vazomotorii \u00een hemiplegie\u201d. A practicat medicina ca intern \u0219i extern \u00een mai multe spitale din Bucure\u0219ti. A devenit mai apoi, conferen\u021biar al Clinicii de Boli Nervoase din Bucure\u0219ti (1903) \u0219i a urmat, la M\u00fcnchen, un stagiu de perfec\u021bionare (1906).<\/p>\n<p>Este angajat \u00een \u00eenv\u0103\u021b\u0103m\u00e2ntul medical, ca profesor universitar de neurologie \u0219i psihiatrie, la Facultatea de Medicin\u0103 din Ia\u0219i (1913-1933) \u0219i de Clinica Endocrinologic\u0103 la Facultatea de Medicin\u0103 din Bucure\u0219ti (1933-1940; 1940-1958).<\/p>\n<p>Inten\u021bia medicului Constantin I. Parhon manifestat\u0103 al\u0103turi de \u0218tefan Milcu, privind \u00eenfiin\u021barea unui institut de cercetare \u00een domeniul endocrinologiei, devine realitate la 8 noiembrie 1946, c\u00e2nd, prin Decretul-lege 895\/1946 emis de regele Mihai I, acest institut este \u00eenfiin\u021bat.<\/p>\n<p>Institutul, cunoscut \u00een prezent sub numele \u201eC.I. Parhon\u201d se afl\u0103 sub conducerea direct\u0103 a Ministerului S\u0103n\u0103t\u0103\u021bii. \u00cengrijirea pacien\u021bilor se asigur\u0103 \u00een paralel cu activitatea de cercetare \u0219tiin\u021bific\u0103 \u0219i didactic\u0103, menit\u0103 s\u0103 formeze noi genera\u021bii de studen\u021bi \u0219i reziden\u021bi.<\/p>\n<p>\u00cen anul 1928 C.I. Parhon a fost ales membru corespondent al Academiei Rom\u00e2ne, devenind \u00een anul 1939 membru titular \u0219i pre\u0219edinte de onoare. A fost fondatorul <em>Revistei Societ\u0103\u021bii Rom\u00e2ne de Endocrinologie<\/em>, care apare din anul 2005 sub egida Academiei Rom\u00e2ne.<\/p>\n<p>A fost preocupat de studiul clinic al endocrinopatiilor, de rolul glandelor endocrine \u0219i de problemele de endocrinologie general\u0103, dar, \u00een afar\u0103 de medicin\u0103 \u0219i cercetare, a r\u0103mas fidel pasiunii sale pentru natur\u0103, \u00een special pentru plante. Avea bogate cuno\u0219tin\u021be de botanic\u0103 \u0219i horticultur\u0103, pe care le oferea elevilor \u0219i studen\u021bilor lui.<\/p>\n<p>A decedat la 9 august 1969 la Bucure\u0219ti.<\/p>\n<p><em>Romfilatelia mul\u021bume\u0219te reprezentan\u021bilor Arhivelor Na\u021bionale ale Rom\u00e2niei pentru sprijinul documentar acordat la realizarea acestei emisiuni de m\u0103rci po\u0219tale. <\/em><\/p>\n<p><a href=\"https:\/\/romfilatelia.ro\/magazin\/wp-content\/uploads\/2024\/10\/caract_C.I.jpg\"><img decoding=\"async\" class=\"aligncenter size-full wp-image-2035081\" src=\"https:\/\/romfilatelia.ro\/magazin\/wp-content\/uploads\/2024\/10\/caract_C.I.jpg\" alt=\"\" width=\"1675\" height=\"1080\" \/><\/a><\/p>\n","protected":false},"excerpt":{"rendered":"<p>Romfilatelia introduce \u00een circula\u021bie mar\u021bi, 15 octombrie a.c. emisiunea aniversar\u0103 C. I. Parhon, 150 de ani de la na\u0219tere. Marca [&hellip;]<\/p>\n","protected":false},"featured_media":2057900,"template":"","meta":{"site-sidebar-layout":"default","site-content-layout":"","ast-site-content-layout":"","site-content-style":"default","site-sidebar-style":"default","ast-global-header-display":"","ast-banner-title-visibility":"","ast-main-header-display":"","ast-hfb-above-header-display":"","ast-hfb-below-header-display":"","ast-hfb-mobile-header-display":"","site-post-title":"","ast-breadcrumbs-content":"","ast-featured-img":"","footer-sml-layout":"","theme-transparent-header-meta":"","adv-header-id-meta":"","stick-header-meta":"","header-above-stick-meta":"","header-main-stick-meta":"","header-below-stick-meta":"","astra-migrate-meta-layouts":"default","ast-page-background-enabled":"default","ast-page-background-meta":{"desktop":{"background-color":"var(--ast-global-color-4)","background-image":"","background-repeat":"repeat","background-position":"center center","background-size":"auto","background-attachment":"scroll","background-type":"","background-media":"","overlay-type":"","overlay-color":"","overlay-opacity":"","overlay-gradient":""},"tablet":{"background-color":"","background-image":"","background-repeat":"repeat","background-position":"center center","background-size":"auto","background-attachment":"scroll","background-type":"","background-media":"","overlay-type":"","overlay-color":"","overlay-opacity":"","overlay-gradient":""},"mobile":{"background-color":"","background-image":"","background-repeat":"repeat","background-position":"center center","background-size":"auto","background-attachment":"scroll","background-type":"","background-media":"","overlay-type":"","overlay-color":"","overlay-opacity":"","overlay-gradient":""}},"ast-content-background-meta":{"desktop":{"background-color":"var(--ast-global-color-5)","background-image":"","background-repeat":"repeat","background-position":"center center","background-size":"auto","background-attachment":"scroll","background-type":"","background-media":"","overlay-type":"","overlay-color":"","overlay-opacity":"","overlay-gradient":""},"tablet":{"background-color":"var(--ast-global-color-5)","background-image":"","background-repeat":"repeat","background-position":"center center","background-size":"auto","background-attachment":"scroll","background-type":"","background-media":"","overlay-type":"","overlay-color":"","overlay-opacity":"","overlay-gradient":""},"mobile":{"background-color":"var(--ast-global-color-5)","background-image":"","background-repeat":"repeat","background-position":"center center","background-size":"auto","background-attachment":"scroll","background-type":"","background-media":"","overlay-type":"","overlay-color":"","overlay-opacity":"","overlay-gradient":""}}},"product_cat":[2693,2618],"product_tag":[],"class_list":{"0":"post-2061050","1":"product","2":"type-product","3":"status-publish","4":"has-post-thumbnail","6":"product_cat-2693","7":"product_cat-colectii-anuale","8":"desktop-align-left","9":"tablet-align-left","10":"mobile-align-left","12":"first","13":"instock","14":"taxable","15":"shipping-taxable","16":"product-type-grouped"},"_links":{"self":[{"href":"https:\/\/magazin.romfilatelia.ro\/index.php?rest_route=\/wp\/v2\/product\/2061050"}],"collection":[{"href":"https:\/\/magazin.romfilatelia.ro\/index.php?rest_route=\/wp\/v2\/product"}],"about":[{"href":"https:\/\/magazin.romfilatelia.ro\/index.php?rest_route=\/wp\/v2\/types\/product"}],"wp:featuredmedia":[{"embeddable":true,"href":"https:\/\/magazin.romfilatelia.ro\/index.php?rest_route=\/wp\/v2\/media\/2057900"}],"wp:attachment":[{"href":"https:\/\/magazin.romfilatelia.ro\/index.php?rest_route=%2Fwp%2Fv2%2Fmedia&parent=2061050"}],"wp:term":[{"taxonomy":"product_cat","embeddable":true,"href":"https:\/\/magazin.romfilatelia.ro\/index.php?rest_route=%2Fwp%2Fv2%2Fproduct_cat&post=2061050"},{"taxonomy":"product_tag","embeddable":true,"href":"https:\/\/magazin.romfilatelia.ro\/index.php?rest_route=%2Fwp%2Fv2%2Fproduct_tag&post=2061050"}],"curies":[{"name":"wp","href":"https:\/\/api.w.org\/{rel}","templated":true}]}}